{"id":19831,"date":"2017-01-31T21:47:25","date_gmt":"2017-01-31T20:47:25","guid":{"rendered":"https:\/\/citrosars.nl\/product\/hydraulische-plunjerpomp-lhm-ds-2-poelie\/"},"modified":"2022-07-25T09:51:16","modified_gmt":"2022-07-25T07:51:16","slug":"pompa-idraulica-stantuffo-lhm-ds-2-puleggia","status":"publish","type":"product","link":"https:\/\/citrosars.nl\/it\/prodotto\/pompa-idraulica-stantuffo-lhm-ds-2-puleggia\/","title":{"rendered":"Pompa HD DS revisione Meccanico LHM"},"content":{"rendered":"<p>Questa pompa HD \u00e8 per un tipo DS con cambio meccanico o completamente automatico. Revisionato e restituito la vecchia pompa.<\/p>\n<p>Per l&#8217;acquisto di questo prodotto viene richiesto un deposito di \u20ac 75,- es. IVA. Questo verr\u00e0 aggiunto automaticamente al vostro ordine.<\/p>\n","protected":false},"excerpt":{"rendered":"<p>Questa pompa HP si adatta al DS con cambio manuale e auto con cambio automatico. \u00c8 completamente revisionato e con sostituzione della vecchia pompa. Il deposito di base \u00e8 di \u20ac75,-<\/p>\n<p>Pompa Hydraulique DS LHM mechanique. Dotato di nuovo alloggiamento pompa in acciaio, guarnizione e cuscinetto a doppia fila. La pompa viene regolata in modo tale che il flusso della pompa diventi nuovamente massimo e la resa di tutti e 7 gli stantuffi sia uguale viene fornita con nuova gomma per tubi, necessaria per l&#8217;assemblaggio \u00e8 stata testata prima della consegna.<\/p>\n<p>Questa parte \u00e8 una parte di scambio, cio\u00e8 .dat devi restituire la vecchia pompa. Deposito \u20ac 75<\/p>\n","protected":false},"featured_media":52072,"template":"","meta":{"_kad_blocks_custom_css":"","_kad_blocks_head_custom_js":"","_kad_blocks_body_custom_js":"","_kad_blocks_footer_custom_js":"","_kadence_starter_templates_imported_post":false,"_kad_post_transparent":"default","_kad_post_title":"","_kad_post_layout":"default","_kad_post_sidebar_id":"","_kad_post_content_style":"default","_kad_post_vertical_padding":"default","_kad_post_feature":"","_kad_post_feature_position":"","_kad_post_header":false,"_kad_post_footer":false,"_kad_post_classname":""},"product_brand":[],"product_cat":[384,361],"product_tag":[450,451],"class_list":{"0":"post-19831","1":"product","2":"type-product","3":"status-publish","4":"has-post-thumbnail","6":"product_cat-3-ds-assali-sospensione-sterzo-organi-idraulici","7":"product_cat-ds-it","8":"product_tag-2-poelie-it","9":"product_tag-hydraulische-plunjerpomp-lhm-voor-ds-it","11":"first","12":"instock","13":"taxable","14":"shipping-taxable","15":"purchasable","16":"product-type-simple","17":"entry","18":"content-bg","19":"loop-entry"},"yoast_head":"<!-- This site is optimized with the Yoast SEO plugin v27.3 - https:\/\/yoast.com\/product\/yoast-seo-wordpress\/ -->\n<title>Pompa HD DS revisione Meccanico LHM - CitroSars<\/title>\n<meta name=\"robots\" content=\"index, follow, max-snippet:-1, max-image-preview:large, max-video-preview:-1\" \/>\n<link rel=\"canonical\" href=\"https:\/\/citrosars.nl\/it\/prodotto\/pompa-idraulica-stantuffo-lhm-ds-2-puleggia\/\" \/>\n<meta property=\"og:locale\" content=\"it_IT\" \/>\n<meta property=\"og:type\" content=\"article\" \/>\n<meta property=\"og:title\" content=\"Pompa HD DS revisione Meccanico LHM - CitroSars\" \/>\n<meta property=\"og:description\" content=\"Questa pompa HP si adatta al DS con cambio manuale e auto con cambio automatico. \u00c8 completamente revisionato e con sostituzione della vecchia pompa. Il deposito di base \u00e8 di \u20ac75,- Pompa Hydraulique DS LHM mechanique. Dotato di nuovo alloggiamento pompa in acciaio, guarnizione e cuscinetto a doppia fila. La pompa viene regolata in modo tale che il flusso della pompa diventi nuovamente massimo e la resa di tutti e 7 gli stantuffi sia uguale viene fornita con nuova gomma per tubi, necessaria per l&#039;assemblaggio \u00e8 stata testata prima della consegna. Questa parte \u00e8 una parte di scambio, cio\u00e8 .dat devi restituire la vecchia pompa. Deposito \u20ac 75\" \/>\n<meta property=\"og:url\" content=\"https:\/\/citrosars.nl\/it\/prodotto\/pompa-idraulica-stantuffo-lhm-ds-2-puleggia\/\" \/>\n<meta property=\"og:site_name\" content=\"CitroSars\" \/>\n<meta property=\"article:modified_time\" content=\"2022-07-25T07:51:16+00:00\" \/>\n<meta property=\"og:image\" content=\"https:\/\/citrosars.nl\/wp-content\/uploads\/2017\/01\/IMG_1778-1024x683.jpg\" \/>\n\t<meta property=\"og:image:width\" content=\"1024\" \/>\n\t<meta property=\"og:image:height\" content=\"683\" \/>\n\t<meta property=\"og:image:type\" content=\"image\/jpeg\" \/>\n<script type=\"application\/ld+json\" class=\"yoast-schema-graph\">{\"@context\":\"https:\\\/\\\/schema.org\",\"@graph\":[{\"@type\":\"WebPage\",\"@id\":\"https:\\\/\\\/citrosars.nl\\\/it\\\/prodotto\\\/pompa-idraulica-stantuffo-lhm-ds-2-puleggia\\\/\",\"url\":\"https:\\\/\\\/citrosars.nl\\\/it\\\/prodotto\\\/pompa-idraulica-stantuffo-lhm-ds-2-puleggia\\\/\",\"name\":\"Pompa HD DS revisione Meccanico LHM - CitroSars\",\"isPartOf\":{\"@id\":\"https:\\\/\\\/citrosars.nl\\\/it\\\/#website\"},\"primaryImageOfPage\":{\"@id\":\"https:\\\/\\\/citrosars.nl\\\/it\\\/prodotto\\\/pompa-idraulica-stantuffo-lhm-ds-2-puleggia\\\/#primaryimage\"},\"image\":{\"@id\":\"https:\\\/\\\/citrosars.nl\\\/it\\\/prodotto\\\/pompa-idraulica-stantuffo-lhm-ds-2-puleggia\\\/#primaryimage\"},\"thumbnailUrl\":\"https:\\\/\\\/citrosars.nl\\\/wp-content\\\/uploads\\\/2026\\\/03\\\/1-55-scaled.jpg\",\"datePublished\":\"2017-01-31T20:47:25+00:00\",\"dateModified\":\"2022-07-25T07:51:16+00:00\",\"breadcrumb\":{\"@id\":\"https:\\\/\\\/citrosars.nl\\\/it\\\/prodotto\\\/pompa-idraulica-stantuffo-lhm-ds-2-puleggia\\\/#breadcrumb\"},\"inLanguage\":\"it-IT\",\"potentialAction\":[{\"@type\":\"ReadAction\",\"target\":[\"https:\\\/\\\/citrosars.nl\\\/it\\\/prodotto\\\/pompa-idraulica-stantuffo-lhm-ds-2-puleggia\\\/\"]}]},{\"@type\":\"ImageObject\",\"inLanguage\":\"it-IT\",\"@id\":\"https:\\\/\\\/citrosars.nl\\\/it\\\/prodotto\\\/pompa-idraulica-stantuffo-lhm-ds-2-puleggia\\\/#primaryimage\",\"url\":\"https:\\\/\\\/citrosars.nl\\\/wp-content\\\/uploads\\\/2026\\\/03\\\/1-55-scaled.jpg\",\"contentUrl\":\"https:\\\/\\\/citrosars.nl\\\/wp-content\\\/uploads\\\/2026\\\/03\\\/1-55-scaled.jpg\",\"width\":2560,\"height\":1707},{\"@type\":\"BreadcrumbList\",\"@id\":\"https:\\\/\\\/citrosars.nl\\\/it\\\/prodotto\\\/pompa-idraulica-stantuffo-lhm-ds-2-puleggia\\\/#breadcrumb\",\"itemListElement\":[{\"@type\":\"ListItem\",\"position\":1,\"name\":\"Home\",\"item\":\"https:\\\/\\\/citrosars.nl\\\/it\\\/\"},{\"@type\":\"ListItem\",\"position\":2,\"name\":\"Webshop\",\"item\":\"https:\\\/\\\/citrosars.nl\\\/it\\\/webshop\\\/\"},{\"@type\":\"ListItem\",\"position\":3,\"name\":\"Pompa HD DS revisione Meccanico LHM\"}]},{\"@type\":\"WebSite\",\"@id\":\"https:\\\/\\\/citrosars.nl\\\/it\\\/#website\",\"url\":\"https:\\\/\\\/citrosars.nl\\\/it\\\/\",\"name\":\"CitroSars\",\"description\":\"CitroSars. DS, SM Restoraton, maintainance, Revision, Sales \\\/ Restauratie, onderhoud en verkoop\",\"publisher\":{\"@id\":\"https:\\\/\\\/citrosars.nl\\\/it\\\/#organization\"},\"potentialAction\":[{\"@type\":\"SearchAction\",\"target\":{\"@type\":\"EntryPoint\",\"urlTemplate\":\"https:\\\/\\\/citrosars.nl\\\/it\\\/?s={search_term_string}\"},\"query-input\":{\"@type\":\"PropertyValueSpecification\",\"valueRequired\":true,\"valueName\":\"search_term_string\"}}],\"inLanguage\":\"it-IT\"},{\"@type\":\"Organization\",\"@id\":\"https:\\\/\\\/citrosars.nl\\\/it\\\/#organization\",\"name\":\"CitroSars\",\"url\":\"https:\\\/\\\/citrosars.nl\\\/it\\\/\",\"logo\":{\"@type\":\"ImageObject\",\"inLanguage\":\"it-IT\",\"@id\":\"https:\\\/\\\/citrosars.nl\\\/it\\\/#\\\/schema\\\/logo\\\/image\\\/\",\"url\":\"https:\\\/\\\/citrosars.nl\\\/wp-content\\\/uploads\\\/2021\\\/12\\\/citrosars-logo-02-e1638783648691.png\",\"contentUrl\":\"https:\\\/\\\/citrosars.nl\\\/wp-content\\\/uploads\\\/2021\\\/12\\\/citrosars-logo-02-e1638783648691.png\",\"width\":1366,\"height\":324,\"caption\":\"CitroSars\"},\"image\":{\"@id\":\"https:\\\/\\\/citrosars.nl\\\/it\\\/#\\\/schema\\\/logo\\\/image\\\/\"}}]}<\/script>\n<!-- \/ Yoast SEO plugin. -->","yoast_head_json":{"title":"Pompa HD DS revisione Meccanico LHM - CitroSars","robots":{"index":"index","follow":"follow","max-snippet":"max-snippet:-1","max-image-preview":"max-image-preview:large","max-video-preview":"max-video-preview:-1"},"canonical":"https:\/\/citrosars.nl\/it\/prodotto\/pompa-idraulica-stantuffo-lhm-ds-2-puleggia\/","og_locale":"it_IT","og_type":"article","og_title":"Pompa HD DS revisione Meccanico LHM - CitroSars","og_description":"Questa pompa HP si adatta al DS con cambio manuale e auto con cambio automatico. \u00c8 completamente revisionato e con sostituzione della vecchia pompa. Il deposito di base \u00e8 di \u20ac75,- Pompa Hydraulique DS LHM mechanique. Dotato di nuovo alloggiamento pompa in acciaio, guarnizione e cuscinetto a doppia fila. La pompa viene regolata in modo tale che il flusso della pompa diventi nuovamente massimo e la resa di tutti e 7 gli stantuffi sia uguale viene fornita con nuova gomma per tubi, necessaria per l'assemblaggio \u00e8 stata testata prima della consegna. Questa parte \u00e8 una parte di scambio, cio\u00e8 .dat devi restituire la vecchia pompa. Deposito \u20ac 75","og_url":"https:\/\/citrosars.nl\/it\/prodotto\/pompa-idraulica-stantuffo-lhm-ds-2-puleggia\/","og_site_name":"CitroSars","article_modified_time":"2022-07-25T07:51:16+00:00","og_image":[{"width":1024,"height":683,"url":"https:\/\/citrosars.nl\/wp-content\/uploads\/2017\/01\/IMG_1778-1024x683.jpg","type":"image\/jpeg"}],"schema":{"@context":"https:\/\/schema.org","@graph":[{"@type":"WebPage","@id":"https:\/\/citrosars.nl\/it\/prodotto\/pompa-idraulica-stantuffo-lhm-ds-2-puleggia\/","url":"https:\/\/citrosars.nl\/it\/prodotto\/pompa-idraulica-stantuffo-lhm-ds-2-puleggia\/","name":"Pompa HD DS revisione Meccanico LHM - CitroSars","isPartOf":{"@id":"https:\/\/citrosars.nl\/it\/#website"},"primaryImageOfPage":{"@id":"https:\/\/citrosars.nl\/it\/prodotto\/pompa-idraulica-stantuffo-lhm-ds-2-puleggia\/#primaryimage"},"image":{"@id":"https:\/\/citrosars.nl\/it\/prodotto\/pompa-idraulica-stantuffo-lhm-ds-2-puleggia\/#primaryimage"},"thumbnailUrl":"https:\/\/citrosars.nl\/wp-content\/uploads\/2026\/03\/1-55-scaled.jpg","datePublished":"2017-01-31T20:47:25+00:00","dateModified":"2022-07-25T07:51:16+00:00","breadcrumb":{"@id":"https:\/\/citrosars.nl\/it\/prodotto\/pompa-idraulica-stantuffo-lhm-ds-2-puleggia\/#breadcrumb"},"inLanguage":"it-IT","potentialAction":[{"@type":"ReadAction","target":["https:\/\/citrosars.nl\/it\/prodotto\/pompa-idraulica-stantuffo-lhm-ds-2-puleggia\/"]}]},{"@type":"ImageObject","inLanguage":"it-IT","@id":"https:\/\/citrosars.nl\/it\/prodotto\/pompa-idraulica-stantuffo-lhm-ds-2-puleggia\/#primaryimage","url":"https:\/\/citrosars.nl\/wp-content\/uploads\/2026\/03\/1-55-scaled.jpg","contentUrl":"https:\/\/citrosars.nl\/wp-content\/uploads\/2026\/03\/1-55-scaled.jpg","width":2560,"height":1707},{"@type":"BreadcrumbList","@id":"https:\/\/citrosars.nl\/it\/prodotto\/pompa-idraulica-stantuffo-lhm-ds-2-puleggia\/#breadcrumb","itemListElement":[{"@type":"ListItem","position":1,"name":"Home","item":"https:\/\/citrosars.nl\/it\/"},{"@type":"ListItem","position":2,"name":"Webshop","item":"https:\/\/citrosars.nl\/it\/webshop\/"},{"@type":"ListItem","position":3,"name":"Pompa HD DS revisione Meccanico LHM"}]},{"@type":"WebSite","@id":"https:\/\/citrosars.nl\/it\/#website","url":"https:\/\/citrosars.nl\/it\/","name":"CitroSars","description":"CitroSars. DS, SM Restoraton, maintainance, Revision, Sales \/ Restauratie, onderhoud en verkoop","publisher":{"@id":"https:\/\/citrosars.nl\/it\/#organization"},"potentialAction":[{"@type":"SearchAction","target":{"@type":"EntryPoint","urlTemplate":"https:\/\/citrosars.nl\/it\/?s={search_term_string}"},"query-input":{"@type":"PropertyValueSpecification","valueRequired":true,"valueName":"search_term_string"}}],"inLanguage":"it-IT"},{"@type":"Organization","@id":"https:\/\/citrosars.nl\/it\/#organization","name":"CitroSars","url":"https:\/\/citrosars.nl\/it\/","logo":{"@type":"ImageObject","inLanguage":"it-IT","@id":"https:\/\/citrosars.nl\/it\/#\/schema\/logo\/image\/","url":"https:\/\/citrosars.nl\/wp-content\/uploads\/2021\/12\/citrosars-logo-02-e1638783648691.png","contentUrl":"https:\/\/citrosars.nl\/wp-content\/uploads\/2021\/12\/citrosars-logo-02-e1638783648691.png","width":1366,"height":324,"caption":"CitroSars"},"image":{"@id":"https:\/\/citrosars.nl\/it\/#\/schema\/logo\/image\/"}}]}},"taxonomy_info":{"product_cat":[{"value":384,"label":"3. DS Assali, sospensione, sterzo, organi idraulici."},{"value":361,"label":"DS"}],"product_tag":[{"value":450,"label":"2 poelie"},{"value":451,"label":"Hydraulische plunjerpomp LHM voor DS"}]},"featured_image_src_large":["https:\/\/citrosars.nl\/wp-content\/uploads\/2026\/03\/1-55-1024x683.jpg",1024,683,true],"author_info":[],"comment_info":"","_links":{"self":[{"href":"https:\/\/citrosars.nl\/it\/wp-json\/wp\/v2\/product\/19831","targetHints":{"allow":["GET"]}}],"collection":[{"href":"https:\/\/citrosars.nl\/it\/wp-json\/wp\/v2\/product"}],"about":[{"href":"https:\/\/citrosars.nl\/it\/wp-json\/wp\/v2\/types\/product"}],"wp:featuredmedia":[{"embeddable":true,"href":"https:\/\/citrosars.nl\/it\/wp-json\/wp\/v2\/media\/52072"}],"wp:attachment":[{"href":"https:\/\/citrosars.nl\/it\/wp-json\/wp\/v2\/media?parent=19831"}],"wp:term":[{"taxonomy":"product_brand","embeddable":true,"href":"https:\/\/citrosars.nl\/it\/wp-json\/wp\/v2\/product_brand?post=19831"},{"taxonomy":"product_cat","embeddable":true,"href":"https:\/\/citrosars.nl\/it\/wp-json\/wp\/v2\/product_cat?post=19831"},{"taxonomy":"product_tag","embeddable":true,"href":"https:\/\/citrosars.nl\/it\/wp-json\/wp\/v2\/product_tag?post=19831"}],"curies":[{"name":"wp","href":"https:\/\/api.w.org\/{rel}","templated":true}]}}