{"id":11963,"date":"2015-06-17T17:49:14","date_gmt":"2015-06-17T15:49:14","guid":{"rendered":"https:\/\/citrosars.nl\/product\/pompa-sm-revisionata-5-71\/"},"modified":"2022-08-08T10:35:41","modified_gmt":"2022-08-08T08:35:41","slug":"hd-pump-sm-revisione","status":"publish","type":"product","link":"https:\/\/citrosars.nl\/it\/prodotto\/hd-pump-sm-revisione\/","title":{"rendered":"Revisione SM pompa HD &#8211;&gt; 5\/71 filo destro"},"content":{"rendered":"<p>Al momento dell&#8217;acquisto di questo prodotto addebitiamo una caparra di \u20ac 175, &#8211; es. IVA. Questo verr\u00e0 aggiunto automaticamente al vostro ordine.<\/p>\n","protected":false},"excerpt":{"rendered":"<p>Pompa idraulica SM dotata di nuovo alloggiamento pompa in acciaio, guarnizione e cuscinetto a sfere a doppia fila. La pompa viene regolata in modo tale che il flusso della pompa diventi di nuovo massimo e la resa di tutti e 7 gli stantuffi sia uguale. Viene fornito con nuova gomma per tubi, necessaria per il montaggio ed \u00e8 stata testata prima della consegna!<\/p>\n<p>Per ordinare questa pompa, \u00e8 necessario restituire una pompa riparabile. Il deposito \u00e8 di \u20ac175,-<\/p>\n","protected":false},"featured_media":59016,"template":"","meta":{"_kad_blocks_custom_css":"","_kad_blocks_head_custom_js":"","_kad_blocks_body_custom_js":"","_kad_blocks_footer_custom_js":"","_kadence_starter_templates_imported_post":false,"_kad_post_transparent":"default","_kad_post_title":"","_kad_post_layout":"default","_kad_post_sidebar_id":"","_kad_post_content_style":"default","_kad_post_vertical_padding":"default","_kad_post_feature":"","_kad_post_feature_position":"","_kad_post_header":false,"_kad_post_footer":false,"_kad_post_classname":""},"product_brand":[],"product_cat":[351,358],"product_tag":[],"class_list":{"0":"post-11963","1":"product","2":"type-product","3":"status-publish","4":"has-post-thumbnail","6":"product_cat-3-assali-sospensione-sterzo-organi-idraulici","7":"product_cat-sm-it","9":"first","10":"instock","11":"taxable","12":"shipping-taxable","13":"purchasable","14":"product-type-simple","15":"entry","16":"content-bg","17":"loop-entry"},"yoast_head":"<!-- This site is optimized with the Yoast SEO plugin v27.3 - https:\/\/yoast.com\/product\/yoast-seo-wordpress\/ -->\n<title>Revisione SM pompa HD -&gt; 5\/71 filo destro - CitroSars<\/title>\n<meta name=\"robots\" content=\"index, follow, max-snippet:-1, max-image-preview:large, max-video-preview:-1\" \/>\n<link rel=\"canonical\" href=\"https:\/\/citrosars.nl\/it\/prodotto\/hd-pump-sm-revisione\/\" \/>\n<meta property=\"og:locale\" content=\"it_IT\" \/>\n<meta property=\"og:type\" content=\"article\" \/>\n<meta property=\"og:title\" content=\"Revisione SM pompa HD -&gt; 5\/71 filo destro - CitroSars\" \/>\n<meta property=\"og:description\" content=\"Pompa idraulica SM dotata di nuovo alloggiamento pompa in acciaio, guarnizione e cuscinetto a sfere a doppia fila. La pompa viene regolata in modo tale che il flusso della pompa diventi di nuovo massimo e la resa di tutti e 7 gli stantuffi sia uguale. Viene fornito con nuova gomma per tubi, necessaria per il montaggio ed \u00e8 stata testata prima della consegna!  Per ordinare questa pompa, \u00e8 necessario restituire una pompa riparabile. Il deposito \u00e8 di \u20ac175,-\" \/>\n<meta property=\"og:url\" content=\"https:\/\/citrosars.nl\/it\/prodotto\/hd-pump-sm-revisione\/\" \/>\n<meta property=\"og:site_name\" content=\"CitroSars\" \/>\n<meta property=\"article:modified_time\" content=\"2022-08-08T08:35:41+00:00\" \/>\n<meta property=\"og:image\" content=\"https:\/\/citrosars.nl\/wp-content\/uploads\/2015\/06\/IMG_5808-1024x768.jpg\" \/>\n\t<meta property=\"og:image:width\" content=\"1024\" \/>\n\t<meta property=\"og:image:height\" content=\"768\" \/>\n\t<meta property=\"og:image:type\" content=\"image\/jpeg\" \/>\n<meta name=\"twitter:label1\" content=\"Tempo di lettura stimato\" \/>\n\t<meta name=\"twitter:data1\" content=\"1 minuto\" \/>\n<script type=\"application\/ld+json\" class=\"yoast-schema-graph\">{\"@context\":\"https:\\\/\\\/schema.org\",\"@graph\":[{\"@type\":\"WebPage\",\"@id\":\"https:\\\/\\\/citrosars.nl\\\/it\\\/prodotto\\\/hd-pump-sm-revisione\\\/\",\"url\":\"https:\\\/\\\/citrosars.nl\\\/it\\\/prodotto\\\/hd-pump-sm-revisione\\\/\",\"name\":\"Revisione SM pompa HD -&gt; 5\\\/71 filo destro - CitroSars\",\"isPartOf\":{\"@id\":\"https:\\\/\\\/citrosars.nl\\\/it\\\/#website\"},\"primaryImageOfPage\":{\"@id\":\"https:\\\/\\\/citrosars.nl\\\/it\\\/prodotto\\\/hd-pump-sm-revisione\\\/#primaryimage\"},\"image\":{\"@id\":\"https:\\\/\\\/citrosars.nl\\\/it\\\/prodotto\\\/hd-pump-sm-revisione\\\/#primaryimage\"},\"thumbnailUrl\":\"https:\\\/\\\/citrosars.nl\\\/wp-content\\\/uploads\\\/2026\\\/03\\\/1-617.jpg\",\"datePublished\":\"2015-06-17T15:49:14+00:00\",\"dateModified\":\"2022-08-08T08:35:41+00:00\",\"breadcrumb\":{\"@id\":\"https:\\\/\\\/citrosars.nl\\\/it\\\/prodotto\\\/hd-pump-sm-revisione\\\/#breadcrumb\"},\"inLanguage\":\"it-IT\",\"potentialAction\":[{\"@type\":\"ReadAction\",\"target\":[\"https:\\\/\\\/citrosars.nl\\\/it\\\/prodotto\\\/hd-pump-sm-revisione\\\/\"]}]},{\"@type\":\"ImageObject\",\"inLanguage\":\"it-IT\",\"@id\":\"https:\\\/\\\/citrosars.nl\\\/it\\\/prodotto\\\/hd-pump-sm-revisione\\\/#primaryimage\",\"url\":\"https:\\\/\\\/citrosars.nl\\\/wp-content\\\/uploads\\\/2026\\\/03\\\/1-617.jpg\",\"contentUrl\":\"https:\\\/\\\/citrosars.nl\\\/wp-content\\\/uploads\\\/2026\\\/03\\\/1-617.jpg\",\"width\":2560,\"height\":1920},{\"@type\":\"BreadcrumbList\",\"@id\":\"https:\\\/\\\/citrosars.nl\\\/it\\\/prodotto\\\/hd-pump-sm-revisione\\\/#breadcrumb\",\"itemListElement\":[{\"@type\":\"ListItem\",\"position\":1,\"name\":\"Home\",\"item\":\"https:\\\/\\\/citrosars.nl\\\/it\\\/\"},{\"@type\":\"ListItem\",\"position\":2,\"name\":\"Webshop\",\"item\":\"https:\\\/\\\/citrosars.nl\\\/it\\\/webshop\\\/\"},{\"@type\":\"ListItem\",\"position\":3,\"name\":\"Revisione SM pompa HD &#8211;&gt; 5\\\/71 filo destro\"}]},{\"@type\":\"WebSite\",\"@id\":\"https:\\\/\\\/citrosars.nl\\\/it\\\/#website\",\"url\":\"https:\\\/\\\/citrosars.nl\\\/it\\\/\",\"name\":\"CitroSars\",\"description\":\"CitroSars. DS, SM Restoraton, maintainance, Revision, Sales \\\/ Restauratie, onderhoud en verkoop\",\"publisher\":{\"@id\":\"https:\\\/\\\/citrosars.nl\\\/it\\\/#organization\"},\"potentialAction\":[{\"@type\":\"SearchAction\",\"target\":{\"@type\":\"EntryPoint\",\"urlTemplate\":\"https:\\\/\\\/citrosars.nl\\\/it\\\/?s={search_term_string}\"},\"query-input\":{\"@type\":\"PropertyValueSpecification\",\"valueRequired\":true,\"valueName\":\"search_term_string\"}}],\"inLanguage\":\"it-IT\"},{\"@type\":\"Organization\",\"@id\":\"https:\\\/\\\/citrosars.nl\\\/it\\\/#organization\",\"name\":\"CitroSars\",\"url\":\"https:\\\/\\\/citrosars.nl\\\/it\\\/\",\"logo\":{\"@type\":\"ImageObject\",\"inLanguage\":\"it-IT\",\"@id\":\"https:\\\/\\\/citrosars.nl\\\/it\\\/#\\\/schema\\\/logo\\\/image\\\/\",\"url\":\"https:\\\/\\\/citrosars.nl\\\/wp-content\\\/uploads\\\/2021\\\/12\\\/citrosars-logo-02-e1638783648691.png\",\"contentUrl\":\"https:\\\/\\\/citrosars.nl\\\/wp-content\\\/uploads\\\/2021\\\/12\\\/citrosars-logo-02-e1638783648691.png\",\"width\":1366,\"height\":324,\"caption\":\"CitroSars\"},\"image\":{\"@id\":\"https:\\\/\\\/citrosars.nl\\\/it\\\/#\\\/schema\\\/logo\\\/image\\\/\"}}]}<\/script>\n<!-- \/ Yoast SEO plugin. -->","yoast_head_json":{"title":"Revisione SM pompa HD -&gt; 5\/71 filo destro - CitroSars","robots":{"index":"index","follow":"follow","max-snippet":"max-snippet:-1","max-image-preview":"max-image-preview:large","max-video-preview":"max-video-preview:-1"},"canonical":"https:\/\/citrosars.nl\/it\/prodotto\/hd-pump-sm-revisione\/","og_locale":"it_IT","og_type":"article","og_title":"Revisione SM pompa HD -&gt; 5\/71 filo destro - CitroSars","og_description":"Pompa idraulica SM dotata di nuovo alloggiamento pompa in acciaio, guarnizione e cuscinetto a sfere a doppia fila. La pompa viene regolata in modo tale che il flusso della pompa diventi di nuovo massimo e la resa di tutti e 7 gli stantuffi sia uguale. Viene fornito con nuova gomma per tubi, necessaria per il montaggio ed \u00e8 stata testata prima della consegna!  Per ordinare questa pompa, \u00e8 necessario restituire una pompa riparabile. Il deposito \u00e8 di \u20ac175,-","og_url":"https:\/\/citrosars.nl\/it\/prodotto\/hd-pump-sm-revisione\/","og_site_name":"CitroSars","article_modified_time":"2022-08-08T08:35:41+00:00","og_image":[{"width":1024,"height":768,"url":"https:\/\/citrosars.nl\/wp-content\/uploads\/2015\/06\/IMG_5808-1024x768.jpg","type":"image\/jpeg"}],"twitter_misc":{"Tempo di lettura stimato":"1 minuto"},"schema":{"@context":"https:\/\/schema.org","@graph":[{"@type":"WebPage","@id":"https:\/\/citrosars.nl\/it\/prodotto\/hd-pump-sm-revisione\/","url":"https:\/\/citrosars.nl\/it\/prodotto\/hd-pump-sm-revisione\/","name":"Revisione SM pompa HD -&gt; 5\/71 filo destro - CitroSars","isPartOf":{"@id":"https:\/\/citrosars.nl\/it\/#website"},"primaryImageOfPage":{"@id":"https:\/\/citrosars.nl\/it\/prodotto\/hd-pump-sm-revisione\/#primaryimage"},"image":{"@id":"https:\/\/citrosars.nl\/it\/prodotto\/hd-pump-sm-revisione\/#primaryimage"},"thumbnailUrl":"https:\/\/citrosars.nl\/wp-content\/uploads\/2026\/03\/1-617.jpg","datePublished":"2015-06-17T15:49:14+00:00","dateModified":"2022-08-08T08:35:41+00:00","breadcrumb":{"@id":"https:\/\/citrosars.nl\/it\/prodotto\/hd-pump-sm-revisione\/#breadcrumb"},"inLanguage":"it-IT","potentialAction":[{"@type":"ReadAction","target":["https:\/\/citrosars.nl\/it\/prodotto\/hd-pump-sm-revisione\/"]}]},{"@type":"ImageObject","inLanguage":"it-IT","@id":"https:\/\/citrosars.nl\/it\/prodotto\/hd-pump-sm-revisione\/#primaryimage","url":"https:\/\/citrosars.nl\/wp-content\/uploads\/2026\/03\/1-617.jpg","contentUrl":"https:\/\/citrosars.nl\/wp-content\/uploads\/2026\/03\/1-617.jpg","width":2560,"height":1920},{"@type":"BreadcrumbList","@id":"https:\/\/citrosars.nl\/it\/prodotto\/hd-pump-sm-revisione\/#breadcrumb","itemListElement":[{"@type":"ListItem","position":1,"name":"Home","item":"https:\/\/citrosars.nl\/it\/"},{"@type":"ListItem","position":2,"name":"Webshop","item":"https:\/\/citrosars.nl\/it\/webshop\/"},{"@type":"ListItem","position":3,"name":"Revisione SM pompa HD &#8211;&gt; 5\/71 filo destro"}]},{"@type":"WebSite","@id":"https:\/\/citrosars.nl\/it\/#website","url":"https:\/\/citrosars.nl\/it\/","name":"CitroSars","description":"CitroSars. DS, SM Restoraton, maintainance, Revision, Sales \/ Restauratie, onderhoud en verkoop","publisher":{"@id":"https:\/\/citrosars.nl\/it\/#organization"},"potentialAction":[{"@type":"SearchAction","target":{"@type":"EntryPoint","urlTemplate":"https:\/\/citrosars.nl\/it\/?s={search_term_string}"},"query-input":{"@type":"PropertyValueSpecification","valueRequired":true,"valueName":"search_term_string"}}],"inLanguage":"it-IT"},{"@type":"Organization","@id":"https:\/\/citrosars.nl\/it\/#organization","name":"CitroSars","url":"https:\/\/citrosars.nl\/it\/","logo":{"@type":"ImageObject","inLanguage":"it-IT","@id":"https:\/\/citrosars.nl\/it\/#\/schema\/logo\/image\/","url":"https:\/\/citrosars.nl\/wp-content\/uploads\/2021\/12\/citrosars-logo-02-e1638783648691.png","contentUrl":"https:\/\/citrosars.nl\/wp-content\/uploads\/2021\/12\/citrosars-logo-02-e1638783648691.png","width":1366,"height":324,"caption":"CitroSars"},"image":{"@id":"https:\/\/citrosars.nl\/it\/#\/schema\/logo\/image\/"}}]}},"taxonomy_info":{"product_cat":[{"value":351,"label":"3. Assali, sospensione, sterzo, organi idraulici."},{"value":358,"label":"SM"}]},"featured_image_src_large":["https:\/\/citrosars.nl\/wp-content\/uploads\/2026\/03\/1-617-1024x768.jpg",1024,768,true],"author_info":[],"comment_info":"","_links":{"self":[{"href":"https:\/\/citrosars.nl\/it\/wp-json\/wp\/v2\/product\/11963","targetHints":{"allow":["GET"]}}],"collection":[{"href":"https:\/\/citrosars.nl\/it\/wp-json\/wp\/v2\/product"}],"about":[{"href":"https:\/\/citrosars.nl\/it\/wp-json\/wp\/v2\/types\/product"}],"wp:featuredmedia":[{"embeddable":true,"href":"https:\/\/citrosars.nl\/it\/wp-json\/wp\/v2\/media\/59016"}],"wp:attachment":[{"href":"https:\/\/citrosars.nl\/it\/wp-json\/wp\/v2\/media?parent=11963"}],"wp:term":[{"taxonomy":"product_brand","embeddable":true,"href":"https:\/\/citrosars.nl\/it\/wp-json\/wp\/v2\/product_brand?post=11963"},{"taxonomy":"product_cat","embeddable":true,"href":"https:\/\/citrosars.nl\/it\/wp-json\/wp\/v2\/product_cat?post=11963"},{"taxonomy":"product_tag","embeddable":true,"href":"https:\/\/citrosars.nl\/it\/wp-json\/wp\/v2\/product_tag?post=11963"}],"curies":[{"name":"wp","href":"https:\/\/api.w.org\/{rel}","templated":true}]}}