{"id":7709,"date":"2018-02-25T11:58:04","date_gmt":"2018-02-25T10:58:04","guid":{"rendered":"https:\/\/citrosars.nl\/product\/roulement-a\/"},"modified":"2022-07-25T09:18:17","modified_gmt":"2022-07-25T07:18:17","slug":"boite-de-vitesses-pignon-roulement","status":"publish","type":"product","link":"https:\/\/citrosars.nl\/fr\/produit\/boite-de-vitesses-pignon-roulement\/","title":{"rendered":"Roulement \u00e0 pignon de bo\u00eete de vitesses"},"content":{"rendered":"","protected":false},"excerpt":{"rendered":"","protected":false},"featured_media":62666,"template":"","meta":{"_kad_blocks_custom_css":"","_kad_blocks_head_custom_js":"","_kad_blocks_body_custom_js":"","_kad_blocks_footer_custom_js":"","_kadence_starter_templates_imported_post":false,"_kad_post_transparent":"","_kad_post_title":"","_kad_post_layout":"","_kad_post_sidebar_id":"","_kad_post_content_style":"","_kad_post_vertical_padding":"","_kad_post_feature":"","_kad_post_feature_position":"","_kad_post_header":false,"_kad_post_footer":false,"_kad_post_classname":""},"product_brand":[],"product_cat":[365,331,362,360],"product_tag":[],"class_list":{"0":"post-7709","1":"product","2":"type-product","3":"status-publish","4":"has-post-thumbnail","6":"product_cat-1-ds-moteur-boite-de-vitesses-commande-de-boite","7":"product_cat-1-sm-moteur-boite-de-vitesses-commande-de-boite","8":"product_cat-ds-fr","9":"product_cat-sm-fr","11":"first","12":"outofstock","13":"taxable","14":"shipping-taxable","15":"purchasable","16":"product-type-simple","17":"entry","18":"content-bg","19":"loop-entry"},"yoast_head":"<!-- This site is optimized with the Yoast SEO plugin v27.3 - https:\/\/yoast.com\/product\/yoast-seo-wordpress\/ -->\n<title>Roulement \u00e0 pignon de bo\u00eete de vitesses - CitroSars<\/title>\n<meta name=\"description\" content=\"Ce roulement pigon s\u2019adapte aux bo\u00eetes manuelles Citro\u00ebn SM et DS. Ce roulement pigon s\u2019adapte aux bo\u00eetes manuelles Citro\u00ebn SM et DS. Questo cuscinetto per ghisa si adatta al cambio manuale Citro\u00ebn SM e DS.\" \/>\n<meta name=\"robots\" content=\"index, follow, max-snippet:-1, max-image-preview:large, max-video-preview:-1\" \/>\n<link rel=\"canonical\" href=\"https:\/\/citrosars.nl\/fr\/produit\/boite-de-vitesses-pignon-roulement\/\" \/>\n<meta property=\"og:locale\" content=\"fr_FR\" \/>\n<meta property=\"og:type\" content=\"article\" \/>\n<meta property=\"og:title\" content=\"Roulement \u00e0 pignon de bo\u00eete de vitesses - CitroSars\" \/>\n<meta property=\"og:description\" content=\"Ce roulement pigon s\u2019adapte aux bo\u00eetes manuelles Citro\u00ebn SM et DS. Ce roulement pigon s\u2019adapte aux bo\u00eetes manuelles Citro\u00ebn SM et DS. Questo cuscinetto per ghisa si adatta al cambio manuale Citro\u00ebn SM e DS.\" \/>\n<meta property=\"og:url\" content=\"https:\/\/citrosars.nl\/fr\/produit\/boite-de-vitesses-pignon-roulement\/\" \/>\n<meta property=\"og:site_name\" content=\"CitroSars\" \/>\n<meta property=\"article:modified_time\" content=\"2022-07-25T07:18:17+00:00\" \/>\n<meta property=\"og:image\" content=\"https:\/\/citrosars.nl\/wp-content\/uploads\/2018\/02\/Pignon-lager-ZC9620-335U-1024x683.jpg\" \/>\n\t<meta property=\"og:image:width\" content=\"1024\" \/>\n\t<meta property=\"og:image:height\" content=\"683\" \/>\n\t<meta property=\"og:image:type\" content=\"image\/jpeg\" \/>\n<script type=\"application\/ld+json\" class=\"yoast-schema-graph\">{\"@context\":\"https:\\\/\\\/schema.org\",\"@graph\":[{\"@type\":\"WebPage\",\"@id\":\"https:\\\/\\\/citrosars.nl\\\/fr\\\/produit\\\/boite-de-vitesses-pignon-roulement\\\/\",\"url\":\"https:\\\/\\\/citrosars.nl\\\/fr\\\/produit\\\/boite-de-vitesses-pignon-roulement\\\/\",\"name\":\"Roulement \u00e0 pignon de bo\u00eete de vitesses - CitroSars\",\"isPartOf\":{\"@id\":\"https:\\\/\\\/citrosars.nl\\\/fr\\\/#website\"},\"primaryImageOfPage\":{\"@id\":\"https:\\\/\\\/citrosars.nl\\\/fr\\\/produit\\\/boite-de-vitesses-pignon-roulement\\\/#primaryimage\"},\"image\":{\"@id\":\"https:\\\/\\\/citrosars.nl\\\/fr\\\/produit\\\/boite-de-vitesses-pignon-roulement\\\/#primaryimage\"},\"thumbnailUrl\":\"https:\\\/\\\/citrosars.nl\\\/wp-content\\\/uploads\\\/2026\\\/03\\\/1-935-scaled.jpg\",\"datePublished\":\"2018-02-25T10:58:04+00:00\",\"dateModified\":\"2022-07-25T07:18:17+00:00\",\"description\":\"Ce roulement pigon s\u2019adapte aux bo\u00eetes manuelles Citro\u00ebn SM et DS. Ce roulement pigon s\u2019adapte aux bo\u00eetes manuelles Citro\u00ebn SM et DS. Questo cuscinetto per ghisa si adatta al cambio manuale Citro\u00ebn SM e DS.\",\"breadcrumb\":{\"@id\":\"https:\\\/\\\/citrosars.nl\\\/fr\\\/produit\\\/boite-de-vitesses-pignon-roulement\\\/#breadcrumb\"},\"inLanguage\":\"fr-FR\",\"potentialAction\":[{\"@type\":\"ReadAction\",\"target\":[\"https:\\\/\\\/citrosars.nl\\\/fr\\\/produit\\\/boite-de-vitesses-pignon-roulement\\\/\"]}]},{\"@type\":\"ImageObject\",\"inLanguage\":\"fr-FR\",\"@id\":\"https:\\\/\\\/citrosars.nl\\\/fr\\\/produit\\\/boite-de-vitesses-pignon-roulement\\\/#primaryimage\",\"url\":\"https:\\\/\\\/citrosars.nl\\\/wp-content\\\/uploads\\\/2026\\\/03\\\/1-935-scaled.jpg\",\"contentUrl\":\"https:\\\/\\\/citrosars.nl\\\/wp-content\\\/uploads\\\/2026\\\/03\\\/1-935-scaled.jpg\",\"width\":2560,\"height\":1707},{\"@type\":\"BreadcrumbList\",\"@id\":\"https:\\\/\\\/citrosars.nl\\\/fr\\\/produit\\\/boite-de-vitesses-pignon-roulement\\\/#breadcrumb\",\"itemListElement\":[{\"@type\":\"ListItem\",\"position\":1,\"name\":\"Home\",\"item\":\"https:\\\/\\\/citrosars.nl\\\/fr\\\/\"},{\"@type\":\"ListItem\",\"position\":2,\"name\":\"Webshop\",\"item\":\"https:\\\/\\\/citrosars.nl\\\/fr\\\/webshop\\\/\"},{\"@type\":\"ListItem\",\"position\":3,\"name\":\"Roulement \u00e0 pignon de bo\u00eete de vitesses\"}]},{\"@type\":\"WebSite\",\"@id\":\"https:\\\/\\\/citrosars.nl\\\/fr\\\/#website\",\"url\":\"https:\\\/\\\/citrosars.nl\\\/fr\\\/\",\"name\":\"CitroSars\",\"description\":\"CitroSars. DS, SM Restoraton, maintainance, Revision, Sales \\\/ Restauratie, onderhoud en verkoop\",\"publisher\":{\"@id\":\"https:\\\/\\\/citrosars.nl\\\/fr\\\/#organization\"},\"potentialAction\":[{\"@type\":\"SearchAction\",\"target\":{\"@type\":\"EntryPoint\",\"urlTemplate\":\"https:\\\/\\\/citrosars.nl\\\/fr\\\/?s={search_term_string}\"},\"query-input\":{\"@type\":\"PropertyValueSpecification\",\"valueRequired\":true,\"valueName\":\"search_term_string\"}}],\"inLanguage\":\"fr-FR\"},{\"@type\":\"Organization\",\"@id\":\"https:\\\/\\\/citrosars.nl\\\/fr\\\/#organization\",\"name\":\"CitroSars\",\"url\":\"https:\\\/\\\/citrosars.nl\\\/fr\\\/\",\"logo\":{\"@type\":\"ImageObject\",\"inLanguage\":\"fr-FR\",\"@id\":\"https:\\\/\\\/citrosars.nl\\\/fr\\\/#\\\/schema\\\/logo\\\/image\\\/\",\"url\":\"https:\\\/\\\/citrosars.nl\\\/wp-content\\\/uploads\\\/2021\\\/12\\\/citrosars-logo-02-e1638783648691.png\",\"contentUrl\":\"https:\\\/\\\/citrosars.nl\\\/wp-content\\\/uploads\\\/2021\\\/12\\\/citrosars-logo-02-e1638783648691.png\",\"width\":1366,\"height\":324,\"caption\":\"CitroSars\"},\"image\":{\"@id\":\"https:\\\/\\\/citrosars.nl\\\/fr\\\/#\\\/schema\\\/logo\\\/image\\\/\"}}]}<\/script>\n<!-- \/ Yoast SEO plugin. -->","yoast_head_json":{"title":"Roulement \u00e0 pignon de bo\u00eete de vitesses - CitroSars","description":"Ce roulement pigon s\u2019adapte aux bo\u00eetes manuelles Citro\u00ebn SM et DS. Ce roulement pigon s\u2019adapte aux bo\u00eetes manuelles Citro\u00ebn SM et DS. Questo cuscinetto per ghisa si adatta al cambio manuale Citro\u00ebn SM e DS.","robots":{"index":"index","follow":"follow","max-snippet":"max-snippet:-1","max-image-preview":"max-image-preview:large","max-video-preview":"max-video-preview:-1"},"canonical":"https:\/\/citrosars.nl\/fr\/produit\/boite-de-vitesses-pignon-roulement\/","og_locale":"fr_FR","og_type":"article","og_title":"Roulement \u00e0 pignon de bo\u00eete de vitesses - CitroSars","og_description":"Ce roulement pigon s\u2019adapte aux bo\u00eetes manuelles Citro\u00ebn SM et DS. Ce roulement pigon s\u2019adapte aux bo\u00eetes manuelles Citro\u00ebn SM et DS. Questo cuscinetto per ghisa si adatta al cambio manuale Citro\u00ebn SM e DS.","og_url":"https:\/\/citrosars.nl\/fr\/produit\/boite-de-vitesses-pignon-roulement\/","og_site_name":"CitroSars","article_modified_time":"2022-07-25T07:18:17+00:00","og_image":[{"width":1024,"height":683,"url":"https:\/\/citrosars.nl\/wp-content\/uploads\/2018\/02\/Pignon-lager-ZC9620-335U-1024x683.jpg","type":"image\/jpeg"}],"schema":{"@context":"https:\/\/schema.org","@graph":[{"@type":"WebPage","@id":"https:\/\/citrosars.nl\/fr\/produit\/boite-de-vitesses-pignon-roulement\/","url":"https:\/\/citrosars.nl\/fr\/produit\/boite-de-vitesses-pignon-roulement\/","name":"Roulement \u00e0 pignon de bo\u00eete de vitesses - CitroSars","isPartOf":{"@id":"https:\/\/citrosars.nl\/fr\/#website"},"primaryImageOfPage":{"@id":"https:\/\/citrosars.nl\/fr\/produit\/boite-de-vitesses-pignon-roulement\/#primaryimage"},"image":{"@id":"https:\/\/citrosars.nl\/fr\/produit\/boite-de-vitesses-pignon-roulement\/#primaryimage"},"thumbnailUrl":"https:\/\/citrosars.nl\/wp-content\/uploads\/2026\/03\/1-935-scaled.jpg","datePublished":"2018-02-25T10:58:04+00:00","dateModified":"2022-07-25T07:18:17+00:00","description":"Ce roulement pigon s\u2019adapte aux bo\u00eetes manuelles Citro\u00ebn SM et DS. Ce roulement pigon s\u2019adapte aux bo\u00eetes manuelles Citro\u00ebn SM et DS. Questo cuscinetto per ghisa si adatta al cambio manuale Citro\u00ebn SM e DS.","breadcrumb":{"@id":"https:\/\/citrosars.nl\/fr\/produit\/boite-de-vitesses-pignon-roulement\/#breadcrumb"},"inLanguage":"fr-FR","potentialAction":[{"@type":"ReadAction","target":["https:\/\/citrosars.nl\/fr\/produit\/boite-de-vitesses-pignon-roulement\/"]}]},{"@type":"ImageObject","inLanguage":"fr-FR","@id":"https:\/\/citrosars.nl\/fr\/produit\/boite-de-vitesses-pignon-roulement\/#primaryimage","url":"https:\/\/citrosars.nl\/wp-content\/uploads\/2026\/03\/1-935-scaled.jpg","contentUrl":"https:\/\/citrosars.nl\/wp-content\/uploads\/2026\/03\/1-935-scaled.jpg","width":2560,"height":1707},{"@type":"BreadcrumbList","@id":"https:\/\/citrosars.nl\/fr\/produit\/boite-de-vitesses-pignon-roulement\/#breadcrumb","itemListElement":[{"@type":"ListItem","position":1,"name":"Home","item":"https:\/\/citrosars.nl\/fr\/"},{"@type":"ListItem","position":2,"name":"Webshop","item":"https:\/\/citrosars.nl\/fr\/webshop\/"},{"@type":"ListItem","position":3,"name":"Roulement \u00e0 pignon de bo\u00eete de vitesses"}]},{"@type":"WebSite","@id":"https:\/\/citrosars.nl\/fr\/#website","url":"https:\/\/citrosars.nl\/fr\/","name":"CitroSars","description":"CitroSars. DS, SM Restoraton, maintainance, Revision, Sales \/ Restauratie, onderhoud en verkoop","publisher":{"@id":"https:\/\/citrosars.nl\/fr\/#organization"},"potentialAction":[{"@type":"SearchAction","target":{"@type":"EntryPoint","urlTemplate":"https:\/\/citrosars.nl\/fr\/?s={search_term_string}"},"query-input":{"@type":"PropertyValueSpecification","valueRequired":true,"valueName":"search_term_string"}}],"inLanguage":"fr-FR"},{"@type":"Organization","@id":"https:\/\/citrosars.nl\/fr\/#organization","name":"CitroSars","url":"https:\/\/citrosars.nl\/fr\/","logo":{"@type":"ImageObject","inLanguage":"fr-FR","@id":"https:\/\/citrosars.nl\/fr\/#\/schema\/logo\/image\/","url":"https:\/\/citrosars.nl\/wp-content\/uploads\/2021\/12\/citrosars-logo-02-e1638783648691.png","contentUrl":"https:\/\/citrosars.nl\/wp-content\/uploads\/2021\/12\/citrosars-logo-02-e1638783648691.png","width":1366,"height":324,"caption":"CitroSars"},"image":{"@id":"https:\/\/citrosars.nl\/fr\/#\/schema\/logo\/image\/"}}]}},"taxonomy_info":{"product_cat":[{"value":365,"label":"1. DS Moteur, bo\u00eete de vitesses, commande de boite"},{"value":331,"label":"1.SM Moteur, bo\u00eete de vitesses, commande de boite"},{"value":362,"label":"DS"},{"value":360,"label":"SM"}]},"featured_image_src_large":["https:\/\/citrosars.nl\/wp-content\/uploads\/2026\/03\/1-935-1024x683.jpg",1024,683,true],"author_info":[],"comment_info":"","_links":{"self":[{"href":"https:\/\/citrosars.nl\/fr\/wp-json\/wp\/v2\/product\/7709","targetHints":{"allow":["GET"]}}],"collection":[{"href":"https:\/\/citrosars.nl\/fr\/wp-json\/wp\/v2\/product"}],"about":[{"href":"https:\/\/citrosars.nl\/fr\/wp-json\/wp\/v2\/types\/product"}],"wp:featuredmedia":[{"embeddable":true,"href":"https:\/\/citrosars.nl\/fr\/wp-json\/wp\/v2\/media\/62666"}],"wp:attachment":[{"href":"https:\/\/citrosars.nl\/fr\/wp-json\/wp\/v2\/media?parent=7709"}],"wp:term":[{"taxonomy":"product_brand","embeddable":true,"href":"https:\/\/citrosars.nl\/fr\/wp-json\/wp\/v2\/product_brand?post=7709"},{"taxonomy":"product_cat","embeddable":true,"href":"https:\/\/citrosars.nl\/fr\/wp-json\/wp\/v2\/product_cat?post=7709"},{"taxonomy":"product_tag","embeddable":true,"href":"https:\/\/citrosars.nl\/fr\/wp-json\/wp\/v2\/product_tag?post=7709"}],"curies":[{"name":"wp","href":"https:\/\/api.w.org\/{rel}","templated":true}]}}