{"id":46597,"date":"2023-04-20T11:36:54","date_gmt":"2023-04-20T09:36:54","guid":{"rendered":"https:\/\/citrosars.nl\/product\/kit-de-feux-arriere-complet-avec-lentilles-pretes-a-etre-assemblees\/"},"modified":"2025-10-24T17:00:44","modified_gmt":"2025-10-24T15:00:44","slug":"kit-de-feux-arriere-complet-avec-lentilles-pretes-a-etre-assemblees","status":"publish","type":"product","link":"https:\/\/citrosars.nl\/fr\/produit\/kit-de-feux-arriere-complet-avec-lentilles-pretes-a-etre-assemblees\/","title":{"rendered":"Kit de feux arri\u00e8re complet avec lentilles pr\u00eates \u00e0 \u00eatre assembl\u00e9es"},"content":{"rendered":"","protected":false},"excerpt":{"rendered":"","protected":false},"featured_media":59405,"template":"","meta":{"_kad_blocks_custom_css":"","_kad_blocks_head_custom_js":"","_kad_blocks_body_custom_js":"","_kad_blocks_footer_custom_js":"","_kadence_starter_templates_imported_post":false,"_kad_post_transparent":"","_kad_post_title":"","_kad_post_layout":"","_kad_post_sidebar_id":"","_kad_post_content_style":"","_kad_post_vertical_padding":"","_kad_post_feature":"","_kad_post_feature_position":"","_kad_post_header":false,"_kad_post_footer":false,"_kad_post_classname":""},"product_brand":[],"product_cat":[335,360],"product_tag":[],"class_list":{"0":"post-46597","1":"product","2":"type-product","3":"status-publish","4":"has-post-thumbnail","6":"product_cat-5-sm-tableau-de-bord-accessoirs-signalisation-eclairage-cableries-fr","7":"product_cat-sm-fr","9":"first","10":"outofstock","11":"taxable","12":"shipping-taxable","13":"purchasable","14":"product-type-simple","15":"entry","16":"content-bg","17":"loop-entry"},"yoast_head":"<!-- This site is optimized with the Yoast SEO plugin v27.3 - https:\/\/yoast.com\/product\/yoast-seo-wordpress\/ -->\n<title>Kit de feux arri\u00e8re complet avec lentilles pr\u00eates \u00e0 \u00eatre assembl\u00e9es - CitroSars<\/title>\n<meta name=\"robots\" content=\"index, follow, max-snippet:-1, max-image-preview:large, max-video-preview:-1\" \/>\n<link rel=\"canonical\" href=\"https:\/\/citrosars.nl\/fr\/produit\/kit-de-feux-arriere-complet-avec-lentilles-pretes-a-etre-assemblees\/\" \/>\n<meta property=\"og:locale\" content=\"fr_FR\" \/>\n<meta property=\"og:type\" content=\"article\" \/>\n<meta property=\"og:title\" content=\"Kit de feux arri\u00e8re complet avec lentilles pr\u00eates \u00e0 \u00eatre assembl\u00e9es - CitroSars\" \/>\n<meta property=\"og:url\" content=\"https:\/\/citrosars.nl\/fr\/produit\/kit-de-feux-arriere-complet-avec-lentilles-pretes-a-etre-assemblees\/\" \/>\n<meta property=\"og:site_name\" content=\"CitroSars\" \/>\n<meta property=\"article:modified_time\" content=\"2025-10-24T15:00:44+00:00\" \/>\n<meta property=\"og:image\" content=\"https:\/\/citrosars.nl\/wp-content\/uploads\/2023\/04\/IMG_2256-scaled.jpg\" \/>\n\t<meta property=\"og:image:width\" content=\"2560\" \/>\n\t<meta property=\"og:image:height\" content=\"1539\" \/>\n\t<meta property=\"og:image:type\" content=\"image\/jpeg\" \/>\n<script type=\"application\/ld+json\" class=\"yoast-schema-graph\">{\"@context\":\"https:\\\/\\\/schema.org\",\"@graph\":[{\"@type\":\"WebPage\",\"@id\":\"https:\\\/\\\/citrosars.nl\\\/fr\\\/produit\\\/kit-de-feux-arriere-complet-avec-lentilles-pretes-a-etre-assemblees\\\/\",\"url\":\"https:\\\/\\\/citrosars.nl\\\/fr\\\/produit\\\/kit-de-feux-arriere-complet-avec-lentilles-pretes-a-etre-assemblees\\\/\",\"name\":\"Kit de feux arri\u00e8re complet avec lentilles pr\u00eates \u00e0 \u00eatre assembl\u00e9es - CitroSars\",\"isPartOf\":{\"@id\":\"https:\\\/\\\/citrosars.nl\\\/fr\\\/#website\"},\"primaryImageOfPage\":{\"@id\":\"https:\\\/\\\/citrosars.nl\\\/fr\\\/produit\\\/kit-de-feux-arriere-complet-avec-lentilles-pretes-a-etre-assemblees\\\/#primaryimage\"},\"image\":{\"@id\":\"https:\\\/\\\/citrosars.nl\\\/fr\\\/produit\\\/kit-de-feux-arriere-complet-avec-lentilles-pretes-a-etre-assemblees\\\/#primaryimage\"},\"thumbnailUrl\":\"https:\\\/\\\/citrosars.nl\\\/wp-content\\\/uploads\\\/2026\\\/03\\\/1-643.jpg\",\"datePublished\":\"2023-04-20T09:36:54+00:00\",\"dateModified\":\"2025-10-24T15:00:44+00:00\",\"breadcrumb\":{\"@id\":\"https:\\\/\\\/citrosars.nl\\\/fr\\\/produit\\\/kit-de-feux-arriere-complet-avec-lentilles-pretes-a-etre-assemblees\\\/#breadcrumb\"},\"inLanguage\":\"fr-FR\",\"potentialAction\":[{\"@type\":\"ReadAction\",\"target\":[\"https:\\\/\\\/citrosars.nl\\\/fr\\\/produit\\\/kit-de-feux-arriere-complet-avec-lentilles-pretes-a-etre-assemblees\\\/\"]}]},{\"@type\":\"ImageObject\",\"inLanguage\":\"fr-FR\",\"@id\":\"https:\\\/\\\/citrosars.nl\\\/fr\\\/produit\\\/kit-de-feux-arriere-complet-avec-lentilles-pretes-a-etre-assemblees\\\/#primaryimage\",\"url\":\"https:\\\/\\\/citrosars.nl\\\/wp-content\\\/uploads\\\/2026\\\/03\\\/1-643.jpg\",\"contentUrl\":\"https:\\\/\\\/citrosars.nl\\\/wp-content\\\/uploads\\\/2026\\\/03\\\/1-643.jpg\",\"width\":2560,\"height\":1539},{\"@type\":\"BreadcrumbList\",\"@id\":\"https:\\\/\\\/citrosars.nl\\\/fr\\\/produit\\\/kit-de-feux-arriere-complet-avec-lentilles-pretes-a-etre-assemblees\\\/#breadcrumb\",\"itemListElement\":[{\"@type\":\"ListItem\",\"position\":1,\"name\":\"Home\",\"item\":\"https:\\\/\\\/citrosars.nl\\\/fr\\\/\"},{\"@type\":\"ListItem\",\"position\":2,\"name\":\"Webshop\",\"item\":\"https:\\\/\\\/citrosars.nl\\\/fr\\\/webshop\\\/\"},{\"@type\":\"ListItem\",\"position\":3,\"name\":\"Kit de feux arri\u00e8re complet avec lentilles pr\u00eates \u00e0 \u00eatre assembl\u00e9es\"}]},{\"@type\":\"WebSite\",\"@id\":\"https:\\\/\\\/citrosars.nl\\\/fr\\\/#website\",\"url\":\"https:\\\/\\\/citrosars.nl\\\/fr\\\/\",\"name\":\"CitroSars\",\"description\":\"CitroSars. DS, SM Restoraton, maintainance, Revision, Sales \\\/ Restauratie, onderhoud en verkoop\",\"publisher\":{\"@id\":\"https:\\\/\\\/citrosars.nl\\\/fr\\\/#organization\"},\"potentialAction\":[{\"@type\":\"SearchAction\",\"target\":{\"@type\":\"EntryPoint\",\"urlTemplate\":\"https:\\\/\\\/citrosars.nl\\\/fr\\\/?s={search_term_string}\"},\"query-input\":{\"@type\":\"PropertyValueSpecification\",\"valueRequired\":true,\"valueName\":\"search_term_string\"}}],\"inLanguage\":\"fr-FR\"},{\"@type\":\"Organization\",\"@id\":\"https:\\\/\\\/citrosars.nl\\\/fr\\\/#organization\",\"name\":\"CitroSars\",\"url\":\"https:\\\/\\\/citrosars.nl\\\/fr\\\/\",\"logo\":{\"@type\":\"ImageObject\",\"inLanguage\":\"fr-FR\",\"@id\":\"https:\\\/\\\/citrosars.nl\\\/fr\\\/#\\\/schema\\\/logo\\\/image\\\/\",\"url\":\"https:\\\/\\\/citrosars.nl\\\/wp-content\\\/uploads\\\/2021\\\/12\\\/citrosars-logo-02-e1638783648691.png\",\"contentUrl\":\"https:\\\/\\\/citrosars.nl\\\/wp-content\\\/uploads\\\/2021\\\/12\\\/citrosars-logo-02-e1638783648691.png\",\"width\":1366,\"height\":324,\"caption\":\"CitroSars\"},\"image\":{\"@id\":\"https:\\\/\\\/citrosars.nl\\\/fr\\\/#\\\/schema\\\/logo\\\/image\\\/\"}}]}<\/script>\n<!-- \/ Yoast SEO plugin. -->","yoast_head_json":{"title":"Kit de feux arri\u00e8re complet avec lentilles pr\u00eates \u00e0 \u00eatre assembl\u00e9es - CitroSars","robots":{"index":"index","follow":"follow","max-snippet":"max-snippet:-1","max-image-preview":"max-image-preview:large","max-video-preview":"max-video-preview:-1"},"canonical":"https:\/\/citrosars.nl\/fr\/produit\/kit-de-feux-arriere-complet-avec-lentilles-pretes-a-etre-assemblees\/","og_locale":"fr_FR","og_type":"article","og_title":"Kit de feux arri\u00e8re complet avec lentilles pr\u00eates \u00e0 \u00eatre assembl\u00e9es - CitroSars","og_url":"https:\/\/citrosars.nl\/fr\/produit\/kit-de-feux-arriere-complet-avec-lentilles-pretes-a-etre-assemblees\/","og_site_name":"CitroSars","article_modified_time":"2025-10-24T15:00:44+00:00","og_image":[{"width":2560,"height":1539,"url":"https:\/\/citrosars.nl\/wp-content\/uploads\/2023\/04\/IMG_2256-scaled.jpg","type":"image\/jpeg"}],"schema":{"@context":"https:\/\/schema.org","@graph":[{"@type":"WebPage","@id":"https:\/\/citrosars.nl\/fr\/produit\/kit-de-feux-arriere-complet-avec-lentilles-pretes-a-etre-assemblees\/","url":"https:\/\/citrosars.nl\/fr\/produit\/kit-de-feux-arriere-complet-avec-lentilles-pretes-a-etre-assemblees\/","name":"Kit de feux arri\u00e8re complet avec lentilles pr\u00eates \u00e0 \u00eatre assembl\u00e9es - CitroSars","isPartOf":{"@id":"https:\/\/citrosars.nl\/fr\/#website"},"primaryImageOfPage":{"@id":"https:\/\/citrosars.nl\/fr\/produit\/kit-de-feux-arriere-complet-avec-lentilles-pretes-a-etre-assemblees\/#primaryimage"},"image":{"@id":"https:\/\/citrosars.nl\/fr\/produit\/kit-de-feux-arriere-complet-avec-lentilles-pretes-a-etre-assemblees\/#primaryimage"},"thumbnailUrl":"https:\/\/citrosars.nl\/wp-content\/uploads\/2026\/03\/1-643.jpg","datePublished":"2023-04-20T09:36:54+00:00","dateModified":"2025-10-24T15:00:44+00:00","breadcrumb":{"@id":"https:\/\/citrosars.nl\/fr\/produit\/kit-de-feux-arriere-complet-avec-lentilles-pretes-a-etre-assemblees\/#breadcrumb"},"inLanguage":"fr-FR","potentialAction":[{"@type":"ReadAction","target":["https:\/\/citrosars.nl\/fr\/produit\/kit-de-feux-arriere-complet-avec-lentilles-pretes-a-etre-assemblees\/"]}]},{"@type":"ImageObject","inLanguage":"fr-FR","@id":"https:\/\/citrosars.nl\/fr\/produit\/kit-de-feux-arriere-complet-avec-lentilles-pretes-a-etre-assemblees\/#primaryimage","url":"https:\/\/citrosars.nl\/wp-content\/uploads\/2026\/03\/1-643.jpg","contentUrl":"https:\/\/citrosars.nl\/wp-content\/uploads\/2026\/03\/1-643.jpg","width":2560,"height":1539},{"@type":"BreadcrumbList","@id":"https:\/\/citrosars.nl\/fr\/produit\/kit-de-feux-arriere-complet-avec-lentilles-pretes-a-etre-assemblees\/#breadcrumb","itemListElement":[{"@type":"ListItem","position":1,"name":"Home","item":"https:\/\/citrosars.nl\/fr\/"},{"@type":"ListItem","position":2,"name":"Webshop","item":"https:\/\/citrosars.nl\/fr\/webshop\/"},{"@type":"ListItem","position":3,"name":"Kit de feux arri\u00e8re complet avec lentilles pr\u00eates \u00e0 \u00eatre assembl\u00e9es"}]},{"@type":"WebSite","@id":"https:\/\/citrosars.nl\/fr\/#website","url":"https:\/\/citrosars.nl\/fr\/","name":"CitroSars","description":"CitroSars. DS, SM Restoraton, maintainance, Revision, Sales \/ Restauratie, onderhoud en verkoop","publisher":{"@id":"https:\/\/citrosars.nl\/fr\/#organization"},"potentialAction":[{"@type":"SearchAction","target":{"@type":"EntryPoint","urlTemplate":"https:\/\/citrosars.nl\/fr\/?s={search_term_string}"},"query-input":{"@type":"PropertyValueSpecification","valueRequired":true,"valueName":"search_term_string"}}],"inLanguage":"fr-FR"},{"@type":"Organization","@id":"https:\/\/citrosars.nl\/fr\/#organization","name":"CitroSars","url":"https:\/\/citrosars.nl\/fr\/","logo":{"@type":"ImageObject","inLanguage":"fr-FR","@id":"https:\/\/citrosars.nl\/fr\/#\/schema\/logo\/image\/","url":"https:\/\/citrosars.nl\/wp-content\/uploads\/2021\/12\/citrosars-logo-02-e1638783648691.png","contentUrl":"https:\/\/citrosars.nl\/wp-content\/uploads\/2021\/12\/citrosars-logo-02-e1638783648691.png","width":1366,"height":324,"caption":"CitroSars"},"image":{"@id":"https:\/\/citrosars.nl\/fr\/#\/schema\/logo\/image\/"}}]}},"taxonomy_info":{"product_cat":[{"value":335,"label":"5. SM Tableau de bord, accessoirs, signalisation, \u00e9clairage, cableries"},{"value":360,"label":"SM"}]},"featured_image_src_large":["https:\/\/citrosars.nl\/wp-content\/uploads\/2026\/03\/1-643-1024x616.jpg",1024,616,true],"author_info":[],"comment_info":"","_links":{"self":[{"href":"https:\/\/citrosars.nl\/fr\/wp-json\/wp\/v2\/product\/46597","targetHints":{"allow":["GET"]}}],"collection":[{"href":"https:\/\/citrosars.nl\/fr\/wp-json\/wp\/v2\/product"}],"about":[{"href":"https:\/\/citrosars.nl\/fr\/wp-json\/wp\/v2\/types\/product"}],"wp:featuredmedia":[{"embeddable":true,"href":"https:\/\/citrosars.nl\/fr\/wp-json\/wp\/v2\/media\/59405"}],"wp:attachment":[{"href":"https:\/\/citrosars.nl\/fr\/wp-json\/wp\/v2\/media?parent=46597"}],"wp:term":[{"taxonomy":"product_brand","embeddable":true,"href":"https:\/\/citrosars.nl\/fr\/wp-json\/wp\/v2\/product_brand?post=46597"},{"taxonomy":"product_cat","embeddable":true,"href":"https:\/\/citrosars.nl\/fr\/wp-json\/wp\/v2\/product_cat?post=46597"},{"taxonomy":"product_tag","embeddable":true,"href":"https:\/\/citrosars.nl\/fr\/wp-json\/wp\/v2\/product_tag?post=46597"}],"curies":[{"name":"wp","href":"https:\/\/api.w.org\/{rel}","templated":true}]}}