{"id":26158,"date":"2021-01-29T15:27:15","date_gmt":"2021-01-29T14:27:15","guid":{"rendered":"https:\/\/citrosars.nl\/product\/couvertures-de-pare-soleil-sans-trou-de-miroir-2-morceaux\/"},"modified":"2024-06-24T18:31:45","modified_gmt":"2024-06-24T16:31:45","slug":"trou-de-visiere-de-soleil-couverture-sans-miroir","status":"publish","type":"product","link":"https:\/\/citrosars.nl\/fr\/produit\/trou-de-visiere-de-soleil-couverture-sans-miroir\/","title":{"rendered":"Couvertures de pare-soleil sans trou de miroir (2 morceaux)"},"content":{"rendered":"","protected":false},"excerpt":{"rendered":"<p>Note;<\/p>\n<p>Lors du remplacement de la visi\u00e8re solaire couvrez-vous ne pas enlever l\u2019ancienne tappiserie. Les nouvelles couvertures sont livr\u00e9es \u00e0 l\u2019int\u00e9rieur et doivent \u00e9galement \u00eatre roul\u00e9es sur les anciennes. Le couvercle doit \u00e9galement \u00eatre serr\u00e9 aussi \u00e9troitement que possible. En fin de compte, un c\u00f4t\u00e9 court avec un point aveugle doit \u00eatre cousu \u00e0 la main.<\/p>\n<p>Nous offrons \u00e9galement un service (d\u2019\u00e9change) o\u00f9 les anciennes couvertures peuvent \u00eatre envoy\u00e9es et de nouvelles sont livr\u00e9es. S\u2019il vous pla\u00eet contactez-nous pour cela.<\/p>\n","protected":false},"featured_media":63786,"template":"","meta":{"_kad_blocks_custom_css":"","_kad_blocks_head_custom_js":"","_kad_blocks_body_custom_js":"","_kad_blocks_footer_custom_js":"","_kadence_starter_templates_imported_post":false,"_kad_post_transparent":"","_kad_post_title":"","_kad_post_layout":"","_kad_post_sidebar_id":"","_kad_post_content_style":"","_kad_post_vertical_padding":"","_kad_post_feature":"","_kad_post_feature_position":"","_kad_post_header":false,"_kad_post_footer":false,"_kad_post_classname":""},"product_brand":[],"product_cat":[338,360],"product_tag":[],"class_list":{"0":"post-26158","1":"product","2":"type-product","3":"status-publish","4":"has-post-thumbnail","6":"product_cat-8-habillage-int-sieges-garnitures-accessoires-de-roues","7":"product_cat-sm-fr","9":"first","10":"instock","11":"taxable","12":"shipping-taxable","13":"purchasable","14":"product-type-simple","15":"entry","16":"content-bg","17":"loop-entry"},"yoast_head":"<!-- This site is optimized with the Yoast SEO plugin v27.3 - https:\/\/yoast.com\/product\/yoast-seo-wordpress\/ -->\n<title>Couvertures de pare-soleil sans trou de miroir (2 morceaux) - CitroSars<\/title>\n<meta name=\"robots\" content=\"index, follow, max-snippet:-1, max-image-preview:large, max-video-preview:-1\" \/>\n<link rel=\"canonical\" href=\"https:\/\/citrosars.nl\/fr\/produit\/trou-de-visiere-de-soleil-couverture-sans-miroir\/\" \/>\n<meta property=\"og:locale\" content=\"fr_FR\" \/>\n<meta property=\"og:type\" content=\"article\" \/>\n<meta property=\"og:title\" content=\"Couvertures de pare-soleil sans trou de miroir (2 morceaux) - CitroSars\" \/>\n<meta property=\"og:description\" content=\"Note; Lors du remplacement de la visi\u00e8re solaire couvrez-vous ne pas enlever l\u2019ancienne tappiserie. Les nouvelles couvertures sont livr\u00e9es \u00e0 l\u2019int\u00e9rieur et doivent \u00e9galement \u00eatre roul\u00e9es sur les anciennes. Le couvercle doit \u00e9galement \u00eatre serr\u00e9 aussi \u00e9troitement que possible. En fin de compte, un c\u00f4t\u00e9 court avec un point aveugle doit \u00eatre cousu \u00e0 la main. Nous offrons \u00e9galement un service (d\u2019\u00e9change) o\u00f9 les anciennes couvertures peuvent \u00eatre envoy\u00e9es et de nouvelles sont livr\u00e9es. S\u2019il vous pla\u00eet contactez-nous pour cela.\" \/>\n<meta property=\"og:url\" content=\"https:\/\/citrosars.nl\/fr\/produit\/trou-de-visiere-de-soleil-couverture-sans-miroir\/\" \/>\n<meta property=\"og:site_name\" content=\"CitroSars\" \/>\n<meta property=\"article:modified_time\" content=\"2024-06-24T16:31:45+00:00\" \/>\n<meta property=\"og:image\" content=\"https:\/\/citrosars.nl\/wp-content\/uploads\/2021\/01\/zonneklephoesjes-Citroen-SM-2S-5407-445B-scaled.jpg\" \/>\n\t<meta property=\"og:image:width\" content=\"2560\" \/>\n\t<meta property=\"og:image:height\" content=\"1920\" \/>\n\t<meta property=\"og:image:type\" content=\"image\/jpeg\" \/>\n<script type=\"application\/ld+json\" class=\"yoast-schema-graph\">{\"@context\":\"https:\\\/\\\/schema.org\",\"@graph\":[{\"@type\":\"WebPage\",\"@id\":\"https:\\\/\\\/citrosars.nl\\\/fr\\\/produit\\\/trou-de-visiere-de-soleil-couverture-sans-miroir\\\/\",\"url\":\"https:\\\/\\\/citrosars.nl\\\/fr\\\/produit\\\/trou-de-visiere-de-soleil-couverture-sans-miroir\\\/\",\"name\":\"Couvertures de pare-soleil sans trou de miroir (2 morceaux) - CitroSars\",\"isPartOf\":{\"@id\":\"https:\\\/\\\/citrosars.nl\\\/fr\\\/#website\"},\"primaryImageOfPage\":{\"@id\":\"https:\\\/\\\/citrosars.nl\\\/fr\\\/produit\\\/trou-de-visiere-de-soleil-couverture-sans-miroir\\\/#primaryimage\"},\"image\":{\"@id\":\"https:\\\/\\\/citrosars.nl\\\/fr\\\/produit\\\/trou-de-visiere-de-soleil-couverture-sans-miroir\\\/#primaryimage\"},\"thumbnailUrl\":\"https:\\\/\\\/citrosars.nl\\\/wp-content\\\/uploads\\\/2026\\\/03\\\/1-1031.jpg\",\"datePublished\":\"2021-01-29T14:27:15+00:00\",\"dateModified\":\"2024-06-24T16:31:45+00:00\",\"breadcrumb\":{\"@id\":\"https:\\\/\\\/citrosars.nl\\\/fr\\\/produit\\\/trou-de-visiere-de-soleil-couverture-sans-miroir\\\/#breadcrumb\"},\"inLanguage\":\"fr-FR\",\"potentialAction\":[{\"@type\":\"ReadAction\",\"target\":[\"https:\\\/\\\/citrosars.nl\\\/fr\\\/produit\\\/trou-de-visiere-de-soleil-couverture-sans-miroir\\\/\"]}]},{\"@type\":\"ImageObject\",\"inLanguage\":\"fr-FR\",\"@id\":\"https:\\\/\\\/citrosars.nl\\\/fr\\\/produit\\\/trou-de-visiere-de-soleil-couverture-sans-miroir\\\/#primaryimage\",\"url\":\"https:\\\/\\\/citrosars.nl\\\/wp-content\\\/uploads\\\/2026\\\/03\\\/1-1031.jpg\",\"contentUrl\":\"https:\\\/\\\/citrosars.nl\\\/wp-content\\\/uploads\\\/2026\\\/03\\\/1-1031.jpg\",\"width\":2560,\"height\":1920},{\"@type\":\"BreadcrumbList\",\"@id\":\"https:\\\/\\\/citrosars.nl\\\/fr\\\/produit\\\/trou-de-visiere-de-soleil-couverture-sans-miroir\\\/#breadcrumb\",\"itemListElement\":[{\"@type\":\"ListItem\",\"position\":1,\"name\":\"Home\",\"item\":\"https:\\\/\\\/citrosars.nl\\\/fr\\\/\"},{\"@type\":\"ListItem\",\"position\":2,\"name\":\"Webshop\",\"item\":\"https:\\\/\\\/citrosars.nl\\\/fr\\\/webshop\\\/\"},{\"@type\":\"ListItem\",\"position\":3,\"name\":\"Couvertures de pare-soleil sans trou de miroir (2 morceaux)\"}]},{\"@type\":\"WebSite\",\"@id\":\"https:\\\/\\\/citrosars.nl\\\/fr\\\/#website\",\"url\":\"https:\\\/\\\/citrosars.nl\\\/fr\\\/\",\"name\":\"CitroSars\",\"description\":\"CitroSars. DS, SM Restoraton, maintainance, Revision, Sales \\\/ Restauratie, onderhoud en verkoop\",\"publisher\":{\"@id\":\"https:\\\/\\\/citrosars.nl\\\/fr\\\/#organization\"},\"potentialAction\":[{\"@type\":\"SearchAction\",\"target\":{\"@type\":\"EntryPoint\",\"urlTemplate\":\"https:\\\/\\\/citrosars.nl\\\/fr\\\/?s={search_term_string}\"},\"query-input\":{\"@type\":\"PropertyValueSpecification\",\"valueRequired\":true,\"valueName\":\"search_term_string\"}}],\"inLanguage\":\"fr-FR\"},{\"@type\":\"Organization\",\"@id\":\"https:\\\/\\\/citrosars.nl\\\/fr\\\/#organization\",\"name\":\"CitroSars\",\"url\":\"https:\\\/\\\/citrosars.nl\\\/fr\\\/\",\"logo\":{\"@type\":\"ImageObject\",\"inLanguage\":\"fr-FR\",\"@id\":\"https:\\\/\\\/citrosars.nl\\\/fr\\\/#\\\/schema\\\/logo\\\/image\\\/\",\"url\":\"https:\\\/\\\/citrosars.nl\\\/wp-content\\\/uploads\\\/2021\\\/12\\\/citrosars-logo-02-e1638783648691.png\",\"contentUrl\":\"https:\\\/\\\/citrosars.nl\\\/wp-content\\\/uploads\\\/2021\\\/12\\\/citrosars-logo-02-e1638783648691.png\",\"width\":1366,\"height\":324,\"caption\":\"CitroSars\"},\"image\":{\"@id\":\"https:\\\/\\\/citrosars.nl\\\/fr\\\/#\\\/schema\\\/logo\\\/image\\\/\"}}]}<\/script>\n<!-- \/ Yoast SEO plugin. -->","yoast_head_json":{"title":"Couvertures de pare-soleil sans trou de miroir (2 morceaux) - CitroSars","robots":{"index":"index","follow":"follow","max-snippet":"max-snippet:-1","max-image-preview":"max-image-preview:large","max-video-preview":"max-video-preview:-1"},"canonical":"https:\/\/citrosars.nl\/fr\/produit\/trou-de-visiere-de-soleil-couverture-sans-miroir\/","og_locale":"fr_FR","og_type":"article","og_title":"Couvertures de pare-soleil sans trou de miroir (2 morceaux) - CitroSars","og_description":"Note; Lors du remplacement de la visi\u00e8re solaire couvrez-vous ne pas enlever l\u2019ancienne tappiserie. Les nouvelles couvertures sont livr\u00e9es \u00e0 l\u2019int\u00e9rieur et doivent \u00e9galement \u00eatre roul\u00e9es sur les anciennes. Le couvercle doit \u00e9galement \u00eatre serr\u00e9 aussi \u00e9troitement que possible. En fin de compte, un c\u00f4t\u00e9 court avec un point aveugle doit \u00eatre cousu \u00e0 la main. Nous offrons \u00e9galement un service (d\u2019\u00e9change) o\u00f9 les anciennes couvertures peuvent \u00eatre envoy\u00e9es et de nouvelles sont livr\u00e9es. S\u2019il vous pla\u00eet contactez-nous pour cela.","og_url":"https:\/\/citrosars.nl\/fr\/produit\/trou-de-visiere-de-soleil-couverture-sans-miroir\/","og_site_name":"CitroSars","article_modified_time":"2024-06-24T16:31:45+00:00","og_image":[{"width":2560,"height":1920,"url":"https:\/\/citrosars.nl\/wp-content\/uploads\/2021\/01\/zonneklephoesjes-Citroen-SM-2S-5407-445B-scaled.jpg","type":"image\/jpeg"}],"schema":{"@context":"https:\/\/schema.org","@graph":[{"@type":"WebPage","@id":"https:\/\/citrosars.nl\/fr\/produit\/trou-de-visiere-de-soleil-couverture-sans-miroir\/","url":"https:\/\/citrosars.nl\/fr\/produit\/trou-de-visiere-de-soleil-couverture-sans-miroir\/","name":"Couvertures de pare-soleil sans trou de miroir (2 morceaux) - CitroSars","isPartOf":{"@id":"https:\/\/citrosars.nl\/fr\/#website"},"primaryImageOfPage":{"@id":"https:\/\/citrosars.nl\/fr\/produit\/trou-de-visiere-de-soleil-couverture-sans-miroir\/#primaryimage"},"image":{"@id":"https:\/\/citrosars.nl\/fr\/produit\/trou-de-visiere-de-soleil-couverture-sans-miroir\/#primaryimage"},"thumbnailUrl":"https:\/\/citrosars.nl\/wp-content\/uploads\/2026\/03\/1-1031.jpg","datePublished":"2021-01-29T14:27:15+00:00","dateModified":"2024-06-24T16:31:45+00:00","breadcrumb":{"@id":"https:\/\/citrosars.nl\/fr\/produit\/trou-de-visiere-de-soleil-couverture-sans-miroir\/#breadcrumb"},"inLanguage":"fr-FR","potentialAction":[{"@type":"ReadAction","target":["https:\/\/citrosars.nl\/fr\/produit\/trou-de-visiere-de-soleil-couverture-sans-miroir\/"]}]},{"@type":"ImageObject","inLanguage":"fr-FR","@id":"https:\/\/citrosars.nl\/fr\/produit\/trou-de-visiere-de-soleil-couverture-sans-miroir\/#primaryimage","url":"https:\/\/citrosars.nl\/wp-content\/uploads\/2026\/03\/1-1031.jpg","contentUrl":"https:\/\/citrosars.nl\/wp-content\/uploads\/2026\/03\/1-1031.jpg","width":2560,"height":1920},{"@type":"BreadcrumbList","@id":"https:\/\/citrosars.nl\/fr\/produit\/trou-de-visiere-de-soleil-couverture-sans-miroir\/#breadcrumb","itemListElement":[{"@type":"ListItem","position":1,"name":"Home","item":"https:\/\/citrosars.nl\/fr\/"},{"@type":"ListItem","position":2,"name":"Webshop","item":"https:\/\/citrosars.nl\/fr\/webshop\/"},{"@type":"ListItem","position":3,"name":"Couvertures de pare-soleil sans trou de miroir (2 morceaux)"}]},{"@type":"WebSite","@id":"https:\/\/citrosars.nl\/fr\/#website","url":"https:\/\/citrosars.nl\/fr\/","name":"CitroSars","description":"CitroSars. DS, SM Restoraton, maintainance, Revision, Sales \/ Restauratie, onderhoud en verkoop","publisher":{"@id":"https:\/\/citrosars.nl\/fr\/#organization"},"potentialAction":[{"@type":"SearchAction","target":{"@type":"EntryPoint","urlTemplate":"https:\/\/citrosars.nl\/fr\/?s={search_term_string}"},"query-input":{"@type":"PropertyValueSpecification","valueRequired":true,"valueName":"search_term_string"}}],"inLanguage":"fr-FR"},{"@type":"Organization","@id":"https:\/\/citrosars.nl\/fr\/#organization","name":"CitroSars","url":"https:\/\/citrosars.nl\/fr\/","logo":{"@type":"ImageObject","inLanguage":"fr-FR","@id":"https:\/\/citrosars.nl\/fr\/#\/schema\/logo\/image\/","url":"https:\/\/citrosars.nl\/wp-content\/uploads\/2021\/12\/citrosars-logo-02-e1638783648691.png","contentUrl":"https:\/\/citrosars.nl\/wp-content\/uploads\/2021\/12\/citrosars-logo-02-e1638783648691.png","width":1366,"height":324,"caption":"CitroSars"},"image":{"@id":"https:\/\/citrosars.nl\/fr\/#\/schema\/logo\/image\/"}}]}},"taxonomy_info":{"product_cat":[{"value":338,"label":"8. Habillage int, si\u00e8ges, garnitures, accessoires de roues"},{"value":360,"label":"SM"}]},"featured_image_src_large":["https:\/\/citrosars.nl\/wp-content\/uploads\/2026\/03\/1-1031-1024x768.jpg",1024,768,true],"author_info":[],"comment_info":"","_links":{"self":[{"href":"https:\/\/citrosars.nl\/fr\/wp-json\/wp\/v2\/product\/26158","targetHints":{"allow":["GET"]}}],"collection":[{"href":"https:\/\/citrosars.nl\/fr\/wp-json\/wp\/v2\/product"}],"about":[{"href":"https:\/\/citrosars.nl\/fr\/wp-json\/wp\/v2\/types\/product"}],"wp:featuredmedia":[{"embeddable":true,"href":"https:\/\/citrosars.nl\/fr\/wp-json\/wp\/v2\/media\/63786"}],"wp:attachment":[{"href":"https:\/\/citrosars.nl\/fr\/wp-json\/wp\/v2\/media?parent=26158"}],"wp:term":[{"taxonomy":"product_brand","embeddable":true,"href":"https:\/\/citrosars.nl\/fr\/wp-json\/wp\/v2\/product_brand?post=26158"},{"taxonomy":"product_cat","embeddable":true,"href":"https:\/\/citrosars.nl\/fr\/wp-json\/wp\/v2\/product_cat?post=26158"},{"taxonomy":"product_tag","embeddable":true,"href":"https:\/\/citrosars.nl\/fr\/wp-json\/wp\/v2\/product_tag?post=26158"}],"curies":[{"name":"wp","href":"https:\/\/api.w.org\/{rel}","templated":true}]}}