{"id":19200,"date":"2015-06-17T17:49:19","date_gmt":"2015-06-17T15:49:19","guid":{"rendered":"https:\/\/citrosars.nl\/product\/veerbol-deelbaar-nieuwe-schokbreker-sm-voor-40\/"},"modified":"2022-08-01T19:22:08","modified_gmt":"2022-08-01T17:22:08","slug":"ressort-ampoule-divisible-new-shock-absorber-sm-for-40","status":"publish","type":"product","link":"https:\/\/citrosars.nl\/fr\/produit\/ressort-ampoule-divisible-new-shock-absorber-sm-for-40\/","title":{"rendered":"R\u00e9vision divisible \u00e0 billes \u00e0 ressort SM avec nouvel amortisseur pour 40"},"content":{"rendered":"<p>Lors de l&rsquo;achat de ce produit, nous demandons un d\u00e9p\u00f4t de \u20ac75,- ex. TVA. Celle-ci sera automatiquement ajout\u00e9e \u00e0 votre commande.<\/p>\n","protected":false},"excerpt":{"rendered":"<p>R\u00e9vision \u00e0 bille de ressort SM LHM pour \u00e9quip\u00e9 d\u2019un nouvel amortisseur, d\u2019un diaphragme et d\u2019un nouveau bouchon de remplissage<br \/>\nLors de l\u2019achat de cet article, vous devez retourner une boule de ressort (non endommag\u00e9e) \u00e9quip\u00e9e d\u2019un amortisseur fixe (cousu).<br \/>\nLorsque vous retournez une ampoule \u00e0 ressort endommag\u00e9e, ou une copie avec un amortisseur amovible, la caution calcul\u00e9e de 75 \u20ac, &#8211; ex. La TVA ne sera pas cr\u00e9dit\u00e9e.<\/p>\n","protected":false},"featured_media":57960,"template":"","meta":{"_kad_blocks_custom_css":"","_kad_blocks_head_custom_js":"","_kad_blocks_body_custom_js":"","_kad_blocks_footer_custom_js":"","_kadence_starter_templates_imported_post":false,"_kad_post_transparent":"default","_kad_post_title":"","_kad_post_layout":"default","_kad_post_sidebar_id":"","_kad_post_content_style":"default","_kad_post_vertical_padding":"default","_kad_post_feature":"","_kad_post_feature_position":"","_kad_post_header":false,"_kad_post_footer":false,"_kad_post_classname":""},"product_brand":[],"product_cat":[333,360],"product_tag":[],"class_list":{"0":"post-19200","1":"product","2":"type-product","3":"status-publish","4":"has-post-thumbnail","6":"product_cat-4-sm-freins-commandes-de-frein-et-debrayage-canalisations-transmissions","7":"product_cat-sm-fr","9":"first","10":"instock","11":"taxable","12":"shipping-taxable","13":"purchasable","14":"product-type-simple","15":"entry","16":"content-bg","17":"loop-entry"},"yoast_head":"<!-- This site is optimized with the Yoast SEO plugin v27.3 - https:\/\/yoast.com\/product\/yoast-seo-wordpress\/ -->\n<title>R\u00e9vision divisible \u00e0 billes \u00e0 ressort SM avec nouvel amortisseur pour 40 - CitroSars<\/title>\n<meta name=\"robots\" content=\"index, follow, max-snippet:-1, max-image-preview:large, max-video-preview:-1\" \/>\n<link rel=\"canonical\" href=\"https:\/\/citrosars.nl\/fr\/produit\/ressort-ampoule-divisible-new-shock-absorber-sm-for-40\/\" \/>\n<meta property=\"og:locale\" content=\"fr_FR\" \/>\n<meta property=\"og:type\" content=\"article\" \/>\n<meta property=\"og:title\" content=\"R\u00e9vision divisible \u00e0 billes \u00e0 ressort SM avec nouvel amortisseur pour 40 - CitroSars\" \/>\n<meta property=\"og:description\" content=\"R\u00e9vision \u00e0 bille de ressort SM LHM pour \u00e9quip\u00e9 d\u2019un nouvel amortisseur, d\u2019un diaphragme et d\u2019un nouveau bouchon de remplissage Lors de l\u2019achat de cet article, vous devez retourner une boule de ressort (non endommag\u00e9e) \u00e9quip\u00e9e d\u2019un amortisseur fixe (cousu). Lorsque vous retournez une ampoule \u00e0 ressort endommag\u00e9e, ou une copie avec un amortisseur amovible, la caution calcul\u00e9e de 75 \u20ac, - ex. La TVA ne sera pas cr\u00e9dit\u00e9e.\" \/>\n<meta property=\"og:url\" content=\"https:\/\/citrosars.nl\/fr\/produit\/ressort-ampoule-divisible-new-shock-absorber-sm-for-40\/\" \/>\n<meta property=\"og:site_name\" content=\"CitroSars\" \/>\n<meta property=\"article:modified_time\" content=\"2022-08-01T17:22:08+00:00\" \/>\n<meta property=\"og:image\" content=\"https:\/\/citrosars.nl\/wp-content\/uploads\/2015\/06\/IMG_0909-1024x683.jpg\" \/>\n\t<meta property=\"og:image:width\" content=\"1024\" \/>\n\t<meta property=\"og:image:height\" content=\"683\" \/>\n\t<meta property=\"og:image:type\" content=\"image\/jpeg\" \/>\n<script type=\"application\/ld+json\" class=\"yoast-schema-graph\">{\"@context\":\"https:\\\/\\\/schema.org\",\"@graph\":[{\"@type\":\"WebPage\",\"@id\":\"https:\\\/\\\/citrosars.nl\\\/fr\\\/produit\\\/ressort-ampoule-divisible-new-shock-absorber-sm-for-40\\\/\",\"url\":\"https:\\\/\\\/citrosars.nl\\\/fr\\\/produit\\\/ressort-ampoule-divisible-new-shock-absorber-sm-for-40\\\/\",\"name\":\"R\u00e9vision divisible \u00e0 billes \u00e0 ressort SM avec nouvel amortisseur pour 40 - CitroSars\",\"isPartOf\":{\"@id\":\"https:\\\/\\\/citrosars.nl\\\/fr\\\/#website\"},\"primaryImageOfPage\":{\"@id\":\"https:\\\/\\\/citrosars.nl\\\/fr\\\/produit\\\/ressort-ampoule-divisible-new-shock-absorber-sm-for-40\\\/#primaryimage\"},\"image\":{\"@id\":\"https:\\\/\\\/citrosars.nl\\\/fr\\\/produit\\\/ressort-ampoule-divisible-new-shock-absorber-sm-for-40\\\/#primaryimage\"},\"thumbnailUrl\":\"https:\\\/\\\/citrosars.nl\\\/wp-content\\\/uploads\\\/2026\\\/03\\\/1-537-scaled.jpg\",\"datePublished\":\"2015-06-17T15:49:19+00:00\",\"dateModified\":\"2022-08-01T17:22:08+00:00\",\"breadcrumb\":{\"@id\":\"https:\\\/\\\/citrosars.nl\\\/fr\\\/produit\\\/ressort-ampoule-divisible-new-shock-absorber-sm-for-40\\\/#breadcrumb\"},\"inLanguage\":\"fr-FR\",\"potentialAction\":[{\"@type\":\"ReadAction\",\"target\":[\"https:\\\/\\\/citrosars.nl\\\/fr\\\/produit\\\/ressort-ampoule-divisible-new-shock-absorber-sm-for-40\\\/\"]}]},{\"@type\":\"ImageObject\",\"inLanguage\":\"fr-FR\",\"@id\":\"https:\\\/\\\/citrosars.nl\\\/fr\\\/produit\\\/ressort-ampoule-divisible-new-shock-absorber-sm-for-40\\\/#primaryimage\",\"url\":\"https:\\\/\\\/citrosars.nl\\\/wp-content\\\/uploads\\\/2026\\\/03\\\/1-537-scaled.jpg\",\"contentUrl\":\"https:\\\/\\\/citrosars.nl\\\/wp-content\\\/uploads\\\/2026\\\/03\\\/1-537-scaled.jpg\",\"width\":2560,\"height\":1707},{\"@type\":\"BreadcrumbList\",\"@id\":\"https:\\\/\\\/citrosars.nl\\\/fr\\\/produit\\\/ressort-ampoule-divisible-new-shock-absorber-sm-for-40\\\/#breadcrumb\",\"itemListElement\":[{\"@type\":\"ListItem\",\"position\":1,\"name\":\"Home\",\"item\":\"https:\\\/\\\/citrosars.nl\\\/fr\\\/\"},{\"@type\":\"ListItem\",\"position\":2,\"name\":\"Webshop\",\"item\":\"https:\\\/\\\/citrosars.nl\\\/fr\\\/webshop\\\/\"},{\"@type\":\"ListItem\",\"position\":3,\"name\":\"R\u00e9vision divisible \u00e0 billes \u00e0 ressort SM avec nouvel amortisseur pour 40\"}]},{\"@type\":\"WebSite\",\"@id\":\"https:\\\/\\\/citrosars.nl\\\/fr\\\/#website\",\"url\":\"https:\\\/\\\/citrosars.nl\\\/fr\\\/\",\"name\":\"CitroSars\",\"description\":\"CitroSars. DS, SM Restoraton, maintainance, Revision, Sales \\\/ Restauratie, onderhoud en verkoop\",\"publisher\":{\"@id\":\"https:\\\/\\\/citrosars.nl\\\/fr\\\/#organization\"},\"potentialAction\":[{\"@type\":\"SearchAction\",\"target\":{\"@type\":\"EntryPoint\",\"urlTemplate\":\"https:\\\/\\\/citrosars.nl\\\/fr\\\/?s={search_term_string}\"},\"query-input\":{\"@type\":\"PropertyValueSpecification\",\"valueRequired\":true,\"valueName\":\"search_term_string\"}}],\"inLanguage\":\"fr-FR\"},{\"@type\":\"Organization\",\"@id\":\"https:\\\/\\\/citrosars.nl\\\/fr\\\/#organization\",\"name\":\"CitroSars\",\"url\":\"https:\\\/\\\/citrosars.nl\\\/fr\\\/\",\"logo\":{\"@type\":\"ImageObject\",\"inLanguage\":\"fr-FR\",\"@id\":\"https:\\\/\\\/citrosars.nl\\\/fr\\\/#\\\/schema\\\/logo\\\/image\\\/\",\"url\":\"https:\\\/\\\/citrosars.nl\\\/wp-content\\\/uploads\\\/2021\\\/12\\\/citrosars-logo-02-e1638783648691.png\",\"contentUrl\":\"https:\\\/\\\/citrosars.nl\\\/wp-content\\\/uploads\\\/2021\\\/12\\\/citrosars-logo-02-e1638783648691.png\",\"width\":1366,\"height\":324,\"caption\":\"CitroSars\"},\"image\":{\"@id\":\"https:\\\/\\\/citrosars.nl\\\/fr\\\/#\\\/schema\\\/logo\\\/image\\\/\"}}]}<\/script>\n<!-- \/ Yoast SEO plugin. -->","yoast_head_json":{"title":"R\u00e9vision divisible \u00e0 billes \u00e0 ressort SM avec nouvel amortisseur pour 40 - CitroSars","robots":{"index":"index","follow":"follow","max-snippet":"max-snippet:-1","max-image-preview":"max-image-preview:large","max-video-preview":"max-video-preview:-1"},"canonical":"https:\/\/citrosars.nl\/fr\/produit\/ressort-ampoule-divisible-new-shock-absorber-sm-for-40\/","og_locale":"fr_FR","og_type":"article","og_title":"R\u00e9vision divisible \u00e0 billes \u00e0 ressort SM avec nouvel amortisseur pour 40 - CitroSars","og_description":"R\u00e9vision \u00e0 bille de ressort SM LHM pour \u00e9quip\u00e9 d\u2019un nouvel amortisseur, d\u2019un diaphragme et d\u2019un nouveau bouchon de remplissage Lors de l\u2019achat de cet article, vous devez retourner une boule de ressort (non endommag\u00e9e) \u00e9quip\u00e9e d\u2019un amortisseur fixe (cousu). Lorsque vous retournez une ampoule \u00e0 ressort endommag\u00e9e, ou une copie avec un amortisseur amovible, la caution calcul\u00e9e de 75 \u20ac, - ex. La TVA ne sera pas cr\u00e9dit\u00e9e.","og_url":"https:\/\/citrosars.nl\/fr\/produit\/ressort-ampoule-divisible-new-shock-absorber-sm-for-40\/","og_site_name":"CitroSars","article_modified_time":"2022-08-01T17:22:08+00:00","og_image":[{"width":1024,"height":683,"url":"https:\/\/citrosars.nl\/wp-content\/uploads\/2015\/06\/IMG_0909-1024x683.jpg","type":"image\/jpeg"}],"schema":{"@context":"https:\/\/schema.org","@graph":[{"@type":"WebPage","@id":"https:\/\/citrosars.nl\/fr\/produit\/ressort-ampoule-divisible-new-shock-absorber-sm-for-40\/","url":"https:\/\/citrosars.nl\/fr\/produit\/ressort-ampoule-divisible-new-shock-absorber-sm-for-40\/","name":"R\u00e9vision divisible \u00e0 billes \u00e0 ressort SM avec nouvel amortisseur pour 40 - CitroSars","isPartOf":{"@id":"https:\/\/citrosars.nl\/fr\/#website"},"primaryImageOfPage":{"@id":"https:\/\/citrosars.nl\/fr\/produit\/ressort-ampoule-divisible-new-shock-absorber-sm-for-40\/#primaryimage"},"image":{"@id":"https:\/\/citrosars.nl\/fr\/produit\/ressort-ampoule-divisible-new-shock-absorber-sm-for-40\/#primaryimage"},"thumbnailUrl":"https:\/\/citrosars.nl\/wp-content\/uploads\/2026\/03\/1-537-scaled.jpg","datePublished":"2015-06-17T15:49:19+00:00","dateModified":"2022-08-01T17:22:08+00:00","breadcrumb":{"@id":"https:\/\/citrosars.nl\/fr\/produit\/ressort-ampoule-divisible-new-shock-absorber-sm-for-40\/#breadcrumb"},"inLanguage":"fr-FR","potentialAction":[{"@type":"ReadAction","target":["https:\/\/citrosars.nl\/fr\/produit\/ressort-ampoule-divisible-new-shock-absorber-sm-for-40\/"]}]},{"@type":"ImageObject","inLanguage":"fr-FR","@id":"https:\/\/citrosars.nl\/fr\/produit\/ressort-ampoule-divisible-new-shock-absorber-sm-for-40\/#primaryimage","url":"https:\/\/citrosars.nl\/wp-content\/uploads\/2026\/03\/1-537-scaled.jpg","contentUrl":"https:\/\/citrosars.nl\/wp-content\/uploads\/2026\/03\/1-537-scaled.jpg","width":2560,"height":1707},{"@type":"BreadcrumbList","@id":"https:\/\/citrosars.nl\/fr\/produit\/ressort-ampoule-divisible-new-shock-absorber-sm-for-40\/#breadcrumb","itemListElement":[{"@type":"ListItem","position":1,"name":"Home","item":"https:\/\/citrosars.nl\/fr\/"},{"@type":"ListItem","position":2,"name":"Webshop","item":"https:\/\/citrosars.nl\/fr\/webshop\/"},{"@type":"ListItem","position":3,"name":"R\u00e9vision divisible \u00e0 billes \u00e0 ressort SM avec nouvel amortisseur pour 40"}]},{"@type":"WebSite","@id":"https:\/\/citrosars.nl\/fr\/#website","url":"https:\/\/citrosars.nl\/fr\/","name":"CitroSars","description":"CitroSars. DS, SM Restoraton, maintainance, Revision, Sales \/ Restauratie, onderhoud en verkoop","publisher":{"@id":"https:\/\/citrosars.nl\/fr\/#organization"},"potentialAction":[{"@type":"SearchAction","target":{"@type":"EntryPoint","urlTemplate":"https:\/\/citrosars.nl\/fr\/?s={search_term_string}"},"query-input":{"@type":"PropertyValueSpecification","valueRequired":true,"valueName":"search_term_string"}}],"inLanguage":"fr-FR"},{"@type":"Organization","@id":"https:\/\/citrosars.nl\/fr\/#organization","name":"CitroSars","url":"https:\/\/citrosars.nl\/fr\/","logo":{"@type":"ImageObject","inLanguage":"fr-FR","@id":"https:\/\/citrosars.nl\/fr\/#\/schema\/logo\/image\/","url":"https:\/\/citrosars.nl\/wp-content\/uploads\/2021\/12\/citrosars-logo-02-e1638783648691.png","contentUrl":"https:\/\/citrosars.nl\/wp-content\/uploads\/2021\/12\/citrosars-logo-02-e1638783648691.png","width":1366,"height":324,"caption":"CitroSars"},"image":{"@id":"https:\/\/citrosars.nl\/fr\/#\/schema\/logo\/image\/"}}]}},"taxonomy_info":{"product_cat":[{"value":333,"label":"3. SM Essieux, suspension, direction, organes hydrauliques"},{"value":360,"label":"SM"}]},"featured_image_src_large":["https:\/\/citrosars.nl\/wp-content\/uploads\/2026\/03\/1-537-1024x683.jpg",1024,683,true],"author_info":[],"comment_info":"","_links":{"self":[{"href":"https:\/\/citrosars.nl\/fr\/wp-json\/wp\/v2\/product\/19200","targetHints":{"allow":["GET"]}}],"collection":[{"href":"https:\/\/citrosars.nl\/fr\/wp-json\/wp\/v2\/product"}],"about":[{"href":"https:\/\/citrosars.nl\/fr\/wp-json\/wp\/v2\/types\/product"}],"wp:featuredmedia":[{"embeddable":true,"href":"https:\/\/citrosars.nl\/fr\/wp-json\/wp\/v2\/media\/57960"}],"wp:attachment":[{"href":"https:\/\/citrosars.nl\/fr\/wp-json\/wp\/v2\/media?parent=19200"}],"wp:term":[{"taxonomy":"product_brand","embeddable":true,"href":"https:\/\/citrosars.nl\/fr\/wp-json\/wp\/v2\/product_brand?post=19200"},{"taxonomy":"product_cat","embeddable":true,"href":"https:\/\/citrosars.nl\/fr\/wp-json\/wp\/v2\/product_cat?post=19200"},{"taxonomy":"product_tag","embeddable":true,"href":"https:\/\/citrosars.nl\/fr\/wp-json\/wp\/v2\/product_tag?post=19200"}],"curies":[{"name":"wp","href":"https:\/\/api.w.org\/{rel}","templated":true}]}}