{"id":18962,"date":"2015-06-17T17:48:59","date_gmt":"2015-06-17T15:48:59","guid":{"rendered":"https:\/\/citrosars.nl\/product\/oliekoelerslangenset\/"},"modified":"2022-11-17T15:41:41","modified_gmt":"2022-11-17T14:41:41","slug":"jeu-de-tubes-radiateur-dhuile-sm","status":"publish","type":"product","link":"https:\/\/citrosars.nl\/fr\/produit\/jeu-de-tubes-radiateur-dhuile-sm\/","title":{"rendered":"Jeu de tubes radiateur d&rsquo;huile SM"},"content":{"rendered":"<p>Lors de l\u2019achat de ce produit, nous facturons un d\u00e9p\u00f4t de 100 \u20ac, &#8211; ex. TVA. Celle-ci sera automatiquement ajout\u00e9e \u00e0 votre commande.<\/p>\n<p>&nbsp;<\/p>\n<p>&nbsp;<\/p>\n","protected":false},"excerpt":{"rendered":"<p>Jeu de tubes radiateur d&rsquo;huile SM avec pivots d\u2019origine. S\u2019adapte au radiateur d\u2019huile d\u2019origine. S\u2019il vous pla\u00eet scier les anciens pivots des anciens tuyaux et nous les retourner sinon d\u00e9p\u00f4t de 100 \u20ac, &#8211;<br \/>\nLes tubes sont sp\u00e9ciaux pour les syst\u00e8mes de radiateur d\u2019huile. R\u00e9sistant \u00e0 la basse pression et aux hautes temp\u00e9ratures. 130 gr. C.<\/p>\n","protected":false},"featured_media":51619,"template":"","meta":{"_kad_blocks_custom_css":"","_kad_blocks_head_custom_js":"","_kad_blocks_body_custom_js":"","_kad_blocks_footer_custom_js":"","_kadence_starter_templates_imported_post":false,"_kad_post_transparent":"default","_kad_post_title":"","_kad_post_layout":"default","_kad_post_sidebar_id":"","_kad_post_content_style":"default","_kad_post_vertical_padding":"default","_kad_post_feature":"","_kad_post_feature_position":"","_kad_post_header":false,"_kad_post_footer":false,"_kad_post_classname":""},"product_brand":[],"product_cat":[331,360],"product_tag":[],"class_list":{"0":"post-18962","1":"product","2":"type-product","3":"status-publish","4":"has-post-thumbnail","6":"product_cat-1-sm-moteur-boite-de-vitesses-commande-de-boite","7":"product_cat-sm-fr","9":"first","10":"instock","11":"taxable","12":"shipping-taxable","13":"purchasable","14":"product-type-simple","15":"entry","16":"content-bg","17":"loop-entry"},"yoast_head":"<!-- This site is optimized with the Yoast SEO plugin v27.3 - https:\/\/yoast.com\/product\/yoast-seo-wordpress\/ -->\n<title>Jeu de tubes radiateur d&#039;huile SM - CitroSars<\/title>\n<meta name=\"robots\" content=\"index, follow, max-snippet:-1, max-image-preview:large, max-video-preview:-1\" \/>\n<link rel=\"canonical\" href=\"https:\/\/citrosars.nl\/fr\/produit\/jeu-de-tubes-radiateur-dhuile-sm\/\" \/>\n<meta property=\"og:locale\" content=\"fr_FR\" \/>\n<meta property=\"og:type\" content=\"article\" \/>\n<meta property=\"og:title\" content=\"Jeu de tubes radiateur d&#039;huile SM - CitroSars\" \/>\n<meta property=\"og:description\" content=\"Jeu de tubes radiateur d&#039;huile SM avec pivots d\u2019origine. S\u2019adapte au radiateur d\u2019huile d\u2019origine. S\u2019il vous pla\u00eet scier les anciens pivots des anciens tuyaux et nous les retourner sinon d\u00e9p\u00f4t de 100 \u20ac, - Les tubes sont sp\u00e9ciaux pour les syst\u00e8mes de radiateur d\u2019huile. R\u00e9sistant \u00e0 la basse pression et aux hautes temp\u00e9ratures. 130 gr. C.\" \/>\n<meta property=\"og:url\" content=\"https:\/\/citrosars.nl\/fr\/produit\/jeu-de-tubes-radiateur-dhuile-sm\/\" \/>\n<meta property=\"og:site_name\" content=\"CitroSars\" \/>\n<meta property=\"article:modified_time\" content=\"2022-11-17T14:41:41+00:00\" \/>\n<meta property=\"og:image\" content=\"https:\/\/citrosars.nl\/wp-content\/uploads\/2015\/06\/IMG_1094-1024x683.jpg\" \/>\n\t<meta property=\"og:image:width\" content=\"1024\" \/>\n\t<meta property=\"og:image:height\" content=\"683\" \/>\n\t<meta property=\"og:image:type\" content=\"image\/jpeg\" \/>\n<meta name=\"twitter:label1\" content=\"Dur\u00e9e de lecture estim\u00e9e\" \/>\n\t<meta name=\"twitter:data1\" content=\"1 minute\" \/>\n<script type=\"application\/ld+json\" class=\"yoast-schema-graph\">{\"@context\":\"https:\\\/\\\/schema.org\",\"@graph\":[{\"@type\":\"WebPage\",\"@id\":\"https:\\\/\\\/citrosars.nl\\\/fr\\\/produit\\\/jeu-de-tubes-radiateur-dhuile-sm\\\/\",\"url\":\"https:\\\/\\\/citrosars.nl\\\/fr\\\/produit\\\/jeu-de-tubes-radiateur-dhuile-sm\\\/\",\"name\":\"Jeu de tubes radiateur d'huile SM - CitroSars\",\"isPartOf\":{\"@id\":\"https:\\\/\\\/citrosars.nl\\\/fr\\\/#website\"},\"primaryImageOfPage\":{\"@id\":\"https:\\\/\\\/citrosars.nl\\\/fr\\\/produit\\\/jeu-de-tubes-radiateur-dhuile-sm\\\/#primaryimage\"},\"image\":{\"@id\":\"https:\\\/\\\/citrosars.nl\\\/fr\\\/produit\\\/jeu-de-tubes-radiateur-dhuile-sm\\\/#primaryimage\"},\"thumbnailUrl\":\"https:\\\/\\\/citrosars.nl\\\/wp-content\\\/uploads\\\/2026\\\/03\\\/1-15-scaled.jpg\",\"datePublished\":\"2015-06-17T15:48:59+00:00\",\"dateModified\":\"2022-11-17T14:41:41+00:00\",\"breadcrumb\":{\"@id\":\"https:\\\/\\\/citrosars.nl\\\/fr\\\/produit\\\/jeu-de-tubes-radiateur-dhuile-sm\\\/#breadcrumb\"},\"inLanguage\":\"fr-FR\",\"potentialAction\":[{\"@type\":\"ReadAction\",\"target\":[\"https:\\\/\\\/citrosars.nl\\\/fr\\\/produit\\\/jeu-de-tubes-radiateur-dhuile-sm\\\/\"]}]},{\"@type\":\"ImageObject\",\"inLanguage\":\"fr-FR\",\"@id\":\"https:\\\/\\\/citrosars.nl\\\/fr\\\/produit\\\/jeu-de-tubes-radiateur-dhuile-sm\\\/#primaryimage\",\"url\":\"https:\\\/\\\/citrosars.nl\\\/wp-content\\\/uploads\\\/2026\\\/03\\\/1-15-scaled.jpg\",\"contentUrl\":\"https:\\\/\\\/citrosars.nl\\\/wp-content\\\/uploads\\\/2026\\\/03\\\/1-15-scaled.jpg\",\"width\":2560,\"height\":1707},{\"@type\":\"BreadcrumbList\",\"@id\":\"https:\\\/\\\/citrosars.nl\\\/fr\\\/produit\\\/jeu-de-tubes-radiateur-dhuile-sm\\\/#breadcrumb\",\"itemListElement\":[{\"@type\":\"ListItem\",\"position\":1,\"name\":\"Home\",\"item\":\"https:\\\/\\\/citrosars.nl\\\/fr\\\/\"},{\"@type\":\"ListItem\",\"position\":2,\"name\":\"Webshop\",\"item\":\"https:\\\/\\\/citrosars.nl\\\/fr\\\/webshop\\\/\"},{\"@type\":\"ListItem\",\"position\":3,\"name\":\"Jeu de tubes radiateur d&#8217;huile SM\"}]},{\"@type\":\"WebSite\",\"@id\":\"https:\\\/\\\/citrosars.nl\\\/fr\\\/#website\",\"url\":\"https:\\\/\\\/citrosars.nl\\\/fr\\\/\",\"name\":\"CitroSars\",\"description\":\"CitroSars. DS, SM Restoraton, maintainance, Revision, Sales \\\/ Restauratie, onderhoud en verkoop\",\"publisher\":{\"@id\":\"https:\\\/\\\/citrosars.nl\\\/fr\\\/#organization\"},\"potentialAction\":[{\"@type\":\"SearchAction\",\"target\":{\"@type\":\"EntryPoint\",\"urlTemplate\":\"https:\\\/\\\/citrosars.nl\\\/fr\\\/?s={search_term_string}\"},\"query-input\":{\"@type\":\"PropertyValueSpecification\",\"valueRequired\":true,\"valueName\":\"search_term_string\"}}],\"inLanguage\":\"fr-FR\"},{\"@type\":\"Organization\",\"@id\":\"https:\\\/\\\/citrosars.nl\\\/fr\\\/#organization\",\"name\":\"CitroSars\",\"url\":\"https:\\\/\\\/citrosars.nl\\\/fr\\\/\",\"logo\":{\"@type\":\"ImageObject\",\"inLanguage\":\"fr-FR\",\"@id\":\"https:\\\/\\\/citrosars.nl\\\/fr\\\/#\\\/schema\\\/logo\\\/image\\\/\",\"url\":\"https:\\\/\\\/citrosars.nl\\\/wp-content\\\/uploads\\\/2021\\\/12\\\/citrosars-logo-02-e1638783648691.png\",\"contentUrl\":\"https:\\\/\\\/citrosars.nl\\\/wp-content\\\/uploads\\\/2021\\\/12\\\/citrosars-logo-02-e1638783648691.png\",\"width\":1366,\"height\":324,\"caption\":\"CitroSars\"},\"image\":{\"@id\":\"https:\\\/\\\/citrosars.nl\\\/fr\\\/#\\\/schema\\\/logo\\\/image\\\/\"}}]}<\/script>\n<!-- \/ Yoast SEO plugin. -->","yoast_head_json":{"title":"Jeu de tubes radiateur d'huile SM - CitroSars","robots":{"index":"index","follow":"follow","max-snippet":"max-snippet:-1","max-image-preview":"max-image-preview:large","max-video-preview":"max-video-preview:-1"},"canonical":"https:\/\/citrosars.nl\/fr\/produit\/jeu-de-tubes-radiateur-dhuile-sm\/","og_locale":"fr_FR","og_type":"article","og_title":"Jeu de tubes radiateur d'huile SM - CitroSars","og_description":"Jeu de tubes radiateur d'huile SM avec pivots d\u2019origine. S\u2019adapte au radiateur d\u2019huile d\u2019origine. S\u2019il vous pla\u00eet scier les anciens pivots des anciens tuyaux et nous les retourner sinon d\u00e9p\u00f4t de 100 \u20ac, - Les tubes sont sp\u00e9ciaux pour les syst\u00e8mes de radiateur d\u2019huile. R\u00e9sistant \u00e0 la basse pression et aux hautes temp\u00e9ratures. 130 gr. C.","og_url":"https:\/\/citrosars.nl\/fr\/produit\/jeu-de-tubes-radiateur-dhuile-sm\/","og_site_name":"CitroSars","article_modified_time":"2022-11-17T14:41:41+00:00","og_image":[{"width":1024,"height":683,"url":"https:\/\/citrosars.nl\/wp-content\/uploads\/2015\/06\/IMG_1094-1024x683.jpg","type":"image\/jpeg"}],"twitter_misc":{"Dur\u00e9e de lecture estim\u00e9e":"1 minute"},"schema":{"@context":"https:\/\/schema.org","@graph":[{"@type":"WebPage","@id":"https:\/\/citrosars.nl\/fr\/produit\/jeu-de-tubes-radiateur-dhuile-sm\/","url":"https:\/\/citrosars.nl\/fr\/produit\/jeu-de-tubes-radiateur-dhuile-sm\/","name":"Jeu de tubes radiateur d'huile SM - CitroSars","isPartOf":{"@id":"https:\/\/citrosars.nl\/fr\/#website"},"primaryImageOfPage":{"@id":"https:\/\/citrosars.nl\/fr\/produit\/jeu-de-tubes-radiateur-dhuile-sm\/#primaryimage"},"image":{"@id":"https:\/\/citrosars.nl\/fr\/produit\/jeu-de-tubes-radiateur-dhuile-sm\/#primaryimage"},"thumbnailUrl":"https:\/\/citrosars.nl\/wp-content\/uploads\/2026\/03\/1-15-scaled.jpg","datePublished":"2015-06-17T15:48:59+00:00","dateModified":"2022-11-17T14:41:41+00:00","breadcrumb":{"@id":"https:\/\/citrosars.nl\/fr\/produit\/jeu-de-tubes-radiateur-dhuile-sm\/#breadcrumb"},"inLanguage":"fr-FR","potentialAction":[{"@type":"ReadAction","target":["https:\/\/citrosars.nl\/fr\/produit\/jeu-de-tubes-radiateur-dhuile-sm\/"]}]},{"@type":"ImageObject","inLanguage":"fr-FR","@id":"https:\/\/citrosars.nl\/fr\/produit\/jeu-de-tubes-radiateur-dhuile-sm\/#primaryimage","url":"https:\/\/citrosars.nl\/wp-content\/uploads\/2026\/03\/1-15-scaled.jpg","contentUrl":"https:\/\/citrosars.nl\/wp-content\/uploads\/2026\/03\/1-15-scaled.jpg","width":2560,"height":1707},{"@type":"BreadcrumbList","@id":"https:\/\/citrosars.nl\/fr\/produit\/jeu-de-tubes-radiateur-dhuile-sm\/#breadcrumb","itemListElement":[{"@type":"ListItem","position":1,"name":"Home","item":"https:\/\/citrosars.nl\/fr\/"},{"@type":"ListItem","position":2,"name":"Webshop","item":"https:\/\/citrosars.nl\/fr\/webshop\/"},{"@type":"ListItem","position":3,"name":"Jeu de tubes radiateur d&#8217;huile SM"}]},{"@type":"WebSite","@id":"https:\/\/citrosars.nl\/fr\/#website","url":"https:\/\/citrosars.nl\/fr\/","name":"CitroSars","description":"CitroSars. DS, SM Restoraton, maintainance, Revision, Sales \/ Restauratie, onderhoud en verkoop","publisher":{"@id":"https:\/\/citrosars.nl\/fr\/#organization"},"potentialAction":[{"@type":"SearchAction","target":{"@type":"EntryPoint","urlTemplate":"https:\/\/citrosars.nl\/fr\/?s={search_term_string}"},"query-input":{"@type":"PropertyValueSpecification","valueRequired":true,"valueName":"search_term_string"}}],"inLanguage":"fr-FR"},{"@type":"Organization","@id":"https:\/\/citrosars.nl\/fr\/#organization","name":"CitroSars","url":"https:\/\/citrosars.nl\/fr\/","logo":{"@type":"ImageObject","inLanguage":"fr-FR","@id":"https:\/\/citrosars.nl\/fr\/#\/schema\/logo\/image\/","url":"https:\/\/citrosars.nl\/wp-content\/uploads\/2021\/12\/citrosars-logo-02-e1638783648691.png","contentUrl":"https:\/\/citrosars.nl\/wp-content\/uploads\/2021\/12\/citrosars-logo-02-e1638783648691.png","width":1366,"height":324,"caption":"CitroSars"},"image":{"@id":"https:\/\/citrosars.nl\/fr\/#\/schema\/logo\/image\/"}}]}},"taxonomy_info":{"product_cat":[{"value":331,"label":"1.SM Moteur, bo\u00eete de vitesses, commande de boite"},{"value":360,"label":"SM"}]},"featured_image_src_large":["https:\/\/citrosars.nl\/wp-content\/uploads\/2026\/03\/1-15-1024x683.jpg",1024,683,true],"author_info":[],"comment_info":"","_links":{"self":[{"href":"https:\/\/citrosars.nl\/fr\/wp-json\/wp\/v2\/product\/18962","targetHints":{"allow":["GET"]}}],"collection":[{"href":"https:\/\/citrosars.nl\/fr\/wp-json\/wp\/v2\/product"}],"about":[{"href":"https:\/\/citrosars.nl\/fr\/wp-json\/wp\/v2\/types\/product"}],"wp:featuredmedia":[{"embeddable":true,"href":"https:\/\/citrosars.nl\/fr\/wp-json\/wp\/v2\/media\/51619"}],"wp:attachment":[{"href":"https:\/\/citrosars.nl\/fr\/wp-json\/wp\/v2\/media?parent=18962"}],"wp:term":[{"taxonomy":"product_brand","embeddable":true,"href":"https:\/\/citrosars.nl\/fr\/wp-json\/wp\/v2\/product_brand?post=18962"},{"taxonomy":"product_cat","embeddable":true,"href":"https:\/\/citrosars.nl\/fr\/wp-json\/wp\/v2\/product_cat?post=18962"},{"taxonomy":"product_tag","embeddable":true,"href":"https:\/\/citrosars.nl\/fr\/wp-json\/wp\/v2\/product_tag?post=18962"}],"curies":[{"name":"wp","href":"https:\/\/api.w.org\/{rel}","templated":true}]}}