{"id":18665,"date":"2016-03-02T17:09:50","date_gmt":"2016-03-02T16:09:50","guid":{"rendered":"https:\/\/citrosars.nl\/product\/kofferruimte-bekleding-tot-09-71-17-delig\/"},"modified":"2022-07-25T16:13:34","modified_gmt":"2022-07-25T14:13:34","slug":"boot-upholstery-up-to-09-71-17-part","status":"publish","type":"product","link":"https:\/\/citrosars.nl\/fr\/produit\/boot-upholstery-up-to-09-71-17-part\/","title":{"rendered":"Rembourrage de l\u2019espace coffre (tous les mod\u00e8les)"},"content":{"rendered":"","protected":false},"excerpt":{"rendered":"<p>Cet ensemble de rembourrage de d\u00e9marrage est utilisable pour tous les mod\u00e8les. Mod\u00e8les de l\u2019UE jusqu\u2019\u00e0 7\/72 et \u00e0 partir de 7\/72, mod\u00e8les am\u00e9ricains.<\/p>\n<p>Le couvercle de roue de secours n\u2019est pas inclus, mais doit \u00eatre command\u00e9 s\u00e9par\u00e9ment.<\/p>\n<p>Tous les num\u00e9ros de pi\u00e8ce : 5409 608 \/ 5415 223 \/ 5409 604 \/ 5400 384 \/ 5415 225 \/ 5409 595 \/ 5409 596 \/ 5415 218 \/ 5409 599 \/ 5409 623 \/ 5409 624 \/ 5409 611 \/ 5415 220 \/ 5409 609<\/p>\n","protected":false},"featured_media":58520,"template":"","meta":{"_kad_blocks_custom_css":"","_kad_blocks_head_custom_js":"","_kad_blocks_body_custom_js":"","_kad_blocks_footer_custom_js":"","_kadence_starter_templates_imported_post":false,"_kad_post_transparent":"","_kad_post_title":"","_kad_post_layout":"","_kad_post_sidebar_id":"","_kad_post_content_style":"","_kad_post_vertical_padding":"","_kad_post_feature":"","_kad_post_feature_position":"","_kad_post_header":false,"_kad_post_footer":false,"_kad_post_classname":""},"product_brand":[],"product_cat":[338,360],"product_tag":[],"class_list":{"0":"post-18665","1":"product","2":"type-product","3":"status-publish","4":"has-post-thumbnail","6":"product_cat-8-habillage-int-sieges-garnitures-accessoires-de-roues","7":"product_cat-sm-fr","9":"first","10":"instock","11":"taxable","12":"shipping-taxable","13":"purchasable","14":"product-type-simple","15":"entry","16":"content-bg","17":"loop-entry"},"yoast_head":"<!-- This site is optimized with the Yoast SEO plugin v27.3 - https:\/\/yoast.com\/product\/yoast-seo-wordpress\/ -->\n<title>Rembourrage de l\u2019espace coffre (tous les mod\u00e8les) - CitroSars<\/title>\n<meta name=\"robots\" content=\"index, follow, max-snippet:-1, max-image-preview:large, max-video-preview:-1\" \/>\n<link rel=\"canonical\" href=\"https:\/\/citrosars.nl\/fr\/produit\/boot-upholstery-up-to-09-71-17-part\/\" \/>\n<meta property=\"og:locale\" content=\"fr_FR\" \/>\n<meta property=\"og:type\" content=\"article\" \/>\n<meta property=\"og:title\" content=\"Rembourrage de l\u2019espace coffre (tous les mod\u00e8les) - CitroSars\" \/>\n<meta property=\"og:description\" content=\"Cet ensemble de rembourrage de d\u00e9marrage est utilisable pour tous les mod\u00e8les. Mod\u00e8les de l\u2019UE jusqu\u2019\u00e0 7\/72 et \u00e0 partir de 7\/72, mod\u00e8les am\u00e9ricains. Le couvercle de roue de secours n\u2019est pas inclus, mais doit \u00eatre command\u00e9 s\u00e9par\u00e9ment. Tous les num\u00e9ros de pi\u00e8ce : 5409 608 \/ 5415 223 \/ 5409 604 \/ 5400 384 \/ 5415 225 \/ 5409 595 \/ 5409 596 \/ 5415 218 \/ 5409 599 \/ 5409 623 \/ 5409 624 \/ 5409 611 \/ 5415 220 \/ 5409 609\" \/>\n<meta property=\"og:url\" content=\"https:\/\/citrosars.nl\/fr\/produit\/boot-upholstery-up-to-09-71-17-part\/\" \/>\n<meta property=\"og:site_name\" content=\"CitroSars\" \/>\n<meta property=\"article:modified_time\" content=\"2022-07-25T14:13:34+00:00\" \/>\n<meta property=\"og:image\" content=\"https:\/\/citrosars.nl\/wp-content\/uploads\/2016\/03\/Kofferruimte-bekleding-Citro\u00ebn-SM-scaled.jpg\" \/>\n\t<meta property=\"og:image:width\" content=\"2560\" \/>\n\t<meta property=\"og:image:height\" content=\"1920\" \/>\n\t<meta property=\"og:image:type\" content=\"image\/jpeg\" \/>\n<script type=\"application\/ld+json\" class=\"yoast-schema-graph\">{\"@context\":\"https:\\\/\\\/schema.org\",\"@graph\":[{\"@type\":\"WebPage\",\"@id\":\"https:\\\/\\\/citrosars.nl\\\/fr\\\/produit\\\/boot-upholstery-up-to-09-71-17-part\\\/\",\"url\":\"https:\\\/\\\/citrosars.nl\\\/fr\\\/produit\\\/boot-upholstery-up-to-09-71-17-part\\\/\",\"name\":\"Rembourrage de l\u2019espace coffre (tous les mod\u00e8les) - CitroSars\",\"isPartOf\":{\"@id\":\"https:\\\/\\\/citrosars.nl\\\/fr\\\/#website\"},\"primaryImageOfPage\":{\"@id\":\"https:\\\/\\\/citrosars.nl\\\/fr\\\/produit\\\/boot-upholstery-up-to-09-71-17-part\\\/#primaryimage\"},\"image\":{\"@id\":\"https:\\\/\\\/citrosars.nl\\\/fr\\\/produit\\\/boot-upholstery-up-to-09-71-17-part\\\/#primaryimage\"},\"thumbnailUrl\":\"https:\\\/\\\/citrosars.nl\\\/wp-content\\\/uploads\\\/2026\\\/03\\\/1-580.jpg\",\"datePublished\":\"2016-03-02T16:09:50+00:00\",\"dateModified\":\"2022-07-25T14:13:34+00:00\",\"breadcrumb\":{\"@id\":\"https:\\\/\\\/citrosars.nl\\\/fr\\\/produit\\\/boot-upholstery-up-to-09-71-17-part\\\/#breadcrumb\"},\"inLanguage\":\"fr-FR\",\"potentialAction\":[{\"@type\":\"ReadAction\",\"target\":[\"https:\\\/\\\/citrosars.nl\\\/fr\\\/produit\\\/boot-upholstery-up-to-09-71-17-part\\\/\"]}]},{\"@type\":\"ImageObject\",\"inLanguage\":\"fr-FR\",\"@id\":\"https:\\\/\\\/citrosars.nl\\\/fr\\\/produit\\\/boot-upholstery-up-to-09-71-17-part\\\/#primaryimage\",\"url\":\"https:\\\/\\\/citrosars.nl\\\/wp-content\\\/uploads\\\/2026\\\/03\\\/1-580.jpg\",\"contentUrl\":\"https:\\\/\\\/citrosars.nl\\\/wp-content\\\/uploads\\\/2026\\\/03\\\/1-580.jpg\",\"width\":2560,\"height\":1920},{\"@type\":\"BreadcrumbList\",\"@id\":\"https:\\\/\\\/citrosars.nl\\\/fr\\\/produit\\\/boot-upholstery-up-to-09-71-17-part\\\/#breadcrumb\",\"itemListElement\":[{\"@type\":\"ListItem\",\"position\":1,\"name\":\"Home\",\"item\":\"https:\\\/\\\/citrosars.nl\\\/fr\\\/\"},{\"@type\":\"ListItem\",\"position\":2,\"name\":\"Webshop\",\"item\":\"https:\\\/\\\/citrosars.nl\\\/fr\\\/webshop\\\/\"},{\"@type\":\"ListItem\",\"position\":3,\"name\":\"Rembourrage de l\u2019espace coffre (tous les mod\u00e8les)\"}]},{\"@type\":\"WebSite\",\"@id\":\"https:\\\/\\\/citrosars.nl\\\/fr\\\/#website\",\"url\":\"https:\\\/\\\/citrosars.nl\\\/fr\\\/\",\"name\":\"CitroSars\",\"description\":\"CitroSars. DS, SM Restoraton, maintainance, Revision, Sales \\\/ Restauratie, onderhoud en verkoop\",\"publisher\":{\"@id\":\"https:\\\/\\\/citrosars.nl\\\/fr\\\/#organization\"},\"potentialAction\":[{\"@type\":\"SearchAction\",\"target\":{\"@type\":\"EntryPoint\",\"urlTemplate\":\"https:\\\/\\\/citrosars.nl\\\/fr\\\/?s={search_term_string}\"},\"query-input\":{\"@type\":\"PropertyValueSpecification\",\"valueRequired\":true,\"valueName\":\"search_term_string\"}}],\"inLanguage\":\"fr-FR\"},{\"@type\":\"Organization\",\"@id\":\"https:\\\/\\\/citrosars.nl\\\/fr\\\/#organization\",\"name\":\"CitroSars\",\"url\":\"https:\\\/\\\/citrosars.nl\\\/fr\\\/\",\"logo\":{\"@type\":\"ImageObject\",\"inLanguage\":\"fr-FR\",\"@id\":\"https:\\\/\\\/citrosars.nl\\\/fr\\\/#\\\/schema\\\/logo\\\/image\\\/\",\"url\":\"https:\\\/\\\/citrosars.nl\\\/wp-content\\\/uploads\\\/2021\\\/12\\\/citrosars-logo-02-e1638783648691.png\",\"contentUrl\":\"https:\\\/\\\/citrosars.nl\\\/wp-content\\\/uploads\\\/2021\\\/12\\\/citrosars-logo-02-e1638783648691.png\",\"width\":1366,\"height\":324,\"caption\":\"CitroSars\"},\"image\":{\"@id\":\"https:\\\/\\\/citrosars.nl\\\/fr\\\/#\\\/schema\\\/logo\\\/image\\\/\"}}]}<\/script>\n<!-- \/ Yoast SEO plugin. -->","yoast_head_json":{"title":"Rembourrage de l\u2019espace coffre (tous les mod\u00e8les) - CitroSars","robots":{"index":"index","follow":"follow","max-snippet":"max-snippet:-1","max-image-preview":"max-image-preview:large","max-video-preview":"max-video-preview:-1"},"canonical":"https:\/\/citrosars.nl\/fr\/produit\/boot-upholstery-up-to-09-71-17-part\/","og_locale":"fr_FR","og_type":"article","og_title":"Rembourrage de l\u2019espace coffre (tous les mod\u00e8les) - CitroSars","og_description":"Cet ensemble de rembourrage de d\u00e9marrage est utilisable pour tous les mod\u00e8les. Mod\u00e8les de l\u2019UE jusqu\u2019\u00e0 7\/72 et \u00e0 partir de 7\/72, mod\u00e8les am\u00e9ricains. Le couvercle de roue de secours n\u2019est pas inclus, mais doit \u00eatre command\u00e9 s\u00e9par\u00e9ment. Tous les num\u00e9ros de pi\u00e8ce : 5409 608 \/ 5415 223 \/ 5409 604 \/ 5400 384 \/ 5415 225 \/ 5409 595 \/ 5409 596 \/ 5415 218 \/ 5409 599 \/ 5409 623 \/ 5409 624 \/ 5409 611 \/ 5415 220 \/ 5409 609","og_url":"https:\/\/citrosars.nl\/fr\/produit\/boot-upholstery-up-to-09-71-17-part\/","og_site_name":"CitroSars","article_modified_time":"2022-07-25T14:13:34+00:00","og_image":[{"width":2560,"height":1920,"url":"https:\/\/citrosars.nl\/wp-content\/uploads\/2016\/03\/Kofferruimte-bekleding-Citro\u00ebn-SM-scaled.jpg","type":"image\/jpeg"}],"schema":{"@context":"https:\/\/schema.org","@graph":[{"@type":"WebPage","@id":"https:\/\/citrosars.nl\/fr\/produit\/boot-upholstery-up-to-09-71-17-part\/","url":"https:\/\/citrosars.nl\/fr\/produit\/boot-upholstery-up-to-09-71-17-part\/","name":"Rembourrage de l\u2019espace coffre (tous les mod\u00e8les) - CitroSars","isPartOf":{"@id":"https:\/\/citrosars.nl\/fr\/#website"},"primaryImageOfPage":{"@id":"https:\/\/citrosars.nl\/fr\/produit\/boot-upholstery-up-to-09-71-17-part\/#primaryimage"},"image":{"@id":"https:\/\/citrosars.nl\/fr\/produit\/boot-upholstery-up-to-09-71-17-part\/#primaryimage"},"thumbnailUrl":"https:\/\/citrosars.nl\/wp-content\/uploads\/2026\/03\/1-580.jpg","datePublished":"2016-03-02T16:09:50+00:00","dateModified":"2022-07-25T14:13:34+00:00","breadcrumb":{"@id":"https:\/\/citrosars.nl\/fr\/produit\/boot-upholstery-up-to-09-71-17-part\/#breadcrumb"},"inLanguage":"fr-FR","potentialAction":[{"@type":"ReadAction","target":["https:\/\/citrosars.nl\/fr\/produit\/boot-upholstery-up-to-09-71-17-part\/"]}]},{"@type":"ImageObject","inLanguage":"fr-FR","@id":"https:\/\/citrosars.nl\/fr\/produit\/boot-upholstery-up-to-09-71-17-part\/#primaryimage","url":"https:\/\/citrosars.nl\/wp-content\/uploads\/2026\/03\/1-580.jpg","contentUrl":"https:\/\/citrosars.nl\/wp-content\/uploads\/2026\/03\/1-580.jpg","width":2560,"height":1920},{"@type":"BreadcrumbList","@id":"https:\/\/citrosars.nl\/fr\/produit\/boot-upholstery-up-to-09-71-17-part\/#breadcrumb","itemListElement":[{"@type":"ListItem","position":1,"name":"Home","item":"https:\/\/citrosars.nl\/fr\/"},{"@type":"ListItem","position":2,"name":"Webshop","item":"https:\/\/citrosars.nl\/fr\/webshop\/"},{"@type":"ListItem","position":3,"name":"Rembourrage de l\u2019espace coffre (tous les mod\u00e8les)"}]},{"@type":"WebSite","@id":"https:\/\/citrosars.nl\/fr\/#website","url":"https:\/\/citrosars.nl\/fr\/","name":"CitroSars","description":"CitroSars. DS, SM Restoraton, maintainance, Revision, Sales \/ Restauratie, onderhoud en verkoop","publisher":{"@id":"https:\/\/citrosars.nl\/fr\/#organization"},"potentialAction":[{"@type":"SearchAction","target":{"@type":"EntryPoint","urlTemplate":"https:\/\/citrosars.nl\/fr\/?s={search_term_string}"},"query-input":{"@type":"PropertyValueSpecification","valueRequired":true,"valueName":"search_term_string"}}],"inLanguage":"fr-FR"},{"@type":"Organization","@id":"https:\/\/citrosars.nl\/fr\/#organization","name":"CitroSars","url":"https:\/\/citrosars.nl\/fr\/","logo":{"@type":"ImageObject","inLanguage":"fr-FR","@id":"https:\/\/citrosars.nl\/fr\/#\/schema\/logo\/image\/","url":"https:\/\/citrosars.nl\/wp-content\/uploads\/2021\/12\/citrosars-logo-02-e1638783648691.png","contentUrl":"https:\/\/citrosars.nl\/wp-content\/uploads\/2021\/12\/citrosars-logo-02-e1638783648691.png","width":1366,"height":324,"caption":"CitroSars"},"image":{"@id":"https:\/\/citrosars.nl\/fr\/#\/schema\/logo\/image\/"}}]}},"taxonomy_info":{"product_cat":[{"value":338,"label":"8. Habillage int, si\u00e8ges, garnitures, accessoires de roues"},{"value":360,"label":"SM"}]},"featured_image_src_large":["https:\/\/citrosars.nl\/wp-content\/uploads\/2026\/03\/1-580-1024x768.jpg",1024,768,true],"author_info":[],"comment_info":"","_links":{"self":[{"href":"https:\/\/citrosars.nl\/fr\/wp-json\/wp\/v2\/product\/18665","targetHints":{"allow":["GET"]}}],"collection":[{"href":"https:\/\/citrosars.nl\/fr\/wp-json\/wp\/v2\/product"}],"about":[{"href":"https:\/\/citrosars.nl\/fr\/wp-json\/wp\/v2\/types\/product"}],"wp:featuredmedia":[{"embeddable":true,"href":"https:\/\/citrosars.nl\/fr\/wp-json\/wp\/v2\/media\/58520"}],"wp:attachment":[{"href":"https:\/\/citrosars.nl\/fr\/wp-json\/wp\/v2\/media?parent=18665"}],"wp:term":[{"taxonomy":"product_brand","embeddable":true,"href":"https:\/\/citrosars.nl\/fr\/wp-json\/wp\/v2\/product_brand?post=18665"},{"taxonomy":"product_cat","embeddable":true,"href":"https:\/\/citrosars.nl\/fr\/wp-json\/wp\/v2\/product_cat?post=18665"},{"taxonomy":"product_tag","embeddable":true,"href":"https:\/\/citrosars.nl\/fr\/wp-json\/wp\/v2\/product_tag?post=18665"}],"curies":[{"name":"wp","href":"https:\/\/api.w.org\/{rel}","templated":true}]}}