{"id":18656,"date":"2016-03-02T17:09:50","date_gmt":"2016-03-02T16:09:50","guid":{"rendered":"https:\/\/citrosars.nl\/product\/hemel-bekleding-set-hemel-abc-stijl-achterpaneel\/"},"modified":"2021-02-10T14:08:54","modified_gmt":"2021-02-10T13:08:54","slug":"sky-upholstery-set-sky-abc-style-back-panneau","status":"publish","type":"product","link":"https:\/\/citrosars.nl\/fr\/produit\/sky-upholstery-set-sky-abc-style-back-panneau\/","title":{"rendered":"Garniture 8 pi\u00e8ces (pavillon, pieds, tablette AR)"},"content":{"rendered":"","protected":false},"excerpt":{"rendered":"<p>Ensemble complet de mat\u00e9riel de rembourrage pour le pavillon, pieds + tablette AR) Toutes les pi\u00e8ces sont coup\u00e9es sur mesure et le ciel est cousu pour les raidisseurs. Toute assemblage par nous est \u00e9galement possible \u00e0 un co\u00fbt suppl\u00e9mentaire. <\/p>\n","protected":false},"featured_media":6129,"template":"","meta":{"_kad_blocks_custom_css":"","_kad_blocks_head_custom_js":"","_kad_blocks_body_custom_js":"","_kad_blocks_footer_custom_js":"","_kadence_starter_templates_imported_post":false,"_kad_post_transparent":"","_kad_post_title":"","_kad_post_layout":"","_kad_post_sidebar_id":"","_kad_post_content_style":"","_kad_post_vertical_padding":"","_kad_post_feature":"","_kad_post_feature_position":"","_kad_post_header":false,"_kad_post_footer":false,"_kad_post_classname":""},"product_brand":[],"product_cat":[338,360],"product_tag":[],"class_list":{"0":"post-18656","1":"product","2":"type-product","3":"status-publish","4":"has-post-thumbnail","6":"product_cat-8-habillage-int-sieges-garnitures-accessoires-de-roues","7":"product_cat-sm-fr","9":"first","10":"instock","11":"taxable","12":"shipping-taxable","13":"purchasable","14":"product-type-simple","15":"entry","16":"content-bg","17":"loop-entry"},"yoast_head":"<!-- This site is optimized with the Yoast SEO plugin v27.3 - https:\/\/yoast.com\/product\/yoast-seo-wordpress\/ -->\n<title>Garniture 8 pi\u00e8ces (pavillon, pieds, tablette AR) - CitroSars<\/title>\n<meta name=\"robots\" content=\"index, follow, max-snippet:-1, max-image-preview:large, max-video-preview:-1\" \/>\n<link rel=\"canonical\" href=\"https:\/\/citrosars.nl\/fr\/produit\/sky-upholstery-set-sky-abc-style-back-panneau\/\" \/>\n<meta property=\"og:locale\" content=\"fr_FR\" \/>\n<meta property=\"og:type\" content=\"article\" \/>\n<meta property=\"og:title\" content=\"Garniture 8 pi\u00e8ces (pavillon, pieds, tablette AR) - CitroSars\" \/>\n<meta property=\"og:description\" content=\"Ensemble complet de mat\u00e9riel de rembourrage pour le pavillon, pieds + tablette AR) Toutes les pi\u00e8ces sont coup\u00e9es sur mesure et le ciel est cousu pour les raidisseurs. Toute assemblage par nous est \u00e9galement possible \u00e0 un co\u00fbt suppl\u00e9mentaire.\" \/>\n<meta property=\"og:url\" content=\"https:\/\/citrosars.nl\/fr\/produit\/sky-upholstery-set-sky-abc-style-back-panneau\/\" \/>\n<meta property=\"og:site_name\" content=\"CitroSars\" \/>\n<meta property=\"article:modified_time\" content=\"2021-02-10T13:08:54+00:00\" \/>\n<meta property=\"og:image\" content=\"https:\/\/citrosars.nl\/wp-content\/uploads\/2016\/03\/IMG_2142-1024x683.jpg\" \/>\n\t<meta property=\"og:image:width\" content=\"1024\" \/>\n\t<meta property=\"og:image:height\" content=\"683\" \/>\n\t<meta property=\"og:image:type\" content=\"image\/jpeg\" \/>\n<script type=\"application\/ld+json\" class=\"yoast-schema-graph\">{\"@context\":\"https:\\\/\\\/schema.org\",\"@graph\":[{\"@type\":\"WebPage\",\"@id\":\"https:\\\/\\\/citrosars.nl\\\/fr\\\/produit\\\/sky-upholstery-set-sky-abc-style-back-panneau\\\/\",\"url\":\"https:\\\/\\\/citrosars.nl\\\/fr\\\/produit\\\/sky-upholstery-set-sky-abc-style-back-panneau\\\/\",\"name\":\"Garniture 8 pi\u00e8ces (pavillon, pieds, tablette AR) - CitroSars\",\"isPartOf\":{\"@id\":\"https:\\\/\\\/citrosars.nl\\\/fr\\\/#website\"},\"primaryImageOfPage\":{\"@id\":\"https:\\\/\\\/citrosars.nl\\\/fr\\\/produit\\\/sky-upholstery-set-sky-abc-style-back-panneau\\\/#primaryimage\"},\"image\":{\"@id\":\"https:\\\/\\\/citrosars.nl\\\/fr\\\/produit\\\/sky-upholstery-set-sky-abc-style-back-panneau\\\/#primaryimage\"},\"thumbnailUrl\":\"https:\\\/\\\/citrosars.nl\\\/wp-content\\\/uploads\\\/2016\\\/03\\\/IMG_2142.jpg\",\"datePublished\":\"2016-03-02T16:09:50+00:00\",\"dateModified\":\"2021-02-10T13:08:54+00:00\",\"breadcrumb\":{\"@id\":\"https:\\\/\\\/citrosars.nl\\\/fr\\\/produit\\\/sky-upholstery-set-sky-abc-style-back-panneau\\\/#breadcrumb\"},\"inLanguage\":\"fr-FR\",\"potentialAction\":[{\"@type\":\"ReadAction\",\"target\":[\"https:\\\/\\\/citrosars.nl\\\/fr\\\/produit\\\/sky-upholstery-set-sky-abc-style-back-panneau\\\/\"]}]},{\"@type\":\"ImageObject\",\"inLanguage\":\"fr-FR\",\"@id\":\"https:\\\/\\\/citrosars.nl\\\/fr\\\/produit\\\/sky-upholstery-set-sky-abc-style-back-panneau\\\/#primaryimage\",\"url\":\"https:\\\/\\\/citrosars.nl\\\/wp-content\\\/uploads\\\/2016\\\/03\\\/IMG_2142.jpg\",\"contentUrl\":\"https:\\\/\\\/citrosars.nl\\\/wp-content\\\/uploads\\\/2016\\\/03\\\/IMG_2142.jpg\",\"width\":4752,\"height\":3168},{\"@type\":\"BreadcrumbList\",\"@id\":\"https:\\\/\\\/citrosars.nl\\\/fr\\\/produit\\\/sky-upholstery-set-sky-abc-style-back-panneau\\\/#breadcrumb\",\"itemListElement\":[{\"@type\":\"ListItem\",\"position\":1,\"name\":\"Home\",\"item\":\"https:\\\/\\\/citrosars.nl\\\/fr\\\/\"},{\"@type\":\"ListItem\",\"position\":2,\"name\":\"Webshop\",\"item\":\"https:\\\/\\\/citrosars.nl\\\/fr\\\/webshop\\\/\"},{\"@type\":\"ListItem\",\"position\":3,\"name\":\"Garniture 8 pi\u00e8ces (pavillon, pieds, tablette AR)\"}]},{\"@type\":\"WebSite\",\"@id\":\"https:\\\/\\\/citrosars.nl\\\/fr\\\/#website\",\"url\":\"https:\\\/\\\/citrosars.nl\\\/fr\\\/\",\"name\":\"CitroSars\",\"description\":\"CitroSars. DS, SM Restoraton, maintainance, Revision, Sales \\\/ Restauratie, onderhoud en verkoop\",\"publisher\":{\"@id\":\"https:\\\/\\\/citrosars.nl\\\/fr\\\/#organization\"},\"potentialAction\":[{\"@type\":\"SearchAction\",\"target\":{\"@type\":\"EntryPoint\",\"urlTemplate\":\"https:\\\/\\\/citrosars.nl\\\/fr\\\/?s={search_term_string}\"},\"query-input\":{\"@type\":\"PropertyValueSpecification\",\"valueRequired\":true,\"valueName\":\"search_term_string\"}}],\"inLanguage\":\"fr-FR\"},{\"@type\":\"Organization\",\"@id\":\"https:\\\/\\\/citrosars.nl\\\/fr\\\/#organization\",\"name\":\"CitroSars\",\"url\":\"https:\\\/\\\/citrosars.nl\\\/fr\\\/\",\"logo\":{\"@type\":\"ImageObject\",\"inLanguage\":\"fr-FR\",\"@id\":\"https:\\\/\\\/citrosars.nl\\\/fr\\\/#\\\/schema\\\/logo\\\/image\\\/\",\"url\":\"https:\\\/\\\/citrosars.nl\\\/wp-content\\\/uploads\\\/2021\\\/12\\\/citrosars-logo-02-e1638783648691.png\",\"contentUrl\":\"https:\\\/\\\/citrosars.nl\\\/wp-content\\\/uploads\\\/2021\\\/12\\\/citrosars-logo-02-e1638783648691.png\",\"width\":1366,\"height\":324,\"caption\":\"CitroSars\"},\"image\":{\"@id\":\"https:\\\/\\\/citrosars.nl\\\/fr\\\/#\\\/schema\\\/logo\\\/image\\\/\"}}]}<\/script>\n<!-- \/ Yoast SEO plugin. -->","yoast_head_json":{"title":"Garniture 8 pi\u00e8ces (pavillon, pieds, tablette AR) - CitroSars","robots":{"index":"index","follow":"follow","max-snippet":"max-snippet:-1","max-image-preview":"max-image-preview:large","max-video-preview":"max-video-preview:-1"},"canonical":"https:\/\/citrosars.nl\/fr\/produit\/sky-upholstery-set-sky-abc-style-back-panneau\/","og_locale":"fr_FR","og_type":"article","og_title":"Garniture 8 pi\u00e8ces (pavillon, pieds, tablette AR) - CitroSars","og_description":"Ensemble complet de mat\u00e9riel de rembourrage pour le pavillon, pieds + tablette AR) Toutes les pi\u00e8ces sont coup\u00e9es sur mesure et le ciel est cousu pour les raidisseurs. Toute assemblage par nous est \u00e9galement possible \u00e0 un co\u00fbt suppl\u00e9mentaire.","og_url":"https:\/\/citrosars.nl\/fr\/produit\/sky-upholstery-set-sky-abc-style-back-panneau\/","og_site_name":"CitroSars","article_modified_time":"2021-02-10T13:08:54+00:00","og_image":[{"width":1024,"height":683,"url":"https:\/\/citrosars.nl\/wp-content\/uploads\/2016\/03\/IMG_2142-1024x683.jpg","type":"image\/jpeg"}],"schema":{"@context":"https:\/\/schema.org","@graph":[{"@type":"WebPage","@id":"https:\/\/citrosars.nl\/fr\/produit\/sky-upholstery-set-sky-abc-style-back-panneau\/","url":"https:\/\/citrosars.nl\/fr\/produit\/sky-upholstery-set-sky-abc-style-back-panneau\/","name":"Garniture 8 pi\u00e8ces (pavillon, pieds, tablette AR) - CitroSars","isPartOf":{"@id":"https:\/\/citrosars.nl\/fr\/#website"},"primaryImageOfPage":{"@id":"https:\/\/citrosars.nl\/fr\/produit\/sky-upholstery-set-sky-abc-style-back-panneau\/#primaryimage"},"image":{"@id":"https:\/\/citrosars.nl\/fr\/produit\/sky-upholstery-set-sky-abc-style-back-panneau\/#primaryimage"},"thumbnailUrl":"https:\/\/citrosars.nl\/wp-content\/uploads\/2016\/03\/IMG_2142.jpg","datePublished":"2016-03-02T16:09:50+00:00","dateModified":"2021-02-10T13:08:54+00:00","breadcrumb":{"@id":"https:\/\/citrosars.nl\/fr\/produit\/sky-upholstery-set-sky-abc-style-back-panneau\/#breadcrumb"},"inLanguage":"fr-FR","potentialAction":[{"@type":"ReadAction","target":["https:\/\/citrosars.nl\/fr\/produit\/sky-upholstery-set-sky-abc-style-back-panneau\/"]}]},{"@type":"ImageObject","inLanguage":"fr-FR","@id":"https:\/\/citrosars.nl\/fr\/produit\/sky-upholstery-set-sky-abc-style-back-panneau\/#primaryimage","url":"https:\/\/citrosars.nl\/wp-content\/uploads\/2016\/03\/IMG_2142.jpg","contentUrl":"https:\/\/citrosars.nl\/wp-content\/uploads\/2016\/03\/IMG_2142.jpg","width":4752,"height":3168},{"@type":"BreadcrumbList","@id":"https:\/\/citrosars.nl\/fr\/produit\/sky-upholstery-set-sky-abc-style-back-panneau\/#breadcrumb","itemListElement":[{"@type":"ListItem","position":1,"name":"Home","item":"https:\/\/citrosars.nl\/fr\/"},{"@type":"ListItem","position":2,"name":"Webshop","item":"https:\/\/citrosars.nl\/fr\/webshop\/"},{"@type":"ListItem","position":3,"name":"Garniture 8 pi\u00e8ces (pavillon, pieds, tablette AR)"}]},{"@type":"WebSite","@id":"https:\/\/citrosars.nl\/fr\/#website","url":"https:\/\/citrosars.nl\/fr\/","name":"CitroSars","description":"CitroSars. DS, SM Restoraton, maintainance, Revision, Sales \/ Restauratie, onderhoud en verkoop","publisher":{"@id":"https:\/\/citrosars.nl\/fr\/#organization"},"potentialAction":[{"@type":"SearchAction","target":{"@type":"EntryPoint","urlTemplate":"https:\/\/citrosars.nl\/fr\/?s={search_term_string}"},"query-input":{"@type":"PropertyValueSpecification","valueRequired":true,"valueName":"search_term_string"}}],"inLanguage":"fr-FR"},{"@type":"Organization","@id":"https:\/\/citrosars.nl\/fr\/#organization","name":"CitroSars","url":"https:\/\/citrosars.nl\/fr\/","logo":{"@type":"ImageObject","inLanguage":"fr-FR","@id":"https:\/\/citrosars.nl\/fr\/#\/schema\/logo\/image\/","url":"https:\/\/citrosars.nl\/wp-content\/uploads\/2021\/12\/citrosars-logo-02-e1638783648691.png","contentUrl":"https:\/\/citrosars.nl\/wp-content\/uploads\/2021\/12\/citrosars-logo-02-e1638783648691.png","width":1366,"height":324,"caption":"CitroSars"},"image":{"@id":"https:\/\/citrosars.nl\/fr\/#\/schema\/logo\/image\/"}}]}},"taxonomy_info":{"product_cat":[{"value":338,"label":"8. Habillage int, si\u00e8ges, garnitures, accessoires de roues"},{"value":360,"label":"SM"}]},"featured_image_src_large":["https:\/\/citrosars.nl\/wp-content\/uploads\/2016\/03\/IMG_2142-1024x683.jpg",1024,683,true],"author_info":[],"comment_info":"","_links":{"self":[{"href":"https:\/\/citrosars.nl\/fr\/wp-json\/wp\/v2\/product\/18656","targetHints":{"allow":["GET"]}}],"collection":[{"href":"https:\/\/citrosars.nl\/fr\/wp-json\/wp\/v2\/product"}],"about":[{"href":"https:\/\/citrosars.nl\/fr\/wp-json\/wp\/v2\/types\/product"}],"wp:featuredmedia":[{"embeddable":true,"href":"https:\/\/citrosars.nl\/fr\/wp-json\/wp\/v2\/media\/6129"}],"wp:attachment":[{"href":"https:\/\/citrosars.nl\/fr\/wp-json\/wp\/v2\/media?parent=18656"}],"wp:term":[{"taxonomy":"product_brand","embeddable":true,"href":"https:\/\/citrosars.nl\/fr\/wp-json\/wp\/v2\/product_brand?post=18656"},{"taxonomy":"product_cat","embeddable":true,"href":"https:\/\/citrosars.nl\/fr\/wp-json\/wp\/v2\/product_cat?post=18656"},{"taxonomy":"product_tag","embeddable":true,"href":"https:\/\/citrosars.nl\/fr\/wp-json\/wp\/v2\/product_tag?post=18656"}],"curies":[{"name":"wp","href":"https:\/\/api.w.org\/{rel}","templated":true}]}}