{"id":18556,"date":"2017-01-31T21:47:25","date_gmt":"2017-01-31T20:47:25","guid":{"rendered":"https:\/\/citrosars.nl\/product\/hydraulische-plunjerpomp-lhm-ds-2-poelie\/"},"modified":"2022-07-25T09:49:42","modified_gmt":"2022-07-25T07:49:42","slug":"pompe-a-piston-hydraulique-lhm-ds-2-poulie","status":"publish","type":"product","link":"https:\/\/citrosars.nl\/fr\/produit\/pompe-a-piston-hydraulique-lhm-ds-2-poulie\/","title":{"rendered":"Pompe HD DS r\u00e9vision Mechanique LHM"},"content":{"rendered":"<p>Cette pompe HD est destin\u00e9e \u00e0 un type DS avec bo\u00eete de vitesses m\u00e9canique ou enti\u00e8rement automatique. R\u00e9vis\u00e9 et retourn\u00e9 l\u2019ancienne pompe.<\/p>\n<p>Lors de l&rsquo;achat de ce produit, nous demandons un d\u00e9p\u00f4t de \u20ac75,- ex. TVA. Celle-ci sera automatiquement ajout\u00e9e \u00e0 votre commande.<\/p>\n","protected":false},"excerpt":{"rendered":"<p>Cette pompe HP s\u2019adapte \u00e0 la DS avec des voitures \u00e0 changement de vitesse et \u00e0 transmission automatique. Il est compl\u00e8tement r\u00e9vis\u00e9 et avec \u00e9change de l\u2019ancienne pompe. Le d\u00e9p\u00f4t de base est de \u20ac75,-<\/p>\n<p>Hydraulique pompe DS LHM m\u00e9canique. Equip\u00e9 d\u2019un nouveau bo\u00eetier de pompe en acier, d\u2019un joint et d\u2019un roulement \u00e0 double rang\u00e9e. La pompe est ajust\u00e9e de mani\u00e8re \u00e0 ce que le d\u00e9bit de la pompe redevienne maximal et que le rendement des 7 pistons soit \u00e9gal est fourni avec du nouveau caoutchouc de tuyau, n\u00e9cessaire pour l\u2019assemblage a \u00e9t\u00e9 test\u00e9 avant la livraison.<\/p>\n<p>Cette partie est une partie d\u2019\u00e9change, c\u2019est-\u00e0-dire .dat vous devez retourner l\u2019ancienne pompe. D\u00e9p\u00f4t de 75 euros<\/p>\n","protected":false},"featured_media":52070,"template":"","meta":{"_kad_blocks_custom_css":"","_kad_blocks_head_custom_js":"","_kad_blocks_body_custom_js":"","_kad_blocks_footer_custom_js":"","_kadence_starter_templates_imported_post":false,"_kad_post_transparent":"default","_kad_post_title":"","_kad_post_layout":"default","_kad_post_sidebar_id":"","_kad_post_content_style":"default","_kad_post_vertical_padding":"default","_kad_post_feature":"","_kad_post_feature_position":"","_kad_post_header":false,"_kad_post_footer":false,"_kad_post_classname":""},"product_brand":[],"product_cat":[367,362],"product_tag":[448,449],"class_list":{"0":"post-18556","1":"product","2":"type-product","3":"status-publish","4":"has-post-thumbnail","6":"product_cat-3-ds-essieux-suspension-direction-organes-hydrauliques","7":"product_cat-ds-fr","8":"product_tag-2-poelie-fr","9":"product_tag-hydraulische-plunjerpomp-lhm-voor-ds-fr","11":"first","12":"instock","13":"taxable","14":"shipping-taxable","15":"purchasable","16":"product-type-simple","17":"entry","18":"content-bg","19":"loop-entry"},"yoast_head":"<!-- This site is optimized with the Yoast SEO plugin v27.3 - https:\/\/yoast.com\/product\/yoast-seo-wordpress\/ -->\n<title>Pompe HD DS r\u00e9vision Mechanique LHM - CitroSars<\/title>\n<meta name=\"robots\" content=\"index, follow, max-snippet:-1, max-image-preview:large, max-video-preview:-1\" \/>\n<link rel=\"canonical\" href=\"https:\/\/citrosars.nl\/fr\/produit\/pompe-a-piston-hydraulique-lhm-ds-2-poulie\/\" \/>\n<meta property=\"og:locale\" content=\"fr_FR\" \/>\n<meta property=\"og:type\" content=\"article\" \/>\n<meta property=\"og:title\" content=\"Pompe HD DS r\u00e9vision Mechanique LHM - CitroSars\" \/>\n<meta property=\"og:description\" content=\"Cette pompe HP s\u2019adapte \u00e0 la DS avec des voitures \u00e0 changement de vitesse et \u00e0 transmission automatique. Il est compl\u00e8tement r\u00e9vis\u00e9 et avec \u00e9change de l\u2019ancienne pompe. Le d\u00e9p\u00f4t de base est de \u20ac75,- Hydraulique pompe DS LHM m\u00e9canique. Equip\u00e9 d\u2019un nouveau bo\u00eetier de pompe en acier, d\u2019un joint et d\u2019un roulement \u00e0 double rang\u00e9e. La pompe est ajust\u00e9e de mani\u00e8re \u00e0 ce que le d\u00e9bit de la pompe redevienne maximal et que le rendement des 7 pistons soit \u00e9gal est fourni avec du nouveau caoutchouc de tuyau, n\u00e9cessaire pour l\u2019assemblage a \u00e9t\u00e9 test\u00e9 avant la livraison. Cette partie est une partie d\u2019\u00e9change, c\u2019est-\u00e0-dire .dat vous devez retourner l\u2019ancienne pompe. D\u00e9p\u00f4t de 75 euros\" \/>\n<meta property=\"og:url\" content=\"https:\/\/citrosars.nl\/fr\/produit\/pompe-a-piston-hydraulique-lhm-ds-2-poulie\/\" \/>\n<meta property=\"og:site_name\" content=\"CitroSars\" \/>\n<meta property=\"article:modified_time\" content=\"2022-07-25T07:49:42+00:00\" \/>\n<meta property=\"og:image\" content=\"https:\/\/citrosars.nl\/wp-content\/uploads\/2017\/01\/IMG_1778-1024x683.jpg\" \/>\n\t<meta property=\"og:image:width\" content=\"1024\" \/>\n\t<meta property=\"og:image:height\" content=\"683\" \/>\n\t<meta property=\"og:image:type\" content=\"image\/jpeg\" \/>\n<script type=\"application\/ld+json\" class=\"yoast-schema-graph\">{\"@context\":\"https:\\\/\\\/schema.org\",\"@graph\":[{\"@type\":\"WebPage\",\"@id\":\"https:\\\/\\\/citrosars.nl\\\/fr\\\/produit\\\/pompe-a-piston-hydraulique-lhm-ds-2-poulie\\\/\",\"url\":\"https:\\\/\\\/citrosars.nl\\\/fr\\\/produit\\\/pompe-a-piston-hydraulique-lhm-ds-2-poulie\\\/\",\"name\":\"Pompe HD DS r\u00e9vision Mechanique LHM - CitroSars\",\"isPartOf\":{\"@id\":\"https:\\\/\\\/citrosars.nl\\\/fr\\\/#website\"},\"primaryImageOfPage\":{\"@id\":\"https:\\\/\\\/citrosars.nl\\\/fr\\\/produit\\\/pompe-a-piston-hydraulique-lhm-ds-2-poulie\\\/#primaryimage\"},\"image\":{\"@id\":\"https:\\\/\\\/citrosars.nl\\\/fr\\\/produit\\\/pompe-a-piston-hydraulique-lhm-ds-2-poulie\\\/#primaryimage\"},\"thumbnailUrl\":\"https:\\\/\\\/citrosars.nl\\\/wp-content\\\/uploads\\\/2026\\\/03\\\/1-55-scaled.jpg\",\"datePublished\":\"2017-01-31T20:47:25+00:00\",\"dateModified\":\"2022-07-25T07:49:42+00:00\",\"breadcrumb\":{\"@id\":\"https:\\\/\\\/citrosars.nl\\\/fr\\\/produit\\\/pompe-a-piston-hydraulique-lhm-ds-2-poulie\\\/#breadcrumb\"},\"inLanguage\":\"fr-FR\",\"potentialAction\":[{\"@type\":\"ReadAction\",\"target\":[\"https:\\\/\\\/citrosars.nl\\\/fr\\\/produit\\\/pompe-a-piston-hydraulique-lhm-ds-2-poulie\\\/\"]}]},{\"@type\":\"ImageObject\",\"inLanguage\":\"fr-FR\",\"@id\":\"https:\\\/\\\/citrosars.nl\\\/fr\\\/produit\\\/pompe-a-piston-hydraulique-lhm-ds-2-poulie\\\/#primaryimage\",\"url\":\"https:\\\/\\\/citrosars.nl\\\/wp-content\\\/uploads\\\/2026\\\/03\\\/1-55-scaled.jpg\",\"contentUrl\":\"https:\\\/\\\/citrosars.nl\\\/wp-content\\\/uploads\\\/2026\\\/03\\\/1-55-scaled.jpg\",\"width\":2560,\"height\":1707},{\"@type\":\"BreadcrumbList\",\"@id\":\"https:\\\/\\\/citrosars.nl\\\/fr\\\/produit\\\/pompe-a-piston-hydraulique-lhm-ds-2-poulie\\\/#breadcrumb\",\"itemListElement\":[{\"@type\":\"ListItem\",\"position\":1,\"name\":\"Home\",\"item\":\"https:\\\/\\\/citrosars.nl\\\/fr\\\/\"},{\"@type\":\"ListItem\",\"position\":2,\"name\":\"Webshop\",\"item\":\"https:\\\/\\\/citrosars.nl\\\/fr\\\/webshop\\\/\"},{\"@type\":\"ListItem\",\"position\":3,\"name\":\"Pompe HD DS r\u00e9vision Mechanique LHM\"}]},{\"@type\":\"WebSite\",\"@id\":\"https:\\\/\\\/citrosars.nl\\\/fr\\\/#website\",\"url\":\"https:\\\/\\\/citrosars.nl\\\/fr\\\/\",\"name\":\"CitroSars\",\"description\":\"CitroSars. DS, SM Restoraton, maintainance, Revision, Sales \\\/ Restauratie, onderhoud en verkoop\",\"publisher\":{\"@id\":\"https:\\\/\\\/citrosars.nl\\\/fr\\\/#organization\"},\"potentialAction\":[{\"@type\":\"SearchAction\",\"target\":{\"@type\":\"EntryPoint\",\"urlTemplate\":\"https:\\\/\\\/citrosars.nl\\\/fr\\\/?s={search_term_string}\"},\"query-input\":{\"@type\":\"PropertyValueSpecification\",\"valueRequired\":true,\"valueName\":\"search_term_string\"}}],\"inLanguage\":\"fr-FR\"},{\"@type\":\"Organization\",\"@id\":\"https:\\\/\\\/citrosars.nl\\\/fr\\\/#organization\",\"name\":\"CitroSars\",\"url\":\"https:\\\/\\\/citrosars.nl\\\/fr\\\/\",\"logo\":{\"@type\":\"ImageObject\",\"inLanguage\":\"fr-FR\",\"@id\":\"https:\\\/\\\/citrosars.nl\\\/fr\\\/#\\\/schema\\\/logo\\\/image\\\/\",\"url\":\"https:\\\/\\\/citrosars.nl\\\/wp-content\\\/uploads\\\/2021\\\/12\\\/citrosars-logo-02-e1638783648691.png\",\"contentUrl\":\"https:\\\/\\\/citrosars.nl\\\/wp-content\\\/uploads\\\/2021\\\/12\\\/citrosars-logo-02-e1638783648691.png\",\"width\":1366,\"height\":324,\"caption\":\"CitroSars\"},\"image\":{\"@id\":\"https:\\\/\\\/citrosars.nl\\\/fr\\\/#\\\/schema\\\/logo\\\/image\\\/\"}}]}<\/script>\n<!-- \/ Yoast SEO plugin. -->","yoast_head_json":{"title":"Pompe HD DS r\u00e9vision Mechanique LHM - CitroSars","robots":{"index":"index","follow":"follow","max-snippet":"max-snippet:-1","max-image-preview":"max-image-preview:large","max-video-preview":"max-video-preview:-1"},"canonical":"https:\/\/citrosars.nl\/fr\/produit\/pompe-a-piston-hydraulique-lhm-ds-2-poulie\/","og_locale":"fr_FR","og_type":"article","og_title":"Pompe HD DS r\u00e9vision Mechanique LHM - CitroSars","og_description":"Cette pompe HP s\u2019adapte \u00e0 la DS avec des voitures \u00e0 changement de vitesse et \u00e0 transmission automatique. Il est compl\u00e8tement r\u00e9vis\u00e9 et avec \u00e9change de l\u2019ancienne pompe. Le d\u00e9p\u00f4t de base est de \u20ac75,- Hydraulique pompe DS LHM m\u00e9canique. Equip\u00e9 d\u2019un nouveau bo\u00eetier de pompe en acier, d\u2019un joint et d\u2019un roulement \u00e0 double rang\u00e9e. La pompe est ajust\u00e9e de mani\u00e8re \u00e0 ce que le d\u00e9bit de la pompe redevienne maximal et que le rendement des 7 pistons soit \u00e9gal est fourni avec du nouveau caoutchouc de tuyau, n\u00e9cessaire pour l\u2019assemblage a \u00e9t\u00e9 test\u00e9 avant la livraison. Cette partie est une partie d\u2019\u00e9change, c\u2019est-\u00e0-dire .dat vous devez retourner l\u2019ancienne pompe. D\u00e9p\u00f4t de 75 euros","og_url":"https:\/\/citrosars.nl\/fr\/produit\/pompe-a-piston-hydraulique-lhm-ds-2-poulie\/","og_site_name":"CitroSars","article_modified_time":"2022-07-25T07:49:42+00:00","og_image":[{"width":1024,"height":683,"url":"https:\/\/citrosars.nl\/wp-content\/uploads\/2017\/01\/IMG_1778-1024x683.jpg","type":"image\/jpeg"}],"schema":{"@context":"https:\/\/schema.org","@graph":[{"@type":"WebPage","@id":"https:\/\/citrosars.nl\/fr\/produit\/pompe-a-piston-hydraulique-lhm-ds-2-poulie\/","url":"https:\/\/citrosars.nl\/fr\/produit\/pompe-a-piston-hydraulique-lhm-ds-2-poulie\/","name":"Pompe HD DS r\u00e9vision Mechanique LHM - CitroSars","isPartOf":{"@id":"https:\/\/citrosars.nl\/fr\/#website"},"primaryImageOfPage":{"@id":"https:\/\/citrosars.nl\/fr\/produit\/pompe-a-piston-hydraulique-lhm-ds-2-poulie\/#primaryimage"},"image":{"@id":"https:\/\/citrosars.nl\/fr\/produit\/pompe-a-piston-hydraulique-lhm-ds-2-poulie\/#primaryimage"},"thumbnailUrl":"https:\/\/citrosars.nl\/wp-content\/uploads\/2026\/03\/1-55-scaled.jpg","datePublished":"2017-01-31T20:47:25+00:00","dateModified":"2022-07-25T07:49:42+00:00","breadcrumb":{"@id":"https:\/\/citrosars.nl\/fr\/produit\/pompe-a-piston-hydraulique-lhm-ds-2-poulie\/#breadcrumb"},"inLanguage":"fr-FR","potentialAction":[{"@type":"ReadAction","target":["https:\/\/citrosars.nl\/fr\/produit\/pompe-a-piston-hydraulique-lhm-ds-2-poulie\/"]}]},{"@type":"ImageObject","inLanguage":"fr-FR","@id":"https:\/\/citrosars.nl\/fr\/produit\/pompe-a-piston-hydraulique-lhm-ds-2-poulie\/#primaryimage","url":"https:\/\/citrosars.nl\/wp-content\/uploads\/2026\/03\/1-55-scaled.jpg","contentUrl":"https:\/\/citrosars.nl\/wp-content\/uploads\/2026\/03\/1-55-scaled.jpg","width":2560,"height":1707},{"@type":"BreadcrumbList","@id":"https:\/\/citrosars.nl\/fr\/produit\/pompe-a-piston-hydraulique-lhm-ds-2-poulie\/#breadcrumb","itemListElement":[{"@type":"ListItem","position":1,"name":"Home","item":"https:\/\/citrosars.nl\/fr\/"},{"@type":"ListItem","position":2,"name":"Webshop","item":"https:\/\/citrosars.nl\/fr\/webshop\/"},{"@type":"ListItem","position":3,"name":"Pompe HD DS r\u00e9vision Mechanique LHM"}]},{"@type":"WebSite","@id":"https:\/\/citrosars.nl\/fr\/#website","url":"https:\/\/citrosars.nl\/fr\/","name":"CitroSars","description":"CitroSars. DS, SM Restoraton, maintainance, Revision, Sales \/ Restauratie, onderhoud en verkoop","publisher":{"@id":"https:\/\/citrosars.nl\/fr\/#organization"},"potentialAction":[{"@type":"SearchAction","target":{"@type":"EntryPoint","urlTemplate":"https:\/\/citrosars.nl\/fr\/?s={search_term_string}"},"query-input":{"@type":"PropertyValueSpecification","valueRequired":true,"valueName":"search_term_string"}}],"inLanguage":"fr-FR"},{"@type":"Organization","@id":"https:\/\/citrosars.nl\/fr\/#organization","name":"CitroSars","url":"https:\/\/citrosars.nl\/fr\/","logo":{"@type":"ImageObject","inLanguage":"fr-FR","@id":"https:\/\/citrosars.nl\/fr\/#\/schema\/logo\/image\/","url":"https:\/\/citrosars.nl\/wp-content\/uploads\/2021\/12\/citrosars-logo-02-e1638783648691.png","contentUrl":"https:\/\/citrosars.nl\/wp-content\/uploads\/2021\/12\/citrosars-logo-02-e1638783648691.png","width":1366,"height":324,"caption":"CitroSars"},"image":{"@id":"https:\/\/citrosars.nl\/fr\/#\/schema\/logo\/image\/"}}]}},"taxonomy_info":{"product_cat":[{"value":367,"label":"3. DS Essieux, suspension, direction, organes hydrauliques"},{"value":362,"label":"DS"}],"product_tag":[{"value":448,"label":"2 poelie"},{"value":449,"label":"Hydraulische plunjerpomp LHM voor DS"}]},"featured_image_src_large":["https:\/\/citrosars.nl\/wp-content\/uploads\/2026\/03\/1-55-1024x683.jpg",1024,683,true],"author_info":[],"comment_info":"","_links":{"self":[{"href":"https:\/\/citrosars.nl\/fr\/wp-json\/wp\/v2\/product\/18556","targetHints":{"allow":["GET"]}}],"collection":[{"href":"https:\/\/citrosars.nl\/fr\/wp-json\/wp\/v2\/product"}],"about":[{"href":"https:\/\/citrosars.nl\/fr\/wp-json\/wp\/v2\/types\/product"}],"wp:featuredmedia":[{"embeddable":true,"href":"https:\/\/citrosars.nl\/fr\/wp-json\/wp\/v2\/media\/52070"}],"wp:attachment":[{"href":"https:\/\/citrosars.nl\/fr\/wp-json\/wp\/v2\/media?parent=18556"}],"wp:term":[{"taxonomy":"product_brand","embeddable":true,"href":"https:\/\/citrosars.nl\/fr\/wp-json\/wp\/v2\/product_brand?post=18556"},{"taxonomy":"product_cat","embeddable":true,"href":"https:\/\/citrosars.nl\/fr\/wp-json\/wp\/v2\/product_cat?post=18556"},{"taxonomy":"product_tag","embeddable":true,"href":"https:\/\/citrosars.nl\/fr\/wp-json\/wp\/v2\/product_tag?post=18556"}],"curies":[{"name":"wp","href":"https:\/\/api.w.org\/{rel}","templated":true}]}}