{"id":11962,"date":"2015-06-17T17:49:14","date_gmt":"2015-06-17T15:49:14","guid":{"rendered":"https:\/\/citrosars.nl\/product\/pompe-sm-revisee-5-71\/"},"modified":"2022-08-08T10:34:42","modified_gmt":"2022-08-08T08:34:42","slug":"hd-pump-sm-revision","status":"publish","type":"product","link":"https:\/\/citrosars.nl\/fr\/produit\/hd-pump-sm-revision\/","title":{"rendered":"Pompe HD SM r\u00e9vision &#8211;&gt; 5\/71 fil droit"},"content":{"rendered":"<p>Lors de l\u2019achat de ce produit, nous facturons un d\u00e9p\u00f4t de 175 \u20ac, &#8211; ex. TVA. Celle-ci sera automatiquement ajout\u00e9e \u00e0 votre commande.<\/p>\n","protected":false},"excerpt":{"rendered":"<p>Pompe hydraulique SM \u00e9quip\u00e9e d\u2019un nouveau bo\u00eetier de pompe en acier, d\u2019un joint et d\u2019un roulement \u00e0 billes \u00e0 double rang\u00e9e. La pompe est ajust\u00e9e de mani\u00e8re \u00e0 ce que le d\u00e9bit de la pompe redevienne maximal et que le rendement des 7 pistons soit \u00e9gal. Livr\u00e9 avec un nouveau caoutchouc de tuyau, n\u00e9cessaire pour l\u2019assemblage et a \u00e9t\u00e9 test\u00e9 avant la livraison!<\/p>\n<p>Pour commander cette pompe, une pompe r\u00e9parable doit \u00eatre retourn\u00e9e. Le d\u00e9p\u00f4t est de \u20ac175,-<\/p>\n","protected":false},"featured_media":59014,"template":"","meta":{"_kad_blocks_custom_css":"","_kad_blocks_head_custom_js":"","_kad_blocks_body_custom_js":"","_kad_blocks_footer_custom_js":"","_kadence_starter_templates_imported_post":false,"_kad_post_transparent":"default","_kad_post_title":"","_kad_post_layout":"default","_kad_post_sidebar_id":"","_kad_post_content_style":"default","_kad_post_vertical_padding":"default","_kad_post_feature":"","_kad_post_feature_position":"","_kad_post_header":false,"_kad_post_footer":false,"_kad_post_classname":""},"product_brand":[],"product_cat":[333,360],"product_tag":[],"class_list":{"0":"post-11962","1":"product","2":"type-product","3":"status-publish","4":"has-post-thumbnail","6":"product_cat-4-sm-freins-commandes-de-frein-et-debrayage-canalisations-transmissions","7":"product_cat-sm-fr","9":"first","10":"instock","11":"taxable","12":"shipping-taxable","13":"purchasable","14":"product-type-simple","15":"entry","16":"content-bg","17":"loop-entry"},"yoast_head":"<!-- This site is optimized with the Yoast SEO plugin v27.3 - https:\/\/yoast.com\/product\/yoast-seo-wordpress\/ -->\n<title>Pompe HD SM r\u00e9vision -&gt; 5\/71 fil droit - CitroSars<\/title>\n<meta name=\"robots\" content=\"index, follow, max-snippet:-1, max-image-preview:large, max-video-preview:-1\" \/>\n<link rel=\"canonical\" href=\"https:\/\/citrosars.nl\/fr\/produit\/hd-pump-sm-revision\/\" \/>\n<meta property=\"og:locale\" content=\"fr_FR\" \/>\n<meta property=\"og:type\" content=\"article\" \/>\n<meta property=\"og:title\" content=\"Pompe HD SM r\u00e9vision -&gt; 5\/71 fil droit - CitroSars\" \/>\n<meta property=\"og:description\" content=\"Pompe hydraulique SM \u00e9quip\u00e9e d\u2019un nouveau bo\u00eetier de pompe en acier, d\u2019un joint et d\u2019un roulement \u00e0 billes \u00e0 double rang\u00e9e. La pompe est ajust\u00e9e de mani\u00e8re \u00e0 ce que le d\u00e9bit de la pompe redevienne maximal et que le rendement des 7 pistons soit \u00e9gal. Livr\u00e9 avec un nouveau caoutchouc de tuyau, n\u00e9cessaire pour l\u2019assemblage et a \u00e9t\u00e9 test\u00e9 avant la livraison!  Pour commander cette pompe, une pompe r\u00e9parable doit \u00eatre retourn\u00e9e. Le d\u00e9p\u00f4t est de \u20ac175,-\" \/>\n<meta property=\"og:url\" content=\"https:\/\/citrosars.nl\/fr\/produit\/hd-pump-sm-revision\/\" \/>\n<meta property=\"og:site_name\" content=\"CitroSars\" \/>\n<meta property=\"article:modified_time\" content=\"2022-08-08T08:34:42+00:00\" \/>\n<meta property=\"og:image\" content=\"https:\/\/citrosars.nl\/wp-content\/uploads\/2015\/06\/IMG_5808-1024x768.jpg\" \/>\n\t<meta property=\"og:image:width\" content=\"1024\" \/>\n\t<meta property=\"og:image:height\" content=\"768\" \/>\n\t<meta property=\"og:image:type\" content=\"image\/jpeg\" \/>\n<meta name=\"twitter:label1\" content=\"Dur\u00e9e de lecture estim\u00e9e\" \/>\n\t<meta name=\"twitter:data1\" content=\"1 minute\" \/>\n<script type=\"application\/ld+json\" class=\"yoast-schema-graph\">{\"@context\":\"https:\\\/\\\/schema.org\",\"@graph\":[{\"@type\":\"WebPage\",\"@id\":\"https:\\\/\\\/citrosars.nl\\\/fr\\\/produit\\\/hd-pump-sm-revision\\\/\",\"url\":\"https:\\\/\\\/citrosars.nl\\\/fr\\\/produit\\\/hd-pump-sm-revision\\\/\",\"name\":\"Pompe HD SM r\u00e9vision -&gt; 5\\\/71 fil droit - CitroSars\",\"isPartOf\":{\"@id\":\"https:\\\/\\\/citrosars.nl\\\/fr\\\/#website\"},\"primaryImageOfPage\":{\"@id\":\"https:\\\/\\\/citrosars.nl\\\/fr\\\/produit\\\/hd-pump-sm-revision\\\/#primaryimage\"},\"image\":{\"@id\":\"https:\\\/\\\/citrosars.nl\\\/fr\\\/produit\\\/hd-pump-sm-revision\\\/#primaryimage\"},\"thumbnailUrl\":\"https:\\\/\\\/citrosars.nl\\\/wp-content\\\/uploads\\\/2026\\\/03\\\/1-617.jpg\",\"datePublished\":\"2015-06-17T15:49:14+00:00\",\"dateModified\":\"2022-08-08T08:34:42+00:00\",\"breadcrumb\":{\"@id\":\"https:\\\/\\\/citrosars.nl\\\/fr\\\/produit\\\/hd-pump-sm-revision\\\/#breadcrumb\"},\"inLanguage\":\"fr-FR\",\"potentialAction\":[{\"@type\":\"ReadAction\",\"target\":[\"https:\\\/\\\/citrosars.nl\\\/fr\\\/produit\\\/hd-pump-sm-revision\\\/\"]}]},{\"@type\":\"ImageObject\",\"inLanguage\":\"fr-FR\",\"@id\":\"https:\\\/\\\/citrosars.nl\\\/fr\\\/produit\\\/hd-pump-sm-revision\\\/#primaryimage\",\"url\":\"https:\\\/\\\/citrosars.nl\\\/wp-content\\\/uploads\\\/2026\\\/03\\\/1-617.jpg\",\"contentUrl\":\"https:\\\/\\\/citrosars.nl\\\/wp-content\\\/uploads\\\/2026\\\/03\\\/1-617.jpg\",\"width\":2560,\"height\":1920},{\"@type\":\"BreadcrumbList\",\"@id\":\"https:\\\/\\\/citrosars.nl\\\/fr\\\/produit\\\/hd-pump-sm-revision\\\/#breadcrumb\",\"itemListElement\":[{\"@type\":\"ListItem\",\"position\":1,\"name\":\"Home\",\"item\":\"https:\\\/\\\/citrosars.nl\\\/fr\\\/\"},{\"@type\":\"ListItem\",\"position\":2,\"name\":\"Webshop\",\"item\":\"https:\\\/\\\/citrosars.nl\\\/fr\\\/webshop\\\/\"},{\"@type\":\"ListItem\",\"position\":3,\"name\":\"Pompe HD SM r\u00e9vision &#8211;&gt; 5\\\/71 fil droit\"}]},{\"@type\":\"WebSite\",\"@id\":\"https:\\\/\\\/citrosars.nl\\\/fr\\\/#website\",\"url\":\"https:\\\/\\\/citrosars.nl\\\/fr\\\/\",\"name\":\"CitroSars\",\"description\":\"CitroSars. DS, SM Restoraton, maintainance, Revision, Sales \\\/ Restauratie, onderhoud en verkoop\",\"publisher\":{\"@id\":\"https:\\\/\\\/citrosars.nl\\\/fr\\\/#organization\"},\"potentialAction\":[{\"@type\":\"SearchAction\",\"target\":{\"@type\":\"EntryPoint\",\"urlTemplate\":\"https:\\\/\\\/citrosars.nl\\\/fr\\\/?s={search_term_string}\"},\"query-input\":{\"@type\":\"PropertyValueSpecification\",\"valueRequired\":true,\"valueName\":\"search_term_string\"}}],\"inLanguage\":\"fr-FR\"},{\"@type\":\"Organization\",\"@id\":\"https:\\\/\\\/citrosars.nl\\\/fr\\\/#organization\",\"name\":\"CitroSars\",\"url\":\"https:\\\/\\\/citrosars.nl\\\/fr\\\/\",\"logo\":{\"@type\":\"ImageObject\",\"inLanguage\":\"fr-FR\",\"@id\":\"https:\\\/\\\/citrosars.nl\\\/fr\\\/#\\\/schema\\\/logo\\\/image\\\/\",\"url\":\"https:\\\/\\\/citrosars.nl\\\/wp-content\\\/uploads\\\/2021\\\/12\\\/citrosars-logo-02-e1638783648691.png\",\"contentUrl\":\"https:\\\/\\\/citrosars.nl\\\/wp-content\\\/uploads\\\/2021\\\/12\\\/citrosars-logo-02-e1638783648691.png\",\"width\":1366,\"height\":324,\"caption\":\"CitroSars\"},\"image\":{\"@id\":\"https:\\\/\\\/citrosars.nl\\\/fr\\\/#\\\/schema\\\/logo\\\/image\\\/\"}}]}<\/script>\n<!-- \/ Yoast SEO plugin. -->","yoast_head_json":{"title":"Pompe HD SM r\u00e9vision -&gt; 5\/71 fil droit - CitroSars","robots":{"index":"index","follow":"follow","max-snippet":"max-snippet:-1","max-image-preview":"max-image-preview:large","max-video-preview":"max-video-preview:-1"},"canonical":"https:\/\/citrosars.nl\/fr\/produit\/hd-pump-sm-revision\/","og_locale":"fr_FR","og_type":"article","og_title":"Pompe HD SM r\u00e9vision -&gt; 5\/71 fil droit - CitroSars","og_description":"Pompe hydraulique SM \u00e9quip\u00e9e d\u2019un nouveau bo\u00eetier de pompe en acier, d\u2019un joint et d\u2019un roulement \u00e0 billes \u00e0 double rang\u00e9e. La pompe est ajust\u00e9e de mani\u00e8re \u00e0 ce que le d\u00e9bit de la pompe redevienne maximal et que le rendement des 7 pistons soit \u00e9gal. Livr\u00e9 avec un nouveau caoutchouc de tuyau, n\u00e9cessaire pour l\u2019assemblage et a \u00e9t\u00e9 test\u00e9 avant la livraison!  Pour commander cette pompe, une pompe r\u00e9parable doit \u00eatre retourn\u00e9e. Le d\u00e9p\u00f4t est de \u20ac175,-","og_url":"https:\/\/citrosars.nl\/fr\/produit\/hd-pump-sm-revision\/","og_site_name":"CitroSars","article_modified_time":"2022-08-08T08:34:42+00:00","og_image":[{"width":1024,"height":768,"url":"https:\/\/citrosars.nl\/wp-content\/uploads\/2015\/06\/IMG_5808-1024x768.jpg","type":"image\/jpeg"}],"twitter_misc":{"Dur\u00e9e de lecture estim\u00e9e":"1 minute"},"schema":{"@context":"https:\/\/schema.org","@graph":[{"@type":"WebPage","@id":"https:\/\/citrosars.nl\/fr\/produit\/hd-pump-sm-revision\/","url":"https:\/\/citrosars.nl\/fr\/produit\/hd-pump-sm-revision\/","name":"Pompe HD SM r\u00e9vision -&gt; 5\/71 fil droit - CitroSars","isPartOf":{"@id":"https:\/\/citrosars.nl\/fr\/#website"},"primaryImageOfPage":{"@id":"https:\/\/citrosars.nl\/fr\/produit\/hd-pump-sm-revision\/#primaryimage"},"image":{"@id":"https:\/\/citrosars.nl\/fr\/produit\/hd-pump-sm-revision\/#primaryimage"},"thumbnailUrl":"https:\/\/citrosars.nl\/wp-content\/uploads\/2026\/03\/1-617.jpg","datePublished":"2015-06-17T15:49:14+00:00","dateModified":"2022-08-08T08:34:42+00:00","breadcrumb":{"@id":"https:\/\/citrosars.nl\/fr\/produit\/hd-pump-sm-revision\/#breadcrumb"},"inLanguage":"fr-FR","potentialAction":[{"@type":"ReadAction","target":["https:\/\/citrosars.nl\/fr\/produit\/hd-pump-sm-revision\/"]}]},{"@type":"ImageObject","inLanguage":"fr-FR","@id":"https:\/\/citrosars.nl\/fr\/produit\/hd-pump-sm-revision\/#primaryimage","url":"https:\/\/citrosars.nl\/wp-content\/uploads\/2026\/03\/1-617.jpg","contentUrl":"https:\/\/citrosars.nl\/wp-content\/uploads\/2026\/03\/1-617.jpg","width":2560,"height":1920},{"@type":"BreadcrumbList","@id":"https:\/\/citrosars.nl\/fr\/produit\/hd-pump-sm-revision\/#breadcrumb","itemListElement":[{"@type":"ListItem","position":1,"name":"Home","item":"https:\/\/citrosars.nl\/fr\/"},{"@type":"ListItem","position":2,"name":"Webshop","item":"https:\/\/citrosars.nl\/fr\/webshop\/"},{"@type":"ListItem","position":3,"name":"Pompe HD SM r\u00e9vision &#8211;&gt; 5\/71 fil droit"}]},{"@type":"WebSite","@id":"https:\/\/citrosars.nl\/fr\/#website","url":"https:\/\/citrosars.nl\/fr\/","name":"CitroSars","description":"CitroSars. DS, SM Restoraton, maintainance, Revision, Sales \/ Restauratie, onderhoud en verkoop","publisher":{"@id":"https:\/\/citrosars.nl\/fr\/#organization"},"potentialAction":[{"@type":"SearchAction","target":{"@type":"EntryPoint","urlTemplate":"https:\/\/citrosars.nl\/fr\/?s={search_term_string}"},"query-input":{"@type":"PropertyValueSpecification","valueRequired":true,"valueName":"search_term_string"}}],"inLanguage":"fr-FR"},{"@type":"Organization","@id":"https:\/\/citrosars.nl\/fr\/#organization","name":"CitroSars","url":"https:\/\/citrosars.nl\/fr\/","logo":{"@type":"ImageObject","inLanguage":"fr-FR","@id":"https:\/\/citrosars.nl\/fr\/#\/schema\/logo\/image\/","url":"https:\/\/citrosars.nl\/wp-content\/uploads\/2021\/12\/citrosars-logo-02-e1638783648691.png","contentUrl":"https:\/\/citrosars.nl\/wp-content\/uploads\/2021\/12\/citrosars-logo-02-e1638783648691.png","width":1366,"height":324,"caption":"CitroSars"},"image":{"@id":"https:\/\/citrosars.nl\/fr\/#\/schema\/logo\/image\/"}}]}},"taxonomy_info":{"product_cat":[{"value":333,"label":"3. SM Essieux, suspension, direction, organes hydrauliques"},{"value":360,"label":"SM"}]},"featured_image_src_large":["https:\/\/citrosars.nl\/wp-content\/uploads\/2026\/03\/1-617-1024x768.jpg",1024,768,true],"author_info":[],"comment_info":"","_links":{"self":[{"href":"https:\/\/citrosars.nl\/fr\/wp-json\/wp\/v2\/product\/11962","targetHints":{"allow":["GET"]}}],"collection":[{"href":"https:\/\/citrosars.nl\/fr\/wp-json\/wp\/v2\/product"}],"about":[{"href":"https:\/\/citrosars.nl\/fr\/wp-json\/wp\/v2\/types\/product"}],"wp:featuredmedia":[{"embeddable":true,"href":"https:\/\/citrosars.nl\/fr\/wp-json\/wp\/v2\/media\/59014"}],"wp:attachment":[{"href":"https:\/\/citrosars.nl\/fr\/wp-json\/wp\/v2\/media?parent=11962"}],"wp:term":[{"taxonomy":"product_brand","embeddable":true,"href":"https:\/\/citrosars.nl\/fr\/wp-json\/wp\/v2\/product_brand?post=11962"},{"taxonomy":"product_cat","embeddable":true,"href":"https:\/\/citrosars.nl\/fr\/wp-json\/wp\/v2\/product_cat?post=11962"},{"taxonomy":"product_tag","embeddable":true,"href":"https:\/\/citrosars.nl\/fr\/wp-json\/wp\/v2\/product_tag?post=11962"}],"curies":[{"name":"wp","href":"https:\/\/api.w.org\/{rel}","templated":true}]}}