{"id":11959,"date":"2019-10-31T17:12:01","date_gmt":"2019-10-31T16:12:01","guid":{"rendered":"https:\/\/citrosars.nl\/product\/pompe-sm-revisee-5-71-filetage-a-gauche\/"},"modified":"2022-08-08T10:43:09","modified_gmt":"2022-08-08T08:43:09","slug":"hd-pump-sm-revision-5-71-left-wire","status":"publish","type":"product","link":"https:\/\/citrosars.nl\/fr\/produit\/hd-pump-sm-revision-5-71-left-wire\/","title":{"rendered":"R\u00e9vision SM de la pompe HD 5\/71 &#8211;&gt; filetage \u00e0 gauche"},"content":{"rendered":"<p>Lors de l&rsquo;achat de ce produit, nous demandons un d\u00e9p\u00f4t de \u20ac175,- ex. TVA. Celle-ci sera automatiquement ajout\u00e9e \u00e0 votre commande.<\/p>\n","protected":false},"excerpt":{"rendered":"<p>Pompe hydraulique SM avec nouveau corps de pompe en acier, joint et roulement \u00e0 billes \u00e0 double rang\u00e9e. La pompe est ajust\u00e9e de fa\u00e7on \u00e0 ce que le d\u00e9bit de la pompe soit \u00e0 nouveau maximis\u00e9 et que le d\u00e9bit des 7 pistons soit \u00e9gal. Fourni avec un nouveau tuyau en caoutchouc, n\u00e9cessaire pour l&rsquo;installation et test\u00e9 avant la livraison !<\/p>\n<p>Lors de la commande de cette pompe, une pompe r\u00e9parable avec un filetage \u00e0 gauche doit \u00eatre pr\u00e9sent\u00e9e. Le d\u00e9p\u00f4t est de 175 \u20ac.<\/p>\n","protected":false},"featured_media":66225,"template":"","meta":{"_kad_blocks_custom_css":"","_kad_blocks_head_custom_js":"","_kad_blocks_body_custom_js":"","_kad_blocks_footer_custom_js":"","_kadence_starter_templates_imported_post":false,"_kad_post_transparent":"default","_kad_post_title":"","_kad_post_layout":"default","_kad_post_sidebar_id":"","_kad_post_content_style":"default","_kad_post_vertical_padding":"default","_kad_post_feature":"","_kad_post_feature_position":"","_kad_post_header":false,"_kad_post_footer":false,"_kad_post_classname":""},"product_brand":[],"product_cat":[333,360],"product_tag":[],"class_list":{"0":"post-11959","1":"product","2":"type-product","3":"status-publish","4":"has-post-thumbnail","6":"product_cat-4-sm-freins-commandes-de-frein-et-debrayage-canalisations-transmissions","7":"product_cat-sm-fr","9":"first","10":"instock","11":"taxable","12":"shipping-taxable","13":"purchasable","14":"product-type-simple","15":"entry","16":"content-bg","17":"loop-entry"},"yoast_head":"<!-- This site is optimized with the Yoast SEO plugin v27.3 - https:\/\/yoast.com\/product\/yoast-seo-wordpress\/ -->\n<title>R\u00e9vision SM de la pompe HD 5\/71 -&gt; filetage \u00e0 gauche - CitroSars<\/title>\n<meta name=\"robots\" content=\"index, follow, max-snippet:-1, max-image-preview:large, max-video-preview:-1\" \/>\n<link rel=\"canonical\" href=\"https:\/\/citrosars.nl\/fr\/produit\/hd-pump-sm-revision-5-71-left-wire\/\" \/>\n<meta property=\"og:locale\" content=\"fr_FR\" \/>\n<meta property=\"og:type\" content=\"article\" \/>\n<meta property=\"og:title\" content=\"R\u00e9vision SM de la pompe HD 5\/71 -&gt; filetage \u00e0 gauche - CitroSars\" \/>\n<meta property=\"og:description\" content=\"Pompe hydraulique SM avec nouveau corps de pompe en acier, joint et roulement \u00e0 billes \u00e0 double rang\u00e9e. La pompe est ajust\u00e9e de fa\u00e7on \u00e0 ce que le d\u00e9bit de la pompe soit \u00e0 nouveau maximis\u00e9 et que le d\u00e9bit des 7 pistons soit \u00e9gal. Fourni avec un nouveau tuyau en caoutchouc, n\u00e9cessaire pour l&#039;installation et test\u00e9 avant la livraison !  Lors de la commande de cette pompe, une pompe r\u00e9parable avec un filetage \u00e0 gauche doit \u00eatre pr\u00e9sent\u00e9e. Le d\u00e9p\u00f4t est de 175 \u20ac.\" \/>\n<meta property=\"og:url\" content=\"https:\/\/citrosars.nl\/fr\/produit\/hd-pump-sm-revision-5-71-left-wire\/\" \/>\n<meta property=\"og:site_name\" content=\"CitroSars\" \/>\n<meta property=\"article:modified_time\" content=\"2022-08-08T08:43:09+00:00\" \/>\n<meta property=\"og:image\" content=\"https:\/\/citrosars.nl\/wp-content\/uploads\/2019\/10\/IMG_5807.jpg\" \/>\n\t<meta property=\"og:image:width\" content=\"2560\" \/>\n\t<meta property=\"og:image:height\" content=\"1920\" \/>\n\t<meta property=\"og:image:type\" content=\"image\/jpeg\" \/>\n<meta name=\"twitter:label1\" content=\"Dur\u00e9e de lecture estim\u00e9e\" \/>\n\t<meta name=\"twitter:data1\" content=\"1 minute\" \/>\n<script type=\"application\/ld+json\" class=\"yoast-schema-graph\">{\"@context\":\"https:\\\/\\\/schema.org\",\"@graph\":[{\"@type\":\"WebPage\",\"@id\":\"https:\\\/\\\/citrosars.nl\\\/fr\\\/produit\\\/hd-pump-sm-revision-5-71-left-wire\\\/\",\"url\":\"https:\\\/\\\/citrosars.nl\\\/fr\\\/produit\\\/hd-pump-sm-revision-5-71-left-wire\\\/\",\"name\":\"R\u00e9vision SM de la pompe HD 5\\\/71 -&gt; filetage \u00e0 gauche - CitroSars\",\"isPartOf\":{\"@id\":\"https:\\\/\\\/citrosars.nl\\\/fr\\\/#website\"},\"primaryImageOfPage\":{\"@id\":\"https:\\\/\\\/citrosars.nl\\\/fr\\\/produit\\\/hd-pump-sm-revision-5-71-left-wire\\\/#primaryimage\"},\"image\":{\"@id\":\"https:\\\/\\\/citrosars.nl\\\/fr\\\/produit\\\/hd-pump-sm-revision-5-71-left-wire\\\/#primaryimage\"},\"thumbnailUrl\":\"https:\\\/\\\/citrosars.nl\\\/wp-content\\\/uploads\\\/2026\\\/03\\\/1-1225.jpg\",\"datePublished\":\"2019-10-31T16:12:01+00:00\",\"dateModified\":\"2022-08-08T08:43:09+00:00\",\"breadcrumb\":{\"@id\":\"https:\\\/\\\/citrosars.nl\\\/fr\\\/produit\\\/hd-pump-sm-revision-5-71-left-wire\\\/#breadcrumb\"},\"inLanguage\":\"fr-FR\",\"potentialAction\":[{\"@type\":\"ReadAction\",\"target\":[\"https:\\\/\\\/citrosars.nl\\\/fr\\\/produit\\\/hd-pump-sm-revision-5-71-left-wire\\\/\"]}]},{\"@type\":\"ImageObject\",\"inLanguage\":\"fr-FR\",\"@id\":\"https:\\\/\\\/citrosars.nl\\\/fr\\\/produit\\\/hd-pump-sm-revision-5-71-left-wire\\\/#primaryimage\",\"url\":\"https:\\\/\\\/citrosars.nl\\\/wp-content\\\/uploads\\\/2026\\\/03\\\/1-1225.jpg\",\"contentUrl\":\"https:\\\/\\\/citrosars.nl\\\/wp-content\\\/uploads\\\/2026\\\/03\\\/1-1225.jpg\",\"width\":2560,\"height\":1920},{\"@type\":\"BreadcrumbList\",\"@id\":\"https:\\\/\\\/citrosars.nl\\\/fr\\\/produit\\\/hd-pump-sm-revision-5-71-left-wire\\\/#breadcrumb\",\"itemListElement\":[{\"@type\":\"ListItem\",\"position\":1,\"name\":\"Home\",\"item\":\"https:\\\/\\\/citrosars.nl\\\/fr\\\/\"},{\"@type\":\"ListItem\",\"position\":2,\"name\":\"Webshop\",\"item\":\"https:\\\/\\\/citrosars.nl\\\/fr\\\/webshop\\\/\"},{\"@type\":\"ListItem\",\"position\":3,\"name\":\"R\u00e9vision SM de la pompe HD 5\\\/71 &#8211;&gt; filetage \u00e0 gauche\"}]},{\"@type\":\"WebSite\",\"@id\":\"https:\\\/\\\/citrosars.nl\\\/fr\\\/#website\",\"url\":\"https:\\\/\\\/citrosars.nl\\\/fr\\\/\",\"name\":\"CitroSars\",\"description\":\"CitroSars. DS, SM Restoraton, maintainance, Revision, Sales \\\/ Restauratie, onderhoud en verkoop\",\"publisher\":{\"@id\":\"https:\\\/\\\/citrosars.nl\\\/fr\\\/#organization\"},\"potentialAction\":[{\"@type\":\"SearchAction\",\"target\":{\"@type\":\"EntryPoint\",\"urlTemplate\":\"https:\\\/\\\/citrosars.nl\\\/fr\\\/?s={search_term_string}\"},\"query-input\":{\"@type\":\"PropertyValueSpecification\",\"valueRequired\":true,\"valueName\":\"search_term_string\"}}],\"inLanguage\":\"fr-FR\"},{\"@type\":\"Organization\",\"@id\":\"https:\\\/\\\/citrosars.nl\\\/fr\\\/#organization\",\"name\":\"CitroSars\",\"url\":\"https:\\\/\\\/citrosars.nl\\\/fr\\\/\",\"logo\":{\"@type\":\"ImageObject\",\"inLanguage\":\"fr-FR\",\"@id\":\"https:\\\/\\\/citrosars.nl\\\/fr\\\/#\\\/schema\\\/logo\\\/image\\\/\",\"url\":\"https:\\\/\\\/citrosars.nl\\\/wp-content\\\/uploads\\\/2021\\\/12\\\/citrosars-logo-02-e1638783648691.png\",\"contentUrl\":\"https:\\\/\\\/citrosars.nl\\\/wp-content\\\/uploads\\\/2021\\\/12\\\/citrosars-logo-02-e1638783648691.png\",\"width\":1366,\"height\":324,\"caption\":\"CitroSars\"},\"image\":{\"@id\":\"https:\\\/\\\/citrosars.nl\\\/fr\\\/#\\\/schema\\\/logo\\\/image\\\/\"}}]}<\/script>\n<!-- \/ Yoast SEO plugin. -->","yoast_head_json":{"title":"R\u00e9vision SM de la pompe HD 5\/71 -&gt; filetage \u00e0 gauche - CitroSars","robots":{"index":"index","follow":"follow","max-snippet":"max-snippet:-1","max-image-preview":"max-image-preview:large","max-video-preview":"max-video-preview:-1"},"canonical":"https:\/\/citrosars.nl\/fr\/produit\/hd-pump-sm-revision-5-71-left-wire\/","og_locale":"fr_FR","og_type":"article","og_title":"R\u00e9vision SM de la pompe HD 5\/71 -&gt; filetage \u00e0 gauche - CitroSars","og_description":"Pompe hydraulique SM avec nouveau corps de pompe en acier, joint et roulement \u00e0 billes \u00e0 double rang\u00e9e. La pompe est ajust\u00e9e de fa\u00e7on \u00e0 ce que le d\u00e9bit de la pompe soit \u00e0 nouveau maximis\u00e9 et que le d\u00e9bit des 7 pistons soit \u00e9gal. Fourni avec un nouveau tuyau en caoutchouc, n\u00e9cessaire pour l'installation et test\u00e9 avant la livraison !  Lors de la commande de cette pompe, une pompe r\u00e9parable avec un filetage \u00e0 gauche doit \u00eatre pr\u00e9sent\u00e9e. Le d\u00e9p\u00f4t est de 175 \u20ac.","og_url":"https:\/\/citrosars.nl\/fr\/produit\/hd-pump-sm-revision-5-71-left-wire\/","og_site_name":"CitroSars","article_modified_time":"2022-08-08T08:43:09+00:00","og_image":[{"width":2560,"height":1920,"url":"https:\/\/citrosars.nl\/wp-content\/uploads\/2019\/10\/IMG_5807.jpg","type":"image\/jpeg"}],"twitter_misc":{"Dur\u00e9e de lecture estim\u00e9e":"1 minute"},"schema":{"@context":"https:\/\/schema.org","@graph":[{"@type":"WebPage","@id":"https:\/\/citrosars.nl\/fr\/produit\/hd-pump-sm-revision-5-71-left-wire\/","url":"https:\/\/citrosars.nl\/fr\/produit\/hd-pump-sm-revision-5-71-left-wire\/","name":"R\u00e9vision SM de la pompe HD 5\/71 -&gt; filetage \u00e0 gauche - CitroSars","isPartOf":{"@id":"https:\/\/citrosars.nl\/fr\/#website"},"primaryImageOfPage":{"@id":"https:\/\/citrosars.nl\/fr\/produit\/hd-pump-sm-revision-5-71-left-wire\/#primaryimage"},"image":{"@id":"https:\/\/citrosars.nl\/fr\/produit\/hd-pump-sm-revision-5-71-left-wire\/#primaryimage"},"thumbnailUrl":"https:\/\/citrosars.nl\/wp-content\/uploads\/2026\/03\/1-1225.jpg","datePublished":"2019-10-31T16:12:01+00:00","dateModified":"2022-08-08T08:43:09+00:00","breadcrumb":{"@id":"https:\/\/citrosars.nl\/fr\/produit\/hd-pump-sm-revision-5-71-left-wire\/#breadcrumb"},"inLanguage":"fr-FR","potentialAction":[{"@type":"ReadAction","target":["https:\/\/citrosars.nl\/fr\/produit\/hd-pump-sm-revision-5-71-left-wire\/"]}]},{"@type":"ImageObject","inLanguage":"fr-FR","@id":"https:\/\/citrosars.nl\/fr\/produit\/hd-pump-sm-revision-5-71-left-wire\/#primaryimage","url":"https:\/\/citrosars.nl\/wp-content\/uploads\/2026\/03\/1-1225.jpg","contentUrl":"https:\/\/citrosars.nl\/wp-content\/uploads\/2026\/03\/1-1225.jpg","width":2560,"height":1920},{"@type":"BreadcrumbList","@id":"https:\/\/citrosars.nl\/fr\/produit\/hd-pump-sm-revision-5-71-left-wire\/#breadcrumb","itemListElement":[{"@type":"ListItem","position":1,"name":"Home","item":"https:\/\/citrosars.nl\/fr\/"},{"@type":"ListItem","position":2,"name":"Webshop","item":"https:\/\/citrosars.nl\/fr\/webshop\/"},{"@type":"ListItem","position":3,"name":"R\u00e9vision SM de la pompe HD 5\/71 &#8211;&gt; filetage \u00e0 gauche"}]},{"@type":"WebSite","@id":"https:\/\/citrosars.nl\/fr\/#website","url":"https:\/\/citrosars.nl\/fr\/","name":"CitroSars","description":"CitroSars. DS, SM Restoraton, maintainance, Revision, Sales \/ Restauratie, onderhoud en verkoop","publisher":{"@id":"https:\/\/citrosars.nl\/fr\/#organization"},"potentialAction":[{"@type":"SearchAction","target":{"@type":"EntryPoint","urlTemplate":"https:\/\/citrosars.nl\/fr\/?s={search_term_string}"},"query-input":{"@type":"PropertyValueSpecification","valueRequired":true,"valueName":"search_term_string"}}],"inLanguage":"fr-FR"},{"@type":"Organization","@id":"https:\/\/citrosars.nl\/fr\/#organization","name":"CitroSars","url":"https:\/\/citrosars.nl\/fr\/","logo":{"@type":"ImageObject","inLanguage":"fr-FR","@id":"https:\/\/citrosars.nl\/fr\/#\/schema\/logo\/image\/","url":"https:\/\/citrosars.nl\/wp-content\/uploads\/2021\/12\/citrosars-logo-02-e1638783648691.png","contentUrl":"https:\/\/citrosars.nl\/wp-content\/uploads\/2021\/12\/citrosars-logo-02-e1638783648691.png","width":1366,"height":324,"caption":"CitroSars"},"image":{"@id":"https:\/\/citrosars.nl\/fr\/#\/schema\/logo\/image\/"}}]}},"taxonomy_info":{"product_cat":[{"value":333,"label":"3. SM Essieux, suspension, direction, organes hydrauliques"},{"value":360,"label":"SM"}]},"featured_image_src_large":["https:\/\/citrosars.nl\/wp-content\/uploads\/2026\/03\/1-1225-1024x768.jpg",1024,768,true],"author_info":[],"comment_info":"","_links":{"self":[{"href":"https:\/\/citrosars.nl\/fr\/wp-json\/wp\/v2\/product\/11959","targetHints":{"allow":["GET"]}}],"collection":[{"href":"https:\/\/citrosars.nl\/fr\/wp-json\/wp\/v2\/product"}],"about":[{"href":"https:\/\/citrosars.nl\/fr\/wp-json\/wp\/v2\/types\/product"}],"wp:featuredmedia":[{"embeddable":true,"href":"https:\/\/citrosars.nl\/fr\/wp-json\/wp\/v2\/media\/66225"}],"wp:attachment":[{"href":"https:\/\/citrosars.nl\/fr\/wp-json\/wp\/v2\/media?parent=11959"}],"wp:term":[{"taxonomy":"product_brand","embeddable":true,"href":"https:\/\/citrosars.nl\/fr\/wp-json\/wp\/v2\/product_brand?post=11959"},{"taxonomy":"product_cat","embeddable":true,"href":"https:\/\/citrosars.nl\/fr\/wp-json\/wp\/v2\/product_cat?post=11959"},{"taxonomy":"product_tag","embeddable":true,"href":"https:\/\/citrosars.nl\/fr\/wp-json\/wp\/v2\/product_tag?post=11959"}],"curies":[{"name":"wp","href":"https:\/\/api.w.org\/{rel}","templated":true}]}}