{"id":10814,"date":"2015-06-17T17:49:43","date_gmt":"2015-06-17T15:49:43","guid":{"rendered":"https:\/\/citrosars.nl\/product\/enjoliveur-restaure\/"},"modified":"2022-07-27T11:59:39","modified_gmt":"2022-07-27T09:59:39","slug":"restauration-de-lenjoliveur","status":"publish","type":"product","link":"https:\/\/citrosars.nl\/fr\/produit\/restauration-de-lenjoliveur\/","title":{"rendered":"Enjoliveur restaur\u00e9"},"content":{"rendered":"","protected":false},"excerpt":{"rendered":"<p>La restauration de l\u2019enjoliveur implique: enlever l\u2019ancienne peinture. Polissage de l\u2019enjoliveur. Sablage du verre des surfaces \u00e0 pulv\u00e9riser. Masquage des surfaces \u00e0 pulv\u00e9riser. Vaporiser en noir et gris ou vert. Les enjoliveurs sont fournis en deux couleurs, \u00e0 savoir une nuance de gris ou une nuance de vert. Le prix est par enjoliveur. Vous devez envoyer vos propres enjoliveurs. Si vous n\u2019avez pas d\u2019enjoliveurs, un suppl\u00e9ment de 75 euros HT. TVA par enjoliveur.<\/p>\n","protected":false},"featured_media":6272,"template":"","meta":{"_kad_blocks_custom_css":"","_kad_blocks_head_custom_js":"","_kad_blocks_body_custom_js":"","_kad_blocks_footer_custom_js":"","_kadence_starter_templates_imported_post":false,"_kad_post_transparent":"","_kad_post_title":"","_kad_post_layout":"","_kad_post_sidebar_id":"","_kad_post_content_style":"","_kad_post_vertical_padding":"","_kad_post_feature":"","_kad_post_feature_position":"","_kad_post_header":false,"_kad_post_footer":false,"_kad_post_classname":""},"product_brand":[],"product_cat":[337,360],"product_tag":[],"class_list":{"0":"post-10814","1":"product","2":"type-product","3":"status-publish","4":"has-post-thumbnail","6":"product_cat-7-carrosserie-habillage-ext-glaces-serrures-planche-de-bord","7":"product_cat-sm-fr","9":"first","10":"instock","11":"taxable","12":"shipping-taxable","13":"purchasable","14":"product-type-simple","15":"entry","16":"content-bg","17":"loop-entry"},"yoast_head":"<!-- This site is optimized with the Yoast SEO plugin v27.4 - https:\/\/yoast.com\/product\/yoast-seo-wordpress\/ -->\n<title>Enjoliveur restaur\u00e9 - CitroSars<\/title>\n<meta name=\"robots\" content=\"index, follow, max-snippet:-1, max-image-preview:large, max-video-preview:-1\" \/>\n<link rel=\"canonical\" href=\"https:\/\/citrosars.nl\/fr\/produit\/restauration-de-lenjoliveur\/\" \/>\n<meta property=\"og:locale\" content=\"fr_FR\" \/>\n<meta property=\"og:type\" content=\"article\" \/>\n<meta property=\"og:title\" content=\"Enjoliveur restaur\u00e9 - CitroSars\" \/>\n<meta property=\"og:description\" content=\"La restauration de l\u2019enjoliveur implique: enlever l\u2019ancienne peinture. Polissage de l\u2019enjoliveur. Sablage du verre des surfaces \u00e0 pulv\u00e9riser. Masquage des surfaces \u00e0 pulv\u00e9riser. Vaporiser en noir et gris ou vert. Les enjoliveurs sont fournis en deux couleurs, \u00e0 savoir une nuance de gris ou une nuance de vert. Le prix est par enjoliveur. Vous devez envoyer vos propres enjoliveurs. Si vous n\u2019avez pas d\u2019enjoliveurs, un suppl\u00e9ment de 75 euros HT. TVA par enjoliveur.\" \/>\n<meta property=\"og:url\" content=\"https:\/\/citrosars.nl\/fr\/produit\/restauration-de-lenjoliveur\/\" \/>\n<meta property=\"og:site_name\" content=\"CitroSars\" \/>\n<meta property=\"article:modified_time\" content=\"2022-07-27T09:59:39+00:00\" \/>\n<meta property=\"og:image\" content=\"https:\/\/citrosars.nl\/wp-content\/uploads\/2015\/06\/IMG_2090-1024x683.jpg\" \/>\n\t<meta property=\"og:image:width\" content=\"1024\" \/>\n\t<meta property=\"og:image:height\" content=\"683\" \/>\n\t<meta property=\"og:image:type\" content=\"image\/jpeg\" \/>\n<script type=\"application\/ld+json\" class=\"yoast-schema-graph\">{\"@context\":\"https:\\\/\\\/schema.org\",\"@graph\":[{\"@type\":\"WebPage\",\"@id\":\"https:\\\/\\\/citrosars.nl\\\/fr\\\/produit\\\/restauration-de-lenjoliveur\\\/\",\"url\":\"https:\\\/\\\/citrosars.nl\\\/fr\\\/produit\\\/restauration-de-lenjoliveur\\\/\",\"name\":\"Enjoliveur restaur\u00e9 - CitroSars\",\"isPartOf\":{\"@id\":\"https:\\\/\\\/citrosars.nl\\\/fr\\\/#website\"},\"primaryImageOfPage\":{\"@id\":\"https:\\\/\\\/citrosars.nl\\\/fr\\\/produit\\\/restauration-de-lenjoliveur\\\/#primaryimage\"},\"image\":{\"@id\":\"https:\\\/\\\/citrosars.nl\\\/fr\\\/produit\\\/restauration-de-lenjoliveur\\\/#primaryimage\"},\"thumbnailUrl\":\"https:\\\/\\\/citrosars.nl\\\/wp-content\\\/uploads\\\/2015\\\/06\\\/IMG_2090.jpg\",\"datePublished\":\"2015-06-17T15:49:43+00:00\",\"dateModified\":\"2022-07-27T09:59:39+00:00\",\"breadcrumb\":{\"@id\":\"https:\\\/\\\/citrosars.nl\\\/fr\\\/produit\\\/restauration-de-lenjoliveur\\\/#breadcrumb\"},\"inLanguage\":\"fr-FR\",\"potentialAction\":[{\"@type\":\"ReadAction\",\"target\":[\"https:\\\/\\\/citrosars.nl\\\/fr\\\/produit\\\/restauration-de-lenjoliveur\\\/\"]}]},{\"@type\":\"ImageObject\",\"inLanguage\":\"fr-FR\",\"@id\":\"https:\\\/\\\/citrosars.nl\\\/fr\\\/produit\\\/restauration-de-lenjoliveur\\\/#primaryimage\",\"url\":\"https:\\\/\\\/citrosars.nl\\\/wp-content\\\/uploads\\\/2015\\\/06\\\/IMG_2090.jpg\",\"contentUrl\":\"https:\\\/\\\/citrosars.nl\\\/wp-content\\\/uploads\\\/2015\\\/06\\\/IMG_2090.jpg\",\"width\":4752,\"height\":3168},{\"@type\":\"BreadcrumbList\",\"@id\":\"https:\\\/\\\/citrosars.nl\\\/fr\\\/produit\\\/restauration-de-lenjoliveur\\\/#breadcrumb\",\"itemListElement\":[{\"@type\":\"ListItem\",\"position\":1,\"name\":\"Home\",\"item\":\"https:\\\/\\\/citrosars.nl\\\/fr\\\/\"},{\"@type\":\"ListItem\",\"position\":2,\"name\":\"Webshop\",\"item\":\"https:\\\/\\\/citrosars.nl\\\/fr\\\/webshop\\\/\"},{\"@type\":\"ListItem\",\"position\":3,\"name\":\"Enjoliveur restaur\u00e9\"}]},{\"@type\":\"WebSite\",\"@id\":\"https:\\\/\\\/citrosars.nl\\\/fr\\\/#website\",\"url\":\"https:\\\/\\\/citrosars.nl\\\/fr\\\/\",\"name\":\"CitroSars\",\"description\":\"CitroSars. DS, SM Restoraton, maintainance, Revision, Sales \\\/ Restauratie, onderhoud en verkoop\",\"publisher\":{\"@id\":\"https:\\\/\\\/citrosars.nl\\\/fr\\\/#organization\"},\"potentialAction\":[{\"@type\":\"SearchAction\",\"target\":{\"@type\":\"EntryPoint\",\"urlTemplate\":\"https:\\\/\\\/citrosars.nl\\\/fr\\\/?s={search_term_string}\"},\"query-input\":{\"@type\":\"PropertyValueSpecification\",\"valueRequired\":true,\"valueName\":\"search_term_string\"}}],\"inLanguage\":\"fr-FR\"},{\"@type\":\"Organization\",\"@id\":\"https:\\\/\\\/citrosars.nl\\\/fr\\\/#organization\",\"name\":\"CitroSars\",\"url\":\"https:\\\/\\\/citrosars.nl\\\/fr\\\/\",\"logo\":{\"@type\":\"ImageObject\",\"inLanguage\":\"fr-FR\",\"@id\":\"https:\\\/\\\/citrosars.nl\\\/fr\\\/#\\\/schema\\\/logo\\\/image\\\/\",\"url\":\"https:\\\/\\\/citrosars.nl\\\/wp-content\\\/uploads\\\/2021\\\/12\\\/citrosars-logo-02-e1638783648691.png\",\"contentUrl\":\"https:\\\/\\\/citrosars.nl\\\/wp-content\\\/uploads\\\/2021\\\/12\\\/citrosars-logo-02-e1638783648691.png\",\"width\":1366,\"height\":324,\"caption\":\"CitroSars\"},\"image\":{\"@id\":\"https:\\\/\\\/citrosars.nl\\\/fr\\\/#\\\/schema\\\/logo\\\/image\\\/\"}}]}<\/script>\n<!-- \/ Yoast SEO plugin. -->","yoast_head_json":{"title":"Enjoliveur restaur\u00e9 - CitroSars","robots":{"index":"index","follow":"follow","max-snippet":"max-snippet:-1","max-image-preview":"max-image-preview:large","max-video-preview":"max-video-preview:-1"},"canonical":"https:\/\/citrosars.nl\/fr\/produit\/restauration-de-lenjoliveur\/","og_locale":"fr_FR","og_type":"article","og_title":"Enjoliveur restaur\u00e9 - CitroSars","og_description":"La restauration de l\u2019enjoliveur implique: enlever l\u2019ancienne peinture. Polissage de l\u2019enjoliveur. Sablage du verre des surfaces \u00e0 pulv\u00e9riser. Masquage des surfaces \u00e0 pulv\u00e9riser. Vaporiser en noir et gris ou vert. Les enjoliveurs sont fournis en deux couleurs, \u00e0 savoir une nuance de gris ou une nuance de vert. Le prix est par enjoliveur. Vous devez envoyer vos propres enjoliveurs. Si vous n\u2019avez pas d\u2019enjoliveurs, un suppl\u00e9ment de 75 euros HT. TVA par enjoliveur.","og_url":"https:\/\/citrosars.nl\/fr\/produit\/restauration-de-lenjoliveur\/","og_site_name":"CitroSars","article_modified_time":"2022-07-27T09:59:39+00:00","og_image":[{"width":1024,"height":683,"url":"https:\/\/citrosars.nl\/wp-content\/uploads\/2015\/06\/IMG_2090-1024x683.jpg","type":"image\/jpeg"}],"schema":{"@context":"https:\/\/schema.org","@graph":[{"@type":"WebPage","@id":"https:\/\/citrosars.nl\/fr\/produit\/restauration-de-lenjoliveur\/","url":"https:\/\/citrosars.nl\/fr\/produit\/restauration-de-lenjoliveur\/","name":"Enjoliveur restaur\u00e9 - CitroSars","isPartOf":{"@id":"https:\/\/citrosars.nl\/fr\/#website"},"primaryImageOfPage":{"@id":"https:\/\/citrosars.nl\/fr\/produit\/restauration-de-lenjoliveur\/#primaryimage"},"image":{"@id":"https:\/\/citrosars.nl\/fr\/produit\/restauration-de-lenjoliveur\/#primaryimage"},"thumbnailUrl":"https:\/\/citrosars.nl\/wp-content\/uploads\/2015\/06\/IMG_2090.jpg","datePublished":"2015-06-17T15:49:43+00:00","dateModified":"2022-07-27T09:59:39+00:00","breadcrumb":{"@id":"https:\/\/citrosars.nl\/fr\/produit\/restauration-de-lenjoliveur\/#breadcrumb"},"inLanguage":"fr-FR","potentialAction":[{"@type":"ReadAction","target":["https:\/\/citrosars.nl\/fr\/produit\/restauration-de-lenjoliveur\/"]}]},{"@type":"ImageObject","inLanguage":"fr-FR","@id":"https:\/\/citrosars.nl\/fr\/produit\/restauration-de-lenjoliveur\/#primaryimage","url":"https:\/\/citrosars.nl\/wp-content\/uploads\/2015\/06\/IMG_2090.jpg","contentUrl":"https:\/\/citrosars.nl\/wp-content\/uploads\/2015\/06\/IMG_2090.jpg","width":4752,"height":3168},{"@type":"BreadcrumbList","@id":"https:\/\/citrosars.nl\/fr\/produit\/restauration-de-lenjoliveur\/#breadcrumb","itemListElement":[{"@type":"ListItem","position":1,"name":"Home","item":"https:\/\/citrosars.nl\/fr\/"},{"@type":"ListItem","position":2,"name":"Webshop","item":"https:\/\/citrosars.nl\/fr\/webshop\/"},{"@type":"ListItem","position":3,"name":"Enjoliveur restaur\u00e9"}]},{"@type":"WebSite","@id":"https:\/\/citrosars.nl\/fr\/#website","url":"https:\/\/citrosars.nl\/fr\/","name":"CitroSars","description":"CitroSars. DS, SM Restoraton, maintainance, Revision, Sales \/ Restauratie, onderhoud en verkoop","publisher":{"@id":"https:\/\/citrosars.nl\/fr\/#organization"},"potentialAction":[{"@type":"SearchAction","target":{"@type":"EntryPoint","urlTemplate":"https:\/\/citrosars.nl\/fr\/?s={search_term_string}"},"query-input":{"@type":"PropertyValueSpecification","valueRequired":true,"valueName":"search_term_string"}}],"inLanguage":"fr-FR"},{"@type":"Organization","@id":"https:\/\/citrosars.nl\/fr\/#organization","name":"CitroSars","url":"https:\/\/citrosars.nl\/fr\/","logo":{"@type":"ImageObject","inLanguage":"fr-FR","@id":"https:\/\/citrosars.nl\/fr\/#\/schema\/logo\/image\/","url":"https:\/\/citrosars.nl\/wp-content\/uploads\/2021\/12\/citrosars-logo-02-e1638783648691.png","contentUrl":"https:\/\/citrosars.nl\/wp-content\/uploads\/2021\/12\/citrosars-logo-02-e1638783648691.png","width":1366,"height":324,"caption":"CitroSars"},"image":{"@id":"https:\/\/citrosars.nl\/fr\/#\/schema\/logo\/image\/"}}]}},"taxonomy_info":{"product_cat":[{"value":337,"label":"7. Carrosserie, habillage ext, glaces, serrures, planche de bord"},{"value":360,"label":"SM"}]},"featured_image_src_large":["https:\/\/citrosars.nl\/wp-content\/uploads\/2015\/06\/IMG_2090-1024x683.jpg",1024,683,true],"author_info":[],"comment_info":"","_links":{"self":[{"href":"https:\/\/citrosars.nl\/fr\/wp-json\/wp\/v2\/product\/10814","targetHints":{"allow":["GET"]}}],"collection":[{"href":"https:\/\/citrosars.nl\/fr\/wp-json\/wp\/v2\/product"}],"about":[{"href":"https:\/\/citrosars.nl\/fr\/wp-json\/wp\/v2\/types\/product"}],"wp:featuredmedia":[{"embeddable":true,"href":"https:\/\/citrosars.nl\/fr\/wp-json\/wp\/v2\/media\/6272"}],"wp:attachment":[{"href":"https:\/\/citrosars.nl\/fr\/wp-json\/wp\/v2\/media?parent=10814"}],"wp:term":[{"taxonomy":"product_brand","embeddable":true,"href":"https:\/\/citrosars.nl\/fr\/wp-json\/wp\/v2\/product_brand?post=10814"},{"taxonomy":"product_cat","embeddable":true,"href":"https:\/\/citrosars.nl\/fr\/wp-json\/wp\/v2\/product_cat?post=10814"},{"taxonomy":"product_tag","embeddable":true,"href":"https:\/\/citrosars.nl\/fr\/wp-json\/wp\/v2\/product_tag?post=10814"}],"curies":[{"name":"wp","href":"https:\/\/api.w.org\/{rel}","templated":true}]}}