{"id":33330,"date":"2021-09-29T13:14:49","date_gmt":"2021-09-29T11:14:49","guid":{"rendered":"https:\/\/citrosars.nl\/wat-we-doen\/motorrevisies\/"},"modified":"2022-07-15T10:48:28","modified_gmt":"2022-07-15T08:48:28","slug":"motorrevisies","status":"publish","type":"page","link":"https:\/\/citrosars.nl\/fr\/ce-que-nous-faisons\/motorrevisies\/","title":{"rendered":"Motorrevisies"},"content":{"rendered":"<style>#kt-layout-id_3969e0-f1 > .kt-row-column-wrap{align-content:start;}:where(#kt-layout-id_3969e0-f1 > .kt-row-column-wrap) > .wp-block-kadence-column{justify-content:start;}#kt-layout-id_3969e0-f1 > .kt-row-column-wrap{column-gap:var(--global-kb-gap-md, 2rem);row-gap:var(--global-kb-gap-md, 2rem);padding-top:var( --global-kb-row-default-top, 25px );padding-bottom:var( --global-kb-row-default-bottom, 25px );padding-top:50px;padding-bottom:50px;padding-left:20px;padding-right:20px;grid-template-columns:minmax(0, 1fr);}#kt-layout-id_3969e0-f1{background-color:#0a647c;}#kt-layout-id_3969e0-f1 > .kt-row-layout-overlay{opacity:0.30;}@media all and (max-width: 1024px){#kt-layout-id_3969e0-f1 > .kt-row-column-wrap{grid-template-columns:minmax(0, 1fr);}}@media all and (max-width: 767px){#kt-layout-id_3969e0-f1 > .kt-row-column-wrap{grid-template-columns:minmax(0, 1fr);}}<\/style>\n<div class=\"wp-block-kadence-rowlayout alignnone\"><div id=\"kt-layout-id_3969e0-f1\" class=\"kt-row-layout-inner kt-row-has-bg kt-layout-id_3969e0-f1\"><div class=\"kt-row-column-wrap kt-has-1-columns kt-gutter-default kt-v-gutter-default kt-row-valign-top kt-row-layout-equal kt-tab-layout-inherit kt-m-colapse-left-to-right kt-mobile-layout-row\"><style>.kadence-column_c73ddb-7f > .kt-inside-inner-col{border-top-width:0px;border-right-width:0px;border-bottom-width:0px;border-left-width:0px;}.kadence-column_c73ddb-7f > .kt-inside-inner-col,.kadence-column_c73ddb-7f > .kt-inside-inner-col:before{border-top-left-radius:0px;border-top-right-radius:0px;border-bottom-right-radius:0px;border-bottom-left-radius:0px;}.kadence-column_c73ddb-7f > .kt-inside-inner-col{column-gap:var(--global-kb-gap-sm, 1rem);}.kadence-column_c73ddb-7f > .kt-inside-inner-col{flex-direction:column;}.kadence-column_c73ddb-7f > .kt-inside-inner-col > .aligncenter{width:100%;}.kadence-column_c73ddb-7f > .kt-inside-inner-col:before{opacity:0.3;}.kadence-column_c73ddb-7f{position:relative;}@media all and (max-width: 1024px){.kadence-column_c73ddb-7f > .kt-inside-inner-col{flex-direction:column;justify-content:center;}}@media all and (max-width: 767px){.kadence-column_c73ddb-7f > .kt-inside-inner-col{flex-direction:column;justify-content:center;}}<\/style>\n<div class=\"wp-block-kadence-column inner-column-1 kadence-column_c73ddb-7f\"><div class=\"kt-inside-inner-col\"><style>.wp-block-kadence-advancedheading.kt-adv-heading_1aa265-88, .wp-block-kadence-advancedheading.kt-adv-heading_1aa265-88[data-kb-block=\"kb-adv-heading_1aa265-88\"]{text-align:center;font-style:normal;}.wp-block-kadence-advancedheading.kt-adv-heading_1aa265-88 mark.kt-highlight, .wp-block-kadence-advancedheading.kt-adv-heading_1aa265-88[data-kb-block=\"kb-adv-heading_1aa265-88\"] mark.kt-highlight{font-style:normal;color:#f76a0c;-webkit-box-decoration-break:clone;box-decoration-break:clone;padding-top:0px;padding-right:0px;padding-bottom:0px;padding-left:0px;}.wp-block-kadence-advancedheading.kt-adv-heading_1aa265-88 img.kb-inline-image, .wp-block-kadence-advancedheading.kt-adv-heading_1aa265-88[data-kb-block=\"kb-adv-heading_1aa265-88\"] img.kb-inline-image{width:150px;vertical-align:baseline;}<\/style>\n<h1 class=\"kt-adv-heading_1aa265-88 wp-block-kadence-advancedheading has-theme-palette-9-color has-text-color\" data-kb-block=\"kb-adv-heading_1aa265-88\">R\u00e9visions moteur<\/h1>\n<\/div><\/div>\n<\/div><\/div><\/div>\n\n\n<style>#kt-layout-id_b74f07-44{margin-bottom:0px;}#kt-layout-id_b74f07-44 > .kt-row-column-wrap{align-content:center;}:where(#kt-layout-id_b74f07-44 > .kt-row-column-wrap) > .wp-block-kadence-column{justify-content:center;}#kt-layout-id_b74f07-44 > .kt-row-column-wrap{column-gap:var(--global-kb-gap-lg, 4rem);row-gap:var(--global-kb-gap-md, 2rem);max-width:1100px;margin-left:auto;margin-right:auto;padding-top:var( --global-kb-row-default-top, 25px );padding-bottom:var( --global-kb-row-default-bottom, 25px );padding-top:100px;padding-bottom:0px;padding-left:20px;padding-right:20px;grid-template-columns:repeat(2, minmax(0, 1fr));}#kt-layout-id_b74f07-44 > .kt-row-layout-overlay{opacity:0.30;}@media all and (max-width: 1024px){#kt-layout-id_b74f07-44 > .kt-row-column-wrap{grid-template-columns:repeat(2, minmax(0, 1fr));}}@media all and (max-width: 767px){#kt-layout-id_b74f07-44 > .kt-row-column-wrap{grid-template-columns:minmax(0, 1fr);}}<\/style>\n<div class=\"wp-block-kadence-rowlayout alignnone\"><div id=\"kt-layout-id_b74f07-44\" class=\"kt-row-layout-inner kt-layout-id_b74f07-44\"><div class=\"kt-row-column-wrap kt-has-2-columns kt-gutter-wider kt-v-gutter-default kt-row-valign-middle kt-row-layout-equal kt-tab-layout-inherit kt-m-colapse-left-to-right kt-mobile-layout-row\"><style>.kadence-column_d876fa-10 > .kt-inside-inner-col{border-top-width:0px;border-right-width:0px;border-bottom-width:0px;border-left-width:0px;}.kadence-column_d876fa-10 > .kt-inside-inner-col,.kadence-column_d876fa-10 > .kt-inside-inner-col:before{border-top-left-radius:0px;border-top-right-radius:0px;border-bottom-right-radius:0px;border-bottom-left-radius:0px;}.kadence-column_d876fa-10 > .kt-inside-inner-col{column-gap:var(--global-kb-gap-sm, 1rem);}.kadence-column_d876fa-10 > .kt-inside-inner-col{flex-direction:column;}.kadence-column_d876fa-10 > .kt-inside-inner-col > .aligncenter{width:100%;}.kadence-column_d876fa-10 > .kt-inside-inner-col:before{opacity:0.3;}.kadence-column_d876fa-10{position:relative;}@media all and (max-width: 1024px){.kadence-column_d876fa-10 > .kt-inside-inner-col{flex-direction:column;justify-content:center;}}@media all and (max-width: 767px){.kadence-column_d876fa-10 > .kt-inside-inner-col{flex-direction:column;justify-content:center;}}<\/style>\n<div class=\"wp-block-kadence-column inner-column-1 kadence-column_d876fa-10\"><div class=\"kt-inside-inner-col\">\n<div class=\"wp-block-columns is-layout-flex wp-container-core-columns-is-layout-9d6595d7 wp-block-columns-is-layout-flex\">\n<div class=\"wp-block-column is-layout-flow wp-block-column-is-layout-flow\" style=\"flex-basis:100%\"><style>.kb-image_520bf9-2f .kb-image-has-overlay:after{opacity:0.3;}<\/style>\n<figure class=\"wp-block-kadence-image kb-image_520bf9-2f size-large\"><img decoding=\"async\" src=\"https:\/\/citrosars.nl\/wp-content\/uploads\/2021\/12\/motorrevisies-scaled.jpeg\" alt=\"\" class=\"kb-img wp-image-28112\"\/><\/figure>\n<\/div>\n<\/div>\n\n\n\n<div class=\"wp-block-columns is-layout-flex wp-container-core-columns-is-layout-9d6595d7 wp-block-columns-is-layout-flex\">\n<div class=\"wp-block-column is-layout-flow wp-block-column-is-layout-flow\" style=\"flex-basis:100%\"><style>.kb-image_de6c7c-54 .kb-image-has-overlay:after{opacity:0.3;}<\/style>\n<figure class=\"wp-block-kadence-image kb-image_de6c7c-54 size-large label-groen-wat-we-doen\"><img decoding=\"async\" src=\"https:\/\/citrosars.nl\/wp-content\/uploads\/2021\/12\/26.png\" alt=\"\" class=\"kb-img wp-image-27721\"\/><\/figure>\n<\/div>\n<\/div>\n<\/div><\/div>\n\n\n<style>.kadence-column_1029e5-c1 > .kt-inside-inner-col{border-top-width:0px;border-right-width:0px;border-bottom-width:0px;border-left-width:0px;}.kadence-column_1029e5-c1 > .kt-inside-inner-col,.kadence-column_1029e5-c1 > .kt-inside-inner-col:before{border-top-left-radius:0px;border-top-right-radius:0px;border-bottom-right-radius:0px;border-bottom-left-radius:0px;}.kadence-column_1029e5-c1 > .kt-inside-inner-col{column-gap:var(--global-kb-gap-sm, 1rem);}.kadence-column_1029e5-c1 > .kt-inside-inner-col{flex-direction:column;}.kadence-column_1029e5-c1 > .kt-inside-inner-col > .aligncenter{width:100%;}.kadence-column_1029e5-c1 > .kt-inside-inner-col:before{opacity:0.3;}.kadence-column_1029e5-c1{position:relative;}@media all and (max-width: 1024px){.kadence-column_1029e5-c1 > .kt-inside-inner-col{flex-direction:column;justify-content:center;}}@media all and (max-width: 767px){.kadence-column_1029e5-c1 > .kt-inside-inner-col{flex-direction:column;justify-content:center;}}<\/style>\n<div class=\"wp-block-kadence-column inner-column-2 kadence-column_1029e5-c1\"><div class=\"kt-inside-inner-col\">\n<p>Le moteur Maserati des SM et Merak s&rsquo;est forg\u00e9 \u00e0 tort une mauvaise r\u00e9putation dans le pass\u00e9. La cause en est que les cha\u00eenes de distribution ne sont pas remplac\u00e9es \u00e0 temps, ce qui provoque la rupture de nombreux moteurs qui<br>march\u00e9 encore. Celles-ci doivent \u00eatre remplac\u00e9s \u00e0 65 000 km. Cette intervention co\u00fbteuse a \u00e9t\u00e9 ignor\u00e9e par de nombreux conducteurs Citro\u00ebn avec toutes ses cons\u00e9quences.<\/p>\n\n\n\n<p>La r\u00e9vision du moteur est une question complexe qui n\u00e9cessite beaucoup de connaissances et d&rsquo;exp\u00e9rience. CitroSars a une grande exp\u00e9rience pour garantir que les moteurs durent de mani\u00e8re fiable pendant longtemps.<\/p>\n<\/div><\/div>\n<\/div><\/div><\/div>\n\n\n<style>#kt-layout-id_1409a4-4b{margin-top:0px;}#kt-layout-id_1409a4-4b > .kt-row-column-wrap{align-content:start;}:where(#kt-layout-id_1409a4-4b > .kt-row-column-wrap) > .wp-block-kadence-column{justify-content:start;}#kt-layout-id_1409a4-4b > .kt-row-column-wrap{column-gap:var(--global-kb-gap-md, 2rem);row-gap:var(--global-kb-gap-md, 2rem);max-width:1100px;margin-left:auto;margin-right:auto;padding-top:var( --global-kb-row-default-top, 25px );padding-bottom:var( --global-kb-row-default-bottom, 25px );padding-top:0px;grid-template-columns:minmax(0, 1fr);}#kt-layout-id_1409a4-4b > .kt-row-layout-overlay{opacity:0.30;}@media all and (max-width: 1024px){#kt-layout-id_1409a4-4b > .kt-row-column-wrap{grid-template-columns:minmax(0, 1fr);}}@media all and (max-width: 767px){#kt-layout-id_1409a4-4b > .kt-row-column-wrap{grid-template-columns:minmax(0, 1fr);}}<\/style>\n<div class=\"wp-block-kadence-rowlayout alignnone\"><div id=\"kt-layout-id_1409a4-4b\" class=\"kt-row-layout-inner kt-layout-id_1409a4-4b\"><div class=\"kt-row-column-wrap kt-has-1-columns kt-gutter-default kt-v-gutter-default kt-row-valign-top kt-row-layout-equal kt-tab-layout-inherit kt-m-colapse-left-to-right kt-mobile-layout-row\"><style>.kadence-column_b25e23-eb > .kt-inside-inner-col{border-top-width:0px;border-right-width:0px;border-bottom-width:0px;border-left-width:0px;}.kadence-column_b25e23-eb > .kt-inside-inner-col,.kadence-column_b25e23-eb > .kt-inside-inner-col:before{border-top-left-radius:0px;border-top-right-radius:0px;border-bottom-right-radius:0px;border-bottom-left-radius:0px;}.kadence-column_b25e23-eb > .kt-inside-inner-col{column-gap:var(--global-kb-gap-sm, 1rem);}.kadence-column_b25e23-eb > .kt-inside-inner-col{flex-direction:column;}.kadence-column_b25e23-eb > .kt-inside-inner-col > .aligncenter{width:100%;}.kadence-column_b25e23-eb > .kt-inside-inner-col:before{opacity:0.3;}.kadence-column_b25e23-eb{position:relative;}@media all and (max-width: 1024px){.kadence-column_b25e23-eb > .kt-inside-inner-col{flex-direction:column;justify-content:center;}}@media all and (max-width: 767px){.kadence-column_b25e23-eb > .kt-inside-inner-col{flex-direction:column;justify-content:center;}}<\/style>\n<div class=\"wp-block-kadence-column inner-column-1 kadence-column_b25e23-eb\"><div class=\"kt-inside-inner-col\">\n<figure class=\"wp-block-video\"><video height=\"1080\" style=\"aspect-ratio: 1920 \/ 1080;\" width=\"1920\" controls src=\"https:\/\/citrosars.nl\/wp-content\/uploads\/2022\/07\/Motor-video-2.mp4\"><\/video><\/figure>\n<\/div><\/div>\n<\/div><\/div><\/div>\n\n\n\n<div class=\"wp-block-group is-nowrap is-layout-flex wp-container-core-group-is-layout-d32b7073 wp-block-group-is-layout-flex\" style=\"padding-top:0px;padding-right:20rem;padding-bottom:0px;padding-left:20rem\">\n<p><strong>Pour en voir plus:<\/strong> <a href=\"https:\/\/www.youtube.com\/watch?v=3h7VlrtRPYI\">https:\/\/www.youtube.com\/watch?v=3h7VlrtRPYI<\/a> <a href=\"https:\/\/www.youtube.com\/watch?v=CjcHSqxGcuc\">https:\/\/www.youtube.com\/watch?v=CjcHSqxGcuc<\/a> <a href=\"https:\/\/www.youtube.com\/watch?v=VronoBXr-VY\">https:\/\/www.youtube.com\/watch?v=VronoBXr-VY<\/a><\/p>\n<\/div>\n","protected":false},"excerpt":{"rendered":"<p>R\u00e9visions moteur Le moteur Maserati des SM et Merak s&rsquo;est forg\u00e9 \u00e0 tort une mauvaise r\u00e9putation dans le pass\u00e9. La cause en est que les cha\u00eenes de distribution ne sont pas remplac\u00e9es \u00e0 temps, ce qui provoque la rupture de nombreux moteurs quimarch\u00e9 encore. Celles-ci doivent \u00eatre remplac\u00e9s \u00e0 65 000 km. Cette intervention co\u00fbteuse&#8230;<\/p>\n","protected":false},"author":27,"featured_media":29808,"parent":33260,"menu_order":0,"comment_status":"closed","ping_status":"closed","template":"","meta":{"_kad_blocks_custom_css":"","_kad_blocks_head_custom_js":"","_kad_blocks_body_custom_js":"","_kad_blocks_footer_custom_js":"","_kadence_starter_templates_imported_post":false,"_kad_post_transparent":"","_kad_post_title":"","_kad_post_layout":"fullwidth","_kad_post_sidebar_id":"","_kad_post_content_style":"","_kad_post_vertical_padding":"","_kad_post_feature":"","_kad_post_feature_position":"","_kad_post_header":false,"_kad_post_footer":false,"_kad_post_classname":"","footnotes":""},"class_list":["post-33330","page","type-page","status-publish","has-post-thumbnail","hentry"],"yoast_head":"<!-- This site is optimized with the Yoast SEO plugin v27.3 - https:\/\/yoast.com\/product\/yoast-seo-wordpress\/ -->\n<title>Motorrevisies - CitroSars<\/title>\n<meta name=\"robots\" content=\"index, follow, max-snippet:-1, max-image-preview:large, max-video-preview:-1\" \/>\n<link rel=\"canonical\" href=\"https:\/\/citrosars.nl\/fr\/ce-que-nous-faisons\/motorrevisies\/\" \/>\n<meta property=\"og:locale\" content=\"fr_FR\" \/>\n<meta property=\"og:type\" content=\"article\" \/>\n<meta property=\"og:title\" content=\"Motorrevisies - CitroSars\" \/>\n<meta property=\"og:description\" content=\"R\u00e9visions moteur Le moteur Maserati des SM et Merak s&rsquo;est forg\u00e9 \u00e0 tort une mauvaise r\u00e9putation dans le pass\u00e9. La cause en est que les cha\u00eenes de distribution ne sont pas remplac\u00e9es \u00e0 temps, ce qui provoque la rupture de nombreux moteurs quimarch\u00e9 encore. Celles-ci doivent \u00eatre remplac\u00e9s \u00e0 65 000 km. Cette intervention co\u00fbteuse...\" \/>\n<meta property=\"og:url\" content=\"https:\/\/citrosars.nl\/fr\/ce-que-nous-faisons\/motorrevisies\/\" \/>\n<meta property=\"og:site_name\" content=\"CitroSars\" \/>\n<meta property=\"article:modified_time\" content=\"2022-07-15T08:48:28+00:00\" \/>\n<meta property=\"og:image\" content=\"https:\/\/citrosars.nl\/wp-content\/uploads\/2021\/12\/motorrevisies-scaled-1.jpeg\" \/>\n\t<meta property=\"og:image:width\" content=\"2560\" \/>\n\t<meta property=\"og:image:height\" content=\"1920\" \/>\n\t<meta property=\"og:image:type\" content=\"image\/jpeg\" \/>\n<meta name=\"twitter:label1\" content=\"Dur\u00e9e de lecture estim\u00e9e\" \/>\n\t<meta name=\"twitter:data1\" content=\"1 minute\" \/>\n<script type=\"application\/ld+json\" class=\"yoast-schema-graph\">{\"@context\":\"https:\\\/\\\/schema.org\",\"@graph\":[{\"@type\":\"WebPage\",\"@id\":\"https:\\\/\\\/citrosars.nl\\\/fr\\\/ce-que-nous-faisons\\\/motorrevisies\\\/\",\"url\":\"https:\\\/\\\/citrosars.nl\\\/fr\\\/ce-que-nous-faisons\\\/motorrevisies\\\/\",\"name\":\"Motorrevisies - CitroSars\",\"isPartOf\":{\"@id\":\"https:\\\/\\\/citrosars.nl\\\/fr\\\/#website\"},\"primaryImageOfPage\":{\"@id\":\"https:\\\/\\\/citrosars.nl\\\/fr\\\/ce-que-nous-faisons\\\/motorrevisies\\\/#primaryimage\"},\"image\":{\"@id\":\"https:\\\/\\\/citrosars.nl\\\/fr\\\/ce-que-nous-faisons\\\/motorrevisies\\\/#primaryimage\"},\"thumbnailUrl\":\"https:\\\/\\\/citrosars.nl\\\/wp-content\\\/uploads\\\/2021\\\/12\\\/motorrevisies-scaled-1.jpeg\",\"datePublished\":\"2021-09-29T11:14:49+00:00\",\"dateModified\":\"2022-07-15T08:48:28+00:00\",\"breadcrumb\":{\"@id\":\"https:\\\/\\\/citrosars.nl\\\/fr\\\/ce-que-nous-faisons\\\/motorrevisies\\\/#breadcrumb\"},\"inLanguage\":\"fr-FR\",\"potentialAction\":[{\"@type\":\"ReadAction\",\"target\":[\"https:\\\/\\\/citrosars.nl\\\/fr\\\/ce-que-nous-faisons\\\/motorrevisies\\\/\"]}]},{\"@type\":\"ImageObject\",\"inLanguage\":\"fr-FR\",\"@id\":\"https:\\\/\\\/citrosars.nl\\\/fr\\\/ce-que-nous-faisons\\\/motorrevisies\\\/#primaryimage\",\"url\":\"https:\\\/\\\/citrosars.nl\\\/wp-content\\\/uploads\\\/2021\\\/12\\\/motorrevisies-scaled-1.jpeg\",\"contentUrl\":\"https:\\\/\\\/citrosars.nl\\\/wp-content\\\/uploads\\\/2021\\\/12\\\/motorrevisies-scaled-1.jpeg\",\"width\":2560,\"height\":1920},{\"@type\":\"BreadcrumbList\",\"@id\":\"https:\\\/\\\/citrosars.nl\\\/fr\\\/ce-que-nous-faisons\\\/motorrevisies\\\/#breadcrumb\",\"itemListElement\":[{\"@type\":\"ListItem\",\"position\":1,\"name\":\"Home\",\"item\":\"https:\\\/\\\/citrosars.nl\\\/fr\\\/\"},{\"@type\":\"ListItem\",\"position\":2,\"name\":\"Wat we doen\",\"item\":\"https:\\\/\\\/citrosars.nl\\\/fr\\\/ce-que-nous-faisons\\\/\"},{\"@type\":\"ListItem\",\"position\":3,\"name\":\"Motorrevisies\"}]},{\"@type\":\"WebSite\",\"@id\":\"https:\\\/\\\/citrosars.nl\\\/fr\\\/#website\",\"url\":\"https:\\\/\\\/citrosars.nl\\\/fr\\\/\",\"name\":\"CitroSars\",\"description\":\"CitroSars. DS, SM Restoraton, maintainance, Revision, Sales \\\/ Restauratie, onderhoud en verkoop\",\"publisher\":{\"@id\":\"https:\\\/\\\/citrosars.nl\\\/fr\\\/#organization\"},\"potentialAction\":[{\"@type\":\"SearchAction\",\"target\":{\"@type\":\"EntryPoint\",\"urlTemplate\":\"https:\\\/\\\/citrosars.nl\\\/fr\\\/?s={search_term_string}\"},\"query-input\":{\"@type\":\"PropertyValueSpecification\",\"valueRequired\":true,\"valueName\":\"search_term_string\"}}],\"inLanguage\":\"fr-FR\"},{\"@type\":\"Organization\",\"@id\":\"https:\\\/\\\/citrosars.nl\\\/fr\\\/#organization\",\"name\":\"CitroSars\",\"url\":\"https:\\\/\\\/citrosars.nl\\\/fr\\\/\",\"logo\":{\"@type\":\"ImageObject\",\"inLanguage\":\"fr-FR\",\"@id\":\"https:\\\/\\\/citrosars.nl\\\/fr\\\/#\\\/schema\\\/logo\\\/image\\\/\",\"url\":\"https:\\\/\\\/citrosars.nl\\\/wp-content\\\/uploads\\\/2021\\\/12\\\/citrosars-logo-02-e1638783648691.png\",\"contentUrl\":\"https:\\\/\\\/citrosars.nl\\\/wp-content\\\/uploads\\\/2021\\\/12\\\/citrosars-logo-02-e1638783648691.png\",\"width\":1366,\"height\":324,\"caption\":\"CitroSars\"},\"image\":{\"@id\":\"https:\\\/\\\/citrosars.nl\\\/fr\\\/#\\\/schema\\\/logo\\\/image\\\/\"}}]}<\/script>\n<!-- \/ Yoast SEO plugin. -->","yoast_head_json":{"title":"Motorrevisies - CitroSars","robots":{"index":"index","follow":"follow","max-snippet":"max-snippet:-1","max-image-preview":"max-image-preview:large","max-video-preview":"max-video-preview:-1"},"canonical":"https:\/\/citrosars.nl\/fr\/ce-que-nous-faisons\/motorrevisies\/","og_locale":"fr_FR","og_type":"article","og_title":"Motorrevisies - CitroSars","og_description":"R\u00e9visions moteur Le moteur Maserati des SM et Merak s&rsquo;est forg\u00e9 \u00e0 tort une mauvaise r\u00e9putation dans le pass\u00e9. La cause en est que les cha\u00eenes de distribution ne sont pas remplac\u00e9es \u00e0 temps, ce qui provoque la rupture de nombreux moteurs quimarch\u00e9 encore. Celles-ci doivent \u00eatre remplac\u00e9s \u00e0 65 000 km. Cette intervention co\u00fbteuse...","og_url":"https:\/\/citrosars.nl\/fr\/ce-que-nous-faisons\/motorrevisies\/","og_site_name":"CitroSars","article_modified_time":"2022-07-15T08:48:28+00:00","og_image":[{"width":2560,"height":1920,"url":"https:\/\/citrosars.nl\/wp-content\/uploads\/2021\/12\/motorrevisies-scaled-1.jpeg","type":"image\/jpeg"}],"twitter_misc":{"Dur\u00e9e de lecture estim\u00e9e":"1 minute"},"schema":{"@context":"https:\/\/schema.org","@graph":[{"@type":"WebPage","@id":"https:\/\/citrosars.nl\/fr\/ce-que-nous-faisons\/motorrevisies\/","url":"https:\/\/citrosars.nl\/fr\/ce-que-nous-faisons\/motorrevisies\/","name":"Motorrevisies - CitroSars","isPartOf":{"@id":"https:\/\/citrosars.nl\/fr\/#website"},"primaryImageOfPage":{"@id":"https:\/\/citrosars.nl\/fr\/ce-que-nous-faisons\/motorrevisies\/#primaryimage"},"image":{"@id":"https:\/\/citrosars.nl\/fr\/ce-que-nous-faisons\/motorrevisies\/#primaryimage"},"thumbnailUrl":"https:\/\/citrosars.nl\/wp-content\/uploads\/2021\/12\/motorrevisies-scaled-1.jpeg","datePublished":"2021-09-29T11:14:49+00:00","dateModified":"2022-07-15T08:48:28+00:00","breadcrumb":{"@id":"https:\/\/citrosars.nl\/fr\/ce-que-nous-faisons\/motorrevisies\/#breadcrumb"},"inLanguage":"fr-FR","potentialAction":[{"@type":"ReadAction","target":["https:\/\/citrosars.nl\/fr\/ce-que-nous-faisons\/motorrevisies\/"]}]},{"@type":"ImageObject","inLanguage":"fr-FR","@id":"https:\/\/citrosars.nl\/fr\/ce-que-nous-faisons\/motorrevisies\/#primaryimage","url":"https:\/\/citrosars.nl\/wp-content\/uploads\/2021\/12\/motorrevisies-scaled-1.jpeg","contentUrl":"https:\/\/citrosars.nl\/wp-content\/uploads\/2021\/12\/motorrevisies-scaled-1.jpeg","width":2560,"height":1920},{"@type":"BreadcrumbList","@id":"https:\/\/citrosars.nl\/fr\/ce-que-nous-faisons\/motorrevisies\/#breadcrumb","itemListElement":[{"@type":"ListItem","position":1,"name":"Home","item":"https:\/\/citrosars.nl\/fr\/"},{"@type":"ListItem","position":2,"name":"Wat we doen","item":"https:\/\/citrosars.nl\/fr\/ce-que-nous-faisons\/"},{"@type":"ListItem","position":3,"name":"Motorrevisies"}]},{"@type":"WebSite","@id":"https:\/\/citrosars.nl\/fr\/#website","url":"https:\/\/citrosars.nl\/fr\/","name":"CitroSars","description":"CitroSars. DS, SM Restoraton, maintainance, Revision, Sales \/ Restauratie, onderhoud en verkoop","publisher":{"@id":"https:\/\/citrosars.nl\/fr\/#organization"},"potentialAction":[{"@type":"SearchAction","target":{"@type":"EntryPoint","urlTemplate":"https:\/\/citrosars.nl\/fr\/?s={search_term_string}"},"query-input":{"@type":"PropertyValueSpecification","valueRequired":true,"valueName":"search_term_string"}}],"inLanguage":"fr-FR"},{"@type":"Organization","@id":"https:\/\/citrosars.nl\/fr\/#organization","name":"CitroSars","url":"https:\/\/citrosars.nl\/fr\/","logo":{"@type":"ImageObject","inLanguage":"fr-FR","@id":"https:\/\/citrosars.nl\/fr\/#\/schema\/logo\/image\/","url":"https:\/\/citrosars.nl\/wp-content\/uploads\/2021\/12\/citrosars-logo-02-e1638783648691.png","contentUrl":"https:\/\/citrosars.nl\/wp-content\/uploads\/2021\/12\/citrosars-logo-02-e1638783648691.png","width":1366,"height":324,"caption":"CitroSars"},"image":{"@id":"https:\/\/citrosars.nl\/fr\/#\/schema\/logo\/image\/"}}]}},"taxonomy_info":[],"featured_image_src_large":["https:\/\/citrosars.nl\/wp-content\/uploads\/2021\/12\/motorrevisies-scaled-1-1024x768.jpeg",1024,768,true],"author_info":{"display_name":"Thijs Hulshof","author_link":"https:\/\/citrosars.nl\/fr\/author\/puik\/"},"comment_info":"","_links":{"self":[{"href":"https:\/\/citrosars.nl\/fr\/wp-json\/wp\/v2\/pages\/33330","targetHints":{"allow":["GET"]}}],"collection":[{"href":"https:\/\/citrosars.nl\/fr\/wp-json\/wp\/v2\/pages"}],"about":[{"href":"https:\/\/citrosars.nl\/fr\/wp-json\/wp\/v2\/types\/page"}],"author":[{"embeddable":true,"href":"https:\/\/citrosars.nl\/fr\/wp-json\/wp\/v2\/users\/27"}],"replies":[{"embeddable":true,"href":"https:\/\/citrosars.nl\/fr\/wp-json\/wp\/v2\/comments?post=33330"}],"version-history":[{"count":8,"href":"https:\/\/citrosars.nl\/fr\/wp-json\/wp\/v2\/pages\/33330\/revisions"}],"predecessor-version":[{"id":40029,"href":"https:\/\/citrosars.nl\/fr\/wp-json\/wp\/v2\/pages\/33330\/revisions\/40029"}],"up":[{"embeddable":true,"href":"https:\/\/citrosars.nl\/fr\/wp-json\/wp\/v2\/pages\/33260"}],"wp:featuredmedia":[{"embeddable":true,"href":"https:\/\/citrosars.nl\/fr\/wp-json\/wp\/v2\/media\/29808"}],"wp:attachment":[{"href":"https:\/\/citrosars.nl\/fr\/wp-json\/wp\/v2\/media?parent=33330"}],"curies":[{"name":"wp","href":"https:\/\/api.w.org\/{rel}","templated":true}]}}