{"id":32760,"date":"2021-03-25T11:25:52","date_gmt":"2021-03-25T10:25:52","guid":{"rendered":"https:\/\/citrosars.nl\/product\/draagarm-ds-berline-compleet-revisie-links\/"},"modified":"2022-07-06T13:37:22","modified_gmt":"2022-07-06T11:37:22","slug":"support-arms-berline-complete-revision-left","status":"publish","type":"product","link":"https:\/\/citrosars.nl\/es\/producto\/support-arms-berline-complete-revision-left\/","title":{"rendered":"Eje trasero DS Berline revisi\u00f3n completa a la izquierda"},"content":{"rendered":"<p>Al comprar este producto, cobramos un dep\u00f3sito de 200,- euros ex. EL IVA. Esto se a\u00f1adir\u00e1 autom\u00e1ticamente a su pedido.<\/p>\n","protected":false},"excerpt":{"rendered":"<p>Al comprar este producto, cobramos un dep\u00f3sito de 200,- euros ex. EL IVA. Esto se a\u00f1adir\u00e1 autom\u00e1ticamente a su pedido.<\/p>\n","protected":false},"featured_media":0,"template":"","meta":{"_kad_blocks_custom_css":"","_kad_blocks_head_custom_js":"","_kad_blocks_body_custom_js":"","_kad_blocks_footer_custom_js":"","_kadence_starter_templates_imported_post":false,"_kad_post_transparent":"default","_kad_post_title":"","_kad_post_layout":"default","_kad_post_sidebar_id":"","_kad_post_content_style":"default","_kad_post_vertical_padding":"default","_kad_post_feature":"","_kad_post_feature_position":"","_kad_post_header":false,"_kad_post_footer":false,"_kad_post_classname":""},"product_brand":[],"product_cat":[461,441],"product_tag":[],"class_list":{"0":"post-32760","1":"product","2":"type-product","3":"status-publish","5":"product_cat-3-wielophanging-besturing-en-hydraulische-componenten-es","6":"product_cat-ds-es-2","8":"first","9":"outofstock","10":"taxable","11":"shipping-taxable","12":"purchasable","13":"product-type-simple","14":"entry","15":"content-bg","16":"loop-entry"},"yoast_head":"<!-- This site is optimized with the Yoast SEO plugin v27.3 - https:\/\/yoast.com\/product\/yoast-seo-wordpress\/ -->\n<title>Eje trasero DS Berline revisi\u00f3n completa a la izquierda - CitroSars<\/title>\n<meta name=\"robots\" content=\"index, follow, max-snippet:-1, max-image-preview:large, max-video-preview:-1\" \/>\n<link rel=\"canonical\" href=\"https:\/\/citrosars.nl\/es\/producto\/support-arms-berline-complete-revision-left\/\" \/>\n<meta property=\"og:locale\" content=\"es_ES\" \/>\n<meta property=\"og:type\" content=\"article\" \/>\n<meta property=\"og:title\" content=\"Eje trasero DS Berline revisi\u00f3n completa a la izquierda - CitroSars\" \/>\n<meta property=\"og:description\" content=\"Al comprar este producto, cobramos un dep\u00f3sito de 200,- euros ex. EL IVA. Esto se a\u00f1adir\u00e1 autom\u00e1ticamente a su pedido.\" \/>\n<meta property=\"og:url\" content=\"https:\/\/citrosars.nl\/es\/producto\/support-arms-berline-complete-revision-left\/\" \/>\n<meta property=\"og:site_name\" content=\"CitroSars\" \/>\n<meta property=\"article:modified_time\" content=\"2022-07-06T11:37:22+00:00\" \/>\n<script type=\"application\/ld+json\" class=\"yoast-schema-graph\">{\"@context\":\"https:\\\/\\\/schema.org\",\"@graph\":[{\"@type\":\"WebPage\",\"@id\":\"https:\\\/\\\/citrosars.nl\\\/es\\\/producto\\\/support-arms-berline-complete-revision-left\\\/\",\"url\":\"https:\\\/\\\/citrosars.nl\\\/es\\\/producto\\\/support-arms-berline-complete-revision-left\\\/\",\"name\":\"Eje trasero DS Berline revisi\u00f3n completa a la izquierda - CitroSars\",\"isPartOf\":{\"@id\":\"https:\\\/\\\/citrosars.nl\\\/es\\\/#website\"},\"datePublished\":\"2021-03-25T10:25:52+00:00\",\"dateModified\":\"2022-07-06T11:37:22+00:00\",\"breadcrumb\":{\"@id\":\"https:\\\/\\\/citrosars.nl\\\/es\\\/producto\\\/support-arms-berline-complete-revision-left\\\/#breadcrumb\"},\"inLanguage\":\"es\",\"potentialAction\":[{\"@type\":\"ReadAction\",\"target\":[\"https:\\\/\\\/citrosars.nl\\\/es\\\/producto\\\/support-arms-berline-complete-revision-left\\\/\"]}]},{\"@type\":\"BreadcrumbList\",\"@id\":\"https:\\\/\\\/citrosars.nl\\\/es\\\/producto\\\/support-arms-berline-complete-revision-left\\\/#breadcrumb\",\"itemListElement\":[{\"@type\":\"ListItem\",\"position\":1,\"name\":\"Home\",\"item\":\"https:\\\/\\\/citrosars.nl\\\/es\\\/\"},{\"@type\":\"ListItem\",\"position\":2,\"name\":\"Webshop\",\"item\":\"https:\\\/\\\/citrosars.nl\\\/es\\\/webshop\\\/\"},{\"@type\":\"ListItem\",\"position\":3,\"name\":\"Eje trasero DS Berline revisi\u00f3n completa a la izquierda\"}]},{\"@type\":\"WebSite\",\"@id\":\"https:\\\/\\\/citrosars.nl\\\/es\\\/#website\",\"url\":\"https:\\\/\\\/citrosars.nl\\\/es\\\/\",\"name\":\"CitroSars\",\"description\":\"CitroSars. DS, SM Restoraton, maintainance, Revision, Sales \\\/ Restauratie, onderhoud en verkoop\",\"publisher\":{\"@id\":\"https:\\\/\\\/citrosars.nl\\\/es\\\/#organization\"},\"potentialAction\":[{\"@type\":\"SearchAction\",\"target\":{\"@type\":\"EntryPoint\",\"urlTemplate\":\"https:\\\/\\\/citrosars.nl\\\/es\\\/?s={search_term_string}\"},\"query-input\":{\"@type\":\"PropertyValueSpecification\",\"valueRequired\":true,\"valueName\":\"search_term_string\"}}],\"inLanguage\":\"es\"},{\"@type\":\"Organization\",\"@id\":\"https:\\\/\\\/citrosars.nl\\\/es\\\/#organization\",\"name\":\"CitroSars\",\"url\":\"https:\\\/\\\/citrosars.nl\\\/es\\\/\",\"logo\":{\"@type\":\"ImageObject\",\"inLanguage\":\"es\",\"@id\":\"https:\\\/\\\/citrosars.nl\\\/es\\\/#\\\/schema\\\/logo\\\/image\\\/\",\"url\":\"https:\\\/\\\/citrosars.nl\\\/wp-content\\\/uploads\\\/2021\\\/12\\\/citrosars-logo-02-e1638783648691.png\",\"contentUrl\":\"https:\\\/\\\/citrosars.nl\\\/wp-content\\\/uploads\\\/2021\\\/12\\\/citrosars-logo-02-e1638783648691.png\",\"width\":1366,\"height\":324,\"caption\":\"CitroSars\"},\"image\":{\"@id\":\"https:\\\/\\\/citrosars.nl\\\/es\\\/#\\\/schema\\\/logo\\\/image\\\/\"}}]}<\/script>\n<!-- \/ Yoast SEO plugin. -->","yoast_head_json":{"title":"Eje trasero DS Berline revisi\u00f3n completa a la izquierda - CitroSars","robots":{"index":"index","follow":"follow","max-snippet":"max-snippet:-1","max-image-preview":"max-image-preview:large","max-video-preview":"max-video-preview:-1"},"canonical":"https:\/\/citrosars.nl\/es\/producto\/support-arms-berline-complete-revision-left\/","og_locale":"es_ES","og_type":"article","og_title":"Eje trasero DS Berline revisi\u00f3n completa a la izquierda - CitroSars","og_description":"Al comprar este producto, cobramos un dep\u00f3sito de 200,- euros ex. EL IVA. Esto se a\u00f1adir\u00e1 autom\u00e1ticamente a su pedido.","og_url":"https:\/\/citrosars.nl\/es\/producto\/support-arms-berline-complete-revision-left\/","og_site_name":"CitroSars","article_modified_time":"2022-07-06T11:37:22+00:00","schema":{"@context":"https:\/\/schema.org","@graph":[{"@type":"WebPage","@id":"https:\/\/citrosars.nl\/es\/producto\/support-arms-berline-complete-revision-left\/","url":"https:\/\/citrosars.nl\/es\/producto\/support-arms-berline-complete-revision-left\/","name":"Eje trasero DS Berline revisi\u00f3n completa a la izquierda - CitroSars","isPartOf":{"@id":"https:\/\/citrosars.nl\/es\/#website"},"datePublished":"2021-03-25T10:25:52+00:00","dateModified":"2022-07-06T11:37:22+00:00","breadcrumb":{"@id":"https:\/\/citrosars.nl\/es\/producto\/support-arms-berline-complete-revision-left\/#breadcrumb"},"inLanguage":"es","potentialAction":[{"@type":"ReadAction","target":["https:\/\/citrosars.nl\/es\/producto\/support-arms-berline-complete-revision-left\/"]}]},{"@type":"BreadcrumbList","@id":"https:\/\/citrosars.nl\/es\/producto\/support-arms-berline-complete-revision-left\/#breadcrumb","itemListElement":[{"@type":"ListItem","position":1,"name":"Home","item":"https:\/\/citrosars.nl\/es\/"},{"@type":"ListItem","position":2,"name":"Webshop","item":"https:\/\/citrosars.nl\/es\/webshop\/"},{"@type":"ListItem","position":3,"name":"Eje trasero DS Berline revisi\u00f3n completa a la izquierda"}]},{"@type":"WebSite","@id":"https:\/\/citrosars.nl\/es\/#website","url":"https:\/\/citrosars.nl\/es\/","name":"CitroSars","description":"CitroSars. DS, SM Restoraton, maintainance, Revision, Sales \/ Restauratie, onderhoud en verkoop","publisher":{"@id":"https:\/\/citrosars.nl\/es\/#organization"},"potentialAction":[{"@type":"SearchAction","target":{"@type":"EntryPoint","urlTemplate":"https:\/\/citrosars.nl\/es\/?s={search_term_string}"},"query-input":{"@type":"PropertyValueSpecification","valueRequired":true,"valueName":"search_term_string"}}],"inLanguage":"es"},{"@type":"Organization","@id":"https:\/\/citrosars.nl\/es\/#organization","name":"CitroSars","url":"https:\/\/citrosars.nl\/es\/","logo":{"@type":"ImageObject","inLanguage":"es","@id":"https:\/\/citrosars.nl\/es\/#\/schema\/logo\/image\/","url":"https:\/\/citrosars.nl\/wp-content\/uploads\/2021\/12\/citrosars-logo-02-e1638783648691.png","contentUrl":"https:\/\/citrosars.nl\/wp-content\/uploads\/2021\/12\/citrosars-logo-02-e1638783648691.png","width":1366,"height":324,"caption":"CitroSars"},"image":{"@id":"https:\/\/citrosars.nl\/es\/#\/schema\/logo\/image\/"}}]}},"taxonomy_info":{"product_cat":[{"value":461,"label":"3. DS Ejes, Suspension, Direccion, Organos Hidraulicos."},{"value":441,"label":"DS"}]},"featured_image_src_large":false,"author_info":[],"comment_info":"","_links":{"self":[{"href":"https:\/\/citrosars.nl\/es\/wp-json\/wp\/v2\/product\/32760","targetHints":{"allow":["GET"]}}],"collection":[{"href":"https:\/\/citrosars.nl\/es\/wp-json\/wp\/v2\/product"}],"about":[{"href":"https:\/\/citrosars.nl\/es\/wp-json\/wp\/v2\/types\/product"}],"wp:attachment":[{"href":"https:\/\/citrosars.nl\/es\/wp-json\/wp\/v2\/media?parent=32760"}],"wp:term":[{"taxonomy":"product_brand","embeddable":true,"href":"https:\/\/citrosars.nl\/es\/wp-json\/wp\/v2\/product_brand?post=32760"},{"taxonomy":"product_cat","embeddable":true,"href":"https:\/\/citrosars.nl\/es\/wp-json\/wp\/v2\/product_cat?post=32760"},{"taxonomy":"product_tag","embeddable":true,"href":"https:\/\/citrosars.nl\/es\/wp-json\/wp\/v2\/product_tag?post=32760"}],"curies":[{"name":"wp","href":"https:\/\/api.w.org\/{rel}","templated":true}]}}