{"id":22300,"date":"2015-06-17T17:49:16","date_gmt":"2015-06-17T15:49:16","guid":{"rendered":"https:\/\/citrosars.nl\/product\/stuurhuis-gereviseerd-handgeschakeld\/"},"modified":"2022-08-08T11:50:40","modified_gmt":"2022-08-08T09:50:40","slug":"manual-revisado-de-la-caseta-de-mando","status":"publish","type":"product","link":"https:\/\/citrosars.nl\/es\/producto\/manual-revisado-de-la-caseta-de-mando\/","title":{"rendered":"Wheelhouse SM manual revisado"},"content":{"rendered":"<p>Al comprar este producto cobramos un dep\u00f3sito de \u20ac 500, &#8211; ex. EL IVA. Esto se a\u00f1adir\u00e1 autom\u00e1ticamente a su pedido.<\/p>\n","protected":false},"excerpt":{"rendered":"<p>Tim\u00f3n totalmente reformado. Nuevo pist\u00f3n, sellos y juego de cubierta antipolvo. Repintado en verde y probado. Debe enviar su propia caseta de mando para el intercambio.<\/p>\n<p>Hay peque\u00f1as diferencias en las casetas de mando. En particular, las l\u00edneas de retorno son diferentes en varios timones. Consulte los boletines de servicio.<\/p>\n<p>Un tim\u00f3n revisado se basa en el intercambio. Nos devuelves el viejo y obtienes uno revisado. el dep\u00f3sito es de \u20ac500,-<\/p>\n","protected":false},"featured_media":61083,"template":"","meta":{"_kad_blocks_custom_css":"","_kad_blocks_head_custom_js":"","_kad_blocks_body_custom_js":"","_kad_blocks_footer_custom_js":"","_kadence_starter_templates_imported_post":false,"_kad_post_transparent":"default","_kad_post_title":"","_kad_post_layout":"default","_kad_post_sidebar_id":"","_kad_post_content_style":"default","_kad_post_vertical_padding":"default","_kad_post_feature":"","_kad_post_feature_position":"","_kad_post_header":false,"_kad_post_footer":false,"_kad_post_classname":""},"product_brand":[],"product_cat":[459,453],"product_tag":[],"class_list":{"0":"post-22300","1":"product","2":"type-product","3":"status-publish","4":"has-post-thumbnail","6":"product_cat-wielophanging-besturing-en-hydraulische-componenten-es","7":"product_cat-sm-es","9":"first","10":"instock","11":"taxable","12":"shipping-taxable","13":"purchasable","14":"product-type-simple","15":"entry","16":"content-bg","17":"loop-entry"},"yoast_head":"<!-- This site is optimized with the Yoast SEO plugin v27.3 - https:\/\/yoast.com\/product\/yoast-seo-wordpress\/ -->\n<title>Wheelhouse SM manual revisado - CitroSars<\/title>\n<meta name=\"robots\" content=\"index, follow, max-snippet:-1, max-image-preview:large, max-video-preview:-1\" \/>\n<link rel=\"canonical\" href=\"https:\/\/citrosars.nl\/es\/producto\/manual-revisado-de-la-caseta-de-mando\/\" \/>\n<meta property=\"og:locale\" content=\"es_ES\" \/>\n<meta property=\"og:type\" content=\"article\" \/>\n<meta property=\"og:title\" content=\"Wheelhouse SM manual revisado - CitroSars\" \/>\n<meta property=\"og:description\" content=\"Tim\u00f3n totalmente reformado. Nuevo pist\u00f3n, sellos y juego de cubierta antipolvo. Repintado en verde y probado. Debe enviar su propia caseta de mando para el intercambio.  Hay peque\u00f1as diferencias en las casetas de mando. En particular, las l\u00edneas de retorno son diferentes en varios timones. Consulte los boletines de servicio.  Un tim\u00f3n revisado se basa en el intercambio. Nos devuelves el viejo y obtienes uno revisado. el dep\u00f3sito es de \u20ac500,-\" \/>\n<meta property=\"og:url\" content=\"https:\/\/citrosars.nl\/es\/producto\/manual-revisado-de-la-caseta-de-mando\/\" \/>\n<meta property=\"og:site_name\" content=\"CitroSars\" \/>\n<meta property=\"article:modified_time\" content=\"2022-08-08T09:50:40+00:00\" \/>\n<meta property=\"og:image\" content=\"https:\/\/citrosars.nl\/wp-content\/uploads\/2015\/06\/IMG_0996-1024x683.jpg\" \/>\n\t<meta property=\"og:image:width\" content=\"1024\" \/>\n\t<meta property=\"og:image:height\" content=\"683\" \/>\n\t<meta property=\"og:image:type\" content=\"image\/jpeg\" \/>\n<meta name=\"twitter:label1\" content=\"Tiempo de lectura\" \/>\n\t<meta name=\"twitter:data1\" content=\"1 minuto\" \/>\n<script type=\"application\/ld+json\" class=\"yoast-schema-graph\">{\"@context\":\"https:\\\/\\\/schema.org\",\"@graph\":[{\"@type\":\"WebPage\",\"@id\":\"https:\\\/\\\/citrosars.nl\\\/es\\\/producto\\\/manual-revisado-de-la-caseta-de-mando\\\/\",\"url\":\"https:\\\/\\\/citrosars.nl\\\/es\\\/producto\\\/manual-revisado-de-la-caseta-de-mando\\\/\",\"name\":\"Wheelhouse SM manual revisado - CitroSars\",\"isPartOf\":{\"@id\":\"https:\\\/\\\/citrosars.nl\\\/es\\\/#website\"},\"primaryImageOfPage\":{\"@id\":\"https:\\\/\\\/citrosars.nl\\\/es\\\/producto\\\/manual-revisado-de-la-caseta-de-mando\\\/#primaryimage\"},\"image\":{\"@id\":\"https:\\\/\\\/citrosars.nl\\\/es\\\/producto\\\/manual-revisado-de-la-caseta-de-mando\\\/#primaryimage\"},\"thumbnailUrl\":\"https:\\\/\\\/citrosars.nl\\\/wp-content\\\/uploads\\\/2026\\\/03\\\/1-783-scaled.jpg\",\"datePublished\":\"2015-06-17T15:49:16+00:00\",\"dateModified\":\"2022-08-08T09:50:40+00:00\",\"breadcrumb\":{\"@id\":\"https:\\\/\\\/citrosars.nl\\\/es\\\/producto\\\/manual-revisado-de-la-caseta-de-mando\\\/#breadcrumb\"},\"inLanguage\":\"es\",\"potentialAction\":[{\"@type\":\"ReadAction\",\"target\":[\"https:\\\/\\\/citrosars.nl\\\/es\\\/producto\\\/manual-revisado-de-la-caseta-de-mando\\\/\"]}]},{\"@type\":\"ImageObject\",\"inLanguage\":\"es\",\"@id\":\"https:\\\/\\\/citrosars.nl\\\/es\\\/producto\\\/manual-revisado-de-la-caseta-de-mando\\\/#primaryimage\",\"url\":\"https:\\\/\\\/citrosars.nl\\\/wp-content\\\/uploads\\\/2026\\\/03\\\/1-783-scaled.jpg\",\"contentUrl\":\"https:\\\/\\\/citrosars.nl\\\/wp-content\\\/uploads\\\/2026\\\/03\\\/1-783-scaled.jpg\",\"width\":2560,\"height\":1707},{\"@type\":\"BreadcrumbList\",\"@id\":\"https:\\\/\\\/citrosars.nl\\\/es\\\/producto\\\/manual-revisado-de-la-caseta-de-mando\\\/#breadcrumb\",\"itemListElement\":[{\"@type\":\"ListItem\",\"position\":1,\"name\":\"Home\",\"item\":\"https:\\\/\\\/citrosars.nl\\\/es\\\/\"},{\"@type\":\"ListItem\",\"position\":2,\"name\":\"Webshop\",\"item\":\"https:\\\/\\\/citrosars.nl\\\/es\\\/webshop\\\/\"},{\"@type\":\"ListItem\",\"position\":3,\"name\":\"Wheelhouse SM manual revisado\"}]},{\"@type\":\"WebSite\",\"@id\":\"https:\\\/\\\/citrosars.nl\\\/es\\\/#website\",\"url\":\"https:\\\/\\\/citrosars.nl\\\/es\\\/\",\"name\":\"CitroSars\",\"description\":\"CitroSars. DS, SM Restoraton, maintainance, Revision, Sales \\\/ Restauratie, onderhoud en verkoop\",\"publisher\":{\"@id\":\"https:\\\/\\\/citrosars.nl\\\/es\\\/#organization\"},\"potentialAction\":[{\"@type\":\"SearchAction\",\"target\":{\"@type\":\"EntryPoint\",\"urlTemplate\":\"https:\\\/\\\/citrosars.nl\\\/es\\\/?s={search_term_string}\"},\"query-input\":{\"@type\":\"PropertyValueSpecification\",\"valueRequired\":true,\"valueName\":\"search_term_string\"}}],\"inLanguage\":\"es\"},{\"@type\":\"Organization\",\"@id\":\"https:\\\/\\\/citrosars.nl\\\/es\\\/#organization\",\"name\":\"CitroSars\",\"url\":\"https:\\\/\\\/citrosars.nl\\\/es\\\/\",\"logo\":{\"@type\":\"ImageObject\",\"inLanguage\":\"es\",\"@id\":\"https:\\\/\\\/citrosars.nl\\\/es\\\/#\\\/schema\\\/logo\\\/image\\\/\",\"url\":\"https:\\\/\\\/citrosars.nl\\\/wp-content\\\/uploads\\\/2021\\\/12\\\/citrosars-logo-02-e1638783648691.png\",\"contentUrl\":\"https:\\\/\\\/citrosars.nl\\\/wp-content\\\/uploads\\\/2021\\\/12\\\/citrosars-logo-02-e1638783648691.png\",\"width\":1366,\"height\":324,\"caption\":\"CitroSars\"},\"image\":{\"@id\":\"https:\\\/\\\/citrosars.nl\\\/es\\\/#\\\/schema\\\/logo\\\/image\\\/\"}}]}<\/script>\n<!-- \/ Yoast SEO plugin. -->","yoast_head_json":{"title":"Wheelhouse SM manual revisado - CitroSars","robots":{"index":"index","follow":"follow","max-snippet":"max-snippet:-1","max-image-preview":"max-image-preview:large","max-video-preview":"max-video-preview:-1"},"canonical":"https:\/\/citrosars.nl\/es\/producto\/manual-revisado-de-la-caseta-de-mando\/","og_locale":"es_ES","og_type":"article","og_title":"Wheelhouse SM manual revisado - CitroSars","og_description":"Tim\u00f3n totalmente reformado. Nuevo pist\u00f3n, sellos y juego de cubierta antipolvo. Repintado en verde y probado. Debe enviar su propia caseta de mando para el intercambio.  Hay peque\u00f1as diferencias en las casetas de mando. En particular, las l\u00edneas de retorno son diferentes en varios timones. Consulte los boletines de servicio.  Un tim\u00f3n revisado se basa en el intercambio. Nos devuelves el viejo y obtienes uno revisado. el dep\u00f3sito es de \u20ac500,-","og_url":"https:\/\/citrosars.nl\/es\/producto\/manual-revisado-de-la-caseta-de-mando\/","og_site_name":"CitroSars","article_modified_time":"2022-08-08T09:50:40+00:00","og_image":[{"width":1024,"height":683,"url":"https:\/\/citrosars.nl\/wp-content\/uploads\/2015\/06\/IMG_0996-1024x683.jpg","type":"image\/jpeg"}],"twitter_misc":{"Tiempo de lectura":"1 minuto"},"schema":{"@context":"https:\/\/schema.org","@graph":[{"@type":"WebPage","@id":"https:\/\/citrosars.nl\/es\/producto\/manual-revisado-de-la-caseta-de-mando\/","url":"https:\/\/citrosars.nl\/es\/producto\/manual-revisado-de-la-caseta-de-mando\/","name":"Wheelhouse SM manual revisado - CitroSars","isPartOf":{"@id":"https:\/\/citrosars.nl\/es\/#website"},"primaryImageOfPage":{"@id":"https:\/\/citrosars.nl\/es\/producto\/manual-revisado-de-la-caseta-de-mando\/#primaryimage"},"image":{"@id":"https:\/\/citrosars.nl\/es\/producto\/manual-revisado-de-la-caseta-de-mando\/#primaryimage"},"thumbnailUrl":"https:\/\/citrosars.nl\/wp-content\/uploads\/2026\/03\/1-783-scaled.jpg","datePublished":"2015-06-17T15:49:16+00:00","dateModified":"2022-08-08T09:50:40+00:00","breadcrumb":{"@id":"https:\/\/citrosars.nl\/es\/producto\/manual-revisado-de-la-caseta-de-mando\/#breadcrumb"},"inLanguage":"es","potentialAction":[{"@type":"ReadAction","target":["https:\/\/citrosars.nl\/es\/producto\/manual-revisado-de-la-caseta-de-mando\/"]}]},{"@type":"ImageObject","inLanguage":"es","@id":"https:\/\/citrosars.nl\/es\/producto\/manual-revisado-de-la-caseta-de-mando\/#primaryimage","url":"https:\/\/citrosars.nl\/wp-content\/uploads\/2026\/03\/1-783-scaled.jpg","contentUrl":"https:\/\/citrosars.nl\/wp-content\/uploads\/2026\/03\/1-783-scaled.jpg","width":2560,"height":1707},{"@type":"BreadcrumbList","@id":"https:\/\/citrosars.nl\/es\/producto\/manual-revisado-de-la-caseta-de-mando\/#breadcrumb","itemListElement":[{"@type":"ListItem","position":1,"name":"Home","item":"https:\/\/citrosars.nl\/es\/"},{"@type":"ListItem","position":2,"name":"Webshop","item":"https:\/\/citrosars.nl\/es\/webshop\/"},{"@type":"ListItem","position":3,"name":"Wheelhouse SM manual revisado"}]},{"@type":"WebSite","@id":"https:\/\/citrosars.nl\/es\/#website","url":"https:\/\/citrosars.nl\/es\/","name":"CitroSars","description":"CitroSars. DS, SM Restoraton, maintainance, Revision, Sales \/ Restauratie, onderhoud en verkoop","publisher":{"@id":"https:\/\/citrosars.nl\/es\/#organization"},"potentialAction":[{"@type":"SearchAction","target":{"@type":"EntryPoint","urlTemplate":"https:\/\/citrosars.nl\/es\/?s={search_term_string}"},"query-input":{"@type":"PropertyValueSpecification","valueRequired":true,"valueName":"search_term_string"}}],"inLanguage":"es"},{"@type":"Organization","@id":"https:\/\/citrosars.nl\/es\/#organization","name":"CitroSars","url":"https:\/\/citrosars.nl\/es\/","logo":{"@type":"ImageObject","inLanguage":"es","@id":"https:\/\/citrosars.nl\/es\/#\/schema\/logo\/image\/","url":"https:\/\/citrosars.nl\/wp-content\/uploads\/2021\/12\/citrosars-logo-02-e1638783648691.png","contentUrl":"https:\/\/citrosars.nl\/wp-content\/uploads\/2021\/12\/citrosars-logo-02-e1638783648691.png","width":1366,"height":324,"caption":"CitroSars"},"image":{"@id":"https:\/\/citrosars.nl\/es\/#\/schema\/logo\/image\/"}}]}},"taxonomy_info":{"product_cat":[{"value":459,"label":"3. SM Ejes, Suspension, Direccion, Organos Hidraulicos."},{"value":453,"label":"SM"}]},"featured_image_src_large":["https:\/\/citrosars.nl\/wp-content\/uploads\/2026\/03\/1-783-1024x683.jpg",1024,683,true],"author_info":[],"comment_info":"","_links":{"self":[{"href":"https:\/\/citrosars.nl\/es\/wp-json\/wp\/v2\/product\/22300","targetHints":{"allow":["GET"]}}],"collection":[{"href":"https:\/\/citrosars.nl\/es\/wp-json\/wp\/v2\/product"}],"about":[{"href":"https:\/\/citrosars.nl\/es\/wp-json\/wp\/v2\/types\/product"}],"wp:featuredmedia":[{"embeddable":true,"href":"https:\/\/citrosars.nl\/es\/wp-json\/wp\/v2\/media\/61083"}],"wp:attachment":[{"href":"https:\/\/citrosars.nl\/es\/wp-json\/wp\/v2\/media?parent=22300"}],"wp:term":[{"taxonomy":"product_brand","embeddable":true,"href":"https:\/\/citrosars.nl\/es\/wp-json\/wp\/v2\/product_brand?post=22300"},{"taxonomy":"product_cat","embeddable":true,"href":"https:\/\/citrosars.nl\/es\/wp-json\/wp\/v2\/product_cat?post=22300"},{"taxonomy":"product_tag","embeddable":true,"href":"https:\/\/citrosars.nl\/es\/wp-json\/wp\/v2\/product_tag?post=22300"}],"curies":[{"name":"wp","href":"https:\/\/api.w.org\/{rel}","templated":true}]}}