{"id":22105,"date":"2015-06-17T17:49:19","date_gmt":"2015-06-17T15:49:19","guid":{"rendered":"https:\/\/citrosars.nl\/product\/veerbol-deelbaar-nieuwe-schokbreker-sm-voor-40\/"},"modified":"2022-08-01T19:34:10","modified_gmt":"2022-08-01T17:34:10","slug":"bombilla-de-resorte-divisible-nuevo-amortiguador-sm-para-40","status":"publish","type":"product","link":"https:\/\/citrosars.nl\/es\/producto\/bombilla-de-resorte-divisible-nuevo-amortiguador-sm-para-40\/","title":{"rendered":"Revisi\u00f3n divisible de la bola de resorte SM con nuevo amortiguador para 40"},"content":{"rendered":"<p>Al comprar este producto, cobramos un dep\u00f3sito de 75,- euros ex. EL IVA. Esto se a\u00f1adir\u00e1 autom\u00e1ticamente a su pedido.<\/p>\n","protected":false},"excerpt":{"rendered":"<p>Revisi\u00f3n de la bola de resorte SM LHM para equipado con nuevo amortiguador, diafragma y nueva tapa de llenado<br \/>\nAl comprar este art\u00edculo, debe devolver una bola de resorte (sin da\u00f1os) que est\u00e9 equipada con un amortiguador fijo (sellado).<br \/>\nCuando devuelva una bombilla de resorte da\u00f1ada, o una copia con un amortiguador extra\u00edble, el dep\u00f3sito calculado de \u20ac 75, &#8211; ex. No se acreditar\u00e1 el IVA.<\/p>\n","protected":false},"featured_media":57963,"template":"","meta":{"_kad_blocks_custom_css":"","_kad_blocks_head_custom_js":"","_kad_blocks_body_custom_js":"","_kad_blocks_footer_custom_js":"","_kadence_starter_templates_imported_post":false,"_kad_post_transparent":"default","_kad_post_title":"","_kad_post_layout":"default","_kad_post_sidebar_id":"","_kad_post_content_style":"default","_kad_post_vertical_padding":"default","_kad_post_feature":"","_kad_post_feature_position":"","_kad_post_header":false,"_kad_post_footer":false,"_kad_post_classname":""},"product_brand":[],"product_cat":[459,453],"product_tag":[],"class_list":{"0":"post-22105","1":"product","2":"type-product","3":"status-publish","4":"has-post-thumbnail","6":"product_cat-wielophanging-besturing-en-hydraulische-componenten-es","7":"product_cat-sm-es","9":"first","10":"instock","11":"taxable","12":"shipping-taxable","13":"purchasable","14":"product-type-simple","15":"entry","16":"content-bg","17":"loop-entry"},"yoast_head":"<!-- This site is optimized with the Yoast SEO plugin v27.3 - https:\/\/yoast.com\/product\/yoast-seo-wordpress\/ -->\n<title>Revisi\u00f3n divisible de la bola de resorte SM con nuevo amortiguador para 40 - CitroSars<\/title>\n<meta name=\"robots\" content=\"index, follow, max-snippet:-1, max-image-preview:large, max-video-preview:-1\" \/>\n<link rel=\"canonical\" href=\"https:\/\/citrosars.nl\/es\/producto\/bombilla-de-resorte-divisible-nuevo-amortiguador-sm-para-40\/\" \/>\n<meta property=\"og:locale\" content=\"es_ES\" \/>\n<meta property=\"og:type\" content=\"article\" \/>\n<meta property=\"og:title\" content=\"Revisi\u00f3n divisible de la bola de resorte SM con nuevo amortiguador para 40 - CitroSars\" \/>\n<meta property=\"og:description\" content=\"Revisi\u00f3n de la bola de resorte SM LHM para equipado con nuevo amortiguador, diafragma y nueva tapa de llenado Al comprar este art\u00edculo, debe devolver una bola de resorte (sin da\u00f1os) que est\u00e9 equipada con un amortiguador fijo (sellado). Cuando devuelva una bombilla de resorte da\u00f1ada, o una copia con un amortiguador extra\u00edble, el dep\u00f3sito calculado de \u20ac 75, - ex. No se acreditar\u00e1 el IVA.\" \/>\n<meta property=\"og:url\" content=\"https:\/\/citrosars.nl\/es\/producto\/bombilla-de-resorte-divisible-nuevo-amortiguador-sm-para-40\/\" \/>\n<meta property=\"og:site_name\" content=\"CitroSars\" \/>\n<meta property=\"article:modified_time\" content=\"2022-08-01T17:34:10+00:00\" \/>\n<meta property=\"og:image\" content=\"https:\/\/citrosars.nl\/wp-content\/uploads\/2015\/06\/IMG_0909-1024x683.jpg\" \/>\n\t<meta property=\"og:image:width\" content=\"1024\" \/>\n\t<meta property=\"og:image:height\" content=\"683\" \/>\n\t<meta property=\"og:image:type\" content=\"image\/jpeg\" \/>\n<script type=\"application\/ld+json\" class=\"yoast-schema-graph\">{\"@context\":\"https:\\\/\\\/schema.org\",\"@graph\":[{\"@type\":\"WebPage\",\"@id\":\"https:\\\/\\\/citrosars.nl\\\/es\\\/producto\\\/bombilla-de-resorte-divisible-nuevo-amortiguador-sm-para-40\\\/\",\"url\":\"https:\\\/\\\/citrosars.nl\\\/es\\\/producto\\\/bombilla-de-resorte-divisible-nuevo-amortiguador-sm-para-40\\\/\",\"name\":\"Revisi\u00f3n divisible de la bola de resorte SM con nuevo amortiguador para 40 - CitroSars\",\"isPartOf\":{\"@id\":\"https:\\\/\\\/citrosars.nl\\\/es\\\/#website\"},\"primaryImageOfPage\":{\"@id\":\"https:\\\/\\\/citrosars.nl\\\/es\\\/producto\\\/bombilla-de-resorte-divisible-nuevo-amortiguador-sm-para-40\\\/#primaryimage\"},\"image\":{\"@id\":\"https:\\\/\\\/citrosars.nl\\\/es\\\/producto\\\/bombilla-de-resorte-divisible-nuevo-amortiguador-sm-para-40\\\/#primaryimage\"},\"thumbnailUrl\":\"https:\\\/\\\/citrosars.nl\\\/wp-content\\\/uploads\\\/2026\\\/03\\\/1-537-scaled.jpg\",\"datePublished\":\"2015-06-17T15:49:19+00:00\",\"dateModified\":\"2022-08-01T17:34:10+00:00\",\"breadcrumb\":{\"@id\":\"https:\\\/\\\/citrosars.nl\\\/es\\\/producto\\\/bombilla-de-resorte-divisible-nuevo-amortiguador-sm-para-40\\\/#breadcrumb\"},\"inLanguage\":\"es\",\"potentialAction\":[{\"@type\":\"ReadAction\",\"target\":[\"https:\\\/\\\/citrosars.nl\\\/es\\\/producto\\\/bombilla-de-resorte-divisible-nuevo-amortiguador-sm-para-40\\\/\"]}]},{\"@type\":\"ImageObject\",\"inLanguage\":\"es\",\"@id\":\"https:\\\/\\\/citrosars.nl\\\/es\\\/producto\\\/bombilla-de-resorte-divisible-nuevo-amortiguador-sm-para-40\\\/#primaryimage\",\"url\":\"https:\\\/\\\/citrosars.nl\\\/wp-content\\\/uploads\\\/2026\\\/03\\\/1-537-scaled.jpg\",\"contentUrl\":\"https:\\\/\\\/citrosars.nl\\\/wp-content\\\/uploads\\\/2026\\\/03\\\/1-537-scaled.jpg\",\"width\":2560,\"height\":1707},{\"@type\":\"BreadcrumbList\",\"@id\":\"https:\\\/\\\/citrosars.nl\\\/es\\\/producto\\\/bombilla-de-resorte-divisible-nuevo-amortiguador-sm-para-40\\\/#breadcrumb\",\"itemListElement\":[{\"@type\":\"ListItem\",\"position\":1,\"name\":\"Home\",\"item\":\"https:\\\/\\\/citrosars.nl\\\/es\\\/\"},{\"@type\":\"ListItem\",\"position\":2,\"name\":\"Webshop\",\"item\":\"https:\\\/\\\/citrosars.nl\\\/es\\\/webshop\\\/\"},{\"@type\":\"ListItem\",\"position\":3,\"name\":\"Revisi\u00f3n divisible de la bola de resorte SM con nuevo amortiguador para 40\"}]},{\"@type\":\"WebSite\",\"@id\":\"https:\\\/\\\/citrosars.nl\\\/es\\\/#website\",\"url\":\"https:\\\/\\\/citrosars.nl\\\/es\\\/\",\"name\":\"CitroSars\",\"description\":\"CitroSars. DS, SM Restoraton, maintainance, Revision, Sales \\\/ Restauratie, onderhoud en verkoop\",\"publisher\":{\"@id\":\"https:\\\/\\\/citrosars.nl\\\/es\\\/#organization\"},\"potentialAction\":[{\"@type\":\"SearchAction\",\"target\":{\"@type\":\"EntryPoint\",\"urlTemplate\":\"https:\\\/\\\/citrosars.nl\\\/es\\\/?s={search_term_string}\"},\"query-input\":{\"@type\":\"PropertyValueSpecification\",\"valueRequired\":true,\"valueName\":\"search_term_string\"}}],\"inLanguage\":\"es\"},{\"@type\":\"Organization\",\"@id\":\"https:\\\/\\\/citrosars.nl\\\/es\\\/#organization\",\"name\":\"CitroSars\",\"url\":\"https:\\\/\\\/citrosars.nl\\\/es\\\/\",\"logo\":{\"@type\":\"ImageObject\",\"inLanguage\":\"es\",\"@id\":\"https:\\\/\\\/citrosars.nl\\\/es\\\/#\\\/schema\\\/logo\\\/image\\\/\",\"url\":\"https:\\\/\\\/citrosars.nl\\\/wp-content\\\/uploads\\\/2021\\\/12\\\/citrosars-logo-02-e1638783648691.png\",\"contentUrl\":\"https:\\\/\\\/citrosars.nl\\\/wp-content\\\/uploads\\\/2021\\\/12\\\/citrosars-logo-02-e1638783648691.png\",\"width\":1366,\"height\":324,\"caption\":\"CitroSars\"},\"image\":{\"@id\":\"https:\\\/\\\/citrosars.nl\\\/es\\\/#\\\/schema\\\/logo\\\/image\\\/\"}}]}<\/script>\n<!-- \/ Yoast SEO plugin. -->","yoast_head_json":{"title":"Revisi\u00f3n divisible de la bola de resorte SM con nuevo amortiguador para 40 - CitroSars","robots":{"index":"index","follow":"follow","max-snippet":"max-snippet:-1","max-image-preview":"max-image-preview:large","max-video-preview":"max-video-preview:-1"},"canonical":"https:\/\/citrosars.nl\/es\/producto\/bombilla-de-resorte-divisible-nuevo-amortiguador-sm-para-40\/","og_locale":"es_ES","og_type":"article","og_title":"Revisi\u00f3n divisible de la bola de resorte SM con nuevo amortiguador para 40 - CitroSars","og_description":"Revisi\u00f3n de la bola de resorte SM LHM para equipado con nuevo amortiguador, diafragma y nueva tapa de llenado Al comprar este art\u00edculo, debe devolver una bola de resorte (sin da\u00f1os) que est\u00e9 equipada con un amortiguador fijo (sellado). Cuando devuelva una bombilla de resorte da\u00f1ada, o una copia con un amortiguador extra\u00edble, el dep\u00f3sito calculado de \u20ac 75, - ex. No se acreditar\u00e1 el IVA.","og_url":"https:\/\/citrosars.nl\/es\/producto\/bombilla-de-resorte-divisible-nuevo-amortiguador-sm-para-40\/","og_site_name":"CitroSars","article_modified_time":"2022-08-01T17:34:10+00:00","og_image":[{"width":1024,"height":683,"url":"https:\/\/citrosars.nl\/wp-content\/uploads\/2015\/06\/IMG_0909-1024x683.jpg","type":"image\/jpeg"}],"schema":{"@context":"https:\/\/schema.org","@graph":[{"@type":"WebPage","@id":"https:\/\/citrosars.nl\/es\/producto\/bombilla-de-resorte-divisible-nuevo-amortiguador-sm-para-40\/","url":"https:\/\/citrosars.nl\/es\/producto\/bombilla-de-resorte-divisible-nuevo-amortiguador-sm-para-40\/","name":"Revisi\u00f3n divisible de la bola de resorte SM con nuevo amortiguador para 40 - CitroSars","isPartOf":{"@id":"https:\/\/citrosars.nl\/es\/#website"},"primaryImageOfPage":{"@id":"https:\/\/citrosars.nl\/es\/producto\/bombilla-de-resorte-divisible-nuevo-amortiguador-sm-para-40\/#primaryimage"},"image":{"@id":"https:\/\/citrosars.nl\/es\/producto\/bombilla-de-resorte-divisible-nuevo-amortiguador-sm-para-40\/#primaryimage"},"thumbnailUrl":"https:\/\/citrosars.nl\/wp-content\/uploads\/2026\/03\/1-537-scaled.jpg","datePublished":"2015-06-17T15:49:19+00:00","dateModified":"2022-08-01T17:34:10+00:00","breadcrumb":{"@id":"https:\/\/citrosars.nl\/es\/producto\/bombilla-de-resorte-divisible-nuevo-amortiguador-sm-para-40\/#breadcrumb"},"inLanguage":"es","potentialAction":[{"@type":"ReadAction","target":["https:\/\/citrosars.nl\/es\/producto\/bombilla-de-resorte-divisible-nuevo-amortiguador-sm-para-40\/"]}]},{"@type":"ImageObject","inLanguage":"es","@id":"https:\/\/citrosars.nl\/es\/producto\/bombilla-de-resorte-divisible-nuevo-amortiguador-sm-para-40\/#primaryimage","url":"https:\/\/citrosars.nl\/wp-content\/uploads\/2026\/03\/1-537-scaled.jpg","contentUrl":"https:\/\/citrosars.nl\/wp-content\/uploads\/2026\/03\/1-537-scaled.jpg","width":2560,"height":1707},{"@type":"BreadcrumbList","@id":"https:\/\/citrosars.nl\/es\/producto\/bombilla-de-resorte-divisible-nuevo-amortiguador-sm-para-40\/#breadcrumb","itemListElement":[{"@type":"ListItem","position":1,"name":"Home","item":"https:\/\/citrosars.nl\/es\/"},{"@type":"ListItem","position":2,"name":"Webshop","item":"https:\/\/citrosars.nl\/es\/webshop\/"},{"@type":"ListItem","position":3,"name":"Revisi\u00f3n divisible de la bola de resorte SM con nuevo amortiguador para 40"}]},{"@type":"WebSite","@id":"https:\/\/citrosars.nl\/es\/#website","url":"https:\/\/citrosars.nl\/es\/","name":"CitroSars","description":"CitroSars. DS, SM Restoraton, maintainance, Revision, Sales \/ Restauratie, onderhoud en verkoop","publisher":{"@id":"https:\/\/citrosars.nl\/es\/#organization"},"potentialAction":[{"@type":"SearchAction","target":{"@type":"EntryPoint","urlTemplate":"https:\/\/citrosars.nl\/es\/?s={search_term_string}"},"query-input":{"@type":"PropertyValueSpecification","valueRequired":true,"valueName":"search_term_string"}}],"inLanguage":"es"},{"@type":"Organization","@id":"https:\/\/citrosars.nl\/es\/#organization","name":"CitroSars","url":"https:\/\/citrosars.nl\/es\/","logo":{"@type":"ImageObject","inLanguage":"es","@id":"https:\/\/citrosars.nl\/es\/#\/schema\/logo\/image\/","url":"https:\/\/citrosars.nl\/wp-content\/uploads\/2021\/12\/citrosars-logo-02-e1638783648691.png","contentUrl":"https:\/\/citrosars.nl\/wp-content\/uploads\/2021\/12\/citrosars-logo-02-e1638783648691.png","width":1366,"height":324,"caption":"CitroSars"},"image":{"@id":"https:\/\/citrosars.nl\/es\/#\/schema\/logo\/image\/"}}]}},"taxonomy_info":{"product_cat":[{"value":459,"label":"3. SM Ejes, Suspension, Direccion, Organos Hidraulicos."},{"value":453,"label":"SM"}]},"featured_image_src_large":["https:\/\/citrosars.nl\/wp-content\/uploads\/2026\/03\/1-537-1024x683.jpg",1024,683,true],"author_info":[],"comment_info":"","_links":{"self":[{"href":"https:\/\/citrosars.nl\/es\/wp-json\/wp\/v2\/product\/22105","targetHints":{"allow":["GET"]}}],"collection":[{"href":"https:\/\/citrosars.nl\/es\/wp-json\/wp\/v2\/product"}],"about":[{"href":"https:\/\/citrosars.nl\/es\/wp-json\/wp\/v2\/types\/product"}],"wp:featuredmedia":[{"embeddable":true,"href":"https:\/\/citrosars.nl\/es\/wp-json\/wp\/v2\/media\/57963"}],"wp:attachment":[{"href":"https:\/\/citrosars.nl\/es\/wp-json\/wp\/v2\/media?parent=22105"}],"wp:term":[{"taxonomy":"product_brand","embeddable":true,"href":"https:\/\/citrosars.nl\/es\/wp-json\/wp\/v2\/product_brand?post=22105"},{"taxonomy":"product_cat","embeddable":true,"href":"https:\/\/citrosars.nl\/es\/wp-json\/wp\/v2\/product_cat?post=22105"},{"taxonomy":"product_tag","embeddable":true,"href":"https:\/\/citrosars.nl\/es\/wp-json\/wp\/v2\/product_tag?post=22105"}],"curies":[{"name":"wp","href":"https:\/\/api.w.org\/{rel}","templated":true}]}}