{"id":21983,"date":"2015-06-17T17:48:56","date_gmt":"2015-06-17T15:48:56","guid":{"rendered":"https:\/\/citrosars.nl\/product\/krukas-tandwiel\/"},"modified":"2022-07-06T14:37:32","modified_gmt":"2022-07-06T12:37:32","slug":"pinon-distribucion-del-ciguenal","status":"publish","type":"product","link":"https:\/\/citrosars.nl\/es\/producto\/pinon-distribucion-del-ciguenal\/","title":{"rendered":"Pi\u00f1\u00f3n distribuci\u00f3n del cig\u00fce\u00f1al"},"content":{"rendered":"","protected":false},"excerpt":{"rendered":"","protected":false},"featured_media":58837,"template":"","meta":{"_kad_blocks_custom_css":"","_kad_blocks_head_custom_js":"","_kad_blocks_body_custom_js":"","_kad_blocks_footer_custom_js":"","_kadence_starter_templates_imported_post":false,"_kad_post_transparent":"","_kad_post_title":"","_kad_post_layout":"","_kad_post_sidebar_id":"","_kad_post_content_style":"","_kad_post_vertical_padding":"","_kad_post_feature":"","_kad_post_feature_position":"","_kad_post_header":false,"_kad_post_footer":false,"_kad_post_classname":""},"product_brand":[],"product_cat":[444,539,458,453],"product_tag":[],"class_list":{"0":"post-21983","1":"product","2":"type-product","3":"status-publish","4":"has-post-thumbnail","6":"product_cat-motor-caja-de-velocidades-mando-de-la-caja","7":"product_cat-3-moving-parts","8":"product_cat-merak-es","9":"product_cat-sm-es","11":"first","12":"outofstock","13":"taxable","14":"shipping-taxable","15":"purchasable","16":"product-type-simple","17":"entry","18":"content-bg","19":"loop-entry"},"yoast_head":"<!-- This site is optimized with the Yoast SEO plugin v27.3 - https:\/\/yoast.com\/product\/yoast-seo-wordpress\/ -->\n<title>Pi\u00f1\u00f3n distribuci\u00f3n del cig\u00fce\u00f1al - CitroSars<\/title>\n<meta name=\"robots\" content=\"index, follow, max-snippet:-1, max-image-preview:large, max-video-preview:-1\" \/>\n<link rel=\"canonical\" href=\"https:\/\/citrosars.nl\/es\/producto\/pinon-distribucion-del-ciguenal\/\" \/>\n<meta property=\"og:locale\" content=\"es_ES\" \/>\n<meta property=\"og:type\" content=\"article\" \/>\n<meta property=\"og:title\" content=\"Pi\u00f1\u00f3n distribuci\u00f3n del cig\u00fce\u00f1al - CitroSars\" \/>\n<meta property=\"og:url\" content=\"https:\/\/citrosars.nl\/es\/producto\/pinon-distribucion-del-ciguenal\/\" \/>\n<meta property=\"og:site_name\" content=\"CitroSars\" \/>\n<meta property=\"article:modified_time\" content=\"2022-07-06T12:37:32+00:00\" \/>\n<meta property=\"og:image\" content=\"https:\/\/citrosars.nl\/wp-content\/uploads\/2015\/06\/IMG_1085-1024x683.jpg\" \/>\n\t<meta property=\"og:image:width\" content=\"1024\" \/>\n\t<meta property=\"og:image:height\" content=\"683\" \/>\n\t<meta property=\"og:image:type\" content=\"image\/jpeg\" \/>\n<script type=\"application\/ld+json\" class=\"yoast-schema-graph\">{\"@context\":\"https:\\\/\\\/schema.org\",\"@graph\":[{\"@type\":\"WebPage\",\"@id\":\"https:\\\/\\\/citrosars.nl\\\/es\\\/producto\\\/pinon-distribucion-del-ciguenal\\\/\",\"url\":\"https:\\\/\\\/citrosars.nl\\\/es\\\/producto\\\/pinon-distribucion-del-ciguenal\\\/\",\"name\":\"Pi\u00f1\u00f3n distribuci\u00f3n del cig\u00fce\u00f1al - CitroSars\",\"isPartOf\":{\"@id\":\"https:\\\/\\\/citrosars.nl\\\/es\\\/#website\"},\"primaryImageOfPage\":{\"@id\":\"https:\\\/\\\/citrosars.nl\\\/es\\\/producto\\\/pinon-distribucion-del-ciguenal\\\/#primaryimage\"},\"image\":{\"@id\":\"https:\\\/\\\/citrosars.nl\\\/es\\\/producto\\\/pinon-distribucion-del-ciguenal\\\/#primaryimage\"},\"thumbnailUrl\":\"https:\\\/\\\/citrosars.nl\\\/wp-content\\\/uploads\\\/2026\\\/03\\\/1-602-scaled.jpg\",\"datePublished\":\"2015-06-17T15:48:56+00:00\",\"dateModified\":\"2022-07-06T12:37:32+00:00\",\"breadcrumb\":{\"@id\":\"https:\\\/\\\/citrosars.nl\\\/es\\\/producto\\\/pinon-distribucion-del-ciguenal\\\/#breadcrumb\"},\"inLanguage\":\"es\",\"potentialAction\":[{\"@type\":\"ReadAction\",\"target\":[\"https:\\\/\\\/citrosars.nl\\\/es\\\/producto\\\/pinon-distribucion-del-ciguenal\\\/\"]}]},{\"@type\":\"ImageObject\",\"inLanguage\":\"es\",\"@id\":\"https:\\\/\\\/citrosars.nl\\\/es\\\/producto\\\/pinon-distribucion-del-ciguenal\\\/#primaryimage\",\"url\":\"https:\\\/\\\/citrosars.nl\\\/wp-content\\\/uploads\\\/2026\\\/03\\\/1-602-scaled.jpg\",\"contentUrl\":\"https:\\\/\\\/citrosars.nl\\\/wp-content\\\/uploads\\\/2026\\\/03\\\/1-602-scaled.jpg\",\"width\":2560,\"height\":1707},{\"@type\":\"BreadcrumbList\",\"@id\":\"https:\\\/\\\/citrosars.nl\\\/es\\\/producto\\\/pinon-distribucion-del-ciguenal\\\/#breadcrumb\",\"itemListElement\":[{\"@type\":\"ListItem\",\"position\":1,\"name\":\"Home\",\"item\":\"https:\\\/\\\/citrosars.nl\\\/es\\\/\"},{\"@type\":\"ListItem\",\"position\":2,\"name\":\"Webshop\",\"item\":\"https:\\\/\\\/citrosars.nl\\\/es\\\/webshop\\\/\"},{\"@type\":\"ListItem\",\"position\":3,\"name\":\"Pi\u00f1\u00f3n distribuci\u00f3n del cig\u00fce\u00f1al\"}]},{\"@type\":\"WebSite\",\"@id\":\"https:\\\/\\\/citrosars.nl\\\/es\\\/#website\",\"url\":\"https:\\\/\\\/citrosars.nl\\\/es\\\/\",\"name\":\"CitroSars\",\"description\":\"CitroSars. DS, SM Restoraton, maintainance, Revision, Sales \\\/ Restauratie, onderhoud en verkoop\",\"publisher\":{\"@id\":\"https:\\\/\\\/citrosars.nl\\\/es\\\/#organization\"},\"potentialAction\":[{\"@type\":\"SearchAction\",\"target\":{\"@type\":\"EntryPoint\",\"urlTemplate\":\"https:\\\/\\\/citrosars.nl\\\/es\\\/?s={search_term_string}\"},\"query-input\":{\"@type\":\"PropertyValueSpecification\",\"valueRequired\":true,\"valueName\":\"search_term_string\"}}],\"inLanguage\":\"es\"},{\"@type\":\"Organization\",\"@id\":\"https:\\\/\\\/citrosars.nl\\\/es\\\/#organization\",\"name\":\"CitroSars\",\"url\":\"https:\\\/\\\/citrosars.nl\\\/es\\\/\",\"logo\":{\"@type\":\"ImageObject\",\"inLanguage\":\"es\",\"@id\":\"https:\\\/\\\/citrosars.nl\\\/es\\\/#\\\/schema\\\/logo\\\/image\\\/\",\"url\":\"https:\\\/\\\/citrosars.nl\\\/wp-content\\\/uploads\\\/2021\\\/12\\\/citrosars-logo-02-e1638783648691.png\",\"contentUrl\":\"https:\\\/\\\/citrosars.nl\\\/wp-content\\\/uploads\\\/2021\\\/12\\\/citrosars-logo-02-e1638783648691.png\",\"width\":1366,\"height\":324,\"caption\":\"CitroSars\"},\"image\":{\"@id\":\"https:\\\/\\\/citrosars.nl\\\/es\\\/#\\\/schema\\\/logo\\\/image\\\/\"}}]}<\/script>\n<!-- \/ Yoast SEO plugin. -->","yoast_head_json":{"title":"Pi\u00f1\u00f3n distribuci\u00f3n del cig\u00fce\u00f1al - CitroSars","robots":{"index":"index","follow":"follow","max-snippet":"max-snippet:-1","max-image-preview":"max-image-preview:large","max-video-preview":"max-video-preview:-1"},"canonical":"https:\/\/citrosars.nl\/es\/producto\/pinon-distribucion-del-ciguenal\/","og_locale":"es_ES","og_type":"article","og_title":"Pi\u00f1\u00f3n distribuci\u00f3n del cig\u00fce\u00f1al - CitroSars","og_url":"https:\/\/citrosars.nl\/es\/producto\/pinon-distribucion-del-ciguenal\/","og_site_name":"CitroSars","article_modified_time":"2022-07-06T12:37:32+00:00","og_image":[{"width":1024,"height":683,"url":"https:\/\/citrosars.nl\/wp-content\/uploads\/2015\/06\/IMG_1085-1024x683.jpg","type":"image\/jpeg"}],"schema":{"@context":"https:\/\/schema.org","@graph":[{"@type":"WebPage","@id":"https:\/\/citrosars.nl\/es\/producto\/pinon-distribucion-del-ciguenal\/","url":"https:\/\/citrosars.nl\/es\/producto\/pinon-distribucion-del-ciguenal\/","name":"Pi\u00f1\u00f3n distribuci\u00f3n del cig\u00fce\u00f1al - CitroSars","isPartOf":{"@id":"https:\/\/citrosars.nl\/es\/#website"},"primaryImageOfPage":{"@id":"https:\/\/citrosars.nl\/es\/producto\/pinon-distribucion-del-ciguenal\/#primaryimage"},"image":{"@id":"https:\/\/citrosars.nl\/es\/producto\/pinon-distribucion-del-ciguenal\/#primaryimage"},"thumbnailUrl":"https:\/\/citrosars.nl\/wp-content\/uploads\/2026\/03\/1-602-scaled.jpg","datePublished":"2015-06-17T15:48:56+00:00","dateModified":"2022-07-06T12:37:32+00:00","breadcrumb":{"@id":"https:\/\/citrosars.nl\/es\/producto\/pinon-distribucion-del-ciguenal\/#breadcrumb"},"inLanguage":"es","potentialAction":[{"@type":"ReadAction","target":["https:\/\/citrosars.nl\/es\/producto\/pinon-distribucion-del-ciguenal\/"]}]},{"@type":"ImageObject","inLanguage":"es","@id":"https:\/\/citrosars.nl\/es\/producto\/pinon-distribucion-del-ciguenal\/#primaryimage","url":"https:\/\/citrosars.nl\/wp-content\/uploads\/2026\/03\/1-602-scaled.jpg","contentUrl":"https:\/\/citrosars.nl\/wp-content\/uploads\/2026\/03\/1-602-scaled.jpg","width":2560,"height":1707},{"@type":"BreadcrumbList","@id":"https:\/\/citrosars.nl\/es\/producto\/pinon-distribucion-del-ciguenal\/#breadcrumb","itemListElement":[{"@type":"ListItem","position":1,"name":"Home","item":"https:\/\/citrosars.nl\/es\/"},{"@type":"ListItem","position":2,"name":"Webshop","item":"https:\/\/citrosars.nl\/es\/webshop\/"},{"@type":"ListItem","position":3,"name":"Pi\u00f1\u00f3n distribuci\u00f3n del cig\u00fce\u00f1al"}]},{"@type":"WebSite","@id":"https:\/\/citrosars.nl\/es\/#website","url":"https:\/\/citrosars.nl\/es\/","name":"CitroSars","description":"CitroSars. DS, SM Restoraton, maintainance, Revision, Sales \/ Restauratie, onderhoud en verkoop","publisher":{"@id":"https:\/\/citrosars.nl\/es\/#organization"},"potentialAction":[{"@type":"SearchAction","target":{"@type":"EntryPoint","urlTemplate":"https:\/\/citrosars.nl\/es\/?s={search_term_string}"},"query-input":{"@type":"PropertyValueSpecification","valueRequired":true,"valueName":"search_term_string"}}],"inLanguage":"es"},{"@type":"Organization","@id":"https:\/\/citrosars.nl\/es\/#organization","name":"CitroSars","url":"https:\/\/citrosars.nl\/es\/","logo":{"@type":"ImageObject","inLanguage":"es","@id":"https:\/\/citrosars.nl\/es\/#\/schema\/logo\/image\/","url":"https:\/\/citrosars.nl\/wp-content\/uploads\/2021\/12\/citrosars-logo-02-e1638783648691.png","contentUrl":"https:\/\/citrosars.nl\/wp-content\/uploads\/2021\/12\/citrosars-logo-02-e1638783648691.png","width":1366,"height":324,"caption":"CitroSars"},"image":{"@id":"https:\/\/citrosars.nl\/es\/#\/schema\/logo\/image\/"}}]}},"taxonomy_info":{"product_cat":[{"value":444,"label":"1. SM Motor, Caja de velocidades, Mando de la caja"},{"value":539,"label":"3. Moving Parts"},{"value":458,"label":"Merak"},{"value":453,"label":"SM"}]},"featured_image_src_large":["https:\/\/citrosars.nl\/wp-content\/uploads\/2026\/03\/1-602-1024x683.jpg",1024,683,true],"author_info":[],"comment_info":"","_links":{"self":[{"href":"https:\/\/citrosars.nl\/es\/wp-json\/wp\/v2\/product\/21983","targetHints":{"allow":["GET"]}}],"collection":[{"href":"https:\/\/citrosars.nl\/es\/wp-json\/wp\/v2\/product"}],"about":[{"href":"https:\/\/citrosars.nl\/es\/wp-json\/wp\/v2\/types\/product"}],"wp:featuredmedia":[{"embeddable":true,"href":"https:\/\/citrosars.nl\/es\/wp-json\/wp\/v2\/media\/58837"}],"wp:attachment":[{"href":"https:\/\/citrosars.nl\/es\/wp-json\/wp\/v2\/media?parent=21983"}],"wp:term":[{"taxonomy":"product_brand","embeddable":true,"href":"https:\/\/citrosars.nl\/es\/wp-json\/wp\/v2\/product_brand?post=21983"},{"taxonomy":"product_cat","embeddable":true,"href":"https:\/\/citrosars.nl\/es\/wp-json\/wp\/v2\/product_cat?post=21983"},{"taxonomy":"product_tag","embeddable":true,"href":"https:\/\/citrosars.nl\/es\/wp-json\/wp\/v2\/product_tag?post=21983"}],"curies":[{"name":"wp","href":"https:\/\/api.w.org\/{rel}","templated":true}]}}