{"id":10697,"date":"2019-05-22T10:06:15","date_gmt":"2019-05-22T08:06:15","guid":{"rendered":"https:\/\/citrosars.nl\/product\/bomba-completa\/"},"modified":"2022-07-08T16:36:01","modified_gmt":"2022-07-08T14:36:01","slug":"hd-pump-ds-revision-mechanique-lhm","status":"publish","type":"product","link":"https:\/\/citrosars.nl\/es\/producto\/hd-pump-ds-revision-mechanique-lhm\/","title":{"rendered":"Bomba HD DS overhaul Hydraulique LHM"},"content":{"rendered":"<p>Al comprar este producto, cobramos un dep\u00f3sito de 75,- euros ex. EL IVA. Esto se a\u00f1adir\u00e1 autom\u00e1ticamente a su pedido.<\/p>\n","protected":false},"excerpt":{"rendered":"<p>Bomba de hidraulique DS LHM hydraulique. Equipado con nueva carcasa de bomba de acero, sello y cojinete de doble fila. La bomba se ajusta de tal manera que el flujo de la bomba vuelve a ser m\u00e1ximo y el rendimiento de los 7 \u00e9mbolos es igual se suministra con goma de tuber\u00eda nueva, requerida para el ensamblaje se ha probado antes de la entrega.<\/p>\n<p>Esta parte es una parte de intercambio, es decir.dat tiene que devolver la bomba vieja. Dep\u00f3sito de 75 euros<\/p>\n<p>Esta bomba HP se adapta al DS con coches de transmisi\u00f3n de hidraulicas. Est\u00e1 completamente revisado y con cambio de la bomba vieja. El dep\u00f3sito b\u00e1sico es de \u20ac 75,-<\/p>\n","protected":false},"featured_media":52181,"template":"","meta":{"_kad_blocks_custom_css":"","_kad_blocks_head_custom_js":"","_kad_blocks_body_custom_js":"","_kad_blocks_footer_custom_js":"","_kadence_starter_templates_imported_post":false,"_kad_post_transparent":"","_kad_post_title":"","_kad_post_layout":"","_kad_post_sidebar_id":"","_kad_post_content_style":"","_kad_post_vertical_padding":"","_kad_post_feature":"","_kad_post_feature_position":"","_kad_post_header":false,"_kad_post_footer":false,"_kad_post_classname":""},"product_brand":[],"product_cat":[461,441],"product_tag":[],"class_list":{"0":"post-10697","1":"product","2":"type-product","3":"status-publish","4":"has-post-thumbnail","6":"product_cat-3-wielophanging-besturing-en-hydraulische-componenten-es","7":"product_cat-ds-es-2","9":"first","10":"instock","11":"taxable","12":"shipping-taxable","13":"purchasable","14":"product-type-simple","15":"entry","16":"content-bg","17":"loop-entry"},"yoast_head":"<!-- This site is optimized with the Yoast SEO plugin v27.3 - https:\/\/yoast.com\/product\/yoast-seo-wordpress\/ -->\n<title>Bomba HD DS overhaul Hydraulique LHM - CitroSars<\/title>\n<meta name=\"robots\" content=\"index, follow, max-snippet:-1, max-image-preview:large, max-video-preview:-1\" \/>\n<link rel=\"canonical\" href=\"https:\/\/citrosars.nl\/es\/producto\/hd-pump-ds-revision-mechanique-lhm\/\" \/>\n<meta property=\"og:locale\" content=\"es_ES\" \/>\n<meta property=\"og:type\" content=\"article\" \/>\n<meta property=\"og:title\" content=\"Bomba HD DS overhaul Hydraulique LHM - CitroSars\" \/>\n<meta property=\"og:description\" content=\"Bomba de hidraulique DS LHM hydraulique. Equipado con nueva carcasa de bomba de acero, sello y cojinete de doble fila. La bomba se ajusta de tal manera que el flujo de la bomba vuelve a ser m\u00e1ximo y el rendimiento de los 7 \u00e9mbolos es igual se suministra con goma de tuber\u00eda nueva, requerida para el ensamblaje se ha probado antes de la entrega. Esta parte es una parte de intercambio, es decir.dat tiene que devolver la bomba vieja. Dep\u00f3sito de 75 euros Esta bomba HP se adapta al DS con coches de transmisi\u00f3n de hidraulicas. Est\u00e1 completamente revisado y con cambio de la bomba vieja. El dep\u00f3sito b\u00e1sico es de \u20ac 75,-\" \/>\n<meta property=\"og:url\" content=\"https:\/\/citrosars.nl\/es\/producto\/hd-pump-ds-revision-mechanique-lhm\/\" \/>\n<meta property=\"og:site_name\" content=\"CitroSars\" \/>\n<meta property=\"article:modified_time\" content=\"2022-07-08T14:36:01+00:00\" \/>\n<script type=\"application\/ld+json\" class=\"yoast-schema-graph\">{\"@context\":\"https:\\\/\\\/schema.org\",\"@graph\":[{\"@type\":\"WebPage\",\"@id\":\"https:\\\/\\\/citrosars.nl\\\/es\\\/producto\\\/hd-pump-ds-revision-mechanique-lhm\\\/\",\"url\":\"https:\\\/\\\/citrosars.nl\\\/es\\\/producto\\\/hd-pump-ds-revision-mechanique-lhm\\\/\",\"name\":\"Bomba HD DS overhaul Hydraulique LHM - CitroSars\",\"isPartOf\":{\"@id\":\"https:\\\/\\\/citrosars.nl\\\/es\\\/#website\"},\"primaryImageOfPage\":{\"@id\":\"https:\\\/\\\/citrosars.nl\\\/es\\\/producto\\\/hd-pump-ds-revision-mechanique-lhm\\\/#primaryimage\"},\"image\":{\"@id\":\"https:\\\/\\\/citrosars.nl\\\/es\\\/producto\\\/hd-pump-ds-revision-mechanique-lhm\\\/#primaryimage\"},\"thumbnailUrl\":\"https:\\\/\\\/citrosars.nl\\\/wp-content\\\/uploads\\\/2026\\\/03\\\/1-66.jpg\",\"datePublished\":\"2019-05-22T08:06:15+00:00\",\"dateModified\":\"2022-07-08T14:36:01+00:00\",\"breadcrumb\":{\"@id\":\"https:\\\/\\\/citrosars.nl\\\/es\\\/producto\\\/hd-pump-ds-revision-mechanique-lhm\\\/#breadcrumb\"},\"inLanguage\":\"es\",\"potentialAction\":[{\"@type\":\"ReadAction\",\"target\":[\"https:\\\/\\\/citrosars.nl\\\/es\\\/producto\\\/hd-pump-ds-revision-mechanique-lhm\\\/\"]}]},{\"@type\":\"ImageObject\",\"inLanguage\":\"es\",\"@id\":\"https:\\\/\\\/citrosars.nl\\\/es\\\/producto\\\/hd-pump-ds-revision-mechanique-lhm\\\/#primaryimage\",\"url\":\"https:\\\/\\\/citrosars.nl\\\/wp-content\\\/uploads\\\/2026\\\/03\\\/1-66.jpg\",\"contentUrl\":\"https:\\\/\\\/citrosars.nl\\\/wp-content\\\/uploads\\\/2026\\\/03\\\/1-66.jpg\",\"width\":2560,\"height\":1920},{\"@type\":\"BreadcrumbList\",\"@id\":\"https:\\\/\\\/citrosars.nl\\\/es\\\/producto\\\/hd-pump-ds-revision-mechanique-lhm\\\/#breadcrumb\",\"itemListElement\":[{\"@type\":\"ListItem\",\"position\":1,\"name\":\"Home\",\"item\":\"https:\\\/\\\/citrosars.nl\\\/es\\\/\"},{\"@type\":\"ListItem\",\"position\":2,\"name\":\"Webshop\",\"item\":\"https:\\\/\\\/citrosars.nl\\\/es\\\/webshop\\\/\"},{\"@type\":\"ListItem\",\"position\":3,\"name\":\"Bomba HD DS overhaul Hydraulique LHM\"}]},{\"@type\":\"WebSite\",\"@id\":\"https:\\\/\\\/citrosars.nl\\\/es\\\/#website\",\"url\":\"https:\\\/\\\/citrosars.nl\\\/es\\\/\",\"name\":\"CitroSars\",\"description\":\"CitroSars. DS, SM Restoraton, maintainance, Revision, Sales \\\/ Restauratie, onderhoud en verkoop\",\"publisher\":{\"@id\":\"https:\\\/\\\/citrosars.nl\\\/es\\\/#organization\"},\"potentialAction\":[{\"@type\":\"SearchAction\",\"target\":{\"@type\":\"EntryPoint\",\"urlTemplate\":\"https:\\\/\\\/citrosars.nl\\\/es\\\/?s={search_term_string}\"},\"query-input\":{\"@type\":\"PropertyValueSpecification\",\"valueRequired\":true,\"valueName\":\"search_term_string\"}}],\"inLanguage\":\"es\"},{\"@type\":\"Organization\",\"@id\":\"https:\\\/\\\/citrosars.nl\\\/es\\\/#organization\",\"name\":\"CitroSars\",\"url\":\"https:\\\/\\\/citrosars.nl\\\/es\\\/\",\"logo\":{\"@type\":\"ImageObject\",\"inLanguage\":\"es\",\"@id\":\"https:\\\/\\\/citrosars.nl\\\/es\\\/#\\\/schema\\\/logo\\\/image\\\/\",\"url\":\"https:\\\/\\\/citrosars.nl\\\/wp-content\\\/uploads\\\/2021\\\/12\\\/citrosars-logo-02-e1638783648691.png\",\"contentUrl\":\"https:\\\/\\\/citrosars.nl\\\/wp-content\\\/uploads\\\/2021\\\/12\\\/citrosars-logo-02-e1638783648691.png\",\"width\":1366,\"height\":324,\"caption\":\"CitroSars\"},\"image\":{\"@id\":\"https:\\\/\\\/citrosars.nl\\\/es\\\/#\\\/schema\\\/logo\\\/image\\\/\"}}]}<\/script>\n<!-- \/ Yoast SEO plugin. -->","yoast_head_json":{"title":"Bomba HD DS overhaul Hydraulique LHM - CitroSars","robots":{"index":"index","follow":"follow","max-snippet":"max-snippet:-1","max-image-preview":"max-image-preview:large","max-video-preview":"max-video-preview:-1"},"canonical":"https:\/\/citrosars.nl\/es\/producto\/hd-pump-ds-revision-mechanique-lhm\/","og_locale":"es_ES","og_type":"article","og_title":"Bomba HD DS overhaul Hydraulique LHM - CitroSars","og_description":"Bomba de hidraulique DS LHM hydraulique. Equipado con nueva carcasa de bomba de acero, sello y cojinete de doble fila. La bomba se ajusta de tal manera que el flujo de la bomba vuelve a ser m\u00e1ximo y el rendimiento de los 7 \u00e9mbolos es igual se suministra con goma de tuber\u00eda nueva, requerida para el ensamblaje se ha probado antes de la entrega. Esta parte es una parte de intercambio, es decir.dat tiene que devolver la bomba vieja. Dep\u00f3sito de 75 euros Esta bomba HP se adapta al DS con coches de transmisi\u00f3n de hidraulicas. Est\u00e1 completamente revisado y con cambio de la bomba vieja. El dep\u00f3sito b\u00e1sico es de \u20ac 75,-","og_url":"https:\/\/citrosars.nl\/es\/producto\/hd-pump-ds-revision-mechanique-lhm\/","og_site_name":"CitroSars","article_modified_time":"2022-07-08T14:36:01+00:00","schema":{"@context":"https:\/\/schema.org","@graph":[{"@type":"WebPage","@id":"https:\/\/citrosars.nl\/es\/producto\/hd-pump-ds-revision-mechanique-lhm\/","url":"https:\/\/citrosars.nl\/es\/producto\/hd-pump-ds-revision-mechanique-lhm\/","name":"Bomba HD DS overhaul Hydraulique LHM - CitroSars","isPartOf":{"@id":"https:\/\/citrosars.nl\/es\/#website"},"primaryImageOfPage":{"@id":"https:\/\/citrosars.nl\/es\/producto\/hd-pump-ds-revision-mechanique-lhm\/#primaryimage"},"image":{"@id":"https:\/\/citrosars.nl\/es\/producto\/hd-pump-ds-revision-mechanique-lhm\/#primaryimage"},"thumbnailUrl":"https:\/\/citrosars.nl\/wp-content\/uploads\/2026\/03\/1-66.jpg","datePublished":"2019-05-22T08:06:15+00:00","dateModified":"2022-07-08T14:36:01+00:00","breadcrumb":{"@id":"https:\/\/citrosars.nl\/es\/producto\/hd-pump-ds-revision-mechanique-lhm\/#breadcrumb"},"inLanguage":"es","potentialAction":[{"@type":"ReadAction","target":["https:\/\/citrosars.nl\/es\/producto\/hd-pump-ds-revision-mechanique-lhm\/"]}]},{"@type":"ImageObject","inLanguage":"es","@id":"https:\/\/citrosars.nl\/es\/producto\/hd-pump-ds-revision-mechanique-lhm\/#primaryimage","url":"https:\/\/citrosars.nl\/wp-content\/uploads\/2026\/03\/1-66.jpg","contentUrl":"https:\/\/citrosars.nl\/wp-content\/uploads\/2026\/03\/1-66.jpg","width":2560,"height":1920},{"@type":"BreadcrumbList","@id":"https:\/\/citrosars.nl\/es\/producto\/hd-pump-ds-revision-mechanique-lhm\/#breadcrumb","itemListElement":[{"@type":"ListItem","position":1,"name":"Home","item":"https:\/\/citrosars.nl\/es\/"},{"@type":"ListItem","position":2,"name":"Webshop","item":"https:\/\/citrosars.nl\/es\/webshop\/"},{"@type":"ListItem","position":3,"name":"Bomba HD DS overhaul Hydraulique LHM"}]},{"@type":"WebSite","@id":"https:\/\/citrosars.nl\/es\/#website","url":"https:\/\/citrosars.nl\/es\/","name":"CitroSars","description":"CitroSars. DS, SM Restoraton, maintainance, Revision, Sales \/ Restauratie, onderhoud en verkoop","publisher":{"@id":"https:\/\/citrosars.nl\/es\/#organization"},"potentialAction":[{"@type":"SearchAction","target":{"@type":"EntryPoint","urlTemplate":"https:\/\/citrosars.nl\/es\/?s={search_term_string}"},"query-input":{"@type":"PropertyValueSpecification","valueRequired":true,"valueName":"search_term_string"}}],"inLanguage":"es"},{"@type":"Organization","@id":"https:\/\/citrosars.nl\/es\/#organization","name":"CitroSars","url":"https:\/\/citrosars.nl\/es\/","logo":{"@type":"ImageObject","inLanguage":"es","@id":"https:\/\/citrosars.nl\/es\/#\/schema\/logo\/image\/","url":"https:\/\/citrosars.nl\/wp-content\/uploads\/2021\/12\/citrosars-logo-02-e1638783648691.png","contentUrl":"https:\/\/citrosars.nl\/wp-content\/uploads\/2021\/12\/citrosars-logo-02-e1638783648691.png","width":1366,"height":324,"caption":"CitroSars"},"image":{"@id":"https:\/\/citrosars.nl\/es\/#\/schema\/logo\/image\/"}}]}},"taxonomy_info":{"product_cat":[{"value":461,"label":"3. DS Ejes, Suspension, Direccion, Organos Hidraulicos."},{"value":441,"label":"DS"}]},"featured_image_src_large":["https:\/\/citrosars.nl\/wp-content\/uploads\/2026\/03\/1-66-1024x768.jpg",1024,768,true],"author_info":[],"comment_info":"","_links":{"self":[{"href":"https:\/\/citrosars.nl\/es\/wp-json\/wp\/v2\/product\/10697","targetHints":{"allow":["GET"]}}],"collection":[{"href":"https:\/\/citrosars.nl\/es\/wp-json\/wp\/v2\/product"}],"about":[{"href":"https:\/\/citrosars.nl\/es\/wp-json\/wp\/v2\/types\/product"}],"wp:featuredmedia":[{"embeddable":true,"href":"https:\/\/citrosars.nl\/es\/wp-json\/wp\/v2\/media\/52181"}],"wp:attachment":[{"href":"https:\/\/citrosars.nl\/es\/wp-json\/wp\/v2\/media?parent=10697"}],"wp:term":[{"taxonomy":"product_brand","embeddable":true,"href":"https:\/\/citrosars.nl\/es\/wp-json\/wp\/v2\/product_brand?post=10697"},{"taxonomy":"product_cat","embeddable":true,"href":"https:\/\/citrosars.nl\/es\/wp-json\/wp\/v2\/product_cat?post=10697"},{"taxonomy":"product_tag","embeddable":true,"href":"https:\/\/citrosars.nl\/es\/wp-json\/wp\/v2\/product_tag?post=10697"}],"curies":[{"name":"wp","href":"https:\/\/api.w.org\/{rel}","templated":true}]}}