{"id":7708,"date":"2018-02-25T11:58:04","date_gmt":"2018-02-25T10:58:04","guid":{"rendered":"https:\/\/citrosars.nl\/product\/roller-bearing-2\/"},"modified":"2026-01-14T13:35:07","modified_gmt":"2026-01-14T12:35:07","slug":"gearbox-pinion-bearing","status":"publish","type":"product","link":"https:\/\/citrosars.nl\/en\/product\/gearbox-pinion-bearing\/","title":{"rendered":"Gearbox pinion bearing"},"content":{"rendered":"<p>Gearbox pinion bearing<\/p>\n","protected":false},"excerpt":{"rendered":"<p>Gearbox pinion bearing<\/p>\n","protected":false},"featured_media":62665,"template":"","meta":{"_kad_blocks_custom_css":"","_kad_blocks_head_custom_js":"","_kad_blocks_body_custom_js":"","_kad_blocks_footer_custom_js":"","_kadence_starter_templates_imported_post":false,"_kad_post_transparent":"","_kad_post_title":"","_kad_post_layout":"","_kad_post_sidebar_id":"","_kad_post_content_style":"","_kad_post_vertical_padding":"","_kad_post_feature":"","_kad_post_feature_position":"","_kad_post_header":false,"_kad_post_footer":false,"_kad_post_classname":""},"product_brand":[],"product_cat":[297,307,296,306],"product_tag":[],"class_list":{"0":"post-7708","1":"product","2":"type-product","3":"status-publish","4":"has-post-thumbnail","6":"product_cat-1-engine-gearbox-and-shift-mechanism","7":"product_cat-1-sm-engine-gearbox-and-switch-mechanism","8":"product_cat-ds-en","9":"product_cat-sm-en","11":"first","12":"outofstock","13":"taxable","14":"shipping-taxable","15":"purchasable","16":"product-type-simple","17":"entry","18":"content-bg","19":"loop-entry"},"yoast_head":"<!-- This site is optimized with the Yoast SEO plugin v27.3 - https:\/\/yoast.com\/product\/yoast-seo-wordpress\/ -->\n<title>Gearbox pinion bearing - CitroSars<\/title>\n<meta name=\"description\" content=\"This pigon bearing fits the Citro\u00ebn SM and DS manual gearbox. This pigon bearing fits the Citro\u00ebn SM and DS manual gearbox. Questo cuscinetto per ghisa si adatta al cambio manuale Citro\u00ebn SM e DS.\" \/>\n<meta name=\"robots\" content=\"index, follow, max-snippet:-1, max-image-preview:large, max-video-preview:-1\" \/>\n<link rel=\"canonical\" href=\"https:\/\/citrosars.nl\/en\/product\/gearbox-pinion-bearing\/\" \/>\n<meta property=\"og:locale\" content=\"en_US\" \/>\n<meta property=\"og:type\" content=\"article\" \/>\n<meta property=\"og:title\" content=\"Gearbox pinion bearing - CitroSars\" \/>\n<meta property=\"og:description\" content=\"This pigon bearing fits the Citro\u00ebn SM and DS manual gearbox. This pigon bearing fits the Citro\u00ebn SM and DS manual gearbox. Questo cuscinetto per ghisa si adatta al cambio manuale Citro\u00ebn SM e DS.\" \/>\n<meta property=\"og:url\" content=\"https:\/\/citrosars.nl\/en\/product\/gearbox-pinion-bearing\/\" \/>\n<meta property=\"og:site_name\" content=\"CitroSars\" \/>\n<meta property=\"article:modified_time\" content=\"2026-01-14T12:35:07+00:00\" \/>\n<meta property=\"og:image\" content=\"https:\/\/citrosars.nl\/wp-content\/uploads\/2018\/02\/Pignon-lager-ZC9620-335U-1024x683.jpg\" \/>\n\t<meta property=\"og:image:width\" content=\"1024\" \/>\n\t<meta property=\"og:image:height\" content=\"683\" \/>\n\t<meta property=\"og:image:type\" content=\"image\/jpeg\" \/>\n<script type=\"application\/ld+json\" class=\"yoast-schema-graph\">{\"@context\":\"https:\\\/\\\/schema.org\",\"@graph\":[{\"@type\":\"WebPage\",\"@id\":\"https:\\\/\\\/citrosars.nl\\\/en\\\/product\\\/gearbox-pinion-bearing\\\/\",\"url\":\"https:\\\/\\\/citrosars.nl\\\/en\\\/product\\\/gearbox-pinion-bearing\\\/\",\"name\":\"Gearbox pinion bearing - CitroSars\",\"isPartOf\":{\"@id\":\"https:\\\/\\\/citrosars.nl\\\/en\\\/#website\"},\"primaryImageOfPage\":{\"@id\":\"https:\\\/\\\/citrosars.nl\\\/en\\\/product\\\/gearbox-pinion-bearing\\\/#primaryimage\"},\"image\":{\"@id\":\"https:\\\/\\\/citrosars.nl\\\/en\\\/product\\\/gearbox-pinion-bearing\\\/#primaryimage\"},\"thumbnailUrl\":\"https:\\\/\\\/citrosars.nl\\\/wp-content\\\/uploads\\\/2026\\\/03\\\/1-935-scaled.jpg\",\"datePublished\":\"2018-02-25T10:58:04+00:00\",\"dateModified\":\"2026-01-14T12:35:07+00:00\",\"description\":\"This pigon bearing fits the Citro\u00ebn SM and DS manual gearbox. This pigon bearing fits the Citro\u00ebn SM and DS manual gearbox. Questo cuscinetto per ghisa si adatta al cambio manuale Citro\u00ebn SM e DS.\",\"breadcrumb\":{\"@id\":\"https:\\\/\\\/citrosars.nl\\\/en\\\/product\\\/gearbox-pinion-bearing\\\/#breadcrumb\"},\"inLanguage\":\"en-US\",\"potentialAction\":[{\"@type\":\"ReadAction\",\"target\":[\"https:\\\/\\\/citrosars.nl\\\/en\\\/product\\\/gearbox-pinion-bearing\\\/\"]}]},{\"@type\":\"ImageObject\",\"inLanguage\":\"en-US\",\"@id\":\"https:\\\/\\\/citrosars.nl\\\/en\\\/product\\\/gearbox-pinion-bearing\\\/#primaryimage\",\"url\":\"https:\\\/\\\/citrosars.nl\\\/wp-content\\\/uploads\\\/2026\\\/03\\\/1-935-scaled.jpg\",\"contentUrl\":\"https:\\\/\\\/citrosars.nl\\\/wp-content\\\/uploads\\\/2026\\\/03\\\/1-935-scaled.jpg\",\"width\":2560,\"height\":1707},{\"@type\":\"BreadcrumbList\",\"@id\":\"https:\\\/\\\/citrosars.nl\\\/en\\\/product\\\/gearbox-pinion-bearing\\\/#breadcrumb\",\"itemListElement\":[{\"@type\":\"ListItem\",\"position\":1,\"name\":\"Home\",\"item\":\"https:\\\/\\\/citrosars.nl\\\/en\\\/\"},{\"@type\":\"ListItem\",\"position\":2,\"name\":\"Webshop\",\"item\":\"https:\\\/\\\/citrosars.nl\\\/en\\\/webshop\\\/\"},{\"@type\":\"ListItem\",\"position\":3,\"name\":\"Gearbox pinion bearing\"}]},{\"@type\":\"WebSite\",\"@id\":\"https:\\\/\\\/citrosars.nl\\\/en\\\/#website\",\"url\":\"https:\\\/\\\/citrosars.nl\\\/en\\\/\",\"name\":\"CitroSars\",\"description\":\"CitroSars. DS, SM Restoraton, maintainance, Revision, Sales \\\/ Restauratie, onderhoud en verkoop\",\"publisher\":{\"@id\":\"https:\\\/\\\/citrosars.nl\\\/en\\\/#organization\"},\"potentialAction\":[{\"@type\":\"SearchAction\",\"target\":{\"@type\":\"EntryPoint\",\"urlTemplate\":\"https:\\\/\\\/citrosars.nl\\\/en\\\/?s={search_term_string}\"},\"query-input\":{\"@type\":\"PropertyValueSpecification\",\"valueRequired\":true,\"valueName\":\"search_term_string\"}}],\"inLanguage\":\"en-US\"},{\"@type\":\"Organization\",\"@id\":\"https:\\\/\\\/citrosars.nl\\\/en\\\/#organization\",\"name\":\"CitroSars\",\"url\":\"https:\\\/\\\/citrosars.nl\\\/en\\\/\",\"logo\":{\"@type\":\"ImageObject\",\"inLanguage\":\"en-US\",\"@id\":\"https:\\\/\\\/citrosars.nl\\\/en\\\/#\\\/schema\\\/logo\\\/image\\\/\",\"url\":\"https:\\\/\\\/citrosars.nl\\\/wp-content\\\/uploads\\\/2021\\\/12\\\/citrosars-logo-02-e1638783648691.png\",\"contentUrl\":\"https:\\\/\\\/citrosars.nl\\\/wp-content\\\/uploads\\\/2021\\\/12\\\/citrosars-logo-02-e1638783648691.png\",\"width\":1366,\"height\":324,\"caption\":\"CitroSars\"},\"image\":{\"@id\":\"https:\\\/\\\/citrosars.nl\\\/en\\\/#\\\/schema\\\/logo\\\/image\\\/\"}}]}<\/script>\n<!-- \/ Yoast SEO plugin. -->","yoast_head_json":{"title":"Gearbox pinion bearing - CitroSars","description":"This pigon bearing fits the Citro\u00ebn SM and DS manual gearbox. This pigon bearing fits the Citro\u00ebn SM and DS manual gearbox. Questo cuscinetto per ghisa si adatta al cambio manuale Citro\u00ebn SM e DS.","robots":{"index":"index","follow":"follow","max-snippet":"max-snippet:-1","max-image-preview":"max-image-preview:large","max-video-preview":"max-video-preview:-1"},"canonical":"https:\/\/citrosars.nl\/en\/product\/gearbox-pinion-bearing\/","og_locale":"en_US","og_type":"article","og_title":"Gearbox pinion bearing - CitroSars","og_description":"This pigon bearing fits the Citro\u00ebn SM and DS manual gearbox. This pigon bearing fits the Citro\u00ebn SM and DS manual gearbox. Questo cuscinetto per ghisa si adatta al cambio manuale Citro\u00ebn SM e DS.","og_url":"https:\/\/citrosars.nl\/en\/product\/gearbox-pinion-bearing\/","og_site_name":"CitroSars","article_modified_time":"2026-01-14T12:35:07+00:00","og_image":[{"width":1024,"height":683,"url":"https:\/\/citrosars.nl\/wp-content\/uploads\/2018\/02\/Pignon-lager-ZC9620-335U-1024x683.jpg","type":"image\/jpeg"}],"schema":{"@context":"https:\/\/schema.org","@graph":[{"@type":"WebPage","@id":"https:\/\/citrosars.nl\/en\/product\/gearbox-pinion-bearing\/","url":"https:\/\/citrosars.nl\/en\/product\/gearbox-pinion-bearing\/","name":"Gearbox pinion bearing - CitroSars","isPartOf":{"@id":"https:\/\/citrosars.nl\/en\/#website"},"primaryImageOfPage":{"@id":"https:\/\/citrosars.nl\/en\/product\/gearbox-pinion-bearing\/#primaryimage"},"image":{"@id":"https:\/\/citrosars.nl\/en\/product\/gearbox-pinion-bearing\/#primaryimage"},"thumbnailUrl":"https:\/\/citrosars.nl\/wp-content\/uploads\/2026\/03\/1-935-scaled.jpg","datePublished":"2018-02-25T10:58:04+00:00","dateModified":"2026-01-14T12:35:07+00:00","description":"This pigon bearing fits the Citro\u00ebn SM and DS manual gearbox. This pigon bearing fits the Citro\u00ebn SM and DS manual gearbox. Questo cuscinetto per ghisa si adatta al cambio manuale Citro\u00ebn SM e DS.","breadcrumb":{"@id":"https:\/\/citrosars.nl\/en\/product\/gearbox-pinion-bearing\/#breadcrumb"},"inLanguage":"en-US","potentialAction":[{"@type":"ReadAction","target":["https:\/\/citrosars.nl\/en\/product\/gearbox-pinion-bearing\/"]}]},{"@type":"ImageObject","inLanguage":"en-US","@id":"https:\/\/citrosars.nl\/en\/product\/gearbox-pinion-bearing\/#primaryimage","url":"https:\/\/citrosars.nl\/wp-content\/uploads\/2026\/03\/1-935-scaled.jpg","contentUrl":"https:\/\/citrosars.nl\/wp-content\/uploads\/2026\/03\/1-935-scaled.jpg","width":2560,"height":1707},{"@type":"BreadcrumbList","@id":"https:\/\/citrosars.nl\/en\/product\/gearbox-pinion-bearing\/#breadcrumb","itemListElement":[{"@type":"ListItem","position":1,"name":"Home","item":"https:\/\/citrosars.nl\/en\/"},{"@type":"ListItem","position":2,"name":"Webshop","item":"https:\/\/citrosars.nl\/en\/webshop\/"},{"@type":"ListItem","position":3,"name":"Gearbox pinion bearing"}]},{"@type":"WebSite","@id":"https:\/\/citrosars.nl\/en\/#website","url":"https:\/\/citrosars.nl\/en\/","name":"CitroSars","description":"CitroSars. DS, SM Restoraton, maintainance, Revision, Sales \/ Restauratie, onderhoud en verkoop","publisher":{"@id":"https:\/\/citrosars.nl\/en\/#organization"},"potentialAction":[{"@type":"SearchAction","target":{"@type":"EntryPoint","urlTemplate":"https:\/\/citrosars.nl\/en\/?s={search_term_string}"},"query-input":{"@type":"PropertyValueSpecification","valueRequired":true,"valueName":"search_term_string"}}],"inLanguage":"en-US"},{"@type":"Organization","@id":"https:\/\/citrosars.nl\/en\/#organization","name":"CitroSars","url":"https:\/\/citrosars.nl\/en\/","logo":{"@type":"ImageObject","inLanguage":"en-US","@id":"https:\/\/citrosars.nl\/en\/#\/schema\/logo\/image\/","url":"https:\/\/citrosars.nl\/wp-content\/uploads\/2021\/12\/citrosars-logo-02-e1638783648691.png","contentUrl":"https:\/\/citrosars.nl\/wp-content\/uploads\/2021\/12\/citrosars-logo-02-e1638783648691.png","width":1366,"height":324,"caption":"CitroSars"},"image":{"@id":"https:\/\/citrosars.nl\/en\/#\/schema\/logo\/image\/"}}]}},"taxonomy_info":{"product_cat":[{"value":297,"label":"1. Engine, gearbox and shift mechanism."},{"value":307,"label":"1. SM Engine, gearbox and shift mechanism"},{"value":296,"label":"DS"},{"value":306,"label":"SM"}]},"featured_image_src_large":["https:\/\/citrosars.nl\/wp-content\/uploads\/2026\/03\/1-935-1024x683.jpg",1024,683,true],"author_info":[],"comment_info":"","_links":{"self":[{"href":"https:\/\/citrosars.nl\/en\/wp-json\/wp\/v2\/product\/7708","targetHints":{"allow":["GET"]}}],"collection":[{"href":"https:\/\/citrosars.nl\/en\/wp-json\/wp\/v2\/product"}],"about":[{"href":"https:\/\/citrosars.nl\/en\/wp-json\/wp\/v2\/types\/product"}],"wp:featuredmedia":[{"embeddable":true,"href":"https:\/\/citrosars.nl\/en\/wp-json\/wp\/v2\/media\/62665"}],"wp:attachment":[{"href":"https:\/\/citrosars.nl\/en\/wp-json\/wp\/v2\/media?parent=7708"}],"wp:term":[{"taxonomy":"product_brand","embeddable":true,"href":"https:\/\/citrosars.nl\/en\/wp-json\/wp\/v2\/product_brand?post=7708"},{"taxonomy":"product_cat","embeddable":true,"href":"https:\/\/citrosars.nl\/en\/wp-json\/wp\/v2\/product_cat?post=7708"},{"taxonomy":"product_tag","embeddable":true,"href":"https:\/\/citrosars.nl\/en\/wp-json\/wp\/v2\/product_tag?post=7708"}],"curies":[{"name":"wp","href":"https:\/\/api.w.org\/{rel}","templated":true}]}}