{"id":8760,"date":"2018-03-01T21:21:20","date_gmt":"2018-03-01T20:21:20","guid":{"rendered":"https:\/\/citrosars.nl\/product\/lichtmaschine-valeo-70-ampere-mit-integriertem-spannungsregler\/"},"modified":"2026-01-21T09:01:51","modified_gmt":"2026-01-21T08:01:51","slug":"lichtmaschine-eingebauter-spannungsregler-valeo-70-ampere","status":"publish","type":"product","link":"https:\/\/citrosars.nl\/de\/produkt\/lichtmaschine-eingebauter-spannungsregler-valeo-70-ampere\/","title":{"rendered":"Lichtmaschine mit eingebautem Spannungsregler Valeo 70 Ampere."},"content":{"rendered":"<p>Generator mit eingebautem Spannungsregler, dieser ersetzt den urspr\u00fcnglichen Generator und separaten externen Regler. Um die Montage zu erleichtern, empfehlen wir, die angepasste Generatorhalterung zu bestellen: <a href=\"https:\/\/citrosars.nl\/product\/dynamo-steun-voor-moderne-dynamo\/\">https:\/\/citrosars.nl\/product\/dynamo-steun-voor-moderne-dynamo\/<\/a><\/p>\n","protected":false},"excerpt":{"rendered":"<p>Generator mit eingebautem Spannungsregler, dieser ersetzt den urspr\u00fcnglichen Generator und separaten externen Regler. Um die Montage zu erleichtern, empfehlen wir, die angepasste Generatorhalterung zu bestellen: https:\/\/citrosars.nl\/product\/dynamo-steun-voor-moderne-dynamo\/<\/p>\n","protected":false},"featured_media":66006,"template":"","meta":{"_kad_blocks_custom_css":"","_kad_blocks_head_custom_js":"","_kad_blocks_body_custom_js":"","_kad_blocks_footer_custom_js":"","_kadence_starter_templates_imported_post":false,"_kad_post_transparent":"default","_kad_post_title":"","_kad_post_layout":"default","_kad_post_sidebar_id":"","_kad_post_content_style":"default","_kad_post_vertical_padding":"default","_kad_post_feature":"","_kad_post_feature_position":"","_kad_post_header":false,"_kad_post_footer":false,"_kad_post_classname":""},"product_brand":[],"product_cat":[341,359],"product_tag":[],"class_list":{"0":"post-8760","1":"product","2":"type-product","3":"status-publish","4":"has-post-thumbnail","6":"product_cat-2-ausserhalb-des-motors-liegende-organteile-zundanlage-lichtmaschine-vergaser-luftfilter-krummer","7":"product_cat-sm-de","9":"first","10":"instock","11":"taxable","12":"shipping-taxable","13":"purchasable","14":"product-type-simple","15":"entry","16":"content-bg","17":"loop-entry"},"yoast_head":"<!-- This site is optimized with the Yoast SEO plugin v27.3 - https:\/\/yoast.com\/product\/yoast-seo-wordpress\/ -->\n<title>Lichtmaschine mit eingebautem Spannungsregler Valeo 70 Ampere. - CitroSars<\/title>\n<meta name=\"robots\" content=\"index, follow, max-snippet:-1, max-image-preview:large, max-video-preview:-1\" \/>\n<link rel=\"canonical\" href=\"https:\/\/citrosars.nl\/de\/produkt\/lichtmaschine-eingebauter-spannungsregler-valeo-70-ampere\/\" \/>\n<meta property=\"og:locale\" content=\"de_DE\" \/>\n<meta property=\"og:type\" content=\"article\" \/>\n<meta property=\"og:title\" content=\"Lichtmaschine mit eingebautem Spannungsregler Valeo 70 Ampere. - CitroSars\" \/>\n<meta property=\"og:description\" content=\"Generator mit eingebautem Spannungsregler, dieser ersetzt den urspr\u00fcnglichen Generator und separaten externen Regler. Um die Montage zu erleichtern, empfehlen wir, die angepasste Generatorhalterung zu bestellen: https:\/\/citrosars.nl\/product\/dynamo-steun-voor-moderne-dynamo\/\" \/>\n<meta property=\"og:url\" content=\"https:\/\/citrosars.nl\/de\/produkt\/lichtmaschine-eingebauter-spannungsregler-valeo-70-ampere\/\" \/>\n<meta property=\"og:site_name\" content=\"CitroSars\" \/>\n<meta property=\"article:modified_time\" content=\"2026-01-21T08:01:51+00:00\" \/>\n<meta property=\"og:image\" content=\"https:\/\/citrosars.nl\/wp-content\/uploads\/2018\/03\/IMG_5735-1024x768.jpg\" \/>\n\t<meta property=\"og:image:width\" content=\"1024\" \/>\n\t<meta property=\"og:image:height\" content=\"768\" \/>\n\t<meta property=\"og:image:type\" content=\"image\/jpeg\" \/>\n<meta name=\"twitter:label1\" content=\"Gesch\u00e4tzte Lesezeit\" \/>\n\t<meta name=\"twitter:data1\" content=\"1\u00a0Minute\" \/>\n<script type=\"application\/ld+json\" class=\"yoast-schema-graph\">{\"@context\":\"https:\\\/\\\/schema.org\",\"@graph\":[{\"@type\":\"WebPage\",\"@id\":\"https:\\\/\\\/citrosars.nl\\\/de\\\/produkt\\\/lichtmaschine-eingebauter-spannungsregler-valeo-70-ampere\\\/\",\"url\":\"https:\\\/\\\/citrosars.nl\\\/de\\\/produkt\\\/lichtmaschine-eingebauter-spannungsregler-valeo-70-ampere\\\/\",\"name\":\"Lichtmaschine mit eingebautem Spannungsregler Valeo 70 Ampere. - CitroSars\",\"isPartOf\":{\"@id\":\"https:\\\/\\\/citrosars.nl\\\/de\\\/#website\"},\"primaryImageOfPage\":{\"@id\":\"https:\\\/\\\/citrosars.nl\\\/de\\\/produkt\\\/lichtmaschine-eingebauter-spannungsregler-valeo-70-ampere\\\/#primaryimage\"},\"image\":{\"@id\":\"https:\\\/\\\/citrosars.nl\\\/de\\\/produkt\\\/lichtmaschine-eingebauter-spannungsregler-valeo-70-ampere\\\/#primaryimage\"},\"thumbnailUrl\":\"https:\\\/\\\/citrosars.nl\\\/wp-content\\\/uploads\\\/2026\\\/03\\\/1-1209.jpg\",\"datePublished\":\"2018-03-01T20:21:20+00:00\",\"dateModified\":\"2026-01-21T08:01:51+00:00\",\"breadcrumb\":{\"@id\":\"https:\\\/\\\/citrosars.nl\\\/de\\\/produkt\\\/lichtmaschine-eingebauter-spannungsregler-valeo-70-ampere\\\/#breadcrumb\"},\"inLanguage\":\"de\",\"potentialAction\":[{\"@type\":\"ReadAction\",\"target\":[\"https:\\\/\\\/citrosars.nl\\\/de\\\/produkt\\\/lichtmaschine-eingebauter-spannungsregler-valeo-70-ampere\\\/\"]}]},{\"@type\":\"ImageObject\",\"inLanguage\":\"de\",\"@id\":\"https:\\\/\\\/citrosars.nl\\\/de\\\/produkt\\\/lichtmaschine-eingebauter-spannungsregler-valeo-70-ampere\\\/#primaryimage\",\"url\":\"https:\\\/\\\/citrosars.nl\\\/wp-content\\\/uploads\\\/2026\\\/03\\\/1-1209.jpg\",\"contentUrl\":\"https:\\\/\\\/citrosars.nl\\\/wp-content\\\/uploads\\\/2026\\\/03\\\/1-1209.jpg\",\"width\":2560,\"height\":1920},{\"@type\":\"BreadcrumbList\",\"@id\":\"https:\\\/\\\/citrosars.nl\\\/de\\\/produkt\\\/lichtmaschine-eingebauter-spannungsregler-valeo-70-ampere\\\/#breadcrumb\",\"itemListElement\":[{\"@type\":\"ListItem\",\"position\":1,\"name\":\"Home\",\"item\":\"https:\\\/\\\/citrosars.nl\\\/de\\\/\"},{\"@type\":\"ListItem\",\"position\":2,\"name\":\"Webshop\",\"item\":\"https:\\\/\\\/citrosars.nl\\\/de\\\/webshop\\\/\"},{\"@type\":\"ListItem\",\"position\":3,\"name\":\"Lichtmaschine mit eingebautem Spannungsregler Valeo 70 Ampere.\"}]},{\"@type\":\"WebSite\",\"@id\":\"https:\\\/\\\/citrosars.nl\\\/de\\\/#website\",\"url\":\"https:\\\/\\\/citrosars.nl\\\/de\\\/\",\"name\":\"CitroSars\",\"description\":\"CitroSars. DS, SM Restoraton, maintainance, Revision, Sales \\\/ Restauratie, onderhoud en verkoop\",\"publisher\":{\"@id\":\"https:\\\/\\\/citrosars.nl\\\/de\\\/#organization\"},\"potentialAction\":[{\"@type\":\"SearchAction\",\"target\":{\"@type\":\"EntryPoint\",\"urlTemplate\":\"https:\\\/\\\/citrosars.nl\\\/de\\\/?s={search_term_string}\"},\"query-input\":{\"@type\":\"PropertyValueSpecification\",\"valueRequired\":true,\"valueName\":\"search_term_string\"}}],\"inLanguage\":\"de\"},{\"@type\":\"Organization\",\"@id\":\"https:\\\/\\\/citrosars.nl\\\/de\\\/#organization\",\"name\":\"CitroSars\",\"url\":\"https:\\\/\\\/citrosars.nl\\\/de\\\/\",\"logo\":{\"@type\":\"ImageObject\",\"inLanguage\":\"de\",\"@id\":\"https:\\\/\\\/citrosars.nl\\\/de\\\/#\\\/schema\\\/logo\\\/image\\\/\",\"url\":\"https:\\\/\\\/citrosars.nl\\\/wp-content\\\/uploads\\\/2021\\\/12\\\/citrosars-logo-02-e1638783648691.png\",\"contentUrl\":\"https:\\\/\\\/citrosars.nl\\\/wp-content\\\/uploads\\\/2021\\\/12\\\/citrosars-logo-02-e1638783648691.png\",\"width\":1366,\"height\":324,\"caption\":\"CitroSars\"},\"image\":{\"@id\":\"https:\\\/\\\/citrosars.nl\\\/de\\\/#\\\/schema\\\/logo\\\/image\\\/\"}}]}<\/script>\n<!-- \/ Yoast SEO plugin. -->","yoast_head_json":{"title":"Lichtmaschine mit eingebautem Spannungsregler Valeo 70 Ampere. - CitroSars","robots":{"index":"index","follow":"follow","max-snippet":"max-snippet:-1","max-image-preview":"max-image-preview:large","max-video-preview":"max-video-preview:-1"},"canonical":"https:\/\/citrosars.nl\/de\/produkt\/lichtmaschine-eingebauter-spannungsregler-valeo-70-ampere\/","og_locale":"de_DE","og_type":"article","og_title":"Lichtmaschine mit eingebautem Spannungsregler Valeo 70 Ampere. - CitroSars","og_description":"Generator mit eingebautem Spannungsregler, dieser ersetzt den urspr\u00fcnglichen Generator und separaten externen Regler. Um die Montage zu erleichtern, empfehlen wir, die angepasste Generatorhalterung zu bestellen: https:\/\/citrosars.nl\/product\/dynamo-steun-voor-moderne-dynamo\/","og_url":"https:\/\/citrosars.nl\/de\/produkt\/lichtmaschine-eingebauter-spannungsregler-valeo-70-ampere\/","og_site_name":"CitroSars","article_modified_time":"2026-01-21T08:01:51+00:00","og_image":[{"width":1024,"height":768,"url":"https:\/\/citrosars.nl\/wp-content\/uploads\/2018\/03\/IMG_5735-1024x768.jpg","type":"image\/jpeg"}],"twitter_misc":{"Gesch\u00e4tzte Lesezeit":"1\u00a0Minute"},"schema":{"@context":"https:\/\/schema.org","@graph":[{"@type":"WebPage","@id":"https:\/\/citrosars.nl\/de\/produkt\/lichtmaschine-eingebauter-spannungsregler-valeo-70-ampere\/","url":"https:\/\/citrosars.nl\/de\/produkt\/lichtmaschine-eingebauter-spannungsregler-valeo-70-ampere\/","name":"Lichtmaschine mit eingebautem Spannungsregler Valeo 70 Ampere. - CitroSars","isPartOf":{"@id":"https:\/\/citrosars.nl\/de\/#website"},"primaryImageOfPage":{"@id":"https:\/\/citrosars.nl\/de\/produkt\/lichtmaschine-eingebauter-spannungsregler-valeo-70-ampere\/#primaryimage"},"image":{"@id":"https:\/\/citrosars.nl\/de\/produkt\/lichtmaschine-eingebauter-spannungsregler-valeo-70-ampere\/#primaryimage"},"thumbnailUrl":"https:\/\/citrosars.nl\/wp-content\/uploads\/2026\/03\/1-1209.jpg","datePublished":"2018-03-01T20:21:20+00:00","dateModified":"2026-01-21T08:01:51+00:00","breadcrumb":{"@id":"https:\/\/citrosars.nl\/de\/produkt\/lichtmaschine-eingebauter-spannungsregler-valeo-70-ampere\/#breadcrumb"},"inLanguage":"de","potentialAction":[{"@type":"ReadAction","target":["https:\/\/citrosars.nl\/de\/produkt\/lichtmaschine-eingebauter-spannungsregler-valeo-70-ampere\/"]}]},{"@type":"ImageObject","inLanguage":"de","@id":"https:\/\/citrosars.nl\/de\/produkt\/lichtmaschine-eingebauter-spannungsregler-valeo-70-ampere\/#primaryimage","url":"https:\/\/citrosars.nl\/wp-content\/uploads\/2026\/03\/1-1209.jpg","contentUrl":"https:\/\/citrosars.nl\/wp-content\/uploads\/2026\/03\/1-1209.jpg","width":2560,"height":1920},{"@type":"BreadcrumbList","@id":"https:\/\/citrosars.nl\/de\/produkt\/lichtmaschine-eingebauter-spannungsregler-valeo-70-ampere\/#breadcrumb","itemListElement":[{"@type":"ListItem","position":1,"name":"Home","item":"https:\/\/citrosars.nl\/de\/"},{"@type":"ListItem","position":2,"name":"Webshop","item":"https:\/\/citrosars.nl\/de\/webshop\/"},{"@type":"ListItem","position":3,"name":"Lichtmaschine mit eingebautem Spannungsregler Valeo 70 Ampere."}]},{"@type":"WebSite","@id":"https:\/\/citrosars.nl\/de\/#website","url":"https:\/\/citrosars.nl\/de\/","name":"CitroSars","description":"CitroSars. DS, SM Restoraton, maintainance, Revision, Sales \/ Restauratie, onderhoud en verkoop","publisher":{"@id":"https:\/\/citrosars.nl\/de\/#organization"},"potentialAction":[{"@type":"SearchAction","target":{"@type":"EntryPoint","urlTemplate":"https:\/\/citrosars.nl\/de\/?s={search_term_string}"},"query-input":{"@type":"PropertyValueSpecification","valueRequired":true,"valueName":"search_term_string"}}],"inLanguage":"de"},{"@type":"Organization","@id":"https:\/\/citrosars.nl\/de\/#organization","name":"CitroSars","url":"https:\/\/citrosars.nl\/de\/","logo":{"@type":"ImageObject","inLanguage":"de","@id":"https:\/\/citrosars.nl\/de\/#\/schema\/logo\/image\/","url":"https:\/\/citrosars.nl\/wp-content\/uploads\/2021\/12\/citrosars-logo-02-e1638783648691.png","contentUrl":"https:\/\/citrosars.nl\/wp-content\/uploads\/2021\/12\/citrosars-logo-02-e1638783648691.png","width":1366,"height":324,"caption":"CitroSars"},"image":{"@id":"https:\/\/citrosars.nl\/de\/#\/schema\/logo\/image\/"}}]}},"taxonomy_info":{"product_cat":[{"value":341,"label":"2. Au\u00dferhalb des Motors liegende Organteile, Z\u00fcndanlage, Lichtmaschine, Vergaser, Luftfilter, Kr\u00fcmmer"},{"value":359,"label":"SM"}]},"featured_image_src_large":["https:\/\/citrosars.nl\/wp-content\/uploads\/2026\/03\/1-1209-1024x768.jpg",1024,768,true],"author_info":[],"comment_info":"","_links":{"self":[{"href":"https:\/\/citrosars.nl\/de\/wp-json\/wp\/v2\/product\/8760","targetHints":{"allow":["GET"]}}],"collection":[{"href":"https:\/\/citrosars.nl\/de\/wp-json\/wp\/v2\/product"}],"about":[{"href":"https:\/\/citrosars.nl\/de\/wp-json\/wp\/v2\/types\/product"}],"wp:featuredmedia":[{"embeddable":true,"href":"https:\/\/citrosars.nl\/de\/wp-json\/wp\/v2\/media\/66006"}],"wp:attachment":[{"href":"https:\/\/citrosars.nl\/de\/wp-json\/wp\/v2\/media?parent=8760"}],"wp:term":[{"taxonomy":"product_brand","embeddable":true,"href":"https:\/\/citrosars.nl\/de\/wp-json\/wp\/v2\/product_brand?post=8760"},{"taxonomy":"product_cat","embeddable":true,"href":"https:\/\/citrosars.nl\/de\/wp-json\/wp\/v2\/product_cat?post=8760"},{"taxonomy":"product_tag","embeddable":true,"href":"https:\/\/citrosars.nl\/de\/wp-json\/wp\/v2\/product_tag?post=8760"}],"curies":[{"name":"wp","href":"https:\/\/api.w.org\/{rel}","templated":true}]}}