{"id":26157,"date":"2021-01-29T15:27:15","date_gmt":"2021-01-29T14:27:15","guid":{"rendered":"https:\/\/citrosars.nl\/product\/sonnenblende-ohne-spiegelloch\/"},"modified":"2021-02-10T10:08:09","modified_gmt":"2021-02-10T09:08:09","slug":"sonnenblende-abdeckung-ohne-spiegelloch","status":"publish","type":"product","link":"https:\/\/citrosars.nl\/de\/produkt\/sonnenblende-abdeckung-ohne-spiegelloch\/","title":{"rendered":"Sonnenblende Abdeckungen ohne Spiegelloch (2 St\u00fcck)"},"content":{"rendered":"","protected":false},"excerpt":{"rendered":"<p>Hinweis;<\/p>\n<p>Beim Austausch der Sonnenblende Abdeckung nicht die alte Polster entfernen. Die neuen Abdeckungen werden von innen nach au\u00dfen geliefert und sollten auch \u00fcber die alten gerollt werden. Die Abdeckung sollte ebenfalls so fest wie m\u00f6glich angezogen werden. Am Ende muss eine kurze Seite mit einem Blindstich von Hand gen\u00e4ht werden.<\/p>\n<p>Wir bieten auch einen (Austausch-)Service an, bei dem die alten Abdeckungen versendet und neue geliefert verkleidert werden k\u00f6nnen. Bitte kontaktieren Sie uns daf\u00fcr.<\/p>\n","protected":false},"featured_media":63787,"template":"","meta":{"_kad_blocks_custom_css":"","_kad_blocks_head_custom_js":"","_kad_blocks_body_custom_js":"","_kad_blocks_footer_custom_js":"","_kadence_starter_templates_imported_post":false,"_kad_post_transparent":"","_kad_post_title":"","_kad_post_layout":"","_kad_post_sidebar_id":"","_kad_post_content_style":"","_kad_post_vertical_padding":"","_kad_post_feature":"","_kad_post_feature_position":"","_kad_post_header":false,"_kad_post_footer":false,"_kad_post_classname":""},"product_brand":[],"product_cat":[347,359],"product_tag":[],"class_list":{"0":"post-26157","1":"product","2":"type-product","3":"status-publish","4":"has-post-thumbnail","6":"product_cat-8-karrosserie-auskleidung-sitze-sitzbezuge-radzubehor","7":"product_cat-sm-de","9":"first","10":"instock","11":"taxable","12":"shipping-taxable","13":"purchasable","14":"product-type-simple","15":"entry","16":"content-bg","17":"loop-entry"},"yoast_head":"<!-- This site is optimized with the Yoast SEO plugin v27.4 - https:\/\/yoast.com\/product\/yoast-seo-wordpress\/ -->\n<title>Sonnenblende Abdeckungen ohne Spiegelloch (2 St\u00fcck) - CitroSars<\/title>\n<meta name=\"robots\" content=\"index, follow, max-snippet:-1, max-image-preview:large, max-video-preview:-1\" \/>\n<link rel=\"canonical\" href=\"https:\/\/citrosars.nl\/de\/produkt\/sonnenblende-abdeckung-ohne-spiegelloch\/\" \/>\n<meta property=\"og:locale\" content=\"de_DE\" \/>\n<meta property=\"og:type\" content=\"article\" \/>\n<meta property=\"og:title\" content=\"Sonnenblende Abdeckungen ohne Spiegelloch (2 St\u00fcck) - CitroSars\" \/>\n<meta property=\"og:description\" content=\"Hinweis; Beim Austausch der Sonnenblende Abdeckung nicht die alte Polster entfernen. Die neuen Abdeckungen werden von innen nach au\u00dfen geliefert und sollten auch \u00fcber die alten gerollt werden. Die Abdeckung sollte ebenfalls so fest wie m\u00f6glich angezogen werden. Am Ende muss eine kurze Seite mit einem Blindstich von Hand gen\u00e4ht werden. Wir bieten auch einen (Austausch-)Service an, bei dem die alten Abdeckungen versendet und neue geliefert verkleidert werden k\u00f6nnen. Bitte kontaktieren Sie uns daf\u00fcr.\" \/>\n<meta property=\"og:url\" content=\"https:\/\/citrosars.nl\/de\/produkt\/sonnenblende-abdeckung-ohne-spiegelloch\/\" \/>\n<meta property=\"og:site_name\" content=\"CitroSars\" \/>\n<meta property=\"article:modified_time\" content=\"2021-02-10T09:08:09+00:00\" \/>\n<meta property=\"og:image\" content=\"https:\/\/citrosars.nl\/wp-content\/uploads\/2021\/01\/zonneklephoesjes-Citroen-SM-2S-5407-445B-scaled.jpg\" \/>\n\t<meta property=\"og:image:width\" content=\"2560\" \/>\n\t<meta property=\"og:image:height\" content=\"1920\" \/>\n\t<meta property=\"og:image:type\" content=\"image\/jpeg\" \/>\n<script type=\"application\/ld+json\" class=\"yoast-schema-graph\">{\"@context\":\"https:\\\/\\\/schema.org\",\"@graph\":[{\"@type\":\"WebPage\",\"@id\":\"https:\\\/\\\/citrosars.nl\\\/de\\\/produkt\\\/sonnenblende-abdeckung-ohne-spiegelloch\\\/\",\"url\":\"https:\\\/\\\/citrosars.nl\\\/de\\\/produkt\\\/sonnenblende-abdeckung-ohne-spiegelloch\\\/\",\"name\":\"Sonnenblende Abdeckungen ohne Spiegelloch (2 St\u00fcck) - CitroSars\",\"isPartOf\":{\"@id\":\"https:\\\/\\\/citrosars.nl\\\/de\\\/#website\"},\"primaryImageOfPage\":{\"@id\":\"https:\\\/\\\/citrosars.nl\\\/de\\\/produkt\\\/sonnenblende-abdeckung-ohne-spiegelloch\\\/#primaryimage\"},\"image\":{\"@id\":\"https:\\\/\\\/citrosars.nl\\\/de\\\/produkt\\\/sonnenblende-abdeckung-ohne-spiegelloch\\\/#primaryimage\"},\"thumbnailUrl\":\"https:\\\/\\\/citrosars.nl\\\/wp-content\\\/uploads\\\/2026\\\/03\\\/1-1031.jpg\",\"datePublished\":\"2021-01-29T14:27:15+00:00\",\"dateModified\":\"2021-02-10T09:08:09+00:00\",\"breadcrumb\":{\"@id\":\"https:\\\/\\\/citrosars.nl\\\/de\\\/produkt\\\/sonnenblende-abdeckung-ohne-spiegelloch\\\/#breadcrumb\"},\"inLanguage\":\"de\",\"potentialAction\":[{\"@type\":\"ReadAction\",\"target\":[\"https:\\\/\\\/citrosars.nl\\\/de\\\/produkt\\\/sonnenblende-abdeckung-ohne-spiegelloch\\\/\"]}]},{\"@type\":\"ImageObject\",\"inLanguage\":\"de\",\"@id\":\"https:\\\/\\\/citrosars.nl\\\/de\\\/produkt\\\/sonnenblende-abdeckung-ohne-spiegelloch\\\/#primaryimage\",\"url\":\"https:\\\/\\\/citrosars.nl\\\/wp-content\\\/uploads\\\/2026\\\/03\\\/1-1031.jpg\",\"contentUrl\":\"https:\\\/\\\/citrosars.nl\\\/wp-content\\\/uploads\\\/2026\\\/03\\\/1-1031.jpg\",\"width\":2560,\"height\":1920},{\"@type\":\"BreadcrumbList\",\"@id\":\"https:\\\/\\\/citrosars.nl\\\/de\\\/produkt\\\/sonnenblende-abdeckung-ohne-spiegelloch\\\/#breadcrumb\",\"itemListElement\":[{\"@type\":\"ListItem\",\"position\":1,\"name\":\"Home\",\"item\":\"https:\\\/\\\/citrosars.nl\\\/de\\\/\"},{\"@type\":\"ListItem\",\"position\":2,\"name\":\"Webshop\",\"item\":\"https:\\\/\\\/citrosars.nl\\\/de\\\/webshop\\\/\"},{\"@type\":\"ListItem\",\"position\":3,\"name\":\"Sonnenblende Abdeckungen ohne Spiegelloch (2 St\u00fcck)\"}]},{\"@type\":\"WebSite\",\"@id\":\"https:\\\/\\\/citrosars.nl\\\/de\\\/#website\",\"url\":\"https:\\\/\\\/citrosars.nl\\\/de\\\/\",\"name\":\"CitroSars\",\"description\":\"CitroSars. DS, SM Restoraton, maintainance, Revision, Sales \\\/ Restauratie, onderhoud en verkoop\",\"publisher\":{\"@id\":\"https:\\\/\\\/citrosars.nl\\\/de\\\/#organization\"},\"potentialAction\":[{\"@type\":\"SearchAction\",\"target\":{\"@type\":\"EntryPoint\",\"urlTemplate\":\"https:\\\/\\\/citrosars.nl\\\/de\\\/?s={search_term_string}\"},\"query-input\":{\"@type\":\"PropertyValueSpecification\",\"valueRequired\":true,\"valueName\":\"search_term_string\"}}],\"inLanguage\":\"de\"},{\"@type\":\"Organization\",\"@id\":\"https:\\\/\\\/citrosars.nl\\\/de\\\/#organization\",\"name\":\"CitroSars\",\"url\":\"https:\\\/\\\/citrosars.nl\\\/de\\\/\",\"logo\":{\"@type\":\"ImageObject\",\"inLanguage\":\"de\",\"@id\":\"https:\\\/\\\/citrosars.nl\\\/de\\\/#\\\/schema\\\/logo\\\/image\\\/\",\"url\":\"https:\\\/\\\/citrosars.nl\\\/wp-content\\\/uploads\\\/2021\\\/12\\\/citrosars-logo-02-e1638783648691.png\",\"contentUrl\":\"https:\\\/\\\/citrosars.nl\\\/wp-content\\\/uploads\\\/2021\\\/12\\\/citrosars-logo-02-e1638783648691.png\",\"width\":1366,\"height\":324,\"caption\":\"CitroSars\"},\"image\":{\"@id\":\"https:\\\/\\\/citrosars.nl\\\/de\\\/#\\\/schema\\\/logo\\\/image\\\/\"}}]}<\/script>\n<!-- \/ Yoast SEO plugin. -->","yoast_head_json":{"title":"Sonnenblende Abdeckungen ohne Spiegelloch (2 St\u00fcck) - CitroSars","robots":{"index":"index","follow":"follow","max-snippet":"max-snippet:-1","max-image-preview":"max-image-preview:large","max-video-preview":"max-video-preview:-1"},"canonical":"https:\/\/citrosars.nl\/de\/produkt\/sonnenblende-abdeckung-ohne-spiegelloch\/","og_locale":"de_DE","og_type":"article","og_title":"Sonnenblende Abdeckungen ohne Spiegelloch (2 St\u00fcck) - CitroSars","og_description":"Hinweis; Beim Austausch der Sonnenblende Abdeckung nicht die alte Polster entfernen. Die neuen Abdeckungen werden von innen nach au\u00dfen geliefert und sollten auch \u00fcber die alten gerollt werden. Die Abdeckung sollte ebenfalls so fest wie m\u00f6glich angezogen werden. Am Ende muss eine kurze Seite mit einem Blindstich von Hand gen\u00e4ht werden. Wir bieten auch einen (Austausch-)Service an, bei dem die alten Abdeckungen versendet und neue geliefert verkleidert werden k\u00f6nnen. Bitte kontaktieren Sie uns daf\u00fcr.","og_url":"https:\/\/citrosars.nl\/de\/produkt\/sonnenblende-abdeckung-ohne-spiegelloch\/","og_site_name":"CitroSars","article_modified_time":"2021-02-10T09:08:09+00:00","og_image":[{"width":2560,"height":1920,"url":"https:\/\/citrosars.nl\/wp-content\/uploads\/2021\/01\/zonneklephoesjes-Citroen-SM-2S-5407-445B-scaled.jpg","type":"image\/jpeg"}],"schema":{"@context":"https:\/\/schema.org","@graph":[{"@type":"WebPage","@id":"https:\/\/citrosars.nl\/de\/produkt\/sonnenblende-abdeckung-ohne-spiegelloch\/","url":"https:\/\/citrosars.nl\/de\/produkt\/sonnenblende-abdeckung-ohne-spiegelloch\/","name":"Sonnenblende Abdeckungen ohne Spiegelloch (2 St\u00fcck) - CitroSars","isPartOf":{"@id":"https:\/\/citrosars.nl\/de\/#website"},"primaryImageOfPage":{"@id":"https:\/\/citrosars.nl\/de\/produkt\/sonnenblende-abdeckung-ohne-spiegelloch\/#primaryimage"},"image":{"@id":"https:\/\/citrosars.nl\/de\/produkt\/sonnenblende-abdeckung-ohne-spiegelloch\/#primaryimage"},"thumbnailUrl":"https:\/\/citrosars.nl\/wp-content\/uploads\/2026\/03\/1-1031.jpg","datePublished":"2021-01-29T14:27:15+00:00","dateModified":"2021-02-10T09:08:09+00:00","breadcrumb":{"@id":"https:\/\/citrosars.nl\/de\/produkt\/sonnenblende-abdeckung-ohne-spiegelloch\/#breadcrumb"},"inLanguage":"de","potentialAction":[{"@type":"ReadAction","target":["https:\/\/citrosars.nl\/de\/produkt\/sonnenblende-abdeckung-ohne-spiegelloch\/"]}]},{"@type":"ImageObject","inLanguage":"de","@id":"https:\/\/citrosars.nl\/de\/produkt\/sonnenblende-abdeckung-ohne-spiegelloch\/#primaryimage","url":"https:\/\/citrosars.nl\/wp-content\/uploads\/2026\/03\/1-1031.jpg","contentUrl":"https:\/\/citrosars.nl\/wp-content\/uploads\/2026\/03\/1-1031.jpg","width":2560,"height":1920},{"@type":"BreadcrumbList","@id":"https:\/\/citrosars.nl\/de\/produkt\/sonnenblende-abdeckung-ohne-spiegelloch\/#breadcrumb","itemListElement":[{"@type":"ListItem","position":1,"name":"Home","item":"https:\/\/citrosars.nl\/de\/"},{"@type":"ListItem","position":2,"name":"Webshop","item":"https:\/\/citrosars.nl\/de\/webshop\/"},{"@type":"ListItem","position":3,"name":"Sonnenblende Abdeckungen ohne Spiegelloch (2 St\u00fcck)"}]},{"@type":"WebSite","@id":"https:\/\/citrosars.nl\/de\/#website","url":"https:\/\/citrosars.nl\/de\/","name":"CitroSars","description":"CitroSars. DS, SM Restoraton, maintainance, Revision, Sales \/ Restauratie, onderhoud en verkoop","publisher":{"@id":"https:\/\/citrosars.nl\/de\/#organization"},"potentialAction":[{"@type":"SearchAction","target":{"@type":"EntryPoint","urlTemplate":"https:\/\/citrosars.nl\/de\/?s={search_term_string}"},"query-input":{"@type":"PropertyValueSpecification","valueRequired":true,"valueName":"search_term_string"}}],"inLanguage":"de"},{"@type":"Organization","@id":"https:\/\/citrosars.nl\/de\/#organization","name":"CitroSars","url":"https:\/\/citrosars.nl\/de\/","logo":{"@type":"ImageObject","inLanguage":"de","@id":"https:\/\/citrosars.nl\/de\/#\/schema\/logo\/image\/","url":"https:\/\/citrosars.nl\/wp-content\/uploads\/2021\/12\/citrosars-logo-02-e1638783648691.png","contentUrl":"https:\/\/citrosars.nl\/wp-content\/uploads\/2021\/12\/citrosars-logo-02-e1638783648691.png","width":1366,"height":324,"caption":"CitroSars"},"image":{"@id":"https:\/\/citrosars.nl\/de\/#\/schema\/logo\/image\/"}}]}},"taxonomy_info":{"product_cat":[{"value":347,"label":"8. Karrosserieauskleidung, Sitze, Sitzbez\u00fcge, Radzubeh\u00f6r"},{"value":359,"label":"SM"}]},"featured_image_src_large":["https:\/\/citrosars.nl\/wp-content\/uploads\/2026\/03\/1-1031-1024x768.jpg",1024,768,true],"author_info":[],"comment_info":"","_links":{"self":[{"href":"https:\/\/citrosars.nl\/de\/wp-json\/wp\/v2\/product\/26157","targetHints":{"allow":["GET"]}}],"collection":[{"href":"https:\/\/citrosars.nl\/de\/wp-json\/wp\/v2\/product"}],"about":[{"href":"https:\/\/citrosars.nl\/de\/wp-json\/wp\/v2\/types\/product"}],"wp:featuredmedia":[{"embeddable":true,"href":"https:\/\/citrosars.nl\/de\/wp-json\/wp\/v2\/media\/63787"}],"wp:attachment":[{"href":"https:\/\/citrosars.nl\/de\/wp-json\/wp\/v2\/media?parent=26157"}],"wp:term":[{"taxonomy":"product_brand","embeddable":true,"href":"https:\/\/citrosars.nl\/de\/wp-json\/wp\/v2\/product_brand?post=26157"},{"taxonomy":"product_cat","embeddable":true,"href":"https:\/\/citrosars.nl\/de\/wp-json\/wp\/v2\/product_cat?post=26157"},{"taxonomy":"product_tag","embeddable":true,"href":"https:\/\/citrosars.nl\/de\/wp-json\/wp\/v2\/product_tag?post=26157"}],"curies":[{"name":"wp","href":"https:\/\/api.w.org\/{rel}","templated":true}]}}