{"id":22770,"date":"2016-03-02T17:09:50","date_gmt":"2016-03-02T16:09:50","guid":{"rendered":"https:\/\/citrosars.nl\/product\/kofferklep-bekleding-set-incl-karton-achterpaneel\/"},"modified":"2025-07-08T22:46:01","modified_gmt":"2025-07-08T20:46:01","slug":"kofferraumklappe-polster-set-incl-karton-ruckseite","status":"publish","type":"product","link":"https:\/\/citrosars.nl\/de\/produkt\/kofferraumklappe-polster-set-incl-karton-ruckseite\/","title":{"rendered":"Bez\u00fcge f\u00fcr Kofferraumt\u00fcr 5 St\u00fcck"},"content":{"rendered":"","protected":false},"excerpt":{"rendered":"<p>Kofferraum-Abdeckung Polstermaterial komplett auf Ma\u00df einschlie\u00dflich Karton geschnitten. Die Polsterung muss selbst an die Kunststoffplatten geklebt werden. Wenn Sie m\u00f6chten, dass wir dies tun, k\u00f6nnen Sie dies gegen einen Aufpreis tun.<\/p>\n<p>Der Satz besteht aus den folgenden Artikelnummern aus dem Handbuch;<br \/>\n3S 5409 632Y<br \/>\n3S 5409 637C<br \/>\n3S 5409 626H<br \/>\n3S 5409 628E<br \/>\n3S 5409 630B<\/p>\n","protected":false},"featured_media":57823,"template":"","meta":{"_kad_blocks_custom_css":"","_kad_blocks_head_custom_js":"","_kad_blocks_body_custom_js":"","_kad_blocks_footer_custom_js":"","_kadence_starter_templates_imported_post":false,"_kad_post_transparent":"","_kad_post_title":"","_kad_post_layout":"","_kad_post_sidebar_id":"","_kad_post_content_style":"","_kad_post_vertical_padding":"","_kad_post_feature":"","_kad_post_feature_position":"","_kad_post_header":false,"_kad_post_footer":false,"_kad_post_classname":""},"product_brand":[],"product_cat":[347,359],"product_tag":[],"class_list":{"0":"post-22770","1":"product","2":"type-product","3":"status-publish","4":"has-post-thumbnail","6":"product_cat-8-karrosserie-auskleidung-sitze-sitzbezuge-radzubehor","7":"product_cat-sm-de","9":"first","10":"instock","11":"taxable","12":"shipping-taxable","13":"purchasable","14":"product-type-simple","15":"entry","16":"content-bg","17":"loop-entry"},"yoast_head":"<!-- This site is optimized with the Yoast SEO plugin v27.4 - https:\/\/yoast.com\/product\/yoast-seo-wordpress\/ -->\n<title>Bez\u00fcge f\u00fcr Kofferraumt\u00fcr 5 St\u00fcck - CitroSars<\/title>\n<meta name=\"robots\" content=\"index, follow, max-snippet:-1, max-image-preview:large, max-video-preview:-1\" \/>\n<link rel=\"canonical\" href=\"https:\/\/citrosars.nl\/de\/produkt\/kofferraumklappe-polster-set-incl-karton-ruckseite\/\" \/>\n<meta property=\"og:locale\" content=\"de_DE\" \/>\n<meta property=\"og:type\" content=\"article\" \/>\n<meta property=\"og:title\" content=\"Bez\u00fcge f\u00fcr Kofferraumt\u00fcr 5 St\u00fcck - CitroSars\" \/>\n<meta property=\"og:description\" content=\"Kofferraum-Abdeckung Polstermaterial komplett auf Ma\u00df einschlie\u00dflich Karton geschnitten. Die Polsterung muss selbst an die Kunststoffplatten geklebt werden. Wenn Sie m\u00f6chten, dass wir dies tun, k\u00f6nnen Sie dies gegen einen Aufpreis tun. Der Satz besteht aus den folgenden Artikelnummern aus dem Handbuch; 3S 5409 632Y 3S 5409 637C 3S 5409 626H 3S 5409 628E 3S 5409 630B\" \/>\n<meta property=\"og:url\" content=\"https:\/\/citrosars.nl\/de\/produkt\/kofferraumklappe-polster-set-incl-karton-ruckseite\/\" \/>\n<meta property=\"og:site_name\" content=\"CitroSars\" \/>\n<meta property=\"article:modified_time\" content=\"2025-07-08T20:46:01+00:00\" \/>\n<meta property=\"og:image\" content=\"https:\/\/citrosars.nl\/wp-content\/uploads\/2016\/03\/DSC05494-1024x768.jpg\" \/>\n\t<meta property=\"og:image:width\" content=\"1024\" \/>\n\t<meta property=\"og:image:height\" content=\"768\" \/>\n\t<meta property=\"og:image:type\" content=\"image\/jpeg\" \/>\n<script type=\"application\/ld+json\" class=\"yoast-schema-graph\">{\"@context\":\"https:\\\/\\\/schema.org\",\"@graph\":[{\"@type\":\"WebPage\",\"@id\":\"https:\\\/\\\/citrosars.nl\\\/de\\\/produkt\\\/kofferraumklappe-polster-set-incl-karton-ruckseite\\\/\",\"url\":\"https:\\\/\\\/citrosars.nl\\\/de\\\/produkt\\\/kofferraumklappe-polster-set-incl-karton-ruckseite\\\/\",\"name\":\"Bez\u00fcge f\u00fcr Kofferraumt\u00fcr 5 St\u00fcck - CitroSars\",\"isPartOf\":{\"@id\":\"https:\\\/\\\/citrosars.nl\\\/de\\\/#website\"},\"primaryImageOfPage\":{\"@id\":\"https:\\\/\\\/citrosars.nl\\\/de\\\/produkt\\\/kofferraumklappe-polster-set-incl-karton-ruckseite\\\/#primaryimage\"},\"image\":{\"@id\":\"https:\\\/\\\/citrosars.nl\\\/de\\\/produkt\\\/kofferraumklappe-polster-set-incl-karton-ruckseite\\\/#primaryimage\"},\"thumbnailUrl\":\"https:\\\/\\\/citrosars.nl\\\/wp-content\\\/uploads\\\/2026\\\/03\\\/1-523-scaled.jpg\",\"datePublished\":\"2016-03-02T16:09:50+00:00\",\"dateModified\":\"2025-07-08T20:46:01+00:00\",\"breadcrumb\":{\"@id\":\"https:\\\/\\\/citrosars.nl\\\/de\\\/produkt\\\/kofferraumklappe-polster-set-incl-karton-ruckseite\\\/#breadcrumb\"},\"inLanguage\":\"de\",\"potentialAction\":[{\"@type\":\"ReadAction\",\"target\":[\"https:\\\/\\\/citrosars.nl\\\/de\\\/produkt\\\/kofferraumklappe-polster-set-incl-karton-ruckseite\\\/\"]}]},{\"@type\":\"ImageObject\",\"inLanguage\":\"de\",\"@id\":\"https:\\\/\\\/citrosars.nl\\\/de\\\/produkt\\\/kofferraumklappe-polster-set-incl-karton-ruckseite\\\/#primaryimage\",\"url\":\"https:\\\/\\\/citrosars.nl\\\/wp-content\\\/uploads\\\/2026\\\/03\\\/1-523-scaled.jpg\",\"contentUrl\":\"https:\\\/\\\/citrosars.nl\\\/wp-content\\\/uploads\\\/2026\\\/03\\\/1-523-scaled.jpg\",\"width\":2560,\"height\":1920},{\"@type\":\"BreadcrumbList\",\"@id\":\"https:\\\/\\\/citrosars.nl\\\/de\\\/produkt\\\/kofferraumklappe-polster-set-incl-karton-ruckseite\\\/#breadcrumb\",\"itemListElement\":[{\"@type\":\"ListItem\",\"position\":1,\"name\":\"Home\",\"item\":\"https:\\\/\\\/citrosars.nl\\\/de\\\/\"},{\"@type\":\"ListItem\",\"position\":2,\"name\":\"Webshop\",\"item\":\"https:\\\/\\\/citrosars.nl\\\/de\\\/webshop\\\/\"},{\"@type\":\"ListItem\",\"position\":3,\"name\":\"Bez\u00fcge f\u00fcr Kofferraumt\u00fcr 5 St\u00fcck\"}]},{\"@type\":\"WebSite\",\"@id\":\"https:\\\/\\\/citrosars.nl\\\/de\\\/#website\",\"url\":\"https:\\\/\\\/citrosars.nl\\\/de\\\/\",\"name\":\"CitroSars\",\"description\":\"CitroSars. DS, SM Restoraton, maintainance, Revision, Sales \\\/ Restauratie, onderhoud en verkoop\",\"publisher\":{\"@id\":\"https:\\\/\\\/citrosars.nl\\\/de\\\/#organization\"},\"potentialAction\":[{\"@type\":\"SearchAction\",\"target\":{\"@type\":\"EntryPoint\",\"urlTemplate\":\"https:\\\/\\\/citrosars.nl\\\/de\\\/?s={search_term_string}\"},\"query-input\":{\"@type\":\"PropertyValueSpecification\",\"valueRequired\":true,\"valueName\":\"search_term_string\"}}],\"inLanguage\":\"de\"},{\"@type\":\"Organization\",\"@id\":\"https:\\\/\\\/citrosars.nl\\\/de\\\/#organization\",\"name\":\"CitroSars\",\"url\":\"https:\\\/\\\/citrosars.nl\\\/de\\\/\",\"logo\":{\"@type\":\"ImageObject\",\"inLanguage\":\"de\",\"@id\":\"https:\\\/\\\/citrosars.nl\\\/de\\\/#\\\/schema\\\/logo\\\/image\\\/\",\"url\":\"https:\\\/\\\/citrosars.nl\\\/wp-content\\\/uploads\\\/2021\\\/12\\\/citrosars-logo-02-e1638783648691.png\",\"contentUrl\":\"https:\\\/\\\/citrosars.nl\\\/wp-content\\\/uploads\\\/2021\\\/12\\\/citrosars-logo-02-e1638783648691.png\",\"width\":1366,\"height\":324,\"caption\":\"CitroSars\"},\"image\":{\"@id\":\"https:\\\/\\\/citrosars.nl\\\/de\\\/#\\\/schema\\\/logo\\\/image\\\/\"}}]}<\/script>\n<!-- \/ Yoast SEO plugin. -->","yoast_head_json":{"title":"Bez\u00fcge f\u00fcr Kofferraumt\u00fcr 5 St\u00fcck - CitroSars","robots":{"index":"index","follow":"follow","max-snippet":"max-snippet:-1","max-image-preview":"max-image-preview:large","max-video-preview":"max-video-preview:-1"},"canonical":"https:\/\/citrosars.nl\/de\/produkt\/kofferraumklappe-polster-set-incl-karton-ruckseite\/","og_locale":"de_DE","og_type":"article","og_title":"Bez\u00fcge f\u00fcr Kofferraumt\u00fcr 5 St\u00fcck - CitroSars","og_description":"Kofferraum-Abdeckung Polstermaterial komplett auf Ma\u00df einschlie\u00dflich Karton geschnitten. Die Polsterung muss selbst an die Kunststoffplatten geklebt werden. Wenn Sie m\u00f6chten, dass wir dies tun, k\u00f6nnen Sie dies gegen einen Aufpreis tun. Der Satz besteht aus den folgenden Artikelnummern aus dem Handbuch; 3S 5409 632Y 3S 5409 637C 3S 5409 626H 3S 5409 628E 3S 5409 630B","og_url":"https:\/\/citrosars.nl\/de\/produkt\/kofferraumklappe-polster-set-incl-karton-ruckseite\/","og_site_name":"CitroSars","article_modified_time":"2025-07-08T20:46:01+00:00","og_image":[{"width":1024,"height":768,"url":"https:\/\/citrosars.nl\/wp-content\/uploads\/2016\/03\/DSC05494-1024x768.jpg","type":"image\/jpeg"}],"schema":{"@context":"https:\/\/schema.org","@graph":[{"@type":"WebPage","@id":"https:\/\/citrosars.nl\/de\/produkt\/kofferraumklappe-polster-set-incl-karton-ruckseite\/","url":"https:\/\/citrosars.nl\/de\/produkt\/kofferraumklappe-polster-set-incl-karton-ruckseite\/","name":"Bez\u00fcge f\u00fcr Kofferraumt\u00fcr 5 St\u00fcck - CitroSars","isPartOf":{"@id":"https:\/\/citrosars.nl\/de\/#website"},"primaryImageOfPage":{"@id":"https:\/\/citrosars.nl\/de\/produkt\/kofferraumklappe-polster-set-incl-karton-ruckseite\/#primaryimage"},"image":{"@id":"https:\/\/citrosars.nl\/de\/produkt\/kofferraumklappe-polster-set-incl-karton-ruckseite\/#primaryimage"},"thumbnailUrl":"https:\/\/citrosars.nl\/wp-content\/uploads\/2026\/03\/1-523-scaled.jpg","datePublished":"2016-03-02T16:09:50+00:00","dateModified":"2025-07-08T20:46:01+00:00","breadcrumb":{"@id":"https:\/\/citrosars.nl\/de\/produkt\/kofferraumklappe-polster-set-incl-karton-ruckseite\/#breadcrumb"},"inLanguage":"de","potentialAction":[{"@type":"ReadAction","target":["https:\/\/citrosars.nl\/de\/produkt\/kofferraumklappe-polster-set-incl-karton-ruckseite\/"]}]},{"@type":"ImageObject","inLanguage":"de","@id":"https:\/\/citrosars.nl\/de\/produkt\/kofferraumklappe-polster-set-incl-karton-ruckseite\/#primaryimage","url":"https:\/\/citrosars.nl\/wp-content\/uploads\/2026\/03\/1-523-scaled.jpg","contentUrl":"https:\/\/citrosars.nl\/wp-content\/uploads\/2026\/03\/1-523-scaled.jpg","width":2560,"height":1920},{"@type":"BreadcrumbList","@id":"https:\/\/citrosars.nl\/de\/produkt\/kofferraumklappe-polster-set-incl-karton-ruckseite\/#breadcrumb","itemListElement":[{"@type":"ListItem","position":1,"name":"Home","item":"https:\/\/citrosars.nl\/de\/"},{"@type":"ListItem","position":2,"name":"Webshop","item":"https:\/\/citrosars.nl\/de\/webshop\/"},{"@type":"ListItem","position":3,"name":"Bez\u00fcge f\u00fcr Kofferraumt\u00fcr 5 St\u00fcck"}]},{"@type":"WebSite","@id":"https:\/\/citrosars.nl\/de\/#website","url":"https:\/\/citrosars.nl\/de\/","name":"CitroSars","description":"CitroSars. DS, SM Restoraton, maintainance, Revision, Sales \/ Restauratie, onderhoud en verkoop","publisher":{"@id":"https:\/\/citrosars.nl\/de\/#organization"},"potentialAction":[{"@type":"SearchAction","target":{"@type":"EntryPoint","urlTemplate":"https:\/\/citrosars.nl\/de\/?s={search_term_string}"},"query-input":{"@type":"PropertyValueSpecification","valueRequired":true,"valueName":"search_term_string"}}],"inLanguage":"de"},{"@type":"Organization","@id":"https:\/\/citrosars.nl\/de\/#organization","name":"CitroSars","url":"https:\/\/citrosars.nl\/de\/","logo":{"@type":"ImageObject","inLanguage":"de","@id":"https:\/\/citrosars.nl\/de\/#\/schema\/logo\/image\/","url":"https:\/\/citrosars.nl\/wp-content\/uploads\/2021\/12\/citrosars-logo-02-e1638783648691.png","contentUrl":"https:\/\/citrosars.nl\/wp-content\/uploads\/2021\/12\/citrosars-logo-02-e1638783648691.png","width":1366,"height":324,"caption":"CitroSars"},"image":{"@id":"https:\/\/citrosars.nl\/de\/#\/schema\/logo\/image\/"}}]}},"taxonomy_info":{"product_cat":[{"value":347,"label":"8. Karrosserieauskleidung, Sitze, Sitzbez\u00fcge, Radzubeh\u00f6r"},{"value":359,"label":"SM"}]},"featured_image_src_large":["https:\/\/citrosars.nl\/wp-content\/uploads\/2026\/03\/1-523-1024x768.jpg",1024,768,true],"author_info":[],"comment_info":"","_links":{"self":[{"href":"https:\/\/citrosars.nl\/de\/wp-json\/wp\/v2\/product\/22770","targetHints":{"allow":["GET"]}}],"collection":[{"href":"https:\/\/citrosars.nl\/de\/wp-json\/wp\/v2\/product"}],"about":[{"href":"https:\/\/citrosars.nl\/de\/wp-json\/wp\/v2\/types\/product"}],"wp:featuredmedia":[{"embeddable":true,"href":"https:\/\/citrosars.nl\/de\/wp-json\/wp\/v2\/media\/57823"}],"wp:attachment":[{"href":"https:\/\/citrosars.nl\/de\/wp-json\/wp\/v2\/media?parent=22770"}],"wp:term":[{"taxonomy":"product_brand","embeddable":true,"href":"https:\/\/citrosars.nl\/de\/wp-json\/wp\/v2\/product_brand?post=22770"},{"taxonomy":"product_cat","embeddable":true,"href":"https:\/\/citrosars.nl\/de\/wp-json\/wp\/v2\/product_cat?post=22770"},{"taxonomy":"product_tag","embeddable":true,"href":"https:\/\/citrosars.nl\/de\/wp-json\/wp\/v2\/product_tag?post=22770"}],"curies":[{"name":"wp","href":"https:\/\/api.w.org\/{rel}","templated":true}]}}