{"id":22678,"date":"2017-01-31T21:47:25","date_gmt":"2017-01-31T20:47:25","guid":{"rendered":"https:\/\/citrosars.nl\/product\/hydraulische-plunjerpomp-lhm-ds-2-poelie\/"},"modified":"2022-07-25T10:35:22","modified_gmt":"2022-07-25T08:35:22","slug":"hydraulik-plungerpumpe-lhm-ds-2-riemenscheibe","status":"publish","type":"product","link":"https:\/\/citrosars.nl\/de\/produkt\/hydraulik-plungerpumpe-lhm-ds-2-riemenscheibe\/","title":{"rendered":"HD Pumpe DS \u00dcberholung Mechanique LHM"},"content":{"rendered":"<p>Diese HD-Pumpe ist f\u00fcr einen Typ DS mit mechanischem oder vollautomatischem Getriebe. \u00dcberholung und R\u00fcckgabe der alten Pumpe.<\/p>\n<p>Beim Kauf dieses Produktes berechnen wir eine Anzahlung von \u20ac75,- exkl. MEHRWERTSTEUER. Dies wird automatisch zu Ihrer Bestellung hinzugef\u00fcgt.<\/p>\n","protected":false},"excerpt":{"rendered":"<p>Diese HP-Pumpe passt zum DS mit Handschaltung und Automatikgetriebe. Es ist komplett \u00fcberholt und mit Austausch von der alten Pumpe. Die Kerneinlage betr\u00e4gt \u20ac75,-<\/p>\n<p>Hydraulique Pumpe DS LHM mechanique. Ausgestattet mit neuem Stahlpumpengeh\u00e4use, Dichtung und zweireihigem Lager. Die Pumpe wird so eingestellt, dass der Durchfluss der Pumpe wieder maximal wird und die Ausbeute aller 7 Kolben gleich ist, wird mit neuem Rohrgummi versorgt, der f\u00fcr die Montage ben\u00f6tigt wird und vor der Auslieferung getestet wurde.<\/p>\n<p>Dieses Teil ist ein Austauschteil, d.h.dat Sie m\u00fcssen die alte Pumpe zur\u00fcckgeben. Kaution \u20ac75,-<\/p>\n","protected":false},"featured_media":52071,"template":"","meta":{"_kad_blocks_custom_css":"","_kad_blocks_head_custom_js":"","_kad_blocks_body_custom_js":"","_kad_blocks_footer_custom_js":"","_kadence_starter_templates_imported_post":false,"_kad_post_transparent":"default","_kad_post_title":"","_kad_post_layout":"default","_kad_post_sidebar_id":"","_kad_post_content_style":"default","_kad_post_vertical_padding":"default","_kad_post_feature":"","_kad_post_feature_position":"","_kad_post_header":false,"_kad_post_footer":false,"_kad_post_classname":""},"product_brand":[],"product_cat":[375,330],"product_tag":[470,471],"class_list":{"0":"post-22678","1":"product","2":"type-product","3":"status-publish","4":"has-post-thumbnail","6":"product_cat-3-ds-radaufhangung-federung-lenkung-hydraulische-organteile","7":"product_cat-ds-de","8":"product_tag-2-poelie-de","9":"product_tag-hydraulische-plunjerpomp-lhm-voor-ds-de","11":"first","12":"instock","13":"taxable","14":"shipping-taxable","15":"purchasable","16":"product-type-simple","17":"entry","18":"content-bg","19":"loop-entry"},"yoast_head":"<!-- This site is optimized with the Yoast SEO plugin v27.3 - https:\/\/yoast.com\/product\/yoast-seo-wordpress\/ -->\n<title>HD Pumpe DS \u00dcberholung Mechanique LHM - CitroSars<\/title>\n<meta name=\"robots\" content=\"index, follow, max-snippet:-1, max-image-preview:large, max-video-preview:-1\" \/>\n<link rel=\"canonical\" href=\"https:\/\/citrosars.nl\/de\/produkt\/hydraulik-plungerpumpe-lhm-ds-2-riemenscheibe\/\" \/>\n<meta property=\"og:locale\" content=\"de_DE\" \/>\n<meta property=\"og:type\" content=\"article\" \/>\n<meta property=\"og:title\" content=\"HD Pumpe DS \u00dcberholung Mechanique LHM - CitroSars\" \/>\n<meta property=\"og:description\" content=\"Diese HP-Pumpe passt zum DS mit Handschaltung und Automatikgetriebe. Es ist komplett \u00fcberholt und mit Austausch von der alten Pumpe. Die Kerneinlage betr\u00e4gt \u20ac75,- Hydraulique Pumpe DS LHM mechanique. Ausgestattet mit neuem Stahlpumpengeh\u00e4use, Dichtung und zweireihigem Lager. Die Pumpe wird so eingestellt, dass der Durchfluss der Pumpe wieder maximal wird und die Ausbeute aller 7 Kolben gleich ist, wird mit neuem Rohrgummi versorgt, der f\u00fcr die Montage ben\u00f6tigt wird und vor der Auslieferung getestet wurde. Dieses Teil ist ein Austauschteil, d.h.dat Sie m\u00fcssen die alte Pumpe zur\u00fcckgeben. Kaution \u20ac75,-\" \/>\n<meta property=\"og:url\" content=\"https:\/\/citrosars.nl\/de\/produkt\/hydraulik-plungerpumpe-lhm-ds-2-riemenscheibe\/\" \/>\n<meta property=\"og:site_name\" content=\"CitroSars\" \/>\n<meta property=\"article:modified_time\" content=\"2022-07-25T08:35:22+00:00\" \/>\n<meta property=\"og:image\" content=\"https:\/\/citrosars.nl\/wp-content\/uploads\/2017\/01\/IMG_1778-1024x683.jpg\" \/>\n\t<meta property=\"og:image:width\" content=\"1024\" \/>\n\t<meta property=\"og:image:height\" content=\"683\" \/>\n\t<meta property=\"og:image:type\" content=\"image\/jpeg\" \/>\n<script type=\"application\/ld+json\" class=\"yoast-schema-graph\">{\"@context\":\"https:\\\/\\\/schema.org\",\"@graph\":[{\"@type\":\"WebPage\",\"@id\":\"https:\\\/\\\/citrosars.nl\\\/de\\\/produkt\\\/hydraulik-plungerpumpe-lhm-ds-2-riemenscheibe\\\/\",\"url\":\"https:\\\/\\\/citrosars.nl\\\/de\\\/produkt\\\/hydraulik-plungerpumpe-lhm-ds-2-riemenscheibe\\\/\",\"name\":\"HD Pumpe DS \u00dcberholung Mechanique LHM - CitroSars\",\"isPartOf\":{\"@id\":\"https:\\\/\\\/citrosars.nl\\\/de\\\/#website\"},\"primaryImageOfPage\":{\"@id\":\"https:\\\/\\\/citrosars.nl\\\/de\\\/produkt\\\/hydraulik-plungerpumpe-lhm-ds-2-riemenscheibe\\\/#primaryimage\"},\"image\":{\"@id\":\"https:\\\/\\\/citrosars.nl\\\/de\\\/produkt\\\/hydraulik-plungerpumpe-lhm-ds-2-riemenscheibe\\\/#primaryimage\"},\"thumbnailUrl\":\"https:\\\/\\\/citrosars.nl\\\/wp-content\\\/uploads\\\/2026\\\/03\\\/1-55-scaled.jpg\",\"datePublished\":\"2017-01-31T20:47:25+00:00\",\"dateModified\":\"2022-07-25T08:35:22+00:00\",\"breadcrumb\":{\"@id\":\"https:\\\/\\\/citrosars.nl\\\/de\\\/produkt\\\/hydraulik-plungerpumpe-lhm-ds-2-riemenscheibe\\\/#breadcrumb\"},\"inLanguage\":\"de\",\"potentialAction\":[{\"@type\":\"ReadAction\",\"target\":[\"https:\\\/\\\/citrosars.nl\\\/de\\\/produkt\\\/hydraulik-plungerpumpe-lhm-ds-2-riemenscheibe\\\/\"]}]},{\"@type\":\"ImageObject\",\"inLanguage\":\"de\",\"@id\":\"https:\\\/\\\/citrosars.nl\\\/de\\\/produkt\\\/hydraulik-plungerpumpe-lhm-ds-2-riemenscheibe\\\/#primaryimage\",\"url\":\"https:\\\/\\\/citrosars.nl\\\/wp-content\\\/uploads\\\/2026\\\/03\\\/1-55-scaled.jpg\",\"contentUrl\":\"https:\\\/\\\/citrosars.nl\\\/wp-content\\\/uploads\\\/2026\\\/03\\\/1-55-scaled.jpg\",\"width\":2560,\"height\":1707},{\"@type\":\"BreadcrumbList\",\"@id\":\"https:\\\/\\\/citrosars.nl\\\/de\\\/produkt\\\/hydraulik-plungerpumpe-lhm-ds-2-riemenscheibe\\\/#breadcrumb\",\"itemListElement\":[{\"@type\":\"ListItem\",\"position\":1,\"name\":\"Home\",\"item\":\"https:\\\/\\\/citrosars.nl\\\/de\\\/\"},{\"@type\":\"ListItem\",\"position\":2,\"name\":\"Webshop\",\"item\":\"https:\\\/\\\/citrosars.nl\\\/de\\\/webshop\\\/\"},{\"@type\":\"ListItem\",\"position\":3,\"name\":\"HD Pumpe DS \u00dcberholung Mechanique LHM\"}]},{\"@type\":\"WebSite\",\"@id\":\"https:\\\/\\\/citrosars.nl\\\/de\\\/#website\",\"url\":\"https:\\\/\\\/citrosars.nl\\\/de\\\/\",\"name\":\"CitroSars\",\"description\":\"CitroSars. DS, SM Restoraton, maintainance, Revision, Sales \\\/ Restauratie, onderhoud en verkoop\",\"publisher\":{\"@id\":\"https:\\\/\\\/citrosars.nl\\\/de\\\/#organization\"},\"potentialAction\":[{\"@type\":\"SearchAction\",\"target\":{\"@type\":\"EntryPoint\",\"urlTemplate\":\"https:\\\/\\\/citrosars.nl\\\/de\\\/?s={search_term_string}\"},\"query-input\":{\"@type\":\"PropertyValueSpecification\",\"valueRequired\":true,\"valueName\":\"search_term_string\"}}],\"inLanguage\":\"de\"},{\"@type\":\"Organization\",\"@id\":\"https:\\\/\\\/citrosars.nl\\\/de\\\/#organization\",\"name\":\"CitroSars\",\"url\":\"https:\\\/\\\/citrosars.nl\\\/de\\\/\",\"logo\":{\"@type\":\"ImageObject\",\"inLanguage\":\"de\",\"@id\":\"https:\\\/\\\/citrosars.nl\\\/de\\\/#\\\/schema\\\/logo\\\/image\\\/\",\"url\":\"https:\\\/\\\/citrosars.nl\\\/wp-content\\\/uploads\\\/2021\\\/12\\\/citrosars-logo-02-e1638783648691.png\",\"contentUrl\":\"https:\\\/\\\/citrosars.nl\\\/wp-content\\\/uploads\\\/2021\\\/12\\\/citrosars-logo-02-e1638783648691.png\",\"width\":1366,\"height\":324,\"caption\":\"CitroSars\"},\"image\":{\"@id\":\"https:\\\/\\\/citrosars.nl\\\/de\\\/#\\\/schema\\\/logo\\\/image\\\/\"}}]}<\/script>\n<!-- \/ Yoast SEO plugin. -->","yoast_head_json":{"title":"HD Pumpe DS \u00dcberholung Mechanique LHM - CitroSars","robots":{"index":"index","follow":"follow","max-snippet":"max-snippet:-1","max-image-preview":"max-image-preview:large","max-video-preview":"max-video-preview:-1"},"canonical":"https:\/\/citrosars.nl\/de\/produkt\/hydraulik-plungerpumpe-lhm-ds-2-riemenscheibe\/","og_locale":"de_DE","og_type":"article","og_title":"HD Pumpe DS \u00dcberholung Mechanique LHM - CitroSars","og_description":"Diese HP-Pumpe passt zum DS mit Handschaltung und Automatikgetriebe. Es ist komplett \u00fcberholt und mit Austausch von der alten Pumpe. Die Kerneinlage betr\u00e4gt \u20ac75,- Hydraulique Pumpe DS LHM mechanique. Ausgestattet mit neuem Stahlpumpengeh\u00e4use, Dichtung und zweireihigem Lager. Die Pumpe wird so eingestellt, dass der Durchfluss der Pumpe wieder maximal wird und die Ausbeute aller 7 Kolben gleich ist, wird mit neuem Rohrgummi versorgt, der f\u00fcr die Montage ben\u00f6tigt wird und vor der Auslieferung getestet wurde. Dieses Teil ist ein Austauschteil, d.h.dat Sie m\u00fcssen die alte Pumpe zur\u00fcckgeben. Kaution \u20ac75,-","og_url":"https:\/\/citrosars.nl\/de\/produkt\/hydraulik-plungerpumpe-lhm-ds-2-riemenscheibe\/","og_site_name":"CitroSars","article_modified_time":"2022-07-25T08:35:22+00:00","og_image":[{"width":1024,"height":683,"url":"https:\/\/citrosars.nl\/wp-content\/uploads\/2017\/01\/IMG_1778-1024x683.jpg","type":"image\/jpeg"}],"schema":{"@context":"https:\/\/schema.org","@graph":[{"@type":"WebPage","@id":"https:\/\/citrosars.nl\/de\/produkt\/hydraulik-plungerpumpe-lhm-ds-2-riemenscheibe\/","url":"https:\/\/citrosars.nl\/de\/produkt\/hydraulik-plungerpumpe-lhm-ds-2-riemenscheibe\/","name":"HD Pumpe DS \u00dcberholung Mechanique LHM - CitroSars","isPartOf":{"@id":"https:\/\/citrosars.nl\/de\/#website"},"primaryImageOfPage":{"@id":"https:\/\/citrosars.nl\/de\/produkt\/hydraulik-plungerpumpe-lhm-ds-2-riemenscheibe\/#primaryimage"},"image":{"@id":"https:\/\/citrosars.nl\/de\/produkt\/hydraulik-plungerpumpe-lhm-ds-2-riemenscheibe\/#primaryimage"},"thumbnailUrl":"https:\/\/citrosars.nl\/wp-content\/uploads\/2026\/03\/1-55-scaled.jpg","datePublished":"2017-01-31T20:47:25+00:00","dateModified":"2022-07-25T08:35:22+00:00","breadcrumb":{"@id":"https:\/\/citrosars.nl\/de\/produkt\/hydraulik-plungerpumpe-lhm-ds-2-riemenscheibe\/#breadcrumb"},"inLanguage":"de","potentialAction":[{"@type":"ReadAction","target":["https:\/\/citrosars.nl\/de\/produkt\/hydraulik-plungerpumpe-lhm-ds-2-riemenscheibe\/"]}]},{"@type":"ImageObject","inLanguage":"de","@id":"https:\/\/citrosars.nl\/de\/produkt\/hydraulik-plungerpumpe-lhm-ds-2-riemenscheibe\/#primaryimage","url":"https:\/\/citrosars.nl\/wp-content\/uploads\/2026\/03\/1-55-scaled.jpg","contentUrl":"https:\/\/citrosars.nl\/wp-content\/uploads\/2026\/03\/1-55-scaled.jpg","width":2560,"height":1707},{"@type":"BreadcrumbList","@id":"https:\/\/citrosars.nl\/de\/produkt\/hydraulik-plungerpumpe-lhm-ds-2-riemenscheibe\/#breadcrumb","itemListElement":[{"@type":"ListItem","position":1,"name":"Home","item":"https:\/\/citrosars.nl\/de\/"},{"@type":"ListItem","position":2,"name":"Webshop","item":"https:\/\/citrosars.nl\/de\/webshop\/"},{"@type":"ListItem","position":3,"name":"HD Pumpe DS \u00dcberholung Mechanique LHM"}]},{"@type":"WebSite","@id":"https:\/\/citrosars.nl\/de\/#website","url":"https:\/\/citrosars.nl\/de\/","name":"CitroSars","description":"CitroSars. DS, SM Restoraton, maintainance, Revision, Sales \/ Restauratie, onderhoud en verkoop","publisher":{"@id":"https:\/\/citrosars.nl\/de\/#organization"},"potentialAction":[{"@type":"SearchAction","target":{"@type":"EntryPoint","urlTemplate":"https:\/\/citrosars.nl\/de\/?s={search_term_string}"},"query-input":{"@type":"PropertyValueSpecification","valueRequired":true,"valueName":"search_term_string"}}],"inLanguage":"de"},{"@type":"Organization","@id":"https:\/\/citrosars.nl\/de\/#organization","name":"CitroSars","url":"https:\/\/citrosars.nl\/de\/","logo":{"@type":"ImageObject","inLanguage":"de","@id":"https:\/\/citrosars.nl\/de\/#\/schema\/logo\/image\/","url":"https:\/\/citrosars.nl\/wp-content\/uploads\/2021\/12\/citrosars-logo-02-e1638783648691.png","contentUrl":"https:\/\/citrosars.nl\/wp-content\/uploads\/2021\/12\/citrosars-logo-02-e1638783648691.png","width":1366,"height":324,"caption":"CitroSars"},"image":{"@id":"https:\/\/citrosars.nl\/de\/#\/schema\/logo\/image\/"}}]}},"taxonomy_info":{"product_cat":[{"value":375,"label":"3. DS Radaufh\u00e4ngung, Federung, Lenkung, Hydraulische Organteile."},{"value":330,"label":"DS"}],"product_tag":[{"value":470,"label":"2 poelie"},{"value":471,"label":"Hydraulische plunjerpomp LHM voor DS"}]},"featured_image_src_large":["https:\/\/citrosars.nl\/wp-content\/uploads\/2026\/03\/1-55-1024x683.jpg",1024,683,true],"author_info":[],"comment_info":"","_links":{"self":[{"href":"https:\/\/citrosars.nl\/de\/wp-json\/wp\/v2\/product\/22678","targetHints":{"allow":["GET"]}}],"collection":[{"href":"https:\/\/citrosars.nl\/de\/wp-json\/wp\/v2\/product"}],"about":[{"href":"https:\/\/citrosars.nl\/de\/wp-json\/wp\/v2\/types\/product"}],"wp:featuredmedia":[{"embeddable":true,"href":"https:\/\/citrosars.nl\/de\/wp-json\/wp\/v2\/media\/52071"}],"wp:attachment":[{"href":"https:\/\/citrosars.nl\/de\/wp-json\/wp\/v2\/media?parent=22678"}],"wp:term":[{"taxonomy":"product_brand","embeddable":true,"href":"https:\/\/citrosars.nl\/de\/wp-json\/wp\/v2\/product_brand?post=22678"},{"taxonomy":"product_cat","embeddable":true,"href":"https:\/\/citrosars.nl\/de\/wp-json\/wp\/v2\/product_cat?post=22678"},{"taxonomy":"product_tag","embeddable":true,"href":"https:\/\/citrosars.nl\/de\/wp-json\/wp\/v2\/product_tag?post=22678"}],"curies":[{"name":"wp","href":"https:\/\/api.w.org\/{rel}","templated":true}]}}