{"id":11217,"date":"2015-06-17T17:49:19","date_gmt":"2015-06-17T15:49:19","guid":{"rendered":"https:\/\/citrosars.nl\/product\/federkugel-teilbar-vorn-mit-neuen-dampferplattchen-40-bar\/"},"modified":"2025-08-11T14:15:51","modified_gmt":"2025-08-11T12:15:51","slug":"federkugel-sm-geschraubt-uberholt-mit-neuem-stosdampfer-vorne-40bar","status":"publish","type":"product","link":"https:\/\/citrosars.nl\/de\/produkt\/federkugel-sm-geschraubt-uberholt-mit-neuem-stosdampfer-vorne-40bar\/","title":{"rendered":"Federkugel SM geschraubt \u00dcberholt mit neuem Sto\u00dfd\u00e4mpfer vorne 40bar"},"content":{"rendered":"<p>Beim Kauf dieses Produktes berechnen wir eine Kaution von \u20ac75,- exkl. MwSt. Dies wird automatisch an Ihre Bestellung hinzugef\u00fcgt.<\/p>\n","protected":false},"excerpt":{"rendered":"<p>\u00dcberholung Federball SM LHM f\u00fcr ausgestattet mit neuem Sto\u00dfd\u00e4mpfer, Membran und neuem Tankdeckel<br \/>\nBeim Kauf dieses Artikels m\u00fcssen Sie einen (unbesch\u00e4digten) Federball zur\u00fcckgeben, der mit einem festen (ges\u00e4umten) Sto\u00dfd\u00e4mpfer ausgestattet ist.<br \/>\nWenn Sie einen besch\u00e4digten Federball oder einen mit abnehmbarem Sto\u00dfd\u00e4mpfer abgeben, wird die berechnete Kaution von 75 \u20ac exkl. MwSt. nicht gutgeschrieben.<\/p>\n","protected":false},"featured_media":57961,"template":"","meta":{"_kad_blocks_custom_css":"","_kad_blocks_head_custom_js":"","_kad_blocks_body_custom_js":"","_kad_blocks_footer_custom_js":"","_kadence_starter_templates_imported_post":false,"_kad_post_transparent":"default","_kad_post_title":"","_kad_post_layout":"default","_kad_post_sidebar_id":"","_kad_post_content_style":"default","_kad_post_vertical_padding":"default","_kad_post_feature":"","_kad_post_feature_position":"","_kad_post_header":false,"_kad_post_footer":false,"_kad_post_classname":""},"product_brand":[],"product_cat":[342,359],"product_tag":[],"class_list":{"0":"post-11217","1":"product","2":"type-product","3":"status-publish","4":"has-post-thumbnail","6":"product_cat-3-radaufhangung-federung-lenkung-hydraulische-organteile","7":"product_cat-sm-de","9":"first","10":"instock","11":"taxable","12":"shipping-taxable","13":"purchasable","14":"product-type-simple","15":"entry","16":"content-bg","17":"loop-entry"},"yoast_head":"<!-- This site is optimized with the Yoast SEO plugin v27.3 - https:\/\/yoast.com\/product\/yoast-seo-wordpress\/ -->\n<title>Federkugel SM geschraubt \u00dcberholt mit neuem Sto\u00dfd\u00e4mpfer vorne 40bar - CitroSars<\/title>\n<meta name=\"robots\" content=\"index, follow, max-snippet:-1, max-image-preview:large, max-video-preview:-1\" \/>\n<link rel=\"canonical\" href=\"https:\/\/citrosars.nl\/de\/produkt\/federkugel-sm-geschraubt-uberholt-mit-neuem-stosdampfer-vorne-40bar\/\" \/>\n<meta property=\"og:locale\" content=\"de_DE\" \/>\n<meta property=\"og:type\" content=\"article\" \/>\n<meta property=\"og:title\" content=\"Federkugel SM geschraubt \u00dcberholt mit neuem Sto\u00dfd\u00e4mpfer vorne 40bar - CitroSars\" \/>\n<meta property=\"og:description\" content=\"\u00dcberholung Federball SM LHM f\u00fcr ausgestattet mit neuem Sto\u00dfd\u00e4mpfer, Membran und neuem Tankdeckel Beim Kauf dieses Artikels m\u00fcssen Sie einen (unbesch\u00e4digten) Federball zur\u00fcckgeben, der mit einem festen (ges\u00e4umten) Sto\u00dfd\u00e4mpfer ausgestattet ist. Wenn Sie einen besch\u00e4digten Federball oder einen mit abnehmbarem Sto\u00dfd\u00e4mpfer abgeben, wird die berechnete Kaution von 75 \u20ac exkl. MwSt. nicht gutgeschrieben.\" \/>\n<meta property=\"og:url\" content=\"https:\/\/citrosars.nl\/de\/produkt\/federkugel-sm-geschraubt-uberholt-mit-neuem-stosdampfer-vorne-40bar\/\" \/>\n<meta property=\"og:site_name\" content=\"CitroSars\" \/>\n<meta property=\"article:modified_time\" content=\"2025-08-11T12:15:51+00:00\" \/>\n<meta property=\"og:image\" content=\"https:\/\/citrosars.nl\/wp-content\/uploads\/2015\/06\/IMG_0909-1024x683.jpg\" \/>\n\t<meta property=\"og:image:width\" content=\"1024\" \/>\n\t<meta property=\"og:image:height\" content=\"683\" \/>\n\t<meta property=\"og:image:type\" content=\"image\/jpeg\" \/>\n<meta name=\"twitter:label1\" content=\"Gesch\u00e4tzte Lesezeit\" \/>\n\t<meta name=\"twitter:data1\" content=\"1\u00a0Minute\" \/>\n<script type=\"application\/ld+json\" class=\"yoast-schema-graph\">{\"@context\":\"https:\\\/\\\/schema.org\",\"@graph\":[{\"@type\":\"WebPage\",\"@id\":\"https:\\\/\\\/citrosars.nl\\\/de\\\/produkt\\\/federkugel-sm-geschraubt-uberholt-mit-neuem-stosdampfer-vorne-40bar\\\/\",\"url\":\"https:\\\/\\\/citrosars.nl\\\/de\\\/produkt\\\/federkugel-sm-geschraubt-uberholt-mit-neuem-stosdampfer-vorne-40bar\\\/\",\"name\":\"Federkugel SM geschraubt \u00dcberholt mit neuem Sto\u00dfd\u00e4mpfer vorne 40bar - CitroSars\",\"isPartOf\":{\"@id\":\"https:\\\/\\\/citrosars.nl\\\/de\\\/#website\"},\"primaryImageOfPage\":{\"@id\":\"https:\\\/\\\/citrosars.nl\\\/de\\\/produkt\\\/federkugel-sm-geschraubt-uberholt-mit-neuem-stosdampfer-vorne-40bar\\\/#primaryimage\"},\"image\":{\"@id\":\"https:\\\/\\\/citrosars.nl\\\/de\\\/produkt\\\/federkugel-sm-geschraubt-uberholt-mit-neuem-stosdampfer-vorne-40bar\\\/#primaryimage\"},\"thumbnailUrl\":\"https:\\\/\\\/citrosars.nl\\\/wp-content\\\/uploads\\\/2026\\\/03\\\/1-537-scaled.jpg\",\"datePublished\":\"2015-06-17T15:49:19+00:00\",\"dateModified\":\"2025-08-11T12:15:51+00:00\",\"breadcrumb\":{\"@id\":\"https:\\\/\\\/citrosars.nl\\\/de\\\/produkt\\\/federkugel-sm-geschraubt-uberholt-mit-neuem-stosdampfer-vorne-40bar\\\/#breadcrumb\"},\"inLanguage\":\"de\",\"potentialAction\":[{\"@type\":\"ReadAction\",\"target\":[\"https:\\\/\\\/citrosars.nl\\\/de\\\/produkt\\\/federkugel-sm-geschraubt-uberholt-mit-neuem-stosdampfer-vorne-40bar\\\/\"]}]},{\"@type\":\"ImageObject\",\"inLanguage\":\"de\",\"@id\":\"https:\\\/\\\/citrosars.nl\\\/de\\\/produkt\\\/federkugel-sm-geschraubt-uberholt-mit-neuem-stosdampfer-vorne-40bar\\\/#primaryimage\",\"url\":\"https:\\\/\\\/citrosars.nl\\\/wp-content\\\/uploads\\\/2026\\\/03\\\/1-537-scaled.jpg\",\"contentUrl\":\"https:\\\/\\\/citrosars.nl\\\/wp-content\\\/uploads\\\/2026\\\/03\\\/1-537-scaled.jpg\",\"width\":2560,\"height\":1707},{\"@type\":\"BreadcrumbList\",\"@id\":\"https:\\\/\\\/citrosars.nl\\\/de\\\/produkt\\\/federkugel-sm-geschraubt-uberholt-mit-neuem-stosdampfer-vorne-40bar\\\/#breadcrumb\",\"itemListElement\":[{\"@type\":\"ListItem\",\"position\":1,\"name\":\"Home\",\"item\":\"https:\\\/\\\/citrosars.nl\\\/de\\\/\"},{\"@type\":\"ListItem\",\"position\":2,\"name\":\"Webshop\",\"item\":\"https:\\\/\\\/citrosars.nl\\\/de\\\/webshop\\\/\"},{\"@type\":\"ListItem\",\"position\":3,\"name\":\"Federkugel SM geschraubt \u00dcberholt mit neuem Sto\u00dfd\u00e4mpfer vorne 40bar\"}]},{\"@type\":\"WebSite\",\"@id\":\"https:\\\/\\\/citrosars.nl\\\/de\\\/#website\",\"url\":\"https:\\\/\\\/citrosars.nl\\\/de\\\/\",\"name\":\"CitroSars\",\"description\":\"CitroSars. DS, SM Restoraton, maintainance, Revision, Sales \\\/ Restauratie, onderhoud en verkoop\",\"publisher\":{\"@id\":\"https:\\\/\\\/citrosars.nl\\\/de\\\/#organization\"},\"potentialAction\":[{\"@type\":\"SearchAction\",\"target\":{\"@type\":\"EntryPoint\",\"urlTemplate\":\"https:\\\/\\\/citrosars.nl\\\/de\\\/?s={search_term_string}\"},\"query-input\":{\"@type\":\"PropertyValueSpecification\",\"valueRequired\":true,\"valueName\":\"search_term_string\"}}],\"inLanguage\":\"de\"},{\"@type\":\"Organization\",\"@id\":\"https:\\\/\\\/citrosars.nl\\\/de\\\/#organization\",\"name\":\"CitroSars\",\"url\":\"https:\\\/\\\/citrosars.nl\\\/de\\\/\",\"logo\":{\"@type\":\"ImageObject\",\"inLanguage\":\"de\",\"@id\":\"https:\\\/\\\/citrosars.nl\\\/de\\\/#\\\/schema\\\/logo\\\/image\\\/\",\"url\":\"https:\\\/\\\/citrosars.nl\\\/wp-content\\\/uploads\\\/2021\\\/12\\\/citrosars-logo-02-e1638783648691.png\",\"contentUrl\":\"https:\\\/\\\/citrosars.nl\\\/wp-content\\\/uploads\\\/2021\\\/12\\\/citrosars-logo-02-e1638783648691.png\",\"width\":1366,\"height\":324,\"caption\":\"CitroSars\"},\"image\":{\"@id\":\"https:\\\/\\\/citrosars.nl\\\/de\\\/#\\\/schema\\\/logo\\\/image\\\/\"}}]}<\/script>\n<!-- \/ Yoast SEO plugin. -->","yoast_head_json":{"title":"Federkugel SM geschraubt \u00dcberholt mit neuem Sto\u00dfd\u00e4mpfer vorne 40bar - CitroSars","robots":{"index":"index","follow":"follow","max-snippet":"max-snippet:-1","max-image-preview":"max-image-preview:large","max-video-preview":"max-video-preview:-1"},"canonical":"https:\/\/citrosars.nl\/de\/produkt\/federkugel-sm-geschraubt-uberholt-mit-neuem-stosdampfer-vorne-40bar\/","og_locale":"de_DE","og_type":"article","og_title":"Federkugel SM geschraubt \u00dcberholt mit neuem Sto\u00dfd\u00e4mpfer vorne 40bar - CitroSars","og_description":"\u00dcberholung Federball SM LHM f\u00fcr ausgestattet mit neuem Sto\u00dfd\u00e4mpfer, Membran und neuem Tankdeckel Beim Kauf dieses Artikels m\u00fcssen Sie einen (unbesch\u00e4digten) Federball zur\u00fcckgeben, der mit einem festen (ges\u00e4umten) Sto\u00dfd\u00e4mpfer ausgestattet ist. Wenn Sie einen besch\u00e4digten Federball oder einen mit abnehmbarem Sto\u00dfd\u00e4mpfer abgeben, wird die berechnete Kaution von 75 \u20ac exkl. MwSt. nicht gutgeschrieben.","og_url":"https:\/\/citrosars.nl\/de\/produkt\/federkugel-sm-geschraubt-uberholt-mit-neuem-stosdampfer-vorne-40bar\/","og_site_name":"CitroSars","article_modified_time":"2025-08-11T12:15:51+00:00","og_image":[{"width":1024,"height":683,"url":"https:\/\/citrosars.nl\/wp-content\/uploads\/2015\/06\/IMG_0909-1024x683.jpg","type":"image\/jpeg"}],"twitter_misc":{"Gesch\u00e4tzte Lesezeit":"1\u00a0Minute"},"schema":{"@context":"https:\/\/schema.org","@graph":[{"@type":"WebPage","@id":"https:\/\/citrosars.nl\/de\/produkt\/federkugel-sm-geschraubt-uberholt-mit-neuem-stosdampfer-vorne-40bar\/","url":"https:\/\/citrosars.nl\/de\/produkt\/federkugel-sm-geschraubt-uberholt-mit-neuem-stosdampfer-vorne-40bar\/","name":"Federkugel SM geschraubt \u00dcberholt mit neuem Sto\u00dfd\u00e4mpfer vorne 40bar - CitroSars","isPartOf":{"@id":"https:\/\/citrosars.nl\/de\/#website"},"primaryImageOfPage":{"@id":"https:\/\/citrosars.nl\/de\/produkt\/federkugel-sm-geschraubt-uberholt-mit-neuem-stosdampfer-vorne-40bar\/#primaryimage"},"image":{"@id":"https:\/\/citrosars.nl\/de\/produkt\/federkugel-sm-geschraubt-uberholt-mit-neuem-stosdampfer-vorne-40bar\/#primaryimage"},"thumbnailUrl":"https:\/\/citrosars.nl\/wp-content\/uploads\/2026\/03\/1-537-scaled.jpg","datePublished":"2015-06-17T15:49:19+00:00","dateModified":"2025-08-11T12:15:51+00:00","breadcrumb":{"@id":"https:\/\/citrosars.nl\/de\/produkt\/federkugel-sm-geschraubt-uberholt-mit-neuem-stosdampfer-vorne-40bar\/#breadcrumb"},"inLanguage":"de","potentialAction":[{"@type":"ReadAction","target":["https:\/\/citrosars.nl\/de\/produkt\/federkugel-sm-geschraubt-uberholt-mit-neuem-stosdampfer-vorne-40bar\/"]}]},{"@type":"ImageObject","inLanguage":"de","@id":"https:\/\/citrosars.nl\/de\/produkt\/federkugel-sm-geschraubt-uberholt-mit-neuem-stosdampfer-vorne-40bar\/#primaryimage","url":"https:\/\/citrosars.nl\/wp-content\/uploads\/2026\/03\/1-537-scaled.jpg","contentUrl":"https:\/\/citrosars.nl\/wp-content\/uploads\/2026\/03\/1-537-scaled.jpg","width":2560,"height":1707},{"@type":"BreadcrumbList","@id":"https:\/\/citrosars.nl\/de\/produkt\/federkugel-sm-geschraubt-uberholt-mit-neuem-stosdampfer-vorne-40bar\/#breadcrumb","itemListElement":[{"@type":"ListItem","position":1,"name":"Home","item":"https:\/\/citrosars.nl\/de\/"},{"@type":"ListItem","position":2,"name":"Webshop","item":"https:\/\/citrosars.nl\/de\/webshop\/"},{"@type":"ListItem","position":3,"name":"Federkugel SM geschraubt \u00dcberholt mit neuem Sto\u00dfd\u00e4mpfer vorne 40bar"}]},{"@type":"WebSite","@id":"https:\/\/citrosars.nl\/de\/#website","url":"https:\/\/citrosars.nl\/de\/","name":"CitroSars","description":"CitroSars. DS, SM Restoraton, maintainance, Revision, Sales \/ Restauratie, onderhoud en verkoop","publisher":{"@id":"https:\/\/citrosars.nl\/de\/#organization"},"potentialAction":[{"@type":"SearchAction","target":{"@type":"EntryPoint","urlTemplate":"https:\/\/citrosars.nl\/de\/?s={search_term_string}"},"query-input":{"@type":"PropertyValueSpecification","valueRequired":true,"valueName":"search_term_string"}}],"inLanguage":"de"},{"@type":"Organization","@id":"https:\/\/citrosars.nl\/de\/#organization","name":"CitroSars","url":"https:\/\/citrosars.nl\/de\/","logo":{"@type":"ImageObject","inLanguage":"de","@id":"https:\/\/citrosars.nl\/de\/#\/schema\/logo\/image\/","url":"https:\/\/citrosars.nl\/wp-content\/uploads\/2021\/12\/citrosars-logo-02-e1638783648691.png","contentUrl":"https:\/\/citrosars.nl\/wp-content\/uploads\/2021\/12\/citrosars-logo-02-e1638783648691.png","width":1366,"height":324,"caption":"CitroSars"},"image":{"@id":"https:\/\/citrosars.nl\/de\/#\/schema\/logo\/image\/"}}]}},"taxonomy_info":{"product_cat":[{"value":342,"label":"3. Radaufh\u00e4ngung, Federung, Lenkung, Hydraulische Organteile"},{"value":359,"label":"SM"}]},"featured_image_src_large":["https:\/\/citrosars.nl\/wp-content\/uploads\/2026\/03\/1-537-1024x683.jpg",1024,683,true],"author_info":[],"comment_info":"","_links":{"self":[{"href":"https:\/\/citrosars.nl\/de\/wp-json\/wp\/v2\/product\/11217","targetHints":{"allow":["GET"]}}],"collection":[{"href":"https:\/\/citrosars.nl\/de\/wp-json\/wp\/v2\/product"}],"about":[{"href":"https:\/\/citrosars.nl\/de\/wp-json\/wp\/v2\/types\/product"}],"wp:featuredmedia":[{"embeddable":true,"href":"https:\/\/citrosars.nl\/de\/wp-json\/wp\/v2\/media\/57961"}],"wp:attachment":[{"href":"https:\/\/citrosars.nl\/de\/wp-json\/wp\/v2\/media?parent=11217"}],"wp:term":[{"taxonomy":"product_brand","embeddable":true,"href":"https:\/\/citrosars.nl\/de\/wp-json\/wp\/v2\/product_brand?post=11217"},{"taxonomy":"product_cat","embeddable":true,"href":"https:\/\/citrosars.nl\/de\/wp-json\/wp\/v2\/product_cat?post=11217"},{"taxonomy":"product_tag","embeddable":true,"href":"https:\/\/citrosars.nl\/de\/wp-json\/wp\/v2\/product_tag?post=11217"}],"curies":[{"name":"wp","href":"https:\/\/api.w.org\/{rel}","templated":true}]}}