{"id":10810,"date":"2015-06-17T17:49:43","date_gmt":"2015-06-17T15:49:43","guid":{"rendered":"https:\/\/citrosars.nl\/product\/radkappe-restauriert\/"},"modified":"2022-07-27T12:00:08","modified_gmt":"2022-07-27T10:00:08","slug":"radkappen-restaurierung","status":"publish","type":"product","link":"https:\/\/citrosars.nl\/de\/produkt\/radkappen-restaurierung\/","title":{"rendered":"Radkappe restauriert"},"content":{"rendered":"","protected":false},"excerpt":{"rendered":"<p>Die Radkappenrestaurierung beinhaltet: Entfernen der alten Farbe. Polieren der Radkappe. Glasstrahlen der zu bespr\u00fchenden Oberfl\u00e4chen. Maskierung der zu bespr\u00fchenden Oberfl\u00e4chen. In Schwarz und Grau oder Gr\u00fcn spr\u00fchen. Die Radkappen werden in zwei Farben geliefert, n\u00e4mlich einem Grauton oder einem Gr\u00fcnton. Der Preis versteht sich pro Radkappe. Sie m\u00fcssen Ihre eigenen Radkappen senden. Wenn Sie keine Radkappen haben, wird ein Aufpreis von 75 Euro exkl. MwSt. pro Radkappe.<\/p>\n","protected":false},"featured_media":6273,"template":"","meta":{"_kad_blocks_custom_css":"","_kad_blocks_head_custom_js":"","_kad_blocks_body_custom_js":"","_kad_blocks_footer_custom_js":"","_kadence_starter_templates_imported_post":false,"_kad_post_transparent":"","_kad_post_title":"","_kad_post_layout":"","_kad_post_sidebar_id":"","_kad_post_content_style":"","_kad_post_vertical_padding":"","_kad_post_feature":"","_kad_post_feature_position":"","_kad_post_header":false,"_kad_post_footer":false,"_kad_post_classname":""},"product_brand":[],"product_cat":[346,359],"product_tag":[],"class_list":{"0":"post-10810","1":"product","2":"type-product","3":"status-publish","4":"has-post-thumbnail","6":"product_cat-7-karrosserie-karrosserieteile-glasscheiben-schlosser-armaturenbrett","7":"product_cat-sm-de","9":"first","10":"instock","11":"taxable","12":"shipping-taxable","13":"purchasable","14":"product-type-simple","15":"entry","16":"content-bg","17":"loop-entry"},"yoast_head":"<!-- This site is optimized with the Yoast SEO plugin v27.4 - https:\/\/yoast.com\/product\/yoast-seo-wordpress\/ -->\n<title>Radkappe restauriert - CitroSars<\/title>\n<meta name=\"robots\" content=\"index, follow, max-snippet:-1, max-image-preview:large, max-video-preview:-1\" \/>\n<link rel=\"canonical\" href=\"https:\/\/citrosars.nl\/de\/produkt\/radkappen-restaurierung\/\" \/>\n<meta property=\"og:locale\" content=\"de_DE\" \/>\n<meta property=\"og:type\" content=\"article\" \/>\n<meta property=\"og:title\" content=\"Radkappe restauriert - CitroSars\" \/>\n<meta property=\"og:description\" content=\"Die Radkappenrestaurierung beinhaltet: Entfernen der alten Farbe. Polieren der Radkappe. Glasstrahlen der zu bespr\u00fchenden Oberfl\u00e4chen. Maskierung der zu bespr\u00fchenden Oberfl\u00e4chen. In Schwarz und Grau oder Gr\u00fcn spr\u00fchen. Die Radkappen werden in zwei Farben geliefert, n\u00e4mlich einem Grauton oder einem Gr\u00fcnton. Der Preis versteht sich pro Radkappe. Sie m\u00fcssen Ihre eigenen Radkappen senden. Wenn Sie keine Radkappen haben, wird ein Aufpreis von 75 Euro exkl. MwSt. pro Radkappe.\" \/>\n<meta property=\"og:url\" content=\"https:\/\/citrosars.nl\/de\/produkt\/radkappen-restaurierung\/\" \/>\n<meta property=\"og:site_name\" content=\"CitroSars\" \/>\n<meta property=\"article:modified_time\" content=\"2022-07-27T10:00:08+00:00\" \/>\n<meta property=\"og:image\" content=\"https:\/\/citrosars.nl\/wp-content\/uploads\/2015\/06\/IMG_2090-1024x683.jpg\" \/>\n\t<meta property=\"og:image:width\" content=\"1024\" \/>\n\t<meta property=\"og:image:height\" content=\"683\" \/>\n\t<meta property=\"og:image:type\" content=\"image\/jpeg\" \/>\n<script type=\"application\/ld+json\" class=\"yoast-schema-graph\">{\"@context\":\"https:\\\/\\\/schema.org\",\"@graph\":[{\"@type\":\"WebPage\",\"@id\":\"https:\\\/\\\/citrosars.nl\\\/de\\\/produkt\\\/radkappen-restaurierung\\\/\",\"url\":\"https:\\\/\\\/citrosars.nl\\\/de\\\/produkt\\\/radkappen-restaurierung\\\/\",\"name\":\"Radkappe restauriert - CitroSars\",\"isPartOf\":{\"@id\":\"https:\\\/\\\/citrosars.nl\\\/de\\\/#website\"},\"primaryImageOfPage\":{\"@id\":\"https:\\\/\\\/citrosars.nl\\\/de\\\/produkt\\\/radkappen-restaurierung\\\/#primaryimage\"},\"image\":{\"@id\":\"https:\\\/\\\/citrosars.nl\\\/de\\\/produkt\\\/radkappen-restaurierung\\\/#primaryimage\"},\"thumbnailUrl\":\"https:\\\/\\\/citrosars.nl\\\/wp-content\\\/uploads\\\/2015\\\/06\\\/IMG_2090.jpg\",\"datePublished\":\"2015-06-17T15:49:43+00:00\",\"dateModified\":\"2022-07-27T10:00:08+00:00\",\"breadcrumb\":{\"@id\":\"https:\\\/\\\/citrosars.nl\\\/de\\\/produkt\\\/radkappen-restaurierung\\\/#breadcrumb\"},\"inLanguage\":\"de\",\"potentialAction\":[{\"@type\":\"ReadAction\",\"target\":[\"https:\\\/\\\/citrosars.nl\\\/de\\\/produkt\\\/radkappen-restaurierung\\\/\"]}]},{\"@type\":\"ImageObject\",\"inLanguage\":\"de\",\"@id\":\"https:\\\/\\\/citrosars.nl\\\/de\\\/produkt\\\/radkappen-restaurierung\\\/#primaryimage\",\"url\":\"https:\\\/\\\/citrosars.nl\\\/wp-content\\\/uploads\\\/2015\\\/06\\\/IMG_2090.jpg\",\"contentUrl\":\"https:\\\/\\\/citrosars.nl\\\/wp-content\\\/uploads\\\/2015\\\/06\\\/IMG_2090.jpg\",\"width\":4752,\"height\":3168},{\"@type\":\"BreadcrumbList\",\"@id\":\"https:\\\/\\\/citrosars.nl\\\/de\\\/produkt\\\/radkappen-restaurierung\\\/#breadcrumb\",\"itemListElement\":[{\"@type\":\"ListItem\",\"position\":1,\"name\":\"Home\",\"item\":\"https:\\\/\\\/citrosars.nl\\\/de\\\/\"},{\"@type\":\"ListItem\",\"position\":2,\"name\":\"Webshop\",\"item\":\"https:\\\/\\\/citrosars.nl\\\/de\\\/webshop\\\/\"},{\"@type\":\"ListItem\",\"position\":3,\"name\":\"Radkappe restauriert\"}]},{\"@type\":\"WebSite\",\"@id\":\"https:\\\/\\\/citrosars.nl\\\/de\\\/#website\",\"url\":\"https:\\\/\\\/citrosars.nl\\\/de\\\/\",\"name\":\"CitroSars\",\"description\":\"CitroSars. DS, SM Restoraton, maintainance, Revision, Sales \\\/ Restauratie, onderhoud en verkoop\",\"publisher\":{\"@id\":\"https:\\\/\\\/citrosars.nl\\\/de\\\/#organization\"},\"potentialAction\":[{\"@type\":\"SearchAction\",\"target\":{\"@type\":\"EntryPoint\",\"urlTemplate\":\"https:\\\/\\\/citrosars.nl\\\/de\\\/?s={search_term_string}\"},\"query-input\":{\"@type\":\"PropertyValueSpecification\",\"valueRequired\":true,\"valueName\":\"search_term_string\"}}],\"inLanguage\":\"de\"},{\"@type\":\"Organization\",\"@id\":\"https:\\\/\\\/citrosars.nl\\\/de\\\/#organization\",\"name\":\"CitroSars\",\"url\":\"https:\\\/\\\/citrosars.nl\\\/de\\\/\",\"logo\":{\"@type\":\"ImageObject\",\"inLanguage\":\"de\",\"@id\":\"https:\\\/\\\/citrosars.nl\\\/de\\\/#\\\/schema\\\/logo\\\/image\\\/\",\"url\":\"https:\\\/\\\/citrosars.nl\\\/wp-content\\\/uploads\\\/2021\\\/12\\\/citrosars-logo-02-e1638783648691.png\",\"contentUrl\":\"https:\\\/\\\/citrosars.nl\\\/wp-content\\\/uploads\\\/2021\\\/12\\\/citrosars-logo-02-e1638783648691.png\",\"width\":1366,\"height\":324,\"caption\":\"CitroSars\"},\"image\":{\"@id\":\"https:\\\/\\\/citrosars.nl\\\/de\\\/#\\\/schema\\\/logo\\\/image\\\/\"}}]}<\/script>\n<!-- \/ Yoast SEO plugin. -->","yoast_head_json":{"title":"Radkappe restauriert - CitroSars","robots":{"index":"index","follow":"follow","max-snippet":"max-snippet:-1","max-image-preview":"max-image-preview:large","max-video-preview":"max-video-preview:-1"},"canonical":"https:\/\/citrosars.nl\/de\/produkt\/radkappen-restaurierung\/","og_locale":"de_DE","og_type":"article","og_title":"Radkappe restauriert - CitroSars","og_description":"Die Radkappenrestaurierung beinhaltet: Entfernen der alten Farbe. Polieren der Radkappe. Glasstrahlen der zu bespr\u00fchenden Oberfl\u00e4chen. Maskierung der zu bespr\u00fchenden Oberfl\u00e4chen. In Schwarz und Grau oder Gr\u00fcn spr\u00fchen. Die Radkappen werden in zwei Farben geliefert, n\u00e4mlich einem Grauton oder einem Gr\u00fcnton. Der Preis versteht sich pro Radkappe. Sie m\u00fcssen Ihre eigenen Radkappen senden. Wenn Sie keine Radkappen haben, wird ein Aufpreis von 75 Euro exkl. MwSt. pro Radkappe.","og_url":"https:\/\/citrosars.nl\/de\/produkt\/radkappen-restaurierung\/","og_site_name":"CitroSars","article_modified_time":"2022-07-27T10:00:08+00:00","og_image":[{"width":1024,"height":683,"url":"https:\/\/citrosars.nl\/wp-content\/uploads\/2015\/06\/IMG_2090-1024x683.jpg","type":"image\/jpeg"}],"schema":{"@context":"https:\/\/schema.org","@graph":[{"@type":"WebPage","@id":"https:\/\/citrosars.nl\/de\/produkt\/radkappen-restaurierung\/","url":"https:\/\/citrosars.nl\/de\/produkt\/radkappen-restaurierung\/","name":"Radkappe restauriert - CitroSars","isPartOf":{"@id":"https:\/\/citrosars.nl\/de\/#website"},"primaryImageOfPage":{"@id":"https:\/\/citrosars.nl\/de\/produkt\/radkappen-restaurierung\/#primaryimage"},"image":{"@id":"https:\/\/citrosars.nl\/de\/produkt\/radkappen-restaurierung\/#primaryimage"},"thumbnailUrl":"https:\/\/citrosars.nl\/wp-content\/uploads\/2015\/06\/IMG_2090.jpg","datePublished":"2015-06-17T15:49:43+00:00","dateModified":"2022-07-27T10:00:08+00:00","breadcrumb":{"@id":"https:\/\/citrosars.nl\/de\/produkt\/radkappen-restaurierung\/#breadcrumb"},"inLanguage":"de","potentialAction":[{"@type":"ReadAction","target":["https:\/\/citrosars.nl\/de\/produkt\/radkappen-restaurierung\/"]}]},{"@type":"ImageObject","inLanguage":"de","@id":"https:\/\/citrosars.nl\/de\/produkt\/radkappen-restaurierung\/#primaryimage","url":"https:\/\/citrosars.nl\/wp-content\/uploads\/2015\/06\/IMG_2090.jpg","contentUrl":"https:\/\/citrosars.nl\/wp-content\/uploads\/2015\/06\/IMG_2090.jpg","width":4752,"height":3168},{"@type":"BreadcrumbList","@id":"https:\/\/citrosars.nl\/de\/produkt\/radkappen-restaurierung\/#breadcrumb","itemListElement":[{"@type":"ListItem","position":1,"name":"Home","item":"https:\/\/citrosars.nl\/de\/"},{"@type":"ListItem","position":2,"name":"Webshop","item":"https:\/\/citrosars.nl\/de\/webshop\/"},{"@type":"ListItem","position":3,"name":"Radkappe restauriert"}]},{"@type":"WebSite","@id":"https:\/\/citrosars.nl\/de\/#website","url":"https:\/\/citrosars.nl\/de\/","name":"CitroSars","description":"CitroSars. DS, SM Restoraton, maintainance, Revision, Sales \/ Restauratie, onderhoud en verkoop","publisher":{"@id":"https:\/\/citrosars.nl\/de\/#organization"},"potentialAction":[{"@type":"SearchAction","target":{"@type":"EntryPoint","urlTemplate":"https:\/\/citrosars.nl\/de\/?s={search_term_string}"},"query-input":{"@type":"PropertyValueSpecification","valueRequired":true,"valueName":"search_term_string"}}],"inLanguage":"de"},{"@type":"Organization","@id":"https:\/\/citrosars.nl\/de\/#organization","name":"CitroSars","url":"https:\/\/citrosars.nl\/de\/","logo":{"@type":"ImageObject","inLanguage":"de","@id":"https:\/\/citrosars.nl\/de\/#\/schema\/logo\/image\/","url":"https:\/\/citrosars.nl\/wp-content\/uploads\/2021\/12\/citrosars-logo-02-e1638783648691.png","contentUrl":"https:\/\/citrosars.nl\/wp-content\/uploads\/2021\/12\/citrosars-logo-02-e1638783648691.png","width":1366,"height":324,"caption":"CitroSars"},"image":{"@id":"https:\/\/citrosars.nl\/de\/#\/schema\/logo\/image\/"}}]}},"taxonomy_info":{"product_cat":[{"value":346,"label":"7. Karrosserie, Karrosserieteile, Glasscheiben, Schl\u00f6sser, Armaturenbrett"},{"value":359,"label":"SM"}]},"featured_image_src_large":["https:\/\/citrosars.nl\/wp-content\/uploads\/2015\/06\/IMG_2090-1024x683.jpg",1024,683,true],"author_info":[],"comment_info":"","_links":{"self":[{"href":"https:\/\/citrosars.nl\/de\/wp-json\/wp\/v2\/product\/10810","targetHints":{"allow":["GET"]}}],"collection":[{"href":"https:\/\/citrosars.nl\/de\/wp-json\/wp\/v2\/product"}],"about":[{"href":"https:\/\/citrosars.nl\/de\/wp-json\/wp\/v2\/types\/product"}],"wp:featuredmedia":[{"embeddable":true,"href":"https:\/\/citrosars.nl\/de\/wp-json\/wp\/v2\/media\/6273"}],"wp:attachment":[{"href":"https:\/\/citrosars.nl\/de\/wp-json\/wp\/v2\/media?parent=10810"}],"wp:term":[{"taxonomy":"product_brand","embeddable":true,"href":"https:\/\/citrosars.nl\/de\/wp-json\/wp\/v2\/product_brand?post=10810"},{"taxonomy":"product_cat","embeddable":true,"href":"https:\/\/citrosars.nl\/de\/wp-json\/wp\/v2\/product_cat?post=10810"},{"taxonomy":"product_tag","embeddable":true,"href":"https:\/\/citrosars.nl\/de\/wp-json\/wp\/v2\/product_tag?post=10810"}],"curies":[{"name":"wp","href":"https:\/\/api.w.org\/{rel}","templated":true}]}}