{"id":10533,"date":"2015-06-17T17:49:33","date_gmt":"2015-06-17T15:49:33","guid":{"rendered":"https:\/\/citrosars.nl\/product\/wasserrohr-rechte-seite-ab-7-71\/"},"modified":"2025-05-12T13:38:43","modified_gmt":"2025-05-12T11:38:43","slug":"wasserschlauch-rechts-771","status":"publish","type":"product","link":"https:\/\/citrosars.nl\/de\/produkt\/wasserschlauch-rechts-771\/","title":{"rendered":"Wasserrohr rechts -&gt; 7\/71"},"content":{"rendered":"","protected":false},"excerpt":{"rendered":"","protected":false},"featured_media":51956,"template":"","meta":{"_kad_blocks_custom_css":"","_kad_blocks_head_custom_js":"","_kad_blocks_body_custom_js":"","_kad_blocks_footer_custom_js":"","_kadence_starter_templates_imported_post":false,"_kad_post_transparent":"default","_kad_post_title":"","_kad_post_layout":"default","_kad_post_sidebar_id":"","_kad_post_content_style":"default","_kad_post_vertical_padding":"default","_kad_post_feature":"","_kad_post_feature_position":"","_kad_post_header":false,"_kad_post_footer":false,"_kad_post_classname":""},"product_brand":[],"product_cat":[345,359],"product_tag":[],"class_list":{"0":"post-10533","1":"product","2":"type-product","3":"status-publish","4":"has-post-thumbnail","6":"product_cat-6-sm-motoraufhangung-kraftstoffanlage-auspuffanlage-kuhlung-klimaanlage-stossstangen","7":"product_cat-sm-de","9":"first","10":"instock","11":"taxable","12":"shipping-taxable","13":"purchasable","14":"product-type-simple","15":"entry","16":"content-bg","17":"loop-entry"},"yoast_head":"<!-- This site is optimized with the Yoast SEO plugin v27.3 - https:\/\/yoast.com\/product\/yoast-seo-wordpress\/ -->\n<title>Wasserrohr rechts -&gt; 7\/71 - CitroSars<\/title>\n<meta name=\"robots\" content=\"index, follow, max-snippet:-1, max-image-preview:large, max-video-preview:-1\" \/>\n<link rel=\"canonical\" href=\"https:\/\/citrosars.nl\/de\/produkt\/wasserschlauch-rechts-771\/\" \/>\n<meta property=\"og:locale\" content=\"de_DE\" \/>\n<meta property=\"og:type\" content=\"article\" \/>\n<meta property=\"og:title\" content=\"Wasserrohr rechts -&gt; 7\/71 - CitroSars\" \/>\n<meta property=\"og:url\" content=\"https:\/\/citrosars.nl\/de\/produkt\/wasserschlauch-rechts-771\/\" \/>\n<meta property=\"og:site_name\" content=\"CitroSars\" \/>\n<meta property=\"article:modified_time\" content=\"2025-05-12T11:38:43+00:00\" \/>\n<meta property=\"og:image\" content=\"https:\/\/citrosars.nl\/wp-content\/uploads\/2015\/06\/IMG_1750-1024x683.jpg\" \/>\n\t<meta property=\"og:image:width\" content=\"1024\" \/>\n\t<meta property=\"og:image:height\" content=\"683\" \/>\n\t<meta property=\"og:image:type\" content=\"image\/jpeg\" \/>\n<script type=\"application\/ld+json\" class=\"yoast-schema-graph\">{\"@context\":\"https:\\\/\\\/schema.org\",\"@graph\":[{\"@type\":\"WebPage\",\"@id\":\"https:\\\/\\\/citrosars.nl\\\/de\\\/produkt\\\/wasserschlauch-rechts-771\\\/\",\"url\":\"https:\\\/\\\/citrosars.nl\\\/de\\\/produkt\\\/wasserschlauch-rechts-771\\\/\",\"name\":\"Wasserrohr rechts -&gt; 7\\\/71 - CitroSars\",\"isPartOf\":{\"@id\":\"https:\\\/\\\/citrosars.nl\\\/de\\\/#website\"},\"primaryImageOfPage\":{\"@id\":\"https:\\\/\\\/citrosars.nl\\\/de\\\/produkt\\\/wasserschlauch-rechts-771\\\/#primaryimage\"},\"image\":{\"@id\":\"https:\\\/\\\/citrosars.nl\\\/de\\\/produkt\\\/wasserschlauch-rechts-771\\\/#primaryimage\"},\"thumbnailUrl\":\"https:\\\/\\\/citrosars.nl\\\/wp-content\\\/uploads\\\/2026\\\/03\\\/1-46-scaled.jpg\",\"datePublished\":\"2015-06-17T15:49:33+00:00\",\"dateModified\":\"2025-05-12T11:38:43+00:00\",\"breadcrumb\":{\"@id\":\"https:\\\/\\\/citrosars.nl\\\/de\\\/produkt\\\/wasserschlauch-rechts-771\\\/#breadcrumb\"},\"inLanguage\":\"de\",\"potentialAction\":[{\"@type\":\"ReadAction\",\"target\":[\"https:\\\/\\\/citrosars.nl\\\/de\\\/produkt\\\/wasserschlauch-rechts-771\\\/\"]}]},{\"@type\":\"ImageObject\",\"inLanguage\":\"de\",\"@id\":\"https:\\\/\\\/citrosars.nl\\\/de\\\/produkt\\\/wasserschlauch-rechts-771\\\/#primaryimage\",\"url\":\"https:\\\/\\\/citrosars.nl\\\/wp-content\\\/uploads\\\/2026\\\/03\\\/1-46-scaled.jpg\",\"contentUrl\":\"https:\\\/\\\/citrosars.nl\\\/wp-content\\\/uploads\\\/2026\\\/03\\\/1-46-scaled.jpg\",\"width\":2560,\"height\":1707},{\"@type\":\"BreadcrumbList\",\"@id\":\"https:\\\/\\\/citrosars.nl\\\/de\\\/produkt\\\/wasserschlauch-rechts-771\\\/#breadcrumb\",\"itemListElement\":[{\"@type\":\"ListItem\",\"position\":1,\"name\":\"Home\",\"item\":\"https:\\\/\\\/citrosars.nl\\\/de\\\/\"},{\"@type\":\"ListItem\",\"position\":2,\"name\":\"Webshop\",\"item\":\"https:\\\/\\\/citrosars.nl\\\/de\\\/webshop\\\/\"},{\"@type\":\"ListItem\",\"position\":3,\"name\":\"Wasserrohr rechts -&gt; 7\\\/71\"}]},{\"@type\":\"WebSite\",\"@id\":\"https:\\\/\\\/citrosars.nl\\\/de\\\/#website\",\"url\":\"https:\\\/\\\/citrosars.nl\\\/de\\\/\",\"name\":\"CitroSars\",\"description\":\"CitroSars. DS, SM Restoraton, maintainance, Revision, Sales \\\/ Restauratie, onderhoud en verkoop\",\"publisher\":{\"@id\":\"https:\\\/\\\/citrosars.nl\\\/de\\\/#organization\"},\"potentialAction\":[{\"@type\":\"SearchAction\",\"target\":{\"@type\":\"EntryPoint\",\"urlTemplate\":\"https:\\\/\\\/citrosars.nl\\\/de\\\/?s={search_term_string}\"},\"query-input\":{\"@type\":\"PropertyValueSpecification\",\"valueRequired\":true,\"valueName\":\"search_term_string\"}}],\"inLanguage\":\"de\"},{\"@type\":\"Organization\",\"@id\":\"https:\\\/\\\/citrosars.nl\\\/de\\\/#organization\",\"name\":\"CitroSars\",\"url\":\"https:\\\/\\\/citrosars.nl\\\/de\\\/\",\"logo\":{\"@type\":\"ImageObject\",\"inLanguage\":\"de\",\"@id\":\"https:\\\/\\\/citrosars.nl\\\/de\\\/#\\\/schema\\\/logo\\\/image\\\/\",\"url\":\"https:\\\/\\\/citrosars.nl\\\/wp-content\\\/uploads\\\/2021\\\/12\\\/citrosars-logo-02-e1638783648691.png\",\"contentUrl\":\"https:\\\/\\\/citrosars.nl\\\/wp-content\\\/uploads\\\/2021\\\/12\\\/citrosars-logo-02-e1638783648691.png\",\"width\":1366,\"height\":324,\"caption\":\"CitroSars\"},\"image\":{\"@id\":\"https:\\\/\\\/citrosars.nl\\\/de\\\/#\\\/schema\\\/logo\\\/image\\\/\"}}]}<\/script>\n<!-- \/ Yoast SEO plugin. -->","yoast_head_json":{"title":"Wasserrohr rechts -&gt; 7\/71 - CitroSars","robots":{"index":"index","follow":"follow","max-snippet":"max-snippet:-1","max-image-preview":"max-image-preview:large","max-video-preview":"max-video-preview:-1"},"canonical":"https:\/\/citrosars.nl\/de\/produkt\/wasserschlauch-rechts-771\/","og_locale":"de_DE","og_type":"article","og_title":"Wasserrohr rechts -&gt; 7\/71 - CitroSars","og_url":"https:\/\/citrosars.nl\/de\/produkt\/wasserschlauch-rechts-771\/","og_site_name":"CitroSars","article_modified_time":"2025-05-12T11:38:43+00:00","og_image":[{"width":1024,"height":683,"url":"https:\/\/citrosars.nl\/wp-content\/uploads\/2015\/06\/IMG_1750-1024x683.jpg","type":"image\/jpeg"}],"schema":{"@context":"https:\/\/schema.org","@graph":[{"@type":"WebPage","@id":"https:\/\/citrosars.nl\/de\/produkt\/wasserschlauch-rechts-771\/","url":"https:\/\/citrosars.nl\/de\/produkt\/wasserschlauch-rechts-771\/","name":"Wasserrohr rechts -&gt; 7\/71 - CitroSars","isPartOf":{"@id":"https:\/\/citrosars.nl\/de\/#website"},"primaryImageOfPage":{"@id":"https:\/\/citrosars.nl\/de\/produkt\/wasserschlauch-rechts-771\/#primaryimage"},"image":{"@id":"https:\/\/citrosars.nl\/de\/produkt\/wasserschlauch-rechts-771\/#primaryimage"},"thumbnailUrl":"https:\/\/citrosars.nl\/wp-content\/uploads\/2026\/03\/1-46-scaled.jpg","datePublished":"2015-06-17T15:49:33+00:00","dateModified":"2025-05-12T11:38:43+00:00","breadcrumb":{"@id":"https:\/\/citrosars.nl\/de\/produkt\/wasserschlauch-rechts-771\/#breadcrumb"},"inLanguage":"de","potentialAction":[{"@type":"ReadAction","target":["https:\/\/citrosars.nl\/de\/produkt\/wasserschlauch-rechts-771\/"]}]},{"@type":"ImageObject","inLanguage":"de","@id":"https:\/\/citrosars.nl\/de\/produkt\/wasserschlauch-rechts-771\/#primaryimage","url":"https:\/\/citrosars.nl\/wp-content\/uploads\/2026\/03\/1-46-scaled.jpg","contentUrl":"https:\/\/citrosars.nl\/wp-content\/uploads\/2026\/03\/1-46-scaled.jpg","width":2560,"height":1707},{"@type":"BreadcrumbList","@id":"https:\/\/citrosars.nl\/de\/produkt\/wasserschlauch-rechts-771\/#breadcrumb","itemListElement":[{"@type":"ListItem","position":1,"name":"Home","item":"https:\/\/citrosars.nl\/de\/"},{"@type":"ListItem","position":2,"name":"Webshop","item":"https:\/\/citrosars.nl\/de\/webshop\/"},{"@type":"ListItem","position":3,"name":"Wasserrohr rechts -&gt; 7\/71"}]},{"@type":"WebSite","@id":"https:\/\/citrosars.nl\/de\/#website","url":"https:\/\/citrosars.nl\/de\/","name":"CitroSars","description":"CitroSars. DS, SM Restoraton, maintainance, Revision, Sales \/ Restauratie, onderhoud en verkoop","publisher":{"@id":"https:\/\/citrosars.nl\/de\/#organization"},"potentialAction":[{"@type":"SearchAction","target":{"@type":"EntryPoint","urlTemplate":"https:\/\/citrosars.nl\/de\/?s={search_term_string}"},"query-input":{"@type":"PropertyValueSpecification","valueRequired":true,"valueName":"search_term_string"}}],"inLanguage":"de"},{"@type":"Organization","@id":"https:\/\/citrosars.nl\/de\/#organization","name":"CitroSars","url":"https:\/\/citrosars.nl\/de\/","logo":{"@type":"ImageObject","inLanguage":"de","@id":"https:\/\/citrosars.nl\/de\/#\/schema\/logo\/image\/","url":"https:\/\/citrosars.nl\/wp-content\/uploads\/2021\/12\/citrosars-logo-02-e1638783648691.png","contentUrl":"https:\/\/citrosars.nl\/wp-content\/uploads\/2021\/12\/citrosars-logo-02-e1638783648691.png","width":1366,"height":324,"caption":"CitroSars"},"image":{"@id":"https:\/\/citrosars.nl\/de\/#\/schema\/logo\/image\/"}}]}},"taxonomy_info":{"product_cat":[{"value":345,"label":"6. Motoraufh\u00e4ngung, Kraftstoffanlage, Auspuffanlage, K\u00fchlung, Klimaanlage, Sto\u00dfstangen"},{"value":359,"label":"SM"}]},"featured_image_src_large":["https:\/\/citrosars.nl\/wp-content\/uploads\/2026\/03\/1-46-1024x683.jpg",1024,683,true],"author_info":[],"comment_info":"","_links":{"self":[{"href":"https:\/\/citrosars.nl\/de\/wp-json\/wp\/v2\/product\/10533","targetHints":{"allow":["GET"]}}],"collection":[{"href":"https:\/\/citrosars.nl\/de\/wp-json\/wp\/v2\/product"}],"about":[{"href":"https:\/\/citrosars.nl\/de\/wp-json\/wp\/v2\/types\/product"}],"wp:featuredmedia":[{"embeddable":true,"href":"https:\/\/citrosars.nl\/de\/wp-json\/wp\/v2\/media\/51956"}],"wp:attachment":[{"href":"https:\/\/citrosars.nl\/de\/wp-json\/wp\/v2\/media?parent=10533"}],"wp:term":[{"taxonomy":"product_brand","embeddable":true,"href":"https:\/\/citrosars.nl\/de\/wp-json\/wp\/v2\/product_brand?post=10533"},{"taxonomy":"product_cat","embeddable":true,"href":"https:\/\/citrosars.nl\/de\/wp-json\/wp\/v2\/product_cat?post=10533"},{"taxonomy":"product_tag","embeddable":true,"href":"https:\/\/citrosars.nl\/de\/wp-json\/wp\/v2\/product_tag?post=10533"}],"curies":[{"name":"wp","href":"https:\/\/api.w.org\/{rel}","templated":true}]}}