{"id":33331,"date":"2021-09-29T13:14:49","date_gmt":"2021-09-29T11:14:49","guid":{"rendered":"https:\/\/citrosars.nl\/wat-we-doen\/motorrevisies\/"},"modified":"2022-07-15T11:21:20","modified_gmt":"2022-07-15T09:21:20","slug":"motorrevisies","status":"publish","type":"page","link":"https:\/\/citrosars.nl\/de\/wat-we-doen\/motorrevisies\/","title":{"rendered":"R\u00e9visions moteur"},"content":{"rendered":"<style>#kt-layout-id_3969e0-f1 > .kt-row-column-wrap{align-content:start;}:where(#kt-layout-id_3969e0-f1 > .kt-row-column-wrap) > .wp-block-kadence-column{justify-content:start;}#kt-layout-id_3969e0-f1 > .kt-row-column-wrap{column-gap:var(--global-kb-gap-md, 2rem);row-gap:var(--global-kb-gap-md, 2rem);padding-top:var( --global-kb-row-default-top, 25px );padding-bottom:var( --global-kb-row-default-bottom, 25px );padding-top:50px;padding-bottom:50px;padding-left:20px;padding-right:20px;grid-template-columns:minmax(0, 1fr);}#kt-layout-id_3969e0-f1{background-color:#0a647c;}#kt-layout-id_3969e0-f1 > .kt-row-layout-overlay{opacity:0.30;}@media all and (max-width: 1024px){#kt-layout-id_3969e0-f1 > .kt-row-column-wrap{grid-template-columns:minmax(0, 1fr);}}@media all and (max-width: 767px){#kt-layout-id_3969e0-f1 > .kt-row-column-wrap{grid-template-columns:minmax(0, 1fr);}}<\/style>\n<div class=\"wp-block-kadence-rowlayout alignnone\"><div id=\"kt-layout-id_3969e0-f1\" class=\"kt-row-layout-inner kt-row-has-bg kt-layout-id_3969e0-f1\"><div class=\"kt-row-column-wrap kt-has-1-columns kt-gutter-default kt-v-gutter-default kt-row-valign-top kt-row-layout-equal kt-tab-layout-inherit kt-m-colapse-left-to-right kt-mobile-layout-row\"><style>.kadence-column_c73ddb-7f > .kt-inside-inner-col{border-top-width:0px;border-right-width:0px;border-bottom-width:0px;border-left-width:0px;}.kadence-column_c73ddb-7f > .kt-inside-inner-col,.kadence-column_c73ddb-7f > .kt-inside-inner-col:before{border-top-left-radius:0px;border-top-right-radius:0px;border-bottom-right-radius:0px;border-bottom-left-radius:0px;}.kadence-column_c73ddb-7f > .kt-inside-inner-col{column-gap:var(--global-kb-gap-sm, 1rem);}.kadence-column_c73ddb-7f > .kt-inside-inner-col{flex-direction:column;}.kadence-column_c73ddb-7f > .kt-inside-inner-col > .aligncenter{width:100%;}.kadence-column_c73ddb-7f > .kt-inside-inner-col:before{opacity:0.3;}.kadence-column_c73ddb-7f{position:relative;}@media all and (max-width: 1024px){.kadence-column_c73ddb-7f > .kt-inside-inner-col{flex-direction:column;justify-content:center;}}@media all and (max-width: 767px){.kadence-column_c73ddb-7f > .kt-inside-inner-col{flex-direction:column;justify-content:center;}}<\/style>\n<div class=\"wp-block-kadence-column inner-column-1 kadence-column_c73ddb-7f\"><div class=\"kt-inside-inner-col\"><style>.wp-block-kadence-advancedheading.kt-adv-heading_50cddf-ca, .wp-block-kadence-advancedheading.kt-adv-heading_50cddf-ca[data-kb-block=\"kb-adv-heading_50cddf-ca\"]{text-align:center;font-style:normal;}.wp-block-kadence-advancedheading.kt-adv-heading_50cddf-ca mark.kt-highlight, .wp-block-kadence-advancedheading.kt-adv-heading_50cddf-ca[data-kb-block=\"kb-adv-heading_50cddf-ca\"] mark.kt-highlight{font-style:normal;color:#f76a0c;-webkit-box-decoration-break:clone;box-decoration-break:clone;padding-top:0px;padding-right:0px;padding-bottom:0px;padding-left:0px;}.wp-block-kadence-advancedheading.kt-adv-heading_50cddf-ca img.kb-inline-image, .wp-block-kadence-advancedheading.kt-adv-heading_50cddf-ca[data-kb-block=\"kb-adv-heading_50cddf-ca\"] img.kb-inline-image{width:150px;vertical-align:baseline;}<\/style>\n<h1 class=\"kt-adv-heading_50cddf-ca wp-block-kadence-advancedheading has-theme-palette-9-color has-text-color\" data-kb-block=\"kb-adv-heading_50cddf-ca\">Motor\u00fcberholungen<\/h1>\n<\/div><\/div>\n<\/div><\/div><\/div>\n\n\n<style>#kt-layout-id_a072b7-a4{margin-bottom:0px;}#kt-layout-id_a072b7-a4 > .kt-row-column-wrap{align-content:center;}:where(#kt-layout-id_a072b7-a4 > .kt-row-column-wrap) > .wp-block-kadence-column{justify-content:center;}#kt-layout-id_a072b7-a4 > .kt-row-column-wrap{column-gap:var(--global-kb-gap-lg, 4rem);row-gap:var(--global-kb-gap-md, 2rem);max-width:1100px;margin-left:auto;margin-right:auto;padding-top:var( --global-kb-row-default-top, 25px );padding-bottom:var( --global-kb-row-default-bottom, 25px );padding-top:100px;padding-bottom:0px;padding-left:20px;padding-right:20px;grid-template-columns:repeat(2, minmax(0, 1fr));}#kt-layout-id_a072b7-a4 > .kt-row-layout-overlay{opacity:0.30;}@media all and (max-width: 1024px){#kt-layout-id_a072b7-a4 > .kt-row-column-wrap{grid-template-columns:repeat(2, minmax(0, 1fr));}}@media all and (max-width: 767px){#kt-layout-id_a072b7-a4 > .kt-row-column-wrap{grid-template-columns:minmax(0, 1fr);}}<\/style>\n<div class=\"wp-block-kadence-rowlayout alignnone\"><div id=\"kt-layout-id_a072b7-a4\" class=\"kt-row-layout-inner kt-layout-id_a072b7-a4\"><div class=\"kt-row-column-wrap kt-has-2-columns kt-gutter-wider kt-v-gutter-default kt-row-valign-middle kt-row-layout-equal kt-tab-layout-inherit kt-m-colapse-left-to-right kt-mobile-layout-row\"><style>.kadence-column_eb6971-41 > .kt-inside-inner-col{border-top-width:0px;border-right-width:0px;border-bottom-width:0px;border-left-width:0px;}.kadence-column_eb6971-41 > .kt-inside-inner-col,.kadence-column_eb6971-41 > .kt-inside-inner-col:before{border-top-left-radius:0px;border-top-right-radius:0px;border-bottom-right-radius:0px;border-bottom-left-radius:0px;}.kadence-column_eb6971-41 > .kt-inside-inner-col{column-gap:var(--global-kb-gap-sm, 1rem);}.kadence-column_eb6971-41 > .kt-inside-inner-col{flex-direction:column;}.kadence-column_eb6971-41 > .kt-inside-inner-col > .aligncenter{width:100%;}.kadence-column_eb6971-41 > .kt-inside-inner-col:before{opacity:0.3;}.kadence-column_eb6971-41{position:relative;}@media all and (max-width: 1024px){.kadence-column_eb6971-41 > .kt-inside-inner-col{flex-direction:column;justify-content:center;}}@media all and (max-width: 767px){.kadence-column_eb6971-41 > .kt-inside-inner-col{flex-direction:column;justify-content:center;}}<\/style>\n<div class=\"wp-block-kadence-column inner-column-1 kadence-column_eb6971-41\"><div class=\"kt-inside-inner-col\"><style>.kb-image_e88d6f-91 .kb-image-has-overlay:after{opacity:0.3;}<\/style>\n<figure class=\"wp-block-kadence-image kb-image_e88d6f-91 size-large\"><img decoding=\"async\" src=\"https:\/\/citrosars.nl\/wp-content\/uploads\/2021\/12\/motorrevisies-scaled.jpeg\" alt=\"\" class=\"kb-img wp-image-28112\"\/><\/figure>\n\n\n<style>.kb-image_bad150-37 .kb-image-has-overlay:after{opacity:0.3;}<\/style>\n<figure class=\"wp-block-kadence-image kb-image_bad150-37 size-large label-groen-wat-we-doen\"><img decoding=\"async\" src=\"https:\/\/citrosars.nl\/wp-content\/uploads\/2021\/12\/26.png\" alt=\"\" class=\"kb-img wp-image-27721\"\/><\/figure>\n<\/div><\/div>\n\n\n<style>.kadence-column_3fce31-44 > .kt-inside-inner-col{border-top-width:0px;border-right-width:0px;border-bottom-width:0px;border-left-width:0px;}.kadence-column_3fce31-44 > .kt-inside-inner-col,.kadence-column_3fce31-44 > .kt-inside-inner-col:before{border-top-left-radius:0px;border-top-right-radius:0px;border-bottom-right-radius:0px;border-bottom-left-radius:0px;}.kadence-column_3fce31-44 > .kt-inside-inner-col{column-gap:var(--global-kb-gap-sm, 1rem);}.kadence-column_3fce31-44 > .kt-inside-inner-col{flex-direction:column;}.kadence-column_3fce31-44 > .kt-inside-inner-col > .aligncenter{width:100%;}.kadence-column_3fce31-44 > .kt-inside-inner-col:before{opacity:0.3;}.kadence-column_3fce31-44{position:relative;}@media all and (max-width: 1024px){.kadence-column_3fce31-44 > .kt-inside-inner-col{flex-direction:column;justify-content:center;}}@media all and (max-width: 767px){.kadence-column_3fce31-44 > .kt-inside-inner-col{flex-direction:column;justify-content:center;}}<\/style>\n<div class=\"wp-block-kadence-column inner-column-2 kadence-column_3fce31-44\"><div class=\"kt-inside-inner-col\">\n<p>Der Maserati-Motor des SM und Merak hat sich in der Vergangenheit zu Unrecht einen schlechten Ruf aufgebaut. Grund daf\u00fcr ist der nicht rechtzeitige Austausch der Steuerketten, wodurch viele Motoren ausfielen. Diese sollten bei 65.000 km ausgetauscht werden. Dieser kostspielige Eingriff wurde von vielen Citro\u00ebn-Fahrern mit all seinen Konsequenzen ignoriert.<\/p>\n\n\n\n<p>Die Motor\u00fcberholung ist eine komplexe Angelegenheit, die viel Wissen und Erfahrung erfordert. CitroSars hat eine gro\u00dfe Portion Erfahrung, um sicherzustellen, dass die Motoren lange zuverl\u00e4ssig halten.<\/p>\n<\/div><\/div>\n<\/div><\/div><\/div>\n\n\n<style>#kt-layout-id_2d3fb5-b5{margin-top:0px;}#kt-layout-id_2d3fb5-b5 > .kt-row-column-wrap{align-content:start;}:where(#kt-layout-id_2d3fb5-b5 > .kt-row-column-wrap) > .wp-block-kadence-column{justify-content:start;}#kt-layout-id_2d3fb5-b5 > .kt-row-column-wrap{column-gap:var(--global-kb-gap-md, 2rem);row-gap:var(--global-kb-gap-md, 2rem);max-width:1100px;margin-left:auto;margin-right:auto;padding-top:var( --global-kb-row-default-top, 25px );padding-bottom:var( --global-kb-row-default-bottom, 25px );padding-top:0px;grid-template-columns:minmax(0, 1fr);}#kt-layout-id_2d3fb5-b5 > .kt-row-layout-overlay{opacity:0.30;}@media all and (max-width: 1024px){#kt-layout-id_2d3fb5-b5 > .kt-row-column-wrap{grid-template-columns:minmax(0, 1fr);}}@media all and (max-width: 767px){#kt-layout-id_2d3fb5-b5 > .kt-row-column-wrap{grid-template-columns:minmax(0, 1fr);}}<\/style>\n<div class=\"wp-block-kadence-rowlayout alignnone\"><div id=\"kt-layout-id_2d3fb5-b5\" class=\"kt-row-layout-inner kt-layout-id_2d3fb5-b5\"><div class=\"kt-row-column-wrap kt-has-1-columns kt-gutter-default kt-v-gutter-default kt-row-valign-top kt-row-layout-equal kt-tab-layout-inherit kt-m-colapse-left-to-right kt-mobile-layout-row\"><style>.kadence-column_b25e23-eb > .kt-inside-inner-col{border-top-width:0px;border-right-width:0px;border-bottom-width:0px;border-left-width:0px;}.kadence-column_b25e23-eb > .kt-inside-inner-col,.kadence-column_b25e23-eb > .kt-inside-inner-col:before{border-top-left-radius:0px;border-top-right-radius:0px;border-bottom-right-radius:0px;border-bottom-left-radius:0px;}.kadence-column_b25e23-eb > .kt-inside-inner-col{column-gap:var(--global-kb-gap-sm, 1rem);}.kadence-column_b25e23-eb > .kt-inside-inner-col{flex-direction:column;}.kadence-column_b25e23-eb > .kt-inside-inner-col > .aligncenter{width:100%;}.kadence-column_b25e23-eb > .kt-inside-inner-col:before{opacity:0.3;}.kadence-column_b25e23-eb{position:relative;}@media all and (max-width: 1024px){.kadence-column_b25e23-eb > .kt-inside-inner-col{flex-direction:column;justify-content:center;}}@media all and (max-width: 767px){.kadence-column_b25e23-eb > .kt-inside-inner-col{flex-direction:column;justify-content:center;}}<\/style>\n<div class=\"wp-block-kadence-column inner-column-1 kadence-column_b25e23-eb\"><div class=\"kt-inside-inner-col\">\n<figure class=\"wp-block-video\"><video height=\"1080\" style=\"aspect-ratio: 1920 \/ 1080;\" width=\"1920\" controls src=\"https:\/\/citrosars.nl\/wp-content\/uploads\/2022\/07\/Motor-video.mp4\"><\/video><\/figure>\n<\/div><\/div>\n<\/div><\/div><\/div>\n\n\n\n<div class=\"wp-block-group is-nowrap is-layout-flex wp-container-core-group-is-layout-d32b7073 wp-block-group-is-layout-flex\" style=\"padding-top:0px;padding-right:20rem;padding-bottom:0px;padding-left:20rem\">\n<p><strong>Um mehr zu sehen:<\/strong>\u00a0<a href=\"https:\/\/www.youtube.com\/watch?v=3h7VlrtRPYI\">https:\/\/www.youtube.com\/watch?v=3h7VlrtRPYI<\/a>\u00a0<a href=\"https:\/\/www.youtube.com\/watch?v=CjcHSqxGcuc\">https:\/\/www.youtube.com\/watch?v=CjcHSqxGcuc<\/a>\u00a0<a href=\"https:\/\/www.youtube.com\/watch?v=VronoBXr-VY\">https:\/\/www.youtube.com\/watch?v=VronoBXr-VY<\/a><\/p>\n<\/div>\n","protected":false},"excerpt":{"rendered":"<p>Motor\u00fcberholungen Der Maserati-Motor des SM und Merak hat sich in der Vergangenheit zu Unrecht einen schlechten Ruf aufgebaut. Grund daf\u00fcr ist der nicht rechtzeitige Austausch der Steuerketten, wodurch viele Motoren ausfielen. Diese sollten bei 65.000 km ausgetauscht werden. Dieser kostspielige Eingriff wurde von vielen Citro\u00ebn-Fahrern mit all seinen Konsequenzen ignoriert. Die Motor\u00fcberholung ist eine komplexe&#8230;<\/p>\n","protected":false},"author":27,"featured_media":29809,"parent":33261,"menu_order":0,"comment_status":"closed","ping_status":"closed","template":"","meta":{"_kad_blocks_custom_css":"","_kad_blocks_head_custom_js":"","_kad_blocks_body_custom_js":"","_kad_blocks_footer_custom_js":"","_kadence_starter_templates_imported_post":false,"_kad_post_transparent":"","_kad_post_title":"","_kad_post_layout":"fullwidth","_kad_post_sidebar_id":"","_kad_post_content_style":"","_kad_post_vertical_padding":"","_kad_post_feature":"","_kad_post_feature_position":"","_kad_post_header":false,"_kad_post_footer":false,"_kad_post_classname":"","footnotes":""},"class_list":["post-33331","page","type-page","status-publish","has-post-thumbnail","hentry"],"yoast_head":"<!-- This site is optimized with the Yoast SEO plugin v27.3 - https:\/\/yoast.com\/product\/yoast-seo-wordpress\/ -->\n<title>R\u00e9visions moteur - CitroSars<\/title>\n<meta name=\"robots\" content=\"index, follow, max-snippet:-1, max-image-preview:large, max-video-preview:-1\" \/>\n<link rel=\"canonical\" href=\"https:\/\/citrosars.nl\/de\/wat-we-doen\/motorrevisies\/\" \/>\n<meta property=\"og:locale\" content=\"de_DE\" \/>\n<meta property=\"og:type\" content=\"article\" \/>\n<meta property=\"og:title\" content=\"R\u00e9visions moteur - CitroSars\" \/>\n<meta property=\"og:description\" content=\"Motor\u00fcberholungen Der Maserati-Motor des SM und Merak hat sich in der Vergangenheit zu Unrecht einen schlechten Ruf aufgebaut. Grund daf\u00fcr ist der nicht rechtzeitige Austausch der Steuerketten, wodurch viele Motoren ausfielen. Diese sollten bei 65.000 km ausgetauscht werden. Dieser kostspielige Eingriff wurde von vielen Citro\u00ebn-Fahrern mit all seinen Konsequenzen ignoriert. Die Motor\u00fcberholung ist eine komplexe...\" \/>\n<meta property=\"og:url\" content=\"https:\/\/citrosars.nl\/de\/wat-we-doen\/motorrevisies\/\" \/>\n<meta property=\"og:site_name\" content=\"CitroSars\" \/>\n<meta property=\"article:modified_time\" content=\"2022-07-15T09:21:20+00:00\" \/>\n<meta property=\"og:image\" content=\"https:\/\/citrosars.nl\/wp-content\/uploads\/2021\/12\/motorrevisies-scaled-1.jpeg\" \/>\n\t<meta property=\"og:image:width\" content=\"2560\" \/>\n\t<meta property=\"og:image:height\" content=\"1920\" \/>\n\t<meta property=\"og:image:type\" content=\"image\/jpeg\" \/>\n<meta name=\"twitter:label1\" content=\"Gesch\u00e4tzte Lesezeit\" \/>\n\t<meta name=\"twitter:data1\" content=\"1\u00a0Minute\" \/>\n<script type=\"application\/ld+json\" class=\"yoast-schema-graph\">{\"@context\":\"https:\\\/\\\/schema.org\",\"@graph\":[{\"@type\":\"WebPage\",\"@id\":\"https:\\\/\\\/citrosars.nl\\\/de\\\/wat-we-doen\\\/motorrevisies\\\/\",\"url\":\"https:\\\/\\\/citrosars.nl\\\/de\\\/wat-we-doen\\\/motorrevisies\\\/\",\"name\":\"R\u00e9visions moteur - CitroSars\",\"isPartOf\":{\"@id\":\"https:\\\/\\\/citrosars.nl\\\/de\\\/#website\"},\"primaryImageOfPage\":{\"@id\":\"https:\\\/\\\/citrosars.nl\\\/de\\\/wat-we-doen\\\/motorrevisies\\\/#primaryimage\"},\"image\":{\"@id\":\"https:\\\/\\\/citrosars.nl\\\/de\\\/wat-we-doen\\\/motorrevisies\\\/#primaryimage\"},\"thumbnailUrl\":\"https:\\\/\\\/citrosars.nl\\\/wp-content\\\/uploads\\\/2021\\\/12\\\/motorrevisies-scaled-1.jpeg\",\"datePublished\":\"2021-09-29T11:14:49+00:00\",\"dateModified\":\"2022-07-15T09:21:20+00:00\",\"breadcrumb\":{\"@id\":\"https:\\\/\\\/citrosars.nl\\\/de\\\/wat-we-doen\\\/motorrevisies\\\/#breadcrumb\"},\"inLanguage\":\"de\",\"potentialAction\":[{\"@type\":\"ReadAction\",\"target\":[\"https:\\\/\\\/citrosars.nl\\\/de\\\/wat-we-doen\\\/motorrevisies\\\/\"]}]},{\"@type\":\"ImageObject\",\"inLanguage\":\"de\",\"@id\":\"https:\\\/\\\/citrosars.nl\\\/de\\\/wat-we-doen\\\/motorrevisies\\\/#primaryimage\",\"url\":\"https:\\\/\\\/citrosars.nl\\\/wp-content\\\/uploads\\\/2021\\\/12\\\/motorrevisies-scaled-1.jpeg\",\"contentUrl\":\"https:\\\/\\\/citrosars.nl\\\/wp-content\\\/uploads\\\/2021\\\/12\\\/motorrevisies-scaled-1.jpeg\",\"width\":2560,\"height\":1920},{\"@type\":\"BreadcrumbList\",\"@id\":\"https:\\\/\\\/citrosars.nl\\\/de\\\/wat-we-doen\\\/motorrevisies\\\/#breadcrumb\",\"itemListElement\":[{\"@type\":\"ListItem\",\"position\":1,\"name\":\"Home\",\"item\":\"https:\\\/\\\/citrosars.nl\\\/de\\\/\"},{\"@type\":\"ListItem\",\"position\":2,\"name\":\"Was wir tun\",\"item\":\"https:\\\/\\\/citrosars.nl\\\/de\\\/wat-we-doen\\\/\"},{\"@type\":\"ListItem\",\"position\":3,\"name\":\"R\u00e9visions moteur\"}]},{\"@type\":\"WebSite\",\"@id\":\"https:\\\/\\\/citrosars.nl\\\/de\\\/#website\",\"url\":\"https:\\\/\\\/citrosars.nl\\\/de\\\/\",\"name\":\"CitroSars\",\"description\":\"CitroSars. DS, SM Restoraton, maintainance, Revision, Sales \\\/ Restauratie, onderhoud en verkoop\",\"publisher\":{\"@id\":\"https:\\\/\\\/citrosars.nl\\\/de\\\/#organization\"},\"potentialAction\":[{\"@type\":\"SearchAction\",\"target\":{\"@type\":\"EntryPoint\",\"urlTemplate\":\"https:\\\/\\\/citrosars.nl\\\/de\\\/?s={search_term_string}\"},\"query-input\":{\"@type\":\"PropertyValueSpecification\",\"valueRequired\":true,\"valueName\":\"search_term_string\"}}],\"inLanguage\":\"de\"},{\"@type\":\"Organization\",\"@id\":\"https:\\\/\\\/citrosars.nl\\\/de\\\/#organization\",\"name\":\"CitroSars\",\"url\":\"https:\\\/\\\/citrosars.nl\\\/de\\\/\",\"logo\":{\"@type\":\"ImageObject\",\"inLanguage\":\"de\",\"@id\":\"https:\\\/\\\/citrosars.nl\\\/de\\\/#\\\/schema\\\/logo\\\/image\\\/\",\"url\":\"https:\\\/\\\/citrosars.nl\\\/wp-content\\\/uploads\\\/2021\\\/12\\\/citrosars-logo-02-e1638783648691.png\",\"contentUrl\":\"https:\\\/\\\/citrosars.nl\\\/wp-content\\\/uploads\\\/2021\\\/12\\\/citrosars-logo-02-e1638783648691.png\",\"width\":1366,\"height\":324,\"caption\":\"CitroSars\"},\"image\":{\"@id\":\"https:\\\/\\\/citrosars.nl\\\/de\\\/#\\\/schema\\\/logo\\\/image\\\/\"}}]}<\/script>\n<!-- \/ Yoast SEO plugin. -->","yoast_head_json":{"title":"R\u00e9visions moteur - CitroSars","robots":{"index":"index","follow":"follow","max-snippet":"max-snippet:-1","max-image-preview":"max-image-preview:large","max-video-preview":"max-video-preview:-1"},"canonical":"https:\/\/citrosars.nl\/de\/wat-we-doen\/motorrevisies\/","og_locale":"de_DE","og_type":"article","og_title":"R\u00e9visions moteur - CitroSars","og_description":"Motor\u00fcberholungen Der Maserati-Motor des SM und Merak hat sich in der Vergangenheit zu Unrecht einen schlechten Ruf aufgebaut. Grund daf\u00fcr ist der nicht rechtzeitige Austausch der Steuerketten, wodurch viele Motoren ausfielen. Diese sollten bei 65.000 km ausgetauscht werden. Dieser kostspielige Eingriff wurde von vielen Citro\u00ebn-Fahrern mit all seinen Konsequenzen ignoriert. Die Motor\u00fcberholung ist eine komplexe...","og_url":"https:\/\/citrosars.nl\/de\/wat-we-doen\/motorrevisies\/","og_site_name":"CitroSars","article_modified_time":"2022-07-15T09:21:20+00:00","og_image":[{"width":2560,"height":1920,"url":"https:\/\/citrosars.nl\/wp-content\/uploads\/2021\/12\/motorrevisies-scaled-1.jpeg","type":"image\/jpeg"}],"twitter_misc":{"Gesch\u00e4tzte Lesezeit":"1\u00a0Minute"},"schema":{"@context":"https:\/\/schema.org","@graph":[{"@type":"WebPage","@id":"https:\/\/citrosars.nl\/de\/wat-we-doen\/motorrevisies\/","url":"https:\/\/citrosars.nl\/de\/wat-we-doen\/motorrevisies\/","name":"R\u00e9visions moteur - CitroSars","isPartOf":{"@id":"https:\/\/citrosars.nl\/de\/#website"},"primaryImageOfPage":{"@id":"https:\/\/citrosars.nl\/de\/wat-we-doen\/motorrevisies\/#primaryimage"},"image":{"@id":"https:\/\/citrosars.nl\/de\/wat-we-doen\/motorrevisies\/#primaryimage"},"thumbnailUrl":"https:\/\/citrosars.nl\/wp-content\/uploads\/2021\/12\/motorrevisies-scaled-1.jpeg","datePublished":"2021-09-29T11:14:49+00:00","dateModified":"2022-07-15T09:21:20+00:00","breadcrumb":{"@id":"https:\/\/citrosars.nl\/de\/wat-we-doen\/motorrevisies\/#breadcrumb"},"inLanguage":"de","potentialAction":[{"@type":"ReadAction","target":["https:\/\/citrosars.nl\/de\/wat-we-doen\/motorrevisies\/"]}]},{"@type":"ImageObject","inLanguage":"de","@id":"https:\/\/citrosars.nl\/de\/wat-we-doen\/motorrevisies\/#primaryimage","url":"https:\/\/citrosars.nl\/wp-content\/uploads\/2021\/12\/motorrevisies-scaled-1.jpeg","contentUrl":"https:\/\/citrosars.nl\/wp-content\/uploads\/2021\/12\/motorrevisies-scaled-1.jpeg","width":2560,"height":1920},{"@type":"BreadcrumbList","@id":"https:\/\/citrosars.nl\/de\/wat-we-doen\/motorrevisies\/#breadcrumb","itemListElement":[{"@type":"ListItem","position":1,"name":"Home","item":"https:\/\/citrosars.nl\/de\/"},{"@type":"ListItem","position":2,"name":"Was wir tun","item":"https:\/\/citrosars.nl\/de\/wat-we-doen\/"},{"@type":"ListItem","position":3,"name":"R\u00e9visions moteur"}]},{"@type":"WebSite","@id":"https:\/\/citrosars.nl\/de\/#website","url":"https:\/\/citrosars.nl\/de\/","name":"CitroSars","description":"CitroSars. DS, SM Restoraton, maintainance, Revision, Sales \/ Restauratie, onderhoud en verkoop","publisher":{"@id":"https:\/\/citrosars.nl\/de\/#organization"},"potentialAction":[{"@type":"SearchAction","target":{"@type":"EntryPoint","urlTemplate":"https:\/\/citrosars.nl\/de\/?s={search_term_string}"},"query-input":{"@type":"PropertyValueSpecification","valueRequired":true,"valueName":"search_term_string"}}],"inLanguage":"de"},{"@type":"Organization","@id":"https:\/\/citrosars.nl\/de\/#organization","name":"CitroSars","url":"https:\/\/citrosars.nl\/de\/","logo":{"@type":"ImageObject","inLanguage":"de","@id":"https:\/\/citrosars.nl\/de\/#\/schema\/logo\/image\/","url":"https:\/\/citrosars.nl\/wp-content\/uploads\/2021\/12\/citrosars-logo-02-e1638783648691.png","contentUrl":"https:\/\/citrosars.nl\/wp-content\/uploads\/2021\/12\/citrosars-logo-02-e1638783648691.png","width":1366,"height":324,"caption":"CitroSars"},"image":{"@id":"https:\/\/citrosars.nl\/de\/#\/schema\/logo\/image\/"}}]}},"taxonomy_info":[],"featured_image_src_large":["https:\/\/citrosars.nl\/wp-content\/uploads\/2021\/12\/motorrevisies-scaled-1-1024x768.jpeg",1024,768,true],"author_info":{"display_name":"Thijs Hulshof","author_link":"https:\/\/citrosars.nl\/de\/author\/puik\/"},"comment_info":"","_links":{"self":[{"href":"https:\/\/citrosars.nl\/de\/wp-json\/wp\/v2\/pages\/33331","targetHints":{"allow":["GET"]}}],"collection":[{"href":"https:\/\/citrosars.nl\/de\/wp-json\/wp\/v2\/pages"}],"about":[{"href":"https:\/\/citrosars.nl\/de\/wp-json\/wp\/v2\/types\/page"}],"author":[{"embeddable":true,"href":"https:\/\/citrosars.nl\/de\/wp-json\/wp\/v2\/users\/27"}],"replies":[{"embeddable":true,"href":"https:\/\/citrosars.nl\/de\/wp-json\/wp\/v2\/comments?post=33331"}],"version-history":[{"count":14,"href":"https:\/\/citrosars.nl\/de\/wp-json\/wp\/v2\/pages\/33331\/revisions"}],"predecessor-version":[{"id":40095,"href":"https:\/\/citrosars.nl\/de\/wp-json\/wp\/v2\/pages\/33331\/revisions\/40095"}],"up":[{"embeddable":true,"href":"https:\/\/citrosars.nl\/de\/wp-json\/wp\/v2\/pages\/33261"}],"wp:featuredmedia":[{"embeddable":true,"href":"https:\/\/citrosars.nl\/de\/wp-json\/wp\/v2\/media\/29809"}],"wp:attachment":[{"href":"https:\/\/citrosars.nl\/de\/wp-json\/wp\/v2\/media?parent=33331"}],"curies":[{"name":"wp","href":"https:\/\/api.w.org\/{rel}","templated":true}]}}